{"id":27,"date":"2017-08-31T16:24:03","date_gmt":"2017-08-31T14:24:03","guid":{"rendered":"http:\/\/agora.xtec.cat\/col-carmelites\/?page_id=27"},"modified":"2025-10-13T15:02:45","modified_gmt":"2025-10-13T13:02:45","slug":"historia","status":"publish","type":"page","link":"https:\/\/agora.xtec.cat\/col-carmelites\/linstitut\/historia\/","title":{"rendered":"Hist\u00f2ria"},"content":{"rendered":"<p>R\u00e0dio Carmelites va n\u00e8ixer al curs 2013-2014 com ha un projecte que va dissenyar el professor Joan Carles S\u00e1nchez dintre de l&#8217;assignatura de tecnologia dels alumnes de 4t d&#8217;eso del Itinerari C, Aquesta iniciativa va tindre tan bona aceptaci\u00f3 que s&#8217;ha mantingut fins al dia d&#8217;avui amb notables millores any rere any.<\/p>\n<p><a href=\"http:\/\/agora.xtec.cat\/col-carmelites\/wp-content\/uploads\/usu25\/2014\/09\/cropped-capce.jpg\"><img loading=\"lazy\" decoding=\"async\" class=\"alignnone size-full wp-image-480 aligncenter\" src=\"http:\/\/agora.xtec.cat\/col-carmelites\/wp-content\/uploads\/usu25\/2014\/09\/cropped-capce.jpg\" alt=\"\" width=\"1000\" height=\"330\" srcset=\"https:\/\/agora.xtec.cat\/col-carmelites\/wp-content\/uploads\/usu25\/2014\/09\/cropped-capce.jpg 1000w, https:\/\/agora.xtec.cat\/col-carmelites\/wp-content\/uploads\/usu25\/2014\/09\/cropped-capce-300x99.jpg 300w, https:\/\/agora.xtec.cat\/col-carmelites\/wp-content\/uploads\/usu25\/2014\/09\/cropped-capce-768x253.jpg 768w\" sizes=\"auto, (max-width: 1000px) 100vw, 1000px\" \/><\/a><\/p>\n<p style=\"text-align: center;\">Foto1. Alumnes de 4t del primer curs que es feia de R\u00e0dio Carmelites del Curs13-14<\/p>\n<p>La repercusi\u00f3 ha estat tan bona que aquest espai ja es utilitzat a altres nivells, aix\u00ed des dels seus anicis fins al dia d&#8217;avui s&#8217;utilitza des de infantil fins a primaria, secund\u00e0ria, batxiller i cicles formatius, cadasc\u00fa fent el servei que millor s&#8217;adapta a les seves necessitats, i sempre gestionat pels alumnes de quart i el professor responsable.<\/p>\n<p><a href=\"http:\/\/agora.xtec.cat\/col-carmelites\/wp-content\/uploads\/usu25\/2017\/08\/portada6.jpg\"><img loading=\"lazy\" decoding=\"async\" class=\"alignnone size-full wp-image-637 aligncenter\" src=\"http:\/\/agora.xtec.cat\/col-carmelites\/wp-content\/uploads\/usu25\/2017\/08\/portada6.jpg\" alt=\"\" width=\"1000\" height=\"388\" srcset=\"https:\/\/agora.xtec.cat\/col-carmelites\/wp-content\/uploads\/usu25\/2017\/08\/portada6.jpg 1000w, https:\/\/agora.xtec.cat\/col-carmelites\/wp-content\/uploads\/usu25\/2017\/08\/portada6-300x116.jpg 300w, https:\/\/agora.xtec.cat\/col-carmelites\/wp-content\/uploads\/usu25\/2017\/08\/portada6-768x298.jpg 768w\" sizes=\"auto, (max-width: 1000px) 100vw, 1000px\" \/><\/a><\/p>\n<p style=\"text-align: center;\">Foto 2. Alumnes de 4t del segon curs que es feia de R\u00e0dio Carmelites del Curs 14-15<\/p>\n<p>&nbsp;<\/p>\n<p><a href=\"http:\/\/agora.xtec.cat\/col-carmelites\/wp-content\/uploads\/usu25\/2017\/08\/portada7.jpg\"><img loading=\"lazy\" decoding=\"async\" class=\"alignnone size-full wp-image-638 aligncenter\" src=\"http:\/\/agora.xtec.cat\/col-carmelites\/wp-content\/uploads\/usu25\/2017\/08\/portada7.jpg\" alt=\"\" width=\"1011\" height=\"401\" srcset=\"https:\/\/agora.xtec.cat\/col-carmelites\/wp-content\/uploads\/usu25\/2017\/08\/portada7.jpg 1011w, https:\/\/agora.xtec.cat\/col-carmelites\/wp-content\/uploads\/usu25\/2017\/08\/portada7-300x119.jpg 300w, https:\/\/agora.xtec.cat\/col-carmelites\/wp-content\/uploads\/usu25\/2017\/08\/portada7-768x305.jpg 768w\" sizes=\"auto, (max-width: 1011px) 100vw, 1011px\" \/><\/a><\/p>\n<p style=\"text-align: center;\">Foto 3. Alumnes de 4t del tercer curs que es feia de R\u00e0dio Carmelites del Curs 15-16<\/p>\n<p>&nbsp;<\/p>\n<p style=\"text-align: center;\"><a href=\"http:\/\/agora.xtec.cat\/col-carmelites\/wp-content\/uploads\/usu25\/2017\/08\/IMG_7333.jpg\"><img loading=\"lazy\" decoding=\"async\" class=\"alignnone size-large wp-image-640\" src=\"http:\/\/agora.xtec.cat\/col-carmelites\/wp-content\/uploads\/usu25\/2017\/08\/IMG_7333-1024x288.jpg\" alt=\"\" width=\"1024\" height=\"288\" srcset=\"https:\/\/agora.xtec.cat\/col-carmelites\/wp-content\/uploads\/usu25\/2017\/08\/IMG_7333-1024x288.jpg 1024w, https:\/\/agora.xtec.cat\/col-carmelites\/wp-content\/uploads\/usu25\/2017\/08\/IMG_7333-300x84.jpg 300w, https:\/\/agora.xtec.cat\/col-carmelites\/wp-content\/uploads\/usu25\/2017\/08\/IMG_7333-768x216.jpg 768w\" sizes=\"auto, (max-width: 1024px) 100vw, 1024px\" \/><\/a><\/p>\n<p style=\"text-align: center;\">Foto 4. Alumnes de 4t del quart curs que es feia de R\u00e0dio Carmelites del Curs 16-17<\/p>\n<p>&nbsp;<\/p>\n<p style=\"text-align: center;\"><a href=\"https:\/\/agora.xtec.cat\/col-carmelites\/wp-content\/uploads\/usu25\/2018\/11\/grup1718.jpg\"><img loading=\"lazy\" decoding=\"async\" class=\"alignnone size-full wp-image-891\" src=\"https:\/\/agora.xtec.cat\/col-carmelites\/wp-content\/uploads\/usu25\/2018\/11\/grup1718.jpg\" alt=\"\" width=\"1017\" height=\"391\" srcset=\"https:\/\/agora.xtec.cat\/col-carmelites\/wp-content\/uploads\/usu25\/2018\/11\/grup1718.jpg 1017w, https:\/\/agora.xtec.cat\/col-carmelites\/wp-content\/uploads\/usu25\/2018\/11\/grup1718-300x115.jpg 300w, https:\/\/agora.xtec.cat\/col-carmelites\/wp-content\/uploads\/usu25\/2018\/11\/grup1718-768x295.jpg 768w\" sizes=\"auto, (max-width: 1017px) 100vw, 1017px\" \/><\/a><\/p>\n<p style=\"text-align: center;\">Foto 5. Alumnes de 4t del cinqu\u00e8 curs que es fa\u00a0 R\u00e0dio Carmelites. Curs 17-18<\/p>\n<p>&nbsp;<\/p>\n<p>&nbsp;<\/p>\n<p>&nbsp;<\/p>\n<p style=\"text-align: center;\">Foto 6. Alumnes de 4t del cinqu\u00e8 curs que es fa\u00a0 R\u00e0dio Carmelites. Curs 18-19<\/p>\n<p>&nbsp;<\/p>\n<p>&nbsp;<\/p>\n<p style=\"text-align: center;\">Foto 7. Alumnes de 4t del cinqu\u00e8 curs que es fa\u00a0 R\u00e0dio Carmelites. Curs 19-20<\/p>\n<p>&nbsp;<\/p>\n<p>&nbsp;<\/p>\n<p style=\"text-align: center;\">Foto 8. Alumnes de 4t del cinqu\u00e8 curs que es fa\u00a0 R\u00e0dio Carmelites. Curs 20-21<\/p>\n<p>&nbsp;<\/p>\n<p>&nbsp;<\/p>\n<p style=\"text-align: center;\">Foto 9. Alumnes de 4t del cinqu\u00e8 curs que es fa\u00a0 R\u00e0dio Carmelites. Curs 21-22<\/p>\n<p><a href=\"https:\/\/agora.xtec.cat\/col-carmelites\/wp-content\/uploads\/usu25\/2025\/10\/Captura-de-pantalla-2025-10-13-a-les-14.02.46.png\"><img loading=\"lazy\" decoding=\"async\" class=\"alignnone size-large wp-image-1971\" src=\"https:\/\/agora.xtec.cat\/col-carmelites\/wp-content\/uploads\/usu25\/2025\/10\/Captura-de-pantalla-2025-10-13-a-les-14.02.46-1024x363.png\" alt=\"\" width=\"1024\" height=\"363\" srcset=\"https:\/\/agora.xtec.cat\/col-carmelites\/wp-content\/uploads\/usu25\/2025\/10\/Captura-de-pantalla-2025-10-13-a-les-14.02.46-1024x363.png 1024w, https:\/\/agora.xtec.cat\/col-carmelites\/wp-content\/uploads\/usu25\/2025\/10\/Captura-de-pantalla-2025-10-13-a-les-14.02.46-300x106.png 300w, https:\/\/agora.xtec.cat\/col-carmelites\/wp-content\/uploads\/usu25\/2025\/10\/Captura-de-pantalla-2025-10-13-a-les-14.02.46-768x272.png 768w, https:\/\/agora.xtec.cat\/col-carmelites\/wp-content\/uploads\/usu25\/2025\/10\/Captura-de-pantalla-2025-10-13-a-les-14.02.46-1536x545.png 1536w, https:\/\/agora.xtec.cat\/col-carmelites\/wp-content\/uploads\/usu25\/2025\/10\/Captura-de-pantalla-2025-10-13-a-les-14.02.46-2048x726.png 2048w\" sizes=\"auto, (max-width: 1024px) 100vw, 1024px\" \/><\/a><\/p>\n<p style=\"text-align: center;\">Foto 10. Alumnes de 4t del cinqu\u00e8 curs que es fa\u00a0 R\u00e0dio Carmelites. Curs 22-23<\/p>\n<p>&nbsp;<\/p>\n<p><a href=\"https:\/\/agora.xtec.cat\/col-carmelites\/wp-content\/uploads\/usu25\/2025\/10\/Captura-de-pantalla-2025-10-13-a-les-14.04.13.png\"><img loading=\"lazy\" decoding=\"async\" class=\"alignnone size-large wp-image-1970\" src=\"https:\/\/agora.xtec.cat\/col-carmelites\/wp-content\/uploads\/usu25\/2025\/10\/Captura-de-pantalla-2025-10-13-a-les-14.04.13-1024x240.png\" alt=\"\" width=\"1024\" height=\"240\" srcset=\"https:\/\/agora.xtec.cat\/col-carmelites\/wp-content\/uploads\/usu25\/2025\/10\/Captura-de-pantalla-2025-10-13-a-les-14.04.13-1024x240.png 1024w, https:\/\/agora.xtec.cat\/col-carmelites\/wp-content\/uploads\/usu25\/2025\/10\/Captura-de-pantalla-2025-10-13-a-les-14.04.13-300x70.png 300w, https:\/\/agora.xtec.cat\/col-carmelites\/wp-content\/uploads\/usu25\/2025\/10\/Captura-de-pantalla-2025-10-13-a-les-14.04.13-768x180.png 768w, https:\/\/agora.xtec.cat\/col-carmelites\/wp-content\/uploads\/usu25\/2025\/10\/Captura-de-pantalla-2025-10-13-a-les-14.04.13-1536x361.png 1536w, https:\/\/agora.xtec.cat\/col-carmelites\/wp-content\/uploads\/usu25\/2025\/10\/Captura-de-pantalla-2025-10-13-a-les-14.04.13-2048x481.png 2048w\" sizes=\"auto, (max-width: 1024px) 100vw, 1024px\" \/><\/a><\/p>\n<p style=\"text-align: center;\">Foto 11. Alumnes de 4t del cinqu\u00e8 curs que es fa\u00a0 R\u00e0dio Carmelites. Curs 23-24<\/p>\n<p>&nbsp;<\/p>\n<p><a href=\"https:\/\/agora.xtec.cat\/col-carmelites\/wp-content\/uploads\/usu25\/2025\/10\/Captura-de-pantalla-2025-10-13-a-les-14.16.44.png\"><img loading=\"lazy\" decoding=\"async\" class=\"alignnone size-large wp-image-1973\" src=\"https:\/\/agora.xtec.cat\/col-carmelites\/wp-content\/uploads\/usu25\/2025\/10\/Captura-de-pantalla-2025-10-13-a-les-14.16.44-1024x255.png\" alt=\"\" width=\"1024\" height=\"255\" srcset=\"https:\/\/agora.xtec.cat\/col-carmelites\/wp-content\/uploads\/usu25\/2025\/10\/Captura-de-pantalla-2025-10-13-a-les-14.16.44-1024x255.png 1024w, https:\/\/agora.xtec.cat\/col-carmelites\/wp-content\/uploads\/usu25\/2025\/10\/Captura-de-pantalla-2025-10-13-a-les-14.16.44-300x75.png 300w, https:\/\/agora.xtec.cat\/col-carmelites\/wp-content\/uploads\/usu25\/2025\/10\/Captura-de-pantalla-2025-10-13-a-les-14.16.44-768x191.png 768w, https:\/\/agora.xtec.cat\/col-carmelites\/wp-content\/uploads\/usu25\/2025\/10\/Captura-de-pantalla-2025-10-13-a-les-14.16.44-1536x382.png 1536w, https:\/\/agora.xtec.cat\/col-carmelites\/wp-content\/uploads\/usu25\/2025\/10\/Captura-de-pantalla-2025-10-13-a-les-14.16.44-2048x510.png 2048w\" sizes=\"auto, (max-width: 1024px) 100vw, 1024px\" \/><\/a><\/p>\n<p><a href=\"https:\/\/agora.xtec.cat\/col-carmelites\/wp-content\/uploads\/usu25\/2025\/10\/Captura-de-pantalla-2025-10-13-a-les-14.21.22.png\"><img loading=\"lazy\" decoding=\"async\" class=\"alignnone size-large wp-image-1974\" src=\"https:\/\/agora.xtec.cat\/col-carmelites\/wp-content\/uploads\/usu25\/2025\/10\/Captura-de-pantalla-2025-10-13-a-les-14.21.22-1024x197.png\" alt=\"\" width=\"1024\" height=\"197\" srcset=\"https:\/\/agora.xtec.cat\/col-carmelites\/wp-content\/uploads\/usu25\/2025\/10\/Captura-de-pantalla-2025-10-13-a-les-14.21.22-1024x197.png 1024w, https:\/\/agora.xtec.cat\/col-carmelites\/wp-content\/uploads\/usu25\/2025\/10\/Captura-de-pantalla-2025-10-13-a-les-14.21.22-300x58.png 300w, https:\/\/agora.xtec.cat\/col-carmelites\/wp-content\/uploads\/usu25\/2025\/10\/Captura-de-pantalla-2025-10-13-a-les-14.21.22-768x148.png 768w, https:\/\/agora.xtec.cat\/col-carmelites\/wp-content\/uploads\/usu25\/2025\/10\/Captura-de-pantalla-2025-10-13-a-les-14.21.22-1536x296.png 1536w, https:\/\/agora.xtec.cat\/col-carmelites\/wp-content\/uploads\/usu25\/2025\/10\/Captura-de-pantalla-2025-10-13-a-les-14.21.22-2048x395.png 2048w\" sizes=\"auto, (max-width: 1024px) 100vw, 1024px\" \/><\/a><\/p>\n<p style=\"text-align: center;\">Foto 12. Alumnes de 4t del cinqu\u00e8 curs que es fa\u00a0 R\u00e0dio Carmelites. Curs 24-25<\/p>\n<p>&nbsp;<\/p>\n<p><a href=\"https:\/\/agora.xtec.cat\/col-carmelites\/wp-content\/uploads\/usu25\/2025\/10\/Captura-de-pantalla-2025-10-13-a-les-14.07.59.png\"><img loading=\"lazy\" decoding=\"async\" class=\"alignnone size-large wp-image-1969\" src=\"https:\/\/agora.xtec.cat\/col-carmelites\/wp-content\/uploads\/usu25\/2025\/10\/Captura-de-pantalla-2025-10-13-a-les-14.07.59-1024x285.png\" alt=\"\" width=\"1024\" height=\"285\" srcset=\"https:\/\/agora.xtec.cat\/col-carmelites\/wp-content\/uploads\/usu25\/2025\/10\/Captura-de-pantalla-2025-10-13-a-les-14.07.59-1024x285.png 1024w, https:\/\/agora.xtec.cat\/col-carmelites\/wp-content\/uploads\/usu25\/2025\/10\/Captura-de-pantalla-2025-10-13-a-les-14.07.59-300x84.png 300w, https:\/\/agora.xtec.cat\/col-carmelites\/wp-content\/uploads\/usu25\/2025\/10\/Captura-de-pantalla-2025-10-13-a-les-14.07.59-768x214.png 768w, https:\/\/agora.xtec.cat\/col-carmelites\/wp-content\/uploads\/usu25\/2025\/10\/Captura-de-pantalla-2025-10-13-a-les-14.07.59-1536x428.png 1536w, https:\/\/agora.xtec.cat\/col-carmelites\/wp-content\/uploads\/usu25\/2025\/10\/Captura-de-pantalla-2025-10-13-a-les-14.07.59-2048x571.png 2048w\" sizes=\"auto, (max-width: 1024px) 100vw, 1024px\" \/><\/a><\/p>\n<p style=\"text-align: center;\">Foto 13. Alumnes de 4t del cinqu\u00e8 curs que es fa\u00a0 R\u00e0dio Carmelites. Curs 25-26<\/p>\n<p>&nbsp;<\/p>\n<p>&nbsp;<\/p>\n","protected":false},"excerpt":{"rendered":"<p>R\u00e0dio Carmelites va n\u00e8ixer al curs 2013-2014 com ha un projecte que va dissenyar el professor Joan Carles S\u00e1nchez dintre de l&#8217;assignatura de tecnologia dels alumnes de 4t d&#8217;eso del Itinerari C, Aquesta iniciativa va tindre tan bona aceptaci\u00f3 que s&#8217;ha mantingut fins al dia&hellip;  <a href=\"https:\/\/agora.xtec.cat\/col-carmelites\/linstitut\/historia\/\" title=\"Read Hist\u00f2ria\">Llegeix m\u00e9s\u00bb<\/a><\/p>\n","protected":false},"author":1,"featured_media":0,"parent":19,"menu_order":20,"comment_status":"closed","ping_status":"closed","template":"page-templates\/side-menu.php","meta":{"_bbp_topic_count":0,"_bbp_reply_count":0,"_bbp_total_topic_count":0,"_bbp_total_reply_count":0,"_bbp_voice_count":0,"_bbp_anonymous_reply_count":0,"_bbp_topic_count_hidden":0,"_bbp_reply_count_hidden":0,"_bbp_forum_subforum_count":0,"footnotes":""},"class_list":["post-27","page","type-page","status-publish","hentry"],"post_mailing_queue_ids":[],"_links":{"self":[{"href":"https:\/\/agora.xtec.cat\/col-carmelites\/wp-json\/wp\/v2\/pages\/27","targetHints":{"allow":["GET"]}}],"collection":[{"href":"https:\/\/agora.xtec.cat\/col-carmelites\/wp-json\/wp\/v2\/pages"}],"about":[{"href":"https:\/\/agora.xtec.cat\/col-carmelites\/wp-json\/wp\/v2\/types\/page"}],"author":[{"embeddable":true,"href":"https:\/\/agora.xtec.cat\/col-carmelites\/wp-json\/wp\/v2\/users\/1"}],"replies":[{"embeddable":true,"href":"https:\/\/agora.xtec.cat\/col-carmelites\/wp-json\/wp\/v2\/comments?post=27"}],"version-history":[{"count":5,"href":"https:\/\/agora.xtec.cat\/col-carmelites\/wp-json\/wp\/v2\/pages\/27\/revisions"}],"predecessor-version":[{"id":1975,"href":"https:\/\/agora.xtec.cat\/col-carmelites\/wp-json\/wp\/v2\/pages\/27\/revisions\/1975"}],"up":[{"embeddable":true,"href":"https:\/\/agora.xtec.cat\/col-carmelites\/wp-json\/wp\/v2\/pages\/19"}],"wp:attachment":[{"href":"https:\/\/agora.xtec.cat\/col-carmelites\/wp-json\/wp\/v2\/media?parent=27"}],"curies":[{"name":"wp","href":"https:\/\/api.w.org\/{rel}","templated":true}]}}