{"id":195,"date":"2014-09-22T10:39:39","date_gmt":"2014-09-22T08:39:39","guid":{"rendered":"http:\/\/agora.xtec.cat\/col-carmelites\/?page_id=195"},"modified":"2017-09-04T19:28:23","modified_gmt":"2017-09-04T17:28:23","slug":"estudis","status":"publish","type":"page","link":"https:\/\/agora.xtec.cat\/col-carmelites\/estudis\/","title":{"rendered":"Material T\u00e8cnic"},"content":{"rendered":"<p>Per fer un programa de r\u00e0dio \u00e9s interessant saber tamb\u00e9 de quins <strong>elements t\u00e8cnics<\/strong> es composa i quin \u00e9s <strong>el seu funcionament<\/strong>, ja que aix\u00f2 ajudar\u00e0 molt a l&#8217;hora de fer el programa i ser conscient de la <strong>import\u00e0ncia<\/strong> de cadascuns dels elements que la formen.<\/p>\n<p>Per tenir una miqueta de base, farem una ullada a\u00a0alguns dels elements f\u00edsics que tenim a la nostra r\u00e0dio;<\/p>\n<ul>\n<li><strong>Taula de mescles<\/strong><\/li>\n<li><strong>Connectors<\/strong><\/li>\n<li><strong>Micr\u00f2fons<\/strong><\/li>\n<li><strong>Altaveus<\/strong><\/li>\n<li><strong>Auriculars<\/strong><\/li>\n<li><strong>Amplificador d&#8217;auriculars<\/strong><\/li>\n<\/ul>\n<p>Tamb\u00e9 \u00e9s necessari i imprescidible tenir <strong>un suport inform\u00e0tic<\/strong> per poder portar a terme moltes de les funcions que fem servir a la r\u00e0dio, com<strong> l&#8217;enregistrament del so<\/strong> i el seu tractament. Aix\u00ed mateix tamb\u00e9 fem enregistrament <strong>d&#8217;imatges<\/strong> i el seu posterior tractament tant fotogr\u00e0fic com de <strong>video<\/strong>, per publicar a la nostra p\u00e0gina web i que tota la xarxa\u00a0escolar i familiar pugui fer el seguiment.<\/p>\n<p>Pel tractament d&#8217;audio fem servir un programa multiplataforma de codi lliure, <strong>Audicity<\/strong>.<\/p>\n<p>Pel tractament d&#8217;imatges fem servir diferents programes per variar la seva qualitat com pot ser <strong>Resize<\/strong> i recursos que incorpora el mateix portal de la web.<\/p>\n<p>Pel tractament de video fem servir la plataforma <strong>youtube<\/strong> i recursos del mateix portal de la web.<\/p>\n<p>&nbsp;<\/p>\n","protected":false},"excerpt":{"rendered":"<p>Per fer un programa de r\u00e0dio \u00e9s interessant saber tamb\u00e9 de quins elements t\u00e8cnics es composa i quin \u00e9s el seu funcionament, ja que aix\u00f2 ajudar\u00e0 molt a l&#8217;hora de fer el programa i ser conscient de la import\u00e0ncia de cadascuns dels elements que la&hellip;  <a href=\"https:\/\/agora.xtec.cat\/col-carmelites\/estudis\/\" title=\"Read Material T\u00e8cnic\">Llegeix m\u00e9s\u00bb<\/a><\/p>\n","protected":false},"author":1,"featured_media":0,"parent":0,"menu_order":0,"comment_status":"closed","ping_status":"closed","template":"page-templates\/side-menu.php","meta":{"_bbp_topic_count":0,"_bbp_reply_count":0,"_bbp_total_topic_count":0,"_bbp_total_reply_count":0,"_bbp_voice_count":0,"_bbp_anonymous_reply_count":0,"_bbp_topic_count_hidden":0,"_bbp_reply_count_hidden":0,"_bbp_forum_subforum_count":0,"footnotes":""},"class_list":["post-195","page","type-page","status-publish","hentry"],"post_mailing_queue_ids":[],"_links":{"self":[{"href":"https:\/\/agora.xtec.cat\/col-carmelites\/wp-json\/wp\/v2\/pages\/195","targetHints":{"allow":["GET"]}}],"collection":[{"href":"https:\/\/agora.xtec.cat\/col-carmelites\/wp-json\/wp\/v2\/pages"}],"about":[{"href":"https:\/\/agora.xtec.cat\/col-carmelites\/wp-json\/wp\/v2\/types\/page"}],"author":[{"embeddable":true,"href":"https:\/\/agora.xtec.cat\/col-carmelites\/wp-json\/wp\/v2\/users\/1"}],"replies":[{"embeddable":true,"href":"https:\/\/agora.xtec.cat\/col-carmelites\/wp-json\/wp\/v2\/comments?post=195"}],"version-history":[{"count":3,"href":"https:\/\/agora.xtec.cat\/col-carmelites\/wp-json\/wp\/v2\/pages\/195\/revisions"}],"predecessor-version":[{"id":599,"href":"https:\/\/agora.xtec.cat\/col-carmelites\/wp-json\/wp\/v2\/pages\/195\/revisions\/599"}],"wp:attachment":[{"href":"https:\/\/agora.xtec.cat\/col-carmelites\/wp-json\/wp\/v2\/media?parent=195"}],"curies":[{"name":"wp","href":"https:\/\/api.w.org\/{rel}","templated":true}]}}