{"id":19,"date":"2017-08-31T14:56:56","date_gmt":"2017-08-31T12:56:56","guid":{"rendered":"http:\/\/agora.xtec.cat\/col-carmelites\/?page_id=19"},"modified":"2018-10-24T18:00:21","modified_gmt":"2018-10-24T16:00:21","slug":"linstitut","status":"publish","type":"page","link":"https:\/\/agora.xtec.cat\/col-carmelites\/linstitut\/","title":{"rendered":"La nostra r\u00e0dio"},"content":{"rendered":"<p style=\"color: #444444;\">Aquesta secci\u00f3\u00a0pot contenir\u00a0totes les p\u00e0gines necess\u00e0ries per a oferir una descripci\u00f3 general de la nostra r\u00e0dio: ubicaci\u00f3, hist\u00f2ria, instal\u00b7lacions, equip docent, informacions pr\u00e0ctiques, normativa\u2026<\/p>\n<p style=\"color: #444444;\">Esperem que us agradi el material que hem treballat!<\/p>\n","protected":false},"excerpt":{"rendered":"<p>Aquesta secci\u00f3\u00a0pot contenir\u00a0totes les p\u00e0gines necess\u00e0ries per a oferir una descripci\u00f3 general de la nostra r\u00e0dio: ubicaci\u00f3, hist\u00f2ria, instal\u00b7lacions, equip docent, informacions pr\u00e0ctiques, normativa\u2026<br \/>\nEsperem que us agradi el material que hem treballat!<\/p>\n","protected":false},"author":1,"featured_media":0,"parent":0,"menu_order":0,"comment_status":"closed","ping_status":"closed","template":"page-templates\/side-menu.php","meta":{"_bbp_topic_count":0,"_bbp_reply_count":0,"_bbp_total_topic_count":0,"_bbp_total_reply_count":0,"_bbp_voice_count":0,"_bbp_anonymous_reply_count":0,"_bbp_topic_count_hidden":0,"_bbp_reply_count_hidden":0,"_bbp_forum_subforum_count":0,"footnotes":""},"class_list":["post-19","page","type-page","status-publish","hentry"],"post_mailing_queue_ids":[],"_links":{"self":[{"href":"https:\/\/agora.xtec.cat\/col-carmelites\/wp-json\/wp\/v2\/pages\/19","targetHints":{"allow":["GET"]}}],"collection":[{"href":"https:\/\/agora.xtec.cat\/col-carmelites\/wp-json\/wp\/v2\/pages"}],"about":[{"href":"https:\/\/agora.xtec.cat\/col-carmelites\/wp-json\/wp\/v2\/types\/page"}],"author":[{"embeddable":true,"href":"https:\/\/agora.xtec.cat\/col-carmelites\/wp-json\/wp\/v2\/users\/1"}],"replies":[{"embeddable":true,"href":"https:\/\/agora.xtec.cat\/col-carmelites\/wp-json\/wp\/v2\/comments?post=19"}],"version-history":[{"count":3,"href":"https:\/\/agora.xtec.cat\/col-carmelites\/wp-json\/wp\/v2\/pages\/19\/revisions"}],"predecessor-version":[{"id":846,"href":"https:\/\/agora.xtec.cat\/col-carmelites\/wp-json\/wp\/v2\/pages\/19\/revisions\/846"}],"wp:attachment":[{"href":"https:\/\/agora.xtec.cat\/col-carmelites\/wp-json\/wp\/v2\/media?parent=19"}],"curies":[{"name":"wp","href":"https:\/\/api.w.org\/{rel}","templated":true}]}}