{"id":9529,"date":"2023-07-20T11:39:00","date_gmt":"2023-07-20T09:39:00","guid":{"rendered":"https:\/\/agora.xtec.cat\/col-alfageme-barcelona\/?page_id=9529"},"modified":"2023-07-20T13:03:22","modified_gmt":"2023-07-20T11:03:22","slug":"plc","status":"publish","type":"page","link":"https:\/\/agora.xtec.cat\/col-alfageme-barcelona\/documents\/plc\/","title":{"rendered":"PLC"},"content":{"rendered":"<p>Podeu consultar el nostre Projecte Ling\u00fc\u00edstic de Centre (PLC) en aquest enlla\u00e7:<\/p>\n<p><a href=\"https:\/\/drive.google.com\/file\/d\/13zSwVn_I8x9tEtfL26bme0l-f5O6JaoF\/view?usp=drivesdk\" target=\"_blank\" rel=\"noopener\">https:\/\/drive.google.com\/file\/d\/13zSwVn_I8x9tEtfL26bme0l-f5O6JaoF\/view?usp=drivesdk<\/a><\/p>\n","protected":false},"excerpt":{"rendered":"<p>Podeu consultar el nostre Projecte Ling\u00fc\u00edstic de Centre (PLC) en aquest enlla\u00e7:<br \/>\n<a href=\"https:\/\/drive.google.com\/file\/d\/13zSwVn_I8x9tEtfL26bme0l-f5O6JaoF\/view?usp=drivesdk\" target=\"_blank\" rel=\"noopener\">https:\/\/drive.google.com\/file\/d\/13zSwVn_I8x9tEtfL26bme0l-f5O6JaoF\/view?usp=drivesdk<\/a><\/p>\n","protected":false},"author":1,"featured_media":0,"parent":619,"menu_order":0,"comment_status":"closed","ping_status":"closed","template":"","meta":{"_bbp_topic_count":0,"_bbp_reply_count":0,"_bbp_total_topic_count":0,"_bbp_total_reply_count":0,"_bbp_voice_count":0,"_bbp_anonymous_reply_count":0,"_bbp_topic_count_hidden":0,"_bbp_reply_count_hidden":0,"_bbp_forum_subforum_count":0,"footnotes":""},"class_list":["post-9529","page","type-page","status-publish","hentry"],"post_mailing_queue_ids":[],"_links":{"self":[{"href":"https:\/\/agora.xtec.cat\/col-alfageme-barcelona\/wp-json\/wp\/v2\/pages\/9529","targetHints":{"allow":["GET"]}}],"collection":[{"href":"https:\/\/agora.xtec.cat\/col-alfageme-barcelona\/wp-json\/wp\/v2\/pages"}],"about":[{"href":"https:\/\/agora.xtec.cat\/col-alfageme-barcelona\/wp-json\/wp\/v2\/types\/page"}],"author":[{"embeddable":true,"href":"https:\/\/agora.xtec.cat\/col-alfageme-barcelona\/wp-json\/wp\/v2\/users\/1"}],"replies":[{"embeddable":true,"href":"https:\/\/agora.xtec.cat\/col-alfageme-barcelona\/wp-json\/wp\/v2\/comments?post=9529"}],"version-history":[{"count":2,"href":"https:\/\/agora.xtec.cat\/col-alfageme-barcelona\/wp-json\/wp\/v2\/pages\/9529\/revisions"}],"predecessor-version":[{"id":9570,"href":"https:\/\/agora.xtec.cat\/col-alfageme-barcelona\/wp-json\/wp\/v2\/pages\/9529\/revisions\/9570"}],"up":[{"embeddable":true,"href":"https:\/\/agora.xtec.cat\/col-alfageme-barcelona\/wp-json\/wp\/v2\/pages\/619"}],"wp:attachment":[{"href":"https:\/\/agora.xtec.cat\/col-alfageme-barcelona\/wp-json\/wp\/v2\/media?parent=9529"}],"curies":[{"name":"wp","href":"https:\/\/api.w.org\/{rel}","templated":true}]}}