{"id":625,"date":"2021-08-15T12:44:25","date_gmt":"2021-08-15T10:44:25","guid":{"rendered":"https:\/\/agora.xtec.cat\/col-alfageme-barcelona\/?page_id=625"},"modified":"2025-08-20T12:37:42","modified_gmt":"2025-08-20T10:37:42","slug":"full-informatiu-curs-21-22","status":"publish","type":"page","link":"https:\/\/agora.xtec.cat\/col-alfageme-barcelona\/documents\/full-informatiu-curs-21-22\/","title":{"rendered":"Full Informatiu Curs 25 &#8211; 26"},"content":{"rendered":"<p><strong>FULL INFORMATIU 2025-2026<\/strong><\/p>\n<p>Arriba el mes de setembre i amb ell l\u2019inici d\u2019un nou curs escolar. \u00c9s moment de retrobar-nos amb companyes i companys, d\u2019explicar-nos moltes coses, i de planificar un munt d\u2019activitats que anirem fent durant els propers mesos. Per a la majoria de la gent, l\u2019any comen\u00e7a l\u20191 de gener. Per a nosaltres, mestres, alumnes i fam\u00edlies, l\u2019any tamb\u00e9 comen\u00e7a ara, al setembre. Si m\u00e9s no, l\u2019any escolar. \u00c9s moment d\u2019estrenar moltes coses: nova classe, potser alguna companya nova o algun company nou, noves experi\u00e8ncies, noves aventures&#8230;En definitiva, una nova etapa per a totes les nenes i tots els nens que formen part de la nostra escola. Aqu\u00ed, els acollim amb els bra\u00e7os oberts i amb moltes ganes d\u2019acompanyar-los en aquest nou cam\u00ed. En tenim moltes ganes i ho fem amb molta il\u00b7lusi\u00f3. Us donem la benvinguda a l\u2019escola a totes i a tots!<\/p>\n<p><strong>COM ENS COMUNICAREM LES FAM\u00cdLIES I L\u2019ESCOLA?<\/strong><\/p>\n<p>Totes les fam\u00edlies sereu convocades a una reuni\u00f3 grupal durant el mes de setembre. A m\u00e9s, estan previstes dues reunions amb el tutor o la tutora al llarg del curs. A banda d\u2019aquestes reunions, ens podem reunir tants cops com calgui si creiem que \u00e9s el m\u00e9s convenient per a la vostra filla o el vostre fill. La comunicaci\u00f3 fam\u00edlia-escola \u00e9s molt important, i tamb\u00e9 ho \u00e9s compartir objectius educatius a casa i a l\u2019escola en benefici de les nenes i dels nens. Les reunions podran ser presencials o telem\u00e0tiques.<\/p>\n<p><strong>Reunions grupals:<\/strong><\/p>\n<table style=\"width: 95.4749%; height: 653px;\" width=\"888\">\n<tbody>\n<tr>\n<td colspan=\"2\" width=\"888\"><strong><em>Educaci\u00f3 Infantil<\/em><\/strong><\/td>\n<\/tr>\n<tr>\n<td width=\"446\"><strong>I3<\/strong><\/td>\n<td width=\"442\">15 de setembre a les 16h<\/td>\n<\/tr>\n<tr>\n<td width=\"446\"><strong>I4<\/strong><\/td>\n<td width=\"442\">16 de setembre a les 16h<\/td>\n<\/tr>\n<tr>\n<td width=\"446\"><strong>I5<\/strong><\/td>\n<td width=\"442\">17 de setembre a les 16h<\/td>\n<\/tr>\n<tr>\n<td colspan=\"2\" width=\"888\"><strong><em>Educaci\u00f3 Prim\u00e0ria<\/em><\/strong><\/td>\n<\/tr>\n<tr>\n<td width=\"446\"><strong>1r<\/strong><\/td>\n<td width=\"442\">18 de setembre a les 16h<\/td>\n<\/tr>\n<tr>\n<td width=\"446\"><strong>2n<\/strong><\/td>\n<td width=\"442\">22 de setembre a les 16h<\/td>\n<\/tr>\n<tr>\n<td width=\"446\"><strong>3r<\/strong><\/td>\n<td width=\"442\">23 de setembre a les 16h<\/td>\n<\/tr>\n<tr>\n<td width=\"446\"><strong>4t<\/strong><\/td>\n<td width=\"442\">25 de setembre a les 16h<\/td>\n<\/tr>\n<tr>\n<td width=\"446\"><strong>5\u00e8<\/strong><\/td>\n<td width=\"442\">29 de setembre a les 16h<\/td>\n<\/tr>\n<tr>\n<td width=\"446\"><strong>6\u00e8<\/strong><\/td>\n<td width=\"442\">30 de setembre a les 16h<\/td>\n<\/tr>\n<\/tbody>\n<\/table>\n<p><strong>L\u2019horari d\u2019entrevistes amb les fam\u00edlies \u00e9s el seg\u00fcent:<\/strong><\/p>\n<table style=\"width: 96.3728%; height: 895px;\" width=\"911\">\n<tbody>\n<tr>\n<td width=\"304\"><strong>GRUP<\/strong><\/td>\n<td width=\"304\"><strong>TUTOR\/A<\/strong><\/td>\n<td width=\"304\"><strong>HORARI<\/strong><\/td>\n<\/tr>\n<tr>\n<td width=\"304\"><strong>I3<\/strong><\/td>\n<td width=\"304\">Montse A.<\/td>\n<td width=\"304\">Dilluns de 16h a 17h<\/p>\n<p>Dijous de 12h a 13h<\/td>\n<\/tr>\n<tr>\n<td width=\"304\"><strong>I4<\/strong><\/td>\n<td width=\"304\">Vero V.<\/td>\n<td width=\"304\">Dijous de 9h a 10h<\/p>\n<p>Divendres de 15h a 16h<\/td>\n<\/tr>\n<tr>\n<td width=\"304\"><strong>I5<\/strong><\/td>\n<td width=\"304\">M\u00f2nica J.<\/td>\n<td width=\"304\">Dijous de 16h a 17h<\/p>\n<p>Dimecres de 15h a 16h<\/td>\n<\/tr>\n<tr>\n<td width=\"304\"><strong>1r<\/strong><\/td>\n<td width=\"304\">M. \u00c0ngels O.<\/td>\n<td width=\"304\">Divendres de 16h a 17h<\/p>\n<p>Dimarts de 12h a 13h<\/td>\n<\/tr>\n<tr>\n<td width=\"304\"><strong>2n<\/strong><\/td>\n<td width=\"304\">Helena A.<\/td>\n<td width=\"304\">Dimarts de 16h a 17h<\/p>\n<p>Divendres de 9h a 10h<\/td>\n<\/tr>\n<tr>\n<td width=\"304\"><strong>3r<\/strong><\/td>\n<td width=\"304\">Albert R.<\/td>\n<td width=\"304\">Dilluns de 16h a 17h<\/p>\n<p>Dimarts de 10h a 11h<\/td>\n<\/tr>\n<tr>\n<td width=\"304\"><strong>4t<\/strong><\/td>\n<td width=\"304\">Rosa D.<\/td>\n<td width=\"304\">Dimecres de 9h a 10h<\/p>\n<p>Divendres de 16h a 17h<\/td>\n<\/tr>\n<tr>\n<td width=\"304\"><strong>5\u00e8<\/strong><\/td>\n<td width=\"304\">Marc M.<\/td>\n<td width=\"304\">Dimecres de 16h a 17h<\/p>\n<p>Dilluns de 9h a 10h<\/td>\n<\/tr>\n<tr>\n<td width=\"304\"><strong>6\u00e8<\/strong><\/td>\n<td width=\"304\">Claudia L.<\/td>\n<td width=\"304\">Dijous de 16h a 17h<\/p>\n<p>Dilluns de 12h a 13h<\/td>\n<\/tr>\n<\/tbody>\n<\/table>\n<p>A m\u00e9s, ens seguirem comunicant a trav\u00e9s de la plataforma educativa ESEMTIA. Si necessiteu noves contrasenyes o teniu algun problema amb l\u2019aplicaci\u00f3, feu-nos-ho saber i ho arreglarem.<\/p>\n<p>Tamb\u00e9 podeu consultar la nostra web de l\u2019escola, <a href=\"https:\/\/agora.xtec.cat\/col-alfageme-barcelona\/\">https:\/\/agora.xtec.cat\/col-alfageme-barcelona\/<\/a>, on podeu anar mirant i consultant totes les activitats que fem dins i fora de l\u2019escola.<\/p>\n<p>Finalment, tamb\u00e9 ens podeu seguir a Instagram (<a href=\"https:\/\/www.instagram.com\/col.legialfageme\/\">col.legialfageme<\/a>).<\/p>\n<p>Ens agradar\u00e0 molt convidar-vos a entrar a l\u2019escola, a l\u2019aula de la vostra filla i del vostre fill, per fer diferents activitats: llegir un conte, explicar el vostre ofici, compartir experi\u00e8ncies&#8230;A m\u00e9s, us anirem demanant petites col\u00b7laboracions en les tasques escolars al llarg del curs, la qual cosa us permetr\u00e0 con\u00e8ixer i valorar el que fan les vostres filles i els vostres fills a l\u2019escola.<\/p>\n","protected":false},"excerpt":{"rendered":"<p>FULL INFORMATIU 2025-2026<br \/>\nArriba el mes de setembre i amb ell l\u2019inici d\u2019un nou curs escolar. \u00c9s moment de retrobar-nos amb companyes i companys, d\u2019explicar-nos moltes coses, i de planificar un munt d\u2019activitats que anirem fent durant els propers mesos. Per a la majoria de la&hellip;  <a href=\"https:\/\/agora.xtec.cat\/col-alfageme-barcelona\/documents\/full-informatiu-curs-21-22\/\" title=\"Read Full Informatiu Curs 25 &#8211; 26\">Llegeix m\u00e9s\u00bb<\/a><\/p>\n","protected":false},"author":1,"featured_media":0,"parent":619,"menu_order":0,"comment_status":"closed","ping_status":"closed","template":"page-templates\/side-menu.php","meta":{"_bbp_topic_count":0,"_bbp_reply_count":0,"_bbp_total_topic_count":0,"_bbp_total_reply_count":0,"_bbp_voice_count":0,"_bbp_anonymous_reply_count":0,"_bbp_topic_count_hidden":0,"_bbp_reply_count_hidden":0,"_bbp_forum_subforum_count":0,"footnotes":""},"class_list":["post-625","page","type-page","status-publish","hentry"],"post_mailing_queue_ids":[],"_links":{"self":[{"href":"https:\/\/agora.xtec.cat\/col-alfageme-barcelona\/wp-json\/wp\/v2\/pages\/625","targetHints":{"allow":["GET"]}}],"collection":[{"href":"https:\/\/agora.xtec.cat\/col-alfageme-barcelona\/wp-json\/wp\/v2\/pages"}],"about":[{"href":"https:\/\/agora.xtec.cat\/col-alfageme-barcelona\/wp-json\/wp\/v2\/types\/page"}],"author":[{"embeddable":true,"href":"https:\/\/agora.xtec.cat\/col-alfageme-barcelona\/wp-json\/wp\/v2\/users\/1"}],"replies":[{"embeddable":true,"href":"https:\/\/agora.xtec.cat\/col-alfageme-barcelona\/wp-json\/wp\/v2\/comments?post=625"}],"version-history":[{"count":6,"href":"https:\/\/agora.xtec.cat\/col-alfageme-barcelona\/wp-json\/wp\/v2\/pages\/625\/revisions"}],"predecessor-version":[{"id":13649,"href":"https:\/\/agora.xtec.cat\/col-alfageme-barcelona\/wp-json\/wp\/v2\/pages\/625\/revisions\/13649"}],"up":[{"embeddable":true,"href":"https:\/\/agora.xtec.cat\/col-alfageme-barcelona\/wp-json\/wp\/v2\/pages\/619"}],"wp:attachment":[{"href":"https:\/\/agora.xtec.cat\/col-alfageme-barcelona\/wp-json\/wp\/v2\/media?parent=625"}],"curies":[{"name":"wp","href":"https:\/\/api.w.org\/{rel}","templated":true}]}}