{"id":623,"date":"2021-08-15T12:39:52","date_gmt":"2021-08-15T10:39:52","guid":{"rendered":"https:\/\/agora.xtec.cat\/col-alfageme-barcelona\/?page_id=623"},"modified":"2023-06-28T16:29:58","modified_gmt":"2023-06-28T14:29:58","slug":"administracio-de-medicaments","status":"publish","type":"page","link":"https:\/\/agora.xtec.cat\/col-alfageme-barcelona\/documents\/administracio-de-medicaments\/","title":{"rendered":"Administraci\u00f3 de Medicaments"},"content":{"rendered":"<p>\u00c9s convenient recordar que cap alumne\/a pot assistir a l&#8217;escola si es troba malament. \u00c9s important que TOTHOM segueixi aquesta recomanaci\u00f3 ja que la salut de totes i tots dep\u00e8n de cadascun de nosaltres.<\/p>\n<p>Si la vostra filla o el vostre fill est\u00e0 seguint una medicaci\u00f3 i cal que es prengui una dosi dins de l\u2019horari escolar, s\u2019ha de portar la recepta m\u00e8dica i tamb\u00e9 cal donar l\u2019 <a href=\"https:\/\/drive.google.com\/file\/d\/1UEAq2VuN2W-v2Zhlpf5Km2DFWJVpbXW1\/view?usp=sharing\" target=\"_blank\" rel=\"noopener\"><strong><em>AUTORITZACI\u00d3 PER ESCRIT<\/em><\/strong><\/a> signada, tot especificant la dosi i l\u2019horari. No es donar\u00e0 cap medicaci\u00f3 sense aquesta autoritzaci\u00f3 escrita. Tamb\u00e9 \u00e9s necessari que l\u2019env\u00e0s del\u00a0 medicament porti escrit el nom\u00a0 de la nena o el nen en lletra gran.<\/p>\n<p>En cas que la vostra filla o el vostre fill es trobi malament a l\u2019escola, es trucar\u00e0 a casa, i en cas d\u2019abs\u00e8ncia, als tel\u00e8fons d\u2019emerg\u00e8ncia que hi haur\u00e0 a la fitxa. \u00c9s per aquest motiu que <strong>cal notificar qualsevol canvi<\/strong> en aquest sentit.<\/p>\n<p>D\u2019altra banda, en cas d\u2019accident a l\u2019escola (ferida, trencament d\u2019os&#8230;), s\u2019actuar\u00e0 de la seg\u00fcent manera:<\/p>\n<ol>\n<li>S\u2019intentar\u00e0 localitzar la fam\u00edlia (casa, feina, altres contactes&#8230;). Un cop localitzada, \u00e9s responsabilitat d\u2019ella acompanyar la nena o el nen al centre d\u2019assist\u00e8ncia.<\/li>\n<li>En cas de no localitzar la fam\u00edlia, si \u00e9s urgent per p\u00e8rdua important de sang, p\u00e8rdua de consci\u00e8ncia&#8230;, es portar\u00e0 directament la nena o el nen al centre m\u00e8dic.<\/li>\n<li>Es seguir\u00e0 intentant contactar amb la fam\u00edlia.<\/li>\n<\/ol>\n","protected":false},"excerpt":{"rendered":"<p>\u00c9s convenient recordar que cap alumne\/a pot assistir a l&#8217;escola si es troba malament. \u00c9s important que TOTHOM segueixi aquesta recomanaci\u00f3 ja que la salut de totes i tots dep\u00e8n de cadascun de nosaltres.<br \/>\nSi la vostra filla o el vostre fill est\u00e0 seguint una medicaci\u00f3&hellip;  <a href=\"https:\/\/agora.xtec.cat\/col-alfageme-barcelona\/documents\/administracio-de-medicaments\/\" title=\"Read Administraci\u00f3 de Medicaments\">Llegeix m\u00e9s\u00bb<\/a><\/p>\n","protected":false},"author":1,"featured_media":0,"parent":619,"menu_order":0,"comment_status":"closed","ping_status":"closed","template":"page-templates\/side-menu.php","meta":{"_bbp_topic_count":0,"_bbp_reply_count":0,"_bbp_total_topic_count":0,"_bbp_total_reply_count":0,"_bbp_voice_count":0,"_bbp_anonymous_reply_count":0,"_bbp_topic_count_hidden":0,"_bbp_reply_count_hidden":0,"_bbp_forum_subforum_count":0,"footnotes":""},"class_list":["post-623","page","type-page","status-publish","hentry"],"post_mailing_queue_ids":[],"_links":{"self":[{"href":"https:\/\/agora.xtec.cat\/col-alfageme-barcelona\/wp-json\/wp\/v2\/pages\/623","targetHints":{"allow":["GET"]}}],"collection":[{"href":"https:\/\/agora.xtec.cat\/col-alfageme-barcelona\/wp-json\/wp\/v2\/pages"}],"about":[{"href":"https:\/\/agora.xtec.cat\/col-alfageme-barcelona\/wp-json\/wp\/v2\/types\/page"}],"author":[{"embeddable":true,"href":"https:\/\/agora.xtec.cat\/col-alfageme-barcelona\/wp-json\/wp\/v2\/users\/1"}],"replies":[{"embeddable":true,"href":"https:\/\/agora.xtec.cat\/col-alfageme-barcelona\/wp-json\/wp\/v2\/comments?post=623"}],"version-history":[{"count":3,"href":"https:\/\/agora.xtec.cat\/col-alfageme-barcelona\/wp-json\/wp\/v2\/pages\/623\/revisions"}],"predecessor-version":[{"id":9428,"href":"https:\/\/agora.xtec.cat\/col-alfageme-barcelona\/wp-json\/wp\/v2\/pages\/623\/revisions\/9428"}],"up":[{"embeddable":true,"href":"https:\/\/agora.xtec.cat\/col-alfageme-barcelona\/wp-json\/wp\/v2\/pages\/619"}],"wp:attachment":[{"href":"https:\/\/agora.xtec.cat\/col-alfageme-barcelona\/wp-json\/wp\/v2\/media?parent=623"}],"curies":[{"name":"wp","href":"https:\/\/api.w.org\/{rel}","templated":true}]}}