{"id":619,"date":"2021-08-15T12:37:15","date_gmt":"2021-08-15T10:37:15","guid":{"rendered":"https:\/\/agora.xtec.cat\/col-alfageme-barcelona\/?page_id=619"},"modified":"2021-09-09T18:21:35","modified_gmt":"2021-09-09T16:21:35","slug":"documents","status":"publish","type":"page","link":"https:\/\/agora.xtec.cat\/col-alfageme-barcelona\/documents\/","title":{"rendered":"Documents"},"content":{"rendered":"<p>A l&#8217;escola es realitzen moltes activitats que complementen l&#8217;acci\u00f3 educativa que es desenvolupa dins de l&#8217;horari escolar. Aquestes no nom\u00e9s han de tenir coher\u00e8ncia amb el Projecte Educatiu de Centre, sin\u00f3 que aquest ha de ser integrador de les mateixes, amb independ\u00e8ncia de qui les lidera o les organitza.<\/p>\n<p>La finalitat \u00e9s que tot all\u00f2 que es faci ha de respondre al Projecte Educatiu de Centre i requereix la implicaci\u00f3 i corresponsabilitat de tots els que formen la comunitat educativa.<\/p>\n","protected":false},"excerpt":{"rendered":"<p>A l&#8217;escola es realitzen moltes activitats que complementen l&#8217;acci\u00f3 educativa que es desenvolupa dins de l&#8217;horari escolar. Aquestes no nom\u00e9s han de tenir coher\u00e8ncia amb el Projecte Educatiu de Centre, sin\u00f3 que aquest ha de ser integrador de les mateixes, amb independ\u00e8ncia de qui les&hellip;  <a href=\"https:\/\/agora.xtec.cat\/col-alfageme-barcelona\/documents\/\" title=\"Read Documents\">Llegeix m\u00e9s\u00bb<\/a><\/p>\n","protected":false},"author":1,"featured_media":0,"parent":0,"menu_order":0,"comment_status":"closed","ping_status":"closed","template":"page-templates\/side-menu.php","meta":{"_bbp_topic_count":0,"_bbp_reply_count":0,"_bbp_total_topic_count":0,"_bbp_total_reply_count":0,"_bbp_voice_count":0,"_bbp_anonymous_reply_count":0,"_bbp_topic_count_hidden":0,"_bbp_reply_count_hidden":0,"_bbp_forum_subforum_count":0,"footnotes":""},"class_list":["post-619","page","type-page","status-publish","hentry"],"post_mailing_queue_ids":[],"_links":{"self":[{"href":"https:\/\/agora.xtec.cat\/col-alfageme-barcelona\/wp-json\/wp\/v2\/pages\/619","targetHints":{"allow":["GET"]}}],"collection":[{"href":"https:\/\/agora.xtec.cat\/col-alfageme-barcelona\/wp-json\/wp\/v2\/pages"}],"about":[{"href":"https:\/\/agora.xtec.cat\/col-alfageme-barcelona\/wp-json\/wp\/v2\/types\/page"}],"author":[{"embeddable":true,"href":"https:\/\/agora.xtec.cat\/col-alfageme-barcelona\/wp-json\/wp\/v2\/users\/1"}],"replies":[{"embeddable":true,"href":"https:\/\/agora.xtec.cat\/col-alfageme-barcelona\/wp-json\/wp\/v2\/comments?post=619"}],"version-history":[{"count":2,"href":"https:\/\/agora.xtec.cat\/col-alfageme-barcelona\/wp-json\/wp\/v2\/pages\/619\/revisions"}],"predecessor-version":[{"id":2221,"href":"https:\/\/agora.xtec.cat\/col-alfageme-barcelona\/wp-json\/wp\/v2\/pages\/619\/revisions\/2221"}],"wp:attachment":[{"href":"https:\/\/agora.xtec.cat\/col-alfageme-barcelona\/wp-json\/wp\/v2\/media?parent=619"}],"curies":[{"name":"wp","href":"https:\/\/api.w.org\/{rel}","templated":true}]}}