{"id":588,"date":"2021-08-09T18:20:24","date_gmt":"2021-08-09T16:20:24","guid":{"rendered":"https:\/\/agora.xtec.cat\/col-alfageme-barcelona\/?page_id=588"},"modified":"2025-07-10T11:07:14","modified_gmt":"2025-07-10T09:07:14","slug":"5e","status":"publish","type":"page","link":"https:\/\/agora.xtec.cat\/col-alfageme-barcelona\/primaria\/5e\/","title":{"rendered":"5\u00e8"},"content":{"rendered":"<p>El tutor de 5\u00e8 del curs 2025-2026 \u00e9s el Marc M.<\/p>\n<p>Comen\u00e7a una nova etapa per a les nenes i els nens de 5\u00e8 Prim\u00e0ria, ja s\u00f3n a Cicle Superior amb tot el que aix\u00f2 implica. Aquest ser\u00e0 un curs ple d&#8217;emocions, de reptes, d&#8217;il.lusions&#8230;i de moltes coses per aprendre. Ens ajudarem entre nosaltres, procurarem que tothom se senti b\u00e9 i a gust, farem un bon equip. Posarem moltes ganes, serem positives i positius, ajudarem i ens deixarem ajudar. En aquesta classe, tothom \u00e9s important. Benvingudes i benvinguts !!!<\/p>\n<p><a href=\"https:\/\/agora.xtec.cat\/col-alfageme-barcelona\/wp-content\/uploads\/usu2634\/2022\/09\/Captura.png\">\u00a0 \u00a0 \u00a0 \u00a0 \u00a0 \u00a0 \u00a0 \u00a0 \u00a0 \u00a0 \u00a0 \u00a0 \u00a0 \u00a0 \u00a0 \u00a0 \u00a0 \u00a0 \u00a0 <img loading=\"lazy\" decoding=\"async\" class=\"alignnone size-full wp-image-5648\" src=\"https:\/\/agora.xtec.cat\/col-alfageme-barcelona\/wp-content\/uploads\/usu2634\/2022\/09\/Captura.png\" alt=\"\" width=\"385\" height=\"297\" srcset=\"https:\/\/agora.xtec.cat\/col-alfageme-barcelona\/wp-content\/uploads\/usu2634\/2022\/09\/Captura.png 385w, https:\/\/agora.xtec.cat\/col-alfageme-barcelona\/wp-content\/uploads\/usu2634\/2022\/09\/Captura-300x231.png 300w\" sizes=\"auto, (max-width: 385px) 100vw, 385px\" \/><\/a><\/p>\n<p>&nbsp;<\/p>\n<p>&nbsp;<\/p>\n","protected":false},"excerpt":{"rendered":"<p>El tutor de 5\u00e8 del curs 2025-2026 \u00e9s el Marc M.<br \/>\nComen\u00e7a una nova etapa per a les nenes i els nens de 5\u00e8 Prim\u00e0ria, ja s\u00f3n a Cicle Superior amb tot el que aix\u00f2 implica. Aquest ser\u00e0 un curs ple d&#8217;emocions, de reptes, d&#8217;il.lusions&#8230;i de&hellip;  <a href=\"https:\/\/agora.xtec.cat\/col-alfageme-barcelona\/primaria\/5e\/\" title=\"Read 5\u00e8\">Llegeix m\u00e9s\u00bb<\/a><\/p>\n","protected":false},"author":1,"featured_media":0,"parent":572,"menu_order":0,"comment_status":"closed","ping_status":"closed","template":"page-templates\/side-menu.php","meta":{"_bbp_topic_count":0,"_bbp_reply_count":0,"_bbp_total_topic_count":0,"_bbp_total_reply_count":0,"_bbp_voice_count":0,"_bbp_anonymous_reply_count":0,"_bbp_topic_count_hidden":0,"_bbp_reply_count_hidden":0,"_bbp_forum_subforum_count":0,"footnotes":""},"class_list":["post-588","page","type-page","status-publish","hentry"],"post_mailing_queue_ids":[],"_links":{"self":[{"href":"https:\/\/agora.xtec.cat\/col-alfageme-barcelona\/wp-json\/wp\/v2\/pages\/588","targetHints":{"allow":["GET"]}}],"collection":[{"href":"https:\/\/agora.xtec.cat\/col-alfageme-barcelona\/wp-json\/wp\/v2\/pages"}],"about":[{"href":"https:\/\/agora.xtec.cat\/col-alfageme-barcelona\/wp-json\/wp\/v2\/types\/page"}],"author":[{"embeddable":true,"href":"https:\/\/agora.xtec.cat\/col-alfageme-barcelona\/wp-json\/wp\/v2\/users\/1"}],"replies":[{"embeddable":true,"href":"https:\/\/agora.xtec.cat\/col-alfageme-barcelona\/wp-json\/wp\/v2\/comments?post=588"}],"version-history":[{"count":5,"href":"https:\/\/agora.xtec.cat\/col-alfageme-barcelona\/wp-json\/wp\/v2\/pages\/588\/revisions"}],"predecessor-version":[{"id":13641,"href":"https:\/\/agora.xtec.cat\/col-alfageme-barcelona\/wp-json\/wp\/v2\/pages\/588\/revisions\/13641"}],"up":[{"embeddable":true,"href":"https:\/\/agora.xtec.cat\/col-alfageme-barcelona\/wp-json\/wp\/v2\/pages\/572"}],"wp:attachment":[{"href":"https:\/\/agora.xtec.cat\/col-alfageme-barcelona\/wp-json\/wp\/v2\/media?parent=588"}],"curies":[{"name":"wp","href":"https:\/\/api.w.org\/{rel}","templated":true}]}}