{"id":578,"date":"2021-08-09T18:19:39","date_gmt":"2021-08-09T16:19:39","guid":{"rendered":"https:\/\/agora.xtec.cat\/col-alfageme-barcelona\/?page_id=578"},"modified":"2025-07-10T11:04:36","modified_gmt":"2025-07-10T09:04:36","slug":"p5","status":"publish","type":"page","link":"https:\/\/agora.xtec.cat\/col-alfageme-barcelona\/infantil\/p5\/","title":{"rendered":"I5"},"content":{"rendered":"<p>La tutora d&#8217;I5 del curs 2025-2026 \u00e9s la M\u00f2nica J.<\/p>\n<p>Els infants seran els protagonistes del seu propi aprenentatge i, per desenvolupar les seves capacitats, observaran, comprovaran, deduiran, experimentaran, actuaran, exploraran, pensaran, jugaran, conviuran&#8230;<\/p>\n<p>S\u00b4iniciaran en el proc\u00e9s d\u00b4aprenentatge de la lectura i de l\u00b4escriptura amb imatges i frases molt curtes i senzilles, i aix\u00ed desenvoluparan l\u00b4expressi\u00f3 oral, la comprensi\u00f3 verbal, la percepci\u00f3 visual, la mem\u00f2ria\u2026<\/p>\n<p>El desenvolupament de l\u00b4autonomia, l\u00b4educaci\u00f3 del comportament, el foment d\u00b4una dieta saludable, el desenvolupament de les habilitats logicomatem\u00e0tiques, l\u00b4educaci\u00f3 musical, en valors i emocional&#8230;seran eixos fonamentals que guiaran el nostre dia a dia a l\u00b4escola.<\/p>\n<p><a href=\"https:\/\/agora.xtec.cat\/col-alfageme-barcelona\/wp-content\/uploads\/usu2634\/2022\/09\/PHOTO-2022-09-01-15-32-05-1.jpg\"><img loading=\"lazy\" decoding=\"async\" class=\"alignnone size-large wp-image-5624\" src=\"https:\/\/agora.xtec.cat\/col-alfageme-barcelona\/wp-content\/uploads\/usu2634\/2022\/09\/PHOTO-2022-09-01-15-32-05-1-900x1024.jpg\" alt=\"\" width=\"900\" height=\"1024\" srcset=\"https:\/\/agora.xtec.cat\/col-alfageme-barcelona\/wp-content\/uploads\/usu2634\/2022\/09\/PHOTO-2022-09-01-15-32-05-1-900x1024.jpg 900w, https:\/\/agora.xtec.cat\/col-alfageme-barcelona\/wp-content\/uploads\/usu2634\/2022\/09\/PHOTO-2022-09-01-15-32-05-1-264x300.jpg 264w, https:\/\/agora.xtec.cat\/col-alfageme-barcelona\/wp-content\/uploads\/usu2634\/2022\/09\/PHOTO-2022-09-01-15-32-05-1-768x874.jpg 768w, https:\/\/agora.xtec.cat\/col-alfageme-barcelona\/wp-content\/uploads\/usu2634\/2022\/09\/PHOTO-2022-09-01-15-32-05-1.jpg 1242w\" sizes=\"auto, (max-width: 900px) 100vw, 900px\" \/><\/a><\/p>\n<p>&nbsp;<\/p>\n","protected":false},"excerpt":{"rendered":"<p>La tutora d&#8217;I5 del curs 2025-2026 \u00e9s la M\u00f2nica J.<br \/>\nEls infants seran els protagonistes del seu propi aprenentatge i, per desenvolupar les seves capacitats, observaran, comprovaran, deduiran, experimentaran, actuaran, exploraran, pensaran, jugaran, conviuran&#8230;<br \/>\nS\u00b4iniciaran en el proc\u00e9s d\u00b4aprenentatge de la lectura i de l\u00b4escriptura amb imatges&hellip;  <a href=\"https:\/\/agora.xtec.cat\/col-alfageme-barcelona\/infantil\/p5\/\" title=\"Read I5\">Llegeix m\u00e9s\u00bb<\/a><\/p>\n","protected":false},"author":1,"featured_media":0,"parent":570,"menu_order":0,"comment_status":"closed","ping_status":"closed","template":"page-templates\/side-menu.php","meta":{"_bbp_topic_count":0,"_bbp_reply_count":0,"_bbp_total_topic_count":0,"_bbp_total_reply_count":0,"_bbp_voice_count":0,"_bbp_anonymous_reply_count":0,"_bbp_topic_count_hidden":0,"_bbp_reply_count_hidden":0,"_bbp_forum_subforum_count":0,"footnotes":""},"class_list":["post-578","page","type-page","status-publish","hentry"],"post_mailing_queue_ids":[],"_links":{"self":[{"href":"https:\/\/agora.xtec.cat\/col-alfageme-barcelona\/wp-json\/wp\/v2\/pages\/578","targetHints":{"allow":["GET"]}}],"collection":[{"href":"https:\/\/agora.xtec.cat\/col-alfageme-barcelona\/wp-json\/wp\/v2\/pages"}],"about":[{"href":"https:\/\/agora.xtec.cat\/col-alfageme-barcelona\/wp-json\/wp\/v2\/types\/page"}],"author":[{"embeddable":true,"href":"https:\/\/agora.xtec.cat\/col-alfageme-barcelona\/wp-json\/wp\/v2\/users\/1"}],"replies":[{"embeddable":true,"href":"https:\/\/agora.xtec.cat\/col-alfageme-barcelona\/wp-json\/wp\/v2\/comments?post=578"}],"version-history":[{"count":5,"href":"https:\/\/agora.xtec.cat\/col-alfageme-barcelona\/wp-json\/wp\/v2\/pages\/578\/revisions"}],"predecessor-version":[{"id":13636,"href":"https:\/\/agora.xtec.cat\/col-alfageme-barcelona\/wp-json\/wp\/v2\/pages\/578\/revisions\/13636"}],"up":[{"embeddable":true,"href":"https:\/\/agora.xtec.cat\/col-alfageme-barcelona\/wp-json\/wp\/v2\/pages\/570"}],"wp:attachment":[{"href":"https:\/\/agora.xtec.cat\/col-alfageme-barcelona\/wp-json\/wp\/v2\/media?parent=578"}],"curies":[{"name":"wp","href":"https:\/\/api.w.org\/{rel}","templated":true}]}}