{"id":576,"date":"2021-08-09T18:19:29","date_gmt":"2021-08-09T16:19:29","guid":{"rendered":"https:\/\/agora.xtec.cat\/col-alfageme-barcelona\/?page_id=576"},"modified":"2025-07-10T11:04:04","modified_gmt":"2025-07-10T09:04:04","slug":"p4","status":"publish","type":"page","link":"https:\/\/agora.xtec.cat\/col-alfageme-barcelona\/infantil\/p4\/","title":{"rendered":"I4"},"content":{"rendered":"<p>La tutora d&#8217;I4 del curs 2025-2026 \u00e9s la Vero V.<\/p>\n<p>L&#8217;alumnat d&#8217;I4 som els mitjans de l\u2019Educaci\u00f3 Infantil de l\u2019escola, i ens agrada experimentar amb els materials i jugar. A classe dediquem estones a pensar, dialogar, practicar l\u2019escriptura amb diferents materials, ens iniciem en la realitzaci\u00f3 d\u2019operacions matem\u00e0tiques i, sobretot, aprenem a conviure entre nosaltres. Tamb\u00e9 fem racons, la qual cosa ens ajuda a anar desenvolupant diferents habilitats. I per tornar a la calma, fem relaxaci\u00f3.<\/p>\n<p><a href=\"https:\/\/agora.xtec.cat\/col-alfageme-barcelona\/wp-content\/uploads\/usu2634\/2021\/09\/image0.jpeg\"><img loading=\"lazy\" decoding=\"async\" class=\"alignnone size-full wp-image-2272\" src=\"https:\/\/agora.xtec.cat\/col-alfageme-barcelona\/wp-content\/uploads\/usu2634\/2021\/09\/image0.jpeg\" alt=\"\" width=\"828\" height=\"755\" srcset=\"https:\/\/agora.xtec.cat\/col-alfageme-barcelona\/wp-content\/uploads\/usu2634\/2021\/09\/image0.jpeg 828w, https:\/\/agora.xtec.cat\/col-alfageme-barcelona\/wp-content\/uploads\/usu2634\/2021\/09\/image0-300x274.jpeg 300w, https:\/\/agora.xtec.cat\/col-alfageme-barcelona\/wp-content\/uploads\/usu2634\/2021\/09\/image0-768x700.jpeg 768w\" sizes=\"auto, (max-width: 828px) 100vw, 828px\" \/><\/a><\/p>\n<p><span style=\"font-size: small;\">\u00a0<\/span><\/p>\n","protected":false},"excerpt":{"rendered":"<p>La tutora d&#8217;I4 del curs 2025-2026 \u00e9s la Vero V.<br \/>\nL&#8217;alumnat d&#8217;I4 som els mitjans de l\u2019Educaci\u00f3 Infantil de l\u2019escola, i ens agrada experimentar amb els materials i jugar. A classe dediquem estones a pensar, dialogar, practicar l\u2019escriptura amb diferents materials, ens iniciem en la realitzaci\u00f3&hellip;  <a href=\"https:\/\/agora.xtec.cat\/col-alfageme-barcelona\/infantil\/p4\/\" title=\"Read I4\">Llegeix m\u00e9s\u00bb<\/a><\/p>\n","protected":false},"author":1,"featured_media":0,"parent":570,"menu_order":0,"comment_status":"closed","ping_status":"closed","template":"page-templates\/side-menu.php","meta":{"_bbp_topic_count":0,"_bbp_reply_count":0,"_bbp_total_topic_count":0,"_bbp_total_reply_count":0,"_bbp_voice_count":0,"_bbp_anonymous_reply_count":0,"_bbp_topic_count_hidden":0,"_bbp_reply_count_hidden":0,"_bbp_forum_subforum_count":0,"footnotes":""},"class_list":["post-576","page","type-page","status-publish","hentry"],"post_mailing_queue_ids":[],"_links":{"self":[{"href":"https:\/\/agora.xtec.cat\/col-alfageme-barcelona\/wp-json\/wp\/v2\/pages\/576","targetHints":{"allow":["GET"]}}],"collection":[{"href":"https:\/\/agora.xtec.cat\/col-alfageme-barcelona\/wp-json\/wp\/v2\/pages"}],"about":[{"href":"https:\/\/agora.xtec.cat\/col-alfageme-barcelona\/wp-json\/wp\/v2\/types\/page"}],"author":[{"embeddable":true,"href":"https:\/\/agora.xtec.cat\/col-alfageme-barcelona\/wp-json\/wp\/v2\/users\/1"}],"replies":[{"embeddable":true,"href":"https:\/\/agora.xtec.cat\/col-alfageme-barcelona\/wp-json\/wp\/v2\/comments?post=576"}],"version-history":[{"count":6,"href":"https:\/\/agora.xtec.cat\/col-alfageme-barcelona\/wp-json\/wp\/v2\/pages\/576\/revisions"}],"predecessor-version":[{"id":13635,"href":"https:\/\/agora.xtec.cat\/col-alfageme-barcelona\/wp-json\/wp\/v2\/pages\/576\/revisions\/13635"}],"up":[{"embeddable":true,"href":"https:\/\/agora.xtec.cat\/col-alfageme-barcelona\/wp-json\/wp\/v2\/pages\/570"}],"wp:attachment":[{"href":"https:\/\/agora.xtec.cat\/col-alfageme-barcelona\/wp-json\/wp\/v2\/media?parent=576"}],"curies":[{"name":"wp","href":"https:\/\/api.w.org\/{rel}","templated":true}]}}