{"id":574,"date":"2021-08-09T18:19:20","date_gmt":"2021-08-09T16:19:20","guid":{"rendered":"https:\/\/agora.xtec.cat\/col-alfageme-barcelona\/?page_id=574"},"modified":"2025-07-10T11:03:10","modified_gmt":"2025-07-10T09:03:10","slug":"p3","status":"publish","type":"page","link":"https:\/\/agora.xtec.cat\/col-alfageme-barcelona\/infantil\/p3\/","title":{"rendered":"I3"},"content":{"rendered":"<p style=\"text-align: center;\">La tutora d&#8217;I3 del curs 2025-2026 \u00e9s la Montserrat A.<\/p>\n<p style=\"text-align: center;\">Les papallones d&#8217;I3 \u00e9s el primer any que comencem a l&#8217;Alfageme.<\/p>\n<p style=\"text-align: center;\">Som els petits i les petites de l&#8217;escola per\u00f2 de seguida comen\u00e7arem a cr\u00e8ixer i a fer-nos molt grans!<\/p>\n<p style=\"text-align: center;\">A l&#8217;escola ens ajuden a anar treballant\u00a0 h\u00e0bits per tal de fer-nos cada vegada m\u00e9s aut\u00f2noms i aut\u00f2nomes i independents. Tamb\u00e9 a fer-nos preguntes sobre l&#8217;entorn que volem con\u00e8ixer sent aquest el motor del nostre aprenentatge i creixement personal.<\/p>\n<p style=\"text-align: center;\">Ens iniciem en l&#8217;aprenentatge cooperatiu i comen\u00e7arem a aprendre per parelles cooperatives.<\/p>\n<p style=\"text-align: center;\">Ens encanta investigar i descobrir el m\u00f3n que ens envolta a trav\u00e9s de Treball per Projectes\u00a0 i les eines TAC com la tablet o la pissarra digital s\u00f3n una altre recurs per potenciar el nostre aprenentatge.<\/p>\n<p style=\"text-align: center;\">Els ambients s\u00f3n un altre activitat de la qual ens omplim de viv\u00e8ncies i compartim estones de joc amb els nostres companys de diferents edats.<\/p>\n<p style=\"text-align: center;\">Finalment, a final de curs ens adonem que hem caminat juntes i junts, ben acompanyades i acompanyats per mestres, companyes i companys de diferents edats i persones de la resta de l\u2019escola que ens ajuden a cr\u00e9ixer<\/p>\n<p><a href=\"https:\/\/agora.xtec.cat\/col-alfageme-barcelona\/wp-content\/uploads\/usu2634\/2022\/09\/bon-inici.jpeg\"><img loading=\"lazy\" decoding=\"async\" class=\"aligncenter wp-image-5666 size-large\" src=\"https:\/\/agora.xtec.cat\/col-alfageme-barcelona\/wp-content\/uploads\/usu2634\/2022\/09\/bon-inici-1024x867.jpeg\" alt=\"\" width=\"1024\" height=\"867\" srcset=\"https:\/\/agora.xtec.cat\/col-alfageme-barcelona\/wp-content\/uploads\/usu2634\/2022\/09\/bon-inici-1024x867.jpeg 1024w, https:\/\/agora.xtec.cat\/col-alfageme-barcelona\/wp-content\/uploads\/usu2634\/2022\/09\/bon-inici-300x254.jpeg 300w, https:\/\/agora.xtec.cat\/col-alfageme-barcelona\/wp-content\/uploads\/usu2634\/2022\/09\/bon-inici-768x650.jpeg 768w, https:\/\/agora.xtec.cat\/col-alfageme-barcelona\/wp-content\/uploads\/usu2634\/2022\/09\/bon-inici.jpeg 1125w\" sizes=\"auto, (max-width: 1024px) 100vw, 1024px\" \/><\/a><\/p>\n<p>&nbsp;<\/p>\n","protected":false},"excerpt":{"rendered":"<p>La tutora d&#8217;I3 del curs 2025-2026 \u00e9s la Montserrat A.<br \/>\nLes papallones d&#8217;I3 \u00e9s el primer any que comencem a l&#8217;Alfageme.<br \/>\nSom els petits i les petites de l&#8217;escola per\u00f2 de seguida comen\u00e7arem a cr\u00e8ixer i a fer-nos molt grans!<br \/>\nA l&#8217;escola ens ajuden a anar treballant\u00a0 h\u00e0bits&hellip;  <a href=\"https:\/\/agora.xtec.cat\/col-alfageme-barcelona\/infantil\/p3\/\" title=\"Read I3\">Llegeix m\u00e9s\u00bb<\/a><\/p>\n","protected":false},"author":1,"featured_media":0,"parent":570,"menu_order":0,"comment_status":"closed","ping_status":"closed","template":"page-templates\/side-menu.php","meta":{"_bbp_topic_count":0,"_bbp_reply_count":0,"_bbp_total_topic_count":0,"_bbp_total_reply_count":0,"_bbp_voice_count":0,"_bbp_anonymous_reply_count":0,"_bbp_topic_count_hidden":0,"_bbp_reply_count_hidden":0,"_bbp_forum_subforum_count":0,"footnotes":""},"class_list":["post-574","page","type-page","status-publish","hentry"],"post_mailing_queue_ids":[],"_links":{"self":[{"href":"https:\/\/agora.xtec.cat\/col-alfageme-barcelona\/wp-json\/wp\/v2\/pages\/574","targetHints":{"allow":["GET"]}}],"collection":[{"href":"https:\/\/agora.xtec.cat\/col-alfageme-barcelona\/wp-json\/wp\/v2\/pages"}],"about":[{"href":"https:\/\/agora.xtec.cat\/col-alfageme-barcelona\/wp-json\/wp\/v2\/types\/page"}],"author":[{"embeddable":true,"href":"https:\/\/agora.xtec.cat\/col-alfageme-barcelona\/wp-json\/wp\/v2\/users\/1"}],"replies":[{"embeddable":true,"href":"https:\/\/agora.xtec.cat\/col-alfageme-barcelona\/wp-json\/wp\/v2\/comments?post=574"}],"version-history":[{"count":6,"href":"https:\/\/agora.xtec.cat\/col-alfageme-barcelona\/wp-json\/wp\/v2\/pages\/574\/revisions"}],"predecessor-version":[{"id":13633,"href":"https:\/\/agora.xtec.cat\/col-alfageme-barcelona\/wp-json\/wp\/v2\/pages\/574\/revisions\/13633"}],"up":[{"embeddable":true,"href":"https:\/\/agora.xtec.cat\/col-alfageme-barcelona\/wp-json\/wp\/v2\/pages\/570"}],"wp:attachment":[{"href":"https:\/\/agora.xtec.cat\/col-alfageme-barcelona\/wp-json\/wp\/v2\/media?parent=574"}],"curies":[{"name":"wp","href":"https:\/\/api.w.org\/{rel}","templated":true}]}}