{"id":38,"date":"2014-09-18T12:34:08","date_gmt":"2014-09-18T11:34:08","guid":{"rendered":"http:\/\/agora.xtec.cat\/col-alfageme-barcelona\/?page_id=38"},"modified":"2023-10-06T16:46:37","modified_gmt":"2023-10-06T14:46:37","slug":"salut","status":"publish","type":"page","link":"https:\/\/agora.xtec.cat\/col-alfageme-barcelona\/lescola\/salut\/","title":{"rendered":"Protocol de Comunicaci\u00f3 d&#8217;Accidents Escolars"},"content":{"rendered":"<p><strong>PROTOCOL COMUNICACI\u00d3 ACCIDENTS ESCOLARS<\/strong><\/p>\n<p>Quan un\/a alumne\/a es fa mal a l\u2019escola, s\u2019activa el seg\u00fcent protocol:<\/p>\n<ol>\n<li>El\/la mestre\/a que est\u00e0 amb l\u2019infant, l\u2019at\u00e9n en un primer moment. Si li cal, pot demanar assessorament a la mestra que es considera que t\u00e9 m\u00e9s coneixements sobre primers auxilis.<\/li>\n<\/ol>\n<ol start=\"2\">\n<li>Si \u00e9s una cosa lleu i se\u2019l pot curar a l\u2019escola, el\/la mestre\/a que est\u00e0 amb ell\/a ho fa.<\/li>\n<\/ol>\n<ol start=\"3\">\n<li>Es comunica al tutor o a la tutora. En el cas que no estigui a l\u2019edifici, es comunicar\u00e0 a l\u2019Equip Directiu.<\/li>\n<\/ol>\n<ol start=\"4\">\n<li>El tutor o la tutora ho comunica a la fam\u00edlia.<\/li>\n<\/ol>\n<ol start=\"5\">\n<li>En cas que l\u2019accident tingui lloc durant el temps d\u2019acollida (mat\u00ed i\/o tarda), durant l\u2019espai migdia i\/o durant una activitat extraescolar, en primer lloc es comunicar\u00e0 a l\u2019Equip Directiu; despr\u00e9s es comentar\u00e0 amb la tutora.<\/li>\n<\/ol>\n<ol start=\"6\">\n<li>Si l\u2019accident no \u00e9s greu per\u00f2 requereix assist\u00e8ncia d\u2019un servei m\u00e8dic, la nostra m\u00fatua, s\u2019omple un comunicat d\u2019accident. El comunicat l\u2019omple el mestre o la mestra que estava amb l\u2019infant en el moment de fer-se mal, la tutora supervisa aquest comunicat. A continuaci\u00f3, es porta a Direcci\u00f3. Direcci\u00f3 informa a quin centre s\u2019ha de portar a l\u2019infant:<\/li>\n<\/ol>\n<p>-Si \u00e9s un trauma lleu, s\u2019ha de portar l\u2019infant a la Cl\u00ednica Corachan.<\/p>\n<p>-Si \u00e9s un trauma que se sospita greu, s\u2019ha de portar l\u2019infant a la Cl\u00ednica Corachan.<\/p>\n<p>-Si \u00e9s un tema odontol\u00f2gic, s\u2019ha de portar l\u2019infant a l\u2019Hospital de Nens de Barcelona.<\/p>\n<p>-Si \u00e9s un tema ocular, s\u2019ha de portar l\u2019infant a l\u2019Institut Catal\u00e0 de la Retina.<\/p>\n<p>Es fa una c\u00f2pia d\u2019aquest comunicat que es queda a l\u2019escola. Tamb\u00e9 s\u2019envia escanejat a l\u2019asseguradora.<\/p>\n<ol start=\"7\">\n<li>Si l\u2019accident es sospita que \u00e9s greu i requereix assist\u00e8ncia urgent, s\u2019ha de portar l\u2019infant a la Cl\u00ednica Corachan. Els passos a seguir s\u00f3n:<\/li>\n<\/ol>\n<p>-S\u2019intentar\u00e0 localitzar la fam\u00edlia. Un cop localitzada, \u00e9s responsabilitat de la fam\u00edlia acompanyar l\u2019infant al centre d\u2019assist\u00e8ncia.<\/p>\n<p>-En cas de no localitzar la fam\u00edlia, si \u00e9s urgent per p\u00e8rdua important de sang, p\u00e8rdua de consci\u00e8ncia etc., es portar\u00e0 directament l\u2019infant a l\u2019hospital.<\/p>\n<p>-Es seguir\u00e0 intentant connectar amb la fam\u00edlia.<\/p>\n<ol start=\"8\">\n<li>Si l\u2019infant requereix una segona visita despr\u00e9s de la primera, la fam\u00edlia ha de demanar al centre m\u00e8dic que li posin per escrit. Aquest paper l\u2019ha de portar a l\u2019escola per tal que Direcci\u00f3 demani una altra autoritzaci\u00f3 a la m\u00fatua per poder realitzar aquesta segona visita.<\/li>\n<\/ol>\n<ol start=\"9\">\n<li>En el cas que a un infant se li trenquin les ulleres, s\u2019ha de fer el seg\u00fcent:<\/li>\n<\/ol>\n<p>-El tutor o la tutora, fa un comunicat d\u2019accident com s\u2019ha descrit anteriorment.<\/p>\n<p>-Direcci\u00f3 informa a la fam\u00edlia que han de fer una foto de les ulleres trencades. A continuaci\u00f3, han de portar les ulleres a reparar. Seguidament, han de portar a l\u2019escola la factura original de la reparaci\u00f3 o de les ulleres noves, una fotoc\u00f2pia del DNI d\u2019un dels progenitors o tutors legals i, per \u00faltim, el n\u00famero del compte corrent on volen que els facin l\u2019ingr\u00e9s.<\/p>\n","protected":false},"excerpt":{"rendered":"<p>PROTOCOL COMUNICACI\u00d3 ACCIDENTS ESCOLARS<br \/>\nQuan un\/a alumne\/a es fa mal a l\u2019escola, s\u2019activa el seg\u00fcent protocol:<\/p>\n<ol>\n<li>El\/la mestre\/a que est\u00e0 amb l\u2019infant, l\u2019at\u00e9n en un primer moment. Si li cal, pot demanar assessorament a la mestra que es considera que t\u00e9 m\u00e9s coneixements sobre primers auxilis.<\/li>\n<\/ol>\n<ol start=\"2\">\n<li>Si&hellip;  <a href=\"https:\/\/agora.xtec.cat\/col-alfageme-barcelona\/lescola\/salut\/\" title=\"Read Protocol de Comunicaci\u00f3 d&#8217;Accidents Escolars\">Llegeix m\u00e9s\u00bb<\/a><br \/>\n","protected":false},"author":1,"featured_media":0,"parent":22,"menu_order":80,"comment_status":"closed","ping_status":"closed","template":"page-templates\/side-menu.php","meta":{"_bbp_topic_count":0,"_bbp_reply_count":0,"_bbp_total_topic_count":0,"_bbp_total_reply_count":0,"_bbp_voice_count":0,"_bbp_anonymous_reply_count":0,"_bbp_topic_count_hidden":0,"_bbp_reply_count_hidden":0,"_bbp_forum_subforum_count":0,"footnotes":""},"class_list":["post-38","page","type-page","status-publish","hentry"],"post_mailing_queue_ids":[],"_links":{"self":[{"href":"https:\/\/agora.xtec.cat\/col-alfageme-barcelona\/wp-json\/wp\/v2\/pages\/38","targetHints":{"allow":["GET"]}}],"collection":[{"href":"https:\/\/agora.xtec.cat\/col-alfageme-barcelona\/wp-json\/wp\/v2\/pages"}],"about":[{"href":"https:\/\/agora.xtec.cat\/col-alfageme-barcelona\/wp-json\/wp\/v2\/types\/page"}],"author":[{"embeddable":true,"href":"https:\/\/agora.xtec.cat\/col-alfageme-barcelona\/wp-json\/wp\/v2\/users\/1"}],"replies":[{"embeddable":true,"href":"https:\/\/agora.xtec.cat\/col-alfageme-barcelona\/wp-json\/wp\/v2\/comments?post=38"}],"version-history":[{"count":5,"href":"https:\/\/agora.xtec.cat\/col-alfageme-barcelona\/wp-json\/wp\/v2\/pages\/38\/revisions"}],"predecessor-version":[{"id":9634,"href":"https:\/\/agora.xtec.cat\/col-alfageme-barcelona\/wp-json\/wp\/v2\/pages\/38\/revisions\/9634"}],"up":[{"embeddable":true,"href":"https:\/\/agora.xtec.cat\/col-alfageme-barcelona\/wp-json\/wp\/v2\/pages\/22"}],"wp:attachment":[{"href":"https:\/\/agora.xtec.cat\/col-alfageme-barcelona\/wp-json\/wp\/v2\/media?parent=38"}],"curies":[{"name":"wp","href":"https:\/\/api.w.org\/{rel}","templated":true}]}}