{"id":26,"date":"2014-09-18T12:24:32","date_gmt":"2014-09-18T11:24:32","guid":{"rendered":"http:\/\/agora.xtec.cat\/col-alfageme-barcelona\/?page_id=26"},"modified":"2021-07-23T09:26:32","modified_gmt":"2021-07-23T07:26:32","slug":"historia","status":"publish","type":"page","link":"https:\/\/agora.xtec.cat\/col-alfageme-barcelona\/lescola\/historia\/","title":{"rendered":"Hist\u00f2ria"},"content":{"rendered":"<p>El col.legi ALFAGEME \u00e9s una petita escola al barri de La Marina de la Zona Franca. Tenim una l\u00ednia del segon cicle d&#8217;Educaci\u00f3 Infantil i d&#8217;Educaci\u00f3 Prim\u00e0ria.<\/p>\n<p>L&#8217;escola va ser inaugurada l&#8217;any 1969, i ens agrada molt poder dir que rebem fills i filles d&#8217;ex-alumnes. Som una escola de refer\u00e8ncia al barri.<\/p>\n<p>Som una escola propera i acollidora, i en constant innovaci\u00f3. Procurem que les nenes i els nens se sentin com a casa. Com que som una escola petita d&#8217;una l\u00ednia i amb l&#8217;equip docent for\u00e7a estable, tothom coneix tothom, la qual cosa ens permet de fer un acompanyament m\u00e9s estret del nostre alumnat des que inicien EI3 fins que arriben a 6\u00e8 d&#8217;EP.<\/p>\n","protected":false},"excerpt":{"rendered":"<p>El col.legi ALFAGEME \u00e9s una petita escola al barri de La Marina de la Zona Franca. Tenim una l\u00ednia del segon cicle d&#8217;Educaci\u00f3 Infantil i d&#8217;Educaci\u00f3 Prim\u00e0ria.<br \/>\nL&#8217;escola va ser inaugurada l&#8217;any 1969, i ens agrada molt poder dir que rebem fills i filles d&#8217;ex-alumnes. Som&hellip;  <a href=\"https:\/\/agora.xtec.cat\/col-alfageme-barcelona\/lescola\/historia\/\" title=\"Read Hist\u00f2ria\">Llegeix m\u00e9s\u00bb<\/a><\/p>\n","protected":false},"author":1,"featured_media":0,"parent":22,"menu_order":20,"comment_status":"closed","ping_status":"closed","template":"page-templates\/side-menu.php","meta":{"_bbp_topic_count":0,"_bbp_reply_count":0,"_bbp_total_topic_count":0,"_bbp_total_reply_count":0,"_bbp_voice_count":0,"_bbp_anonymous_reply_count":0,"_bbp_topic_count_hidden":0,"_bbp_reply_count_hidden":0,"_bbp_forum_subforum_count":0,"footnotes":""},"class_list":["post-26","page","type-page","status-publish","hentry"],"post_mailing_queue_ids":[],"_links":{"self":[{"href":"https:\/\/agora.xtec.cat\/col-alfageme-barcelona\/wp-json\/wp\/v2\/pages\/26","targetHints":{"allow":["GET"]}}],"collection":[{"href":"https:\/\/agora.xtec.cat\/col-alfageme-barcelona\/wp-json\/wp\/v2\/pages"}],"about":[{"href":"https:\/\/agora.xtec.cat\/col-alfageme-barcelona\/wp-json\/wp\/v2\/types\/page"}],"author":[{"embeddable":true,"href":"https:\/\/agora.xtec.cat\/col-alfageme-barcelona\/wp-json\/wp\/v2\/users\/1"}],"replies":[{"embeddable":true,"href":"https:\/\/agora.xtec.cat\/col-alfageme-barcelona\/wp-json\/wp\/v2\/comments?post=26"}],"version-history":[{"count":3,"href":"https:\/\/agora.xtec.cat\/col-alfageme-barcelona\/wp-json\/wp\/v2\/pages\/26\/revisions"}],"predecessor-version":[{"id":520,"href":"https:\/\/agora.xtec.cat\/col-alfageme-barcelona\/wp-json\/wp\/v2\/pages\/26\/revisions\/520"}],"up":[{"embeddable":true,"href":"https:\/\/agora.xtec.cat\/col-alfageme-barcelona\/wp-json\/wp\/v2\/pages\/22"}],"wp:attachment":[{"href":"https:\/\/agora.xtec.cat\/col-alfageme-barcelona\/wp-json\/wp\/v2\/media?parent=26"}],"curies":[{"name":"wp","href":"https:\/\/api.w.org\/{rel}","templated":true}]}}