{"id":22,"date":"2014-09-18T12:19:57","date_gmt":"2014-09-18T11:19:57","guid":{"rendered":"http:\/\/agora.xtec.cat\/col-alfageme-barcelona\/?page_id=22"},"modified":"2021-09-03T12:15:36","modified_gmt":"2021-09-03T10:15:36","slug":"lescola","status":"publish","type":"page","link":"https:\/\/agora.xtec.cat\/col-alfageme-barcelona\/lescola\/","title":{"rendered":"L&#8217;escola"},"content":{"rendered":"<p>Som una escola d\u2019una l\u00ednia d\u2019Infantil i Prim\u00e0ria, acollidora i en constant innovaci\u00f3, al barri de La Marina de la Zona Franca de Barcelona des de l\u2019any 1969.<\/p>\n<p>Rebem fills i filles d\u2019ex-alumnes, la qual cosa ens satisf\u00e0 molt. Procurem que les nostres nenes i els nostres nens se sentin com a casa des que inicien EI3 fins que arriben a 6\u00e8.<\/p>\n<p>El nostre equip docent \u00e9s for\u00e7a estable, la qual cosa permet que es cre\u00efn vincles estrets entre mestres i alumnes durant tota l\u2019escolaritzaci\u00f3 de l\u2019alumnat que ve al nostre centre.<\/p>\n","protected":false},"excerpt":{"rendered":"<p>Som una escola d\u2019una l\u00ednia d\u2019Infantil i Prim\u00e0ria, acollidora i en constant innovaci\u00f3, al barri de La Marina de la Zona Franca de Barcelona des de l\u2019any 1969.<br \/>\nRebem fills i filles d\u2019ex-alumnes, la qual cosa ens satisf\u00e0 molt. Procurem que les nostres nenes i els&hellip;  <a href=\"https:\/\/agora.xtec.cat\/col-alfageme-barcelona\/lescola\/\" title=\"Read L&#8217;escola\">Llegeix m\u00e9s\u00bb<\/a><\/p>\n","protected":false},"author":1,"featured_media":0,"parent":0,"menu_order":0,"comment_status":"closed","ping_status":"closed","template":"page-templates\/side-menu.php","meta":{"_bbp_topic_count":0,"_bbp_reply_count":0,"_bbp_total_topic_count":0,"_bbp_total_reply_count":0,"_bbp_voice_count":0,"_bbp_anonymous_reply_count":0,"_bbp_topic_count_hidden":0,"_bbp_reply_count_hidden":0,"_bbp_forum_subforum_count":0,"footnotes":""},"class_list":["post-22","page","type-page","status-publish","hentry"],"post_mailing_queue_ids":[],"_links":{"self":[{"href":"https:\/\/agora.xtec.cat\/col-alfageme-barcelona\/wp-json\/wp\/v2\/pages\/22","targetHints":{"allow":["GET"]}}],"collection":[{"href":"https:\/\/agora.xtec.cat\/col-alfageme-barcelona\/wp-json\/wp\/v2\/pages"}],"about":[{"href":"https:\/\/agora.xtec.cat\/col-alfageme-barcelona\/wp-json\/wp\/v2\/types\/page"}],"author":[{"embeddable":true,"href":"https:\/\/agora.xtec.cat\/col-alfageme-barcelona\/wp-json\/wp\/v2\/users\/1"}],"replies":[{"embeddable":true,"href":"https:\/\/agora.xtec.cat\/col-alfageme-barcelona\/wp-json\/wp\/v2\/comments?post=22"}],"version-history":[{"count":2,"href":"https:\/\/agora.xtec.cat\/col-alfageme-barcelona\/wp-json\/wp\/v2\/pages\/22\/revisions"}],"predecessor-version":[{"id":2132,"href":"https:\/\/agora.xtec.cat\/col-alfageme-barcelona\/wp-json\/wp\/v2\/pages\/22\/revisions\/2132"}],"wp:attachment":[{"href":"https:\/\/agora.xtec.cat\/col-alfageme-barcelona\/wp-json\/wp\/v2\/media?parent=22"}],"curies":[{"name":"wp","href":"https:\/\/api.w.org\/{rel}","templated":true}]}}