{"id":626,"date":"2022-02-10T09:34:40","date_gmt":"2022-02-10T08:34:40","guid":{"rendered":"https:\/\/agora.xtec.cat\/cfgselgalliner\/?page_id=626"},"modified":"2022-02-10T09:34:40","modified_gmt":"2022-02-10T08:34:40","slug":"servei-de-coaching-actoral","status":"publish","type":"page","link":"https:\/\/agora.xtec.cat\/cfgselgalliner\/serveis\/servei-de-coaching-actoral\/","title":{"rendered":"Servei de coaching actoral"},"content":{"rendered":"<p>Si tens una prova important, necessites presentar-te a un c\u00e0sting de teatre o televisi\u00f3 o fer un reciclatge actoral aquest \u00e9s l\u2019acompanyament indicat per a tu!<\/p>\n<p>Aquest \u00e9s un servei de coaching individualitzat.<\/p>\n<p>Aqu\u00ed podreu trobar m\u00e9s informaci\u00f3 sobre el curs: <a href=\"https:\/\/youtu.be\/9OiV1YVdM8A\">https:\/\/youtu.be\/9OiV1YVdM8A<\/a><\/p>\n<p>&nbsp;<\/p>\n<p>Dia i hora a concretar amb la professora: <a href=\"mailto:martacorral.elgalliner@gmail.com\">martacorral.elgalliner@gmail.com<\/a><\/p>\n<p>Professora: <a href=\"https:\/\/elgalliner.cat\/equip-docent#corral\">Marta Corral<\/a><\/p>\n<div class=\"more-info-row\">\n<div class=\"more-info-data\">Preu: 80\u20ac<\/div>\n<\/div>\n","protected":false},"excerpt":{"rendered":"<p>Si tens una prova important, necessites presentar-te a un c\u00e0sting de teatre o televisi\u00f3 o fer un reciclatge actoral aquest \u00e9s l\u2019acompanyament indicat per a tu!<br \/>\nAquest \u00e9s un servei de coaching individualitzat.<br \/>\nAqu\u00ed podreu trobar m\u00e9s informaci\u00f3 sobre el curs: <a href=\"https:\/\/youtu.be\/9OiV1YVdM8A\">https:\/\/youtu.be\/9OiV1YVdM8A<\/a><br \/>\n&nbsp;<br \/>\nDia i hora a concretar&hellip;  <a href=\"https:\/\/agora.xtec.cat\/cfgselgalliner\/serveis\/servei-de-coaching-actoral\/\" title=\"Read Servei de coaching actoral\">Llegeix m\u00e9s\u00bb<\/a><\/p>\n","protected":false},"author":1,"featured_media":0,"parent":63,"menu_order":0,"comment_status":"closed","ping_status":"closed","template":"page-templates\/side-menu.php","meta":{"_bbp_topic_count":0,"_bbp_reply_count":0,"_bbp_total_topic_count":0,"_bbp_total_reply_count":0,"_bbp_voice_count":0,"_bbp_anonymous_reply_count":0,"_bbp_topic_count_hidden":0,"_bbp_reply_count_hidden":0,"_bbp_forum_subforum_count":0,"footnotes":""},"class_list":["post-626","page","type-page","status-publish","hentry"],"post_mailing_queue_ids":[],"_links":{"self":[{"href":"https:\/\/agora.xtec.cat\/cfgselgalliner\/wp-json\/wp\/v2\/pages\/626","targetHints":{"allow":["GET"]}}],"collection":[{"href":"https:\/\/agora.xtec.cat\/cfgselgalliner\/wp-json\/wp\/v2\/pages"}],"about":[{"href":"https:\/\/agora.xtec.cat\/cfgselgalliner\/wp-json\/wp\/v2\/types\/page"}],"author":[{"embeddable":true,"href":"https:\/\/agora.xtec.cat\/cfgselgalliner\/wp-json\/wp\/v2\/users\/1"}],"replies":[{"embeddable":true,"href":"https:\/\/agora.xtec.cat\/cfgselgalliner\/wp-json\/wp\/v2\/comments?post=626"}],"version-history":[{"count":1,"href":"https:\/\/agora.xtec.cat\/cfgselgalliner\/wp-json\/wp\/v2\/pages\/626\/revisions"}],"predecessor-version":[{"id":627,"href":"https:\/\/agora.xtec.cat\/cfgselgalliner\/wp-json\/wp\/v2\/pages\/626\/revisions\/627"}],"up":[{"embeddable":true,"href":"https:\/\/agora.xtec.cat\/cfgselgalliner\/wp-json\/wp\/v2\/pages\/63"}],"wp:attachment":[{"href":"https:\/\/agora.xtec.cat\/cfgselgalliner\/wp-json\/wp\/v2\/media?parent=626"}],"curies":[{"name":"wp","href":"https:\/\/api.w.org\/{rel}","templated":true}]}}