{"id":496,"date":"2022-02-04T18:01:02","date_gmt":"2022-02-04T17:01:02","guid":{"rendered":"https:\/\/agora.xtec.cat\/cfgselgalliner\/?page_id=496"},"modified":"2022-02-04T18:01:02","modified_gmt":"2022-02-04T17:01:02","slug":"produccio-teatral","status":"publish","type":"page","link":"https:\/\/agora.xtec.cat\/cfgselgalliner\/ensenyaments\/ensenyaments-transprofessionals\/produccio-teatral\/","title":{"rendered":"Producci\u00f3 teatral"},"content":{"rendered":"<p>Passar de tenir una idea a realitzar un projecte requereix un proc\u00e9s i un m\u00e8tode d\u2019an\u00e0lisi, organitzaci\u00f3 i desenvolupament de cada apartat per, finalment, materialitzar-lo en el document apropiat per a la seva presentaci\u00f3 i defensa a les entitats, institucions i gestors culturals que correspongui segons la naturalesa i objectius del projecte. Assignatura te\u00f2rico-pr\u00e0ctica per aprendre com elaborar un projecte, com fer un pressupost, com demanar una subvenci\u00f3 i com confeccionar un protocol d\u2019actuaci\u00f3 i un calendari per a les produccions executives.<\/p>\n<p>Professora: Laura Pujol<\/p>\n","protected":false},"excerpt":{"rendered":"<p>Passar de tenir una idea a realitzar un projecte requereix un proc\u00e9s i un m\u00e8tode d\u2019an\u00e0lisi, organitzaci\u00f3 i desenvolupament de cada apartat per, finalment, materialitzar-lo en el document apropiat per a la seva presentaci\u00f3 i defensa a les entitats, institucions i gestors culturals que correspongui&hellip;  <a href=\"https:\/\/agora.xtec.cat\/cfgselgalliner\/ensenyaments\/ensenyaments-transprofessionals\/produccio-teatral\/\" title=\"Read Producci\u00f3 teatral\">Llegeix m\u00e9s\u00bb<\/a><\/p>\n","protected":false},"author":1,"featured_media":0,"parent":286,"menu_order":0,"comment_status":"closed","ping_status":"closed","template":"page-templates\/side-menu.php","meta":{"_bbp_topic_count":0,"_bbp_reply_count":0,"_bbp_total_topic_count":0,"_bbp_total_reply_count":0,"_bbp_voice_count":0,"_bbp_anonymous_reply_count":0,"_bbp_topic_count_hidden":0,"_bbp_reply_count_hidden":0,"_bbp_forum_subforum_count":0,"footnotes":""},"class_list":["post-496","page","type-page","status-publish","hentry"],"post_mailing_queue_ids":[],"_links":{"self":[{"href":"https:\/\/agora.xtec.cat\/cfgselgalliner\/wp-json\/wp\/v2\/pages\/496","targetHints":{"allow":["GET"]}}],"collection":[{"href":"https:\/\/agora.xtec.cat\/cfgselgalliner\/wp-json\/wp\/v2\/pages"}],"about":[{"href":"https:\/\/agora.xtec.cat\/cfgselgalliner\/wp-json\/wp\/v2\/types\/page"}],"author":[{"embeddable":true,"href":"https:\/\/agora.xtec.cat\/cfgselgalliner\/wp-json\/wp\/v2\/users\/1"}],"replies":[{"embeddable":true,"href":"https:\/\/agora.xtec.cat\/cfgselgalliner\/wp-json\/wp\/v2\/comments?post=496"}],"version-history":[{"count":1,"href":"https:\/\/agora.xtec.cat\/cfgselgalliner\/wp-json\/wp\/v2\/pages\/496\/revisions"}],"predecessor-version":[{"id":497,"href":"https:\/\/agora.xtec.cat\/cfgselgalliner\/wp-json\/wp\/v2\/pages\/496\/revisions\/497"}],"up":[{"embeddable":true,"href":"https:\/\/agora.xtec.cat\/cfgselgalliner\/wp-json\/wp\/v2\/pages\/286"}],"wp:attachment":[{"href":"https:\/\/agora.xtec.cat\/cfgselgalliner\/wp-json\/wp\/v2\/media?parent=496"}],"curies":[{"name":"wp","href":"https:\/\/api.w.org\/{rel}","templated":true}]}}