{"id":492,"date":"2022-02-04T17:53:26","date_gmt":"2022-02-04T16:53:26","guid":{"rendered":"https:\/\/agora.xtec.cat\/cfgselgalliner\/?page_id=492"},"modified":"2022-02-04T17:53:26","modified_gmt":"2022-02-04T16:53:26","slug":"illuminacio","status":"publish","type":"page","link":"https:\/\/agora.xtec.cat\/cfgselgalliner\/ensenyaments\/ensenyaments-transprofessionals\/illuminacio\/","title":{"rendered":"Il\u00b7luminaci\u00f3"},"content":{"rendered":"<p>Curs eminentment pr\u00e0ctic. Farem un reconeixement b\u00e0sic de les eines de treball (focus, dimmers, filtres, etc.) per entendre\u2019n el funcionament i les seves possibilitats i ens familiaritzarem amb l\u2019argot utilitzat per t\u00e8cnics i il\u00b7luminadors.<\/p>\n<p>Crearem un petit disseny de llums (a partir d\u2019un text, una pe\u00e7a musical, etc.) i realitzarem tot el proc\u00e9s, des de la idea al muntatge: el pl\u00e0nol de llums, la tria de filtres, penjar focus, fer el patch, enfocar, programar la taula de llums i tirar la funci\u00f3.<\/p>\n<p>Professor: Toni Pujol<\/p>\n","protected":false},"excerpt":{"rendered":"<p>Curs eminentment pr\u00e0ctic. Farem un reconeixement b\u00e0sic de les eines de treball (focus, dimmers, filtres, etc.) per entendre\u2019n el funcionament i les seves possibilitats i ens familiaritzarem amb l\u2019argot utilitzat per t\u00e8cnics i il\u00b7luminadors.<br \/>\nCrearem un petit disseny de llums (a partir d\u2019un text, una pe\u00e7a&hellip;  <a href=\"https:\/\/agora.xtec.cat\/cfgselgalliner\/ensenyaments\/ensenyaments-transprofessionals\/illuminacio\/\" title=\"Read Il\u00b7luminaci\u00f3\">Llegeix m\u00e9s\u00bb<\/a><\/p>\n","protected":false},"author":1,"featured_media":0,"parent":286,"menu_order":0,"comment_status":"closed","ping_status":"closed","template":"page-templates\/side-menu.php","meta":{"_bbp_topic_count":0,"_bbp_reply_count":0,"_bbp_total_topic_count":0,"_bbp_total_reply_count":0,"_bbp_voice_count":0,"_bbp_anonymous_reply_count":0,"_bbp_topic_count_hidden":0,"_bbp_reply_count_hidden":0,"_bbp_forum_subforum_count":0,"footnotes":""},"class_list":["post-492","page","type-page","status-publish","hentry"],"post_mailing_queue_ids":[],"_links":{"self":[{"href":"https:\/\/agora.xtec.cat\/cfgselgalliner\/wp-json\/wp\/v2\/pages\/492","targetHints":{"allow":["GET"]}}],"collection":[{"href":"https:\/\/agora.xtec.cat\/cfgselgalliner\/wp-json\/wp\/v2\/pages"}],"about":[{"href":"https:\/\/agora.xtec.cat\/cfgselgalliner\/wp-json\/wp\/v2\/types\/page"}],"author":[{"embeddable":true,"href":"https:\/\/agora.xtec.cat\/cfgselgalliner\/wp-json\/wp\/v2\/users\/1"}],"replies":[{"embeddable":true,"href":"https:\/\/agora.xtec.cat\/cfgselgalliner\/wp-json\/wp\/v2\/comments?post=492"}],"version-history":[{"count":1,"href":"https:\/\/agora.xtec.cat\/cfgselgalliner\/wp-json\/wp\/v2\/pages\/492\/revisions"}],"predecessor-version":[{"id":493,"href":"https:\/\/agora.xtec.cat\/cfgselgalliner\/wp-json\/wp\/v2\/pages\/492\/revisions\/493"}],"up":[{"embeddable":true,"href":"https:\/\/agora.xtec.cat\/cfgselgalliner\/wp-json\/wp\/v2\/pages\/286"}],"wp:attachment":[{"href":"https:\/\/agora.xtec.cat\/cfgselgalliner\/wp-json\/wp\/v2\/media?parent=492"}],"curies":[{"name":"wp","href":"https:\/\/api.w.org\/{rel}","templated":true}]}}