{"id":488,"date":"2022-02-04T17:42:25","date_gmt":"2022-02-04T16:42:25","guid":{"rendered":"https:\/\/agora.xtec.cat\/cfgselgalliner\/?page_id=488"},"modified":"2022-02-04T17:42:25","modified_gmt":"2022-02-04T16:42:25","slug":"interpretacio-ii","status":"publish","type":"page","link":"https:\/\/agora.xtec.cat\/cfgselgalliner\/ensenyaments\/ensenyaments-transprofessionals\/interpretacio-ii\/","title":{"rendered":"Interpretaci\u00f3 II"},"content":{"rendered":"<p>Tot continuant el coneixement i pr\u00e0ctica dels principis del fet actoral a partir de la t\u00e8cnica de la improvisaci\u00f3, s\u2019introdueix el treball de text, la comprensi\u00f3 dels elements b\u00e0sics d\u2019una escena teatral i la seva posada en pr\u00e0ctica.<\/p>\n<p>Professora: Mireia Vall\u00e8s<\/p>\n","protected":false},"excerpt":{"rendered":"<p>Tot continuant el coneixement i pr\u00e0ctica dels principis del fet actoral a partir de la t\u00e8cnica de la improvisaci\u00f3, s\u2019introdueix el treball de text, la comprensi\u00f3 dels elements b\u00e0sics d\u2019una escena teatral i la seva posada en pr\u00e0ctica.<br \/>\nProfessora: Mireia Vall\u00e8s<\/p>\n","protected":false},"author":1,"featured_media":0,"parent":286,"menu_order":0,"comment_status":"closed","ping_status":"closed","template":"page-templates\/side-menu.php","meta":{"_bbp_topic_count":0,"_bbp_reply_count":0,"_bbp_total_topic_count":0,"_bbp_total_reply_count":0,"_bbp_voice_count":0,"_bbp_anonymous_reply_count":0,"_bbp_topic_count_hidden":0,"_bbp_reply_count_hidden":0,"_bbp_forum_subforum_count":0,"footnotes":""},"class_list":["post-488","page","type-page","status-publish","hentry"],"post_mailing_queue_ids":[],"_links":{"self":[{"href":"https:\/\/agora.xtec.cat\/cfgselgalliner\/wp-json\/wp\/v2\/pages\/488","targetHints":{"allow":["GET"]}}],"collection":[{"href":"https:\/\/agora.xtec.cat\/cfgselgalliner\/wp-json\/wp\/v2\/pages"}],"about":[{"href":"https:\/\/agora.xtec.cat\/cfgselgalliner\/wp-json\/wp\/v2\/types\/page"}],"author":[{"embeddable":true,"href":"https:\/\/agora.xtec.cat\/cfgselgalliner\/wp-json\/wp\/v2\/users\/1"}],"replies":[{"embeddable":true,"href":"https:\/\/agora.xtec.cat\/cfgselgalliner\/wp-json\/wp\/v2\/comments?post=488"}],"version-history":[{"count":1,"href":"https:\/\/agora.xtec.cat\/cfgselgalliner\/wp-json\/wp\/v2\/pages\/488\/revisions"}],"predecessor-version":[{"id":489,"href":"https:\/\/agora.xtec.cat\/cfgselgalliner\/wp-json\/wp\/v2\/pages\/488\/revisions\/489"}],"up":[{"embeddable":true,"href":"https:\/\/agora.xtec.cat\/cfgselgalliner\/wp-json\/wp\/v2\/pages\/286"}],"wp:attachment":[{"href":"https:\/\/agora.xtec.cat\/cfgselgalliner\/wp-json\/wp\/v2\/media?parent=488"}],"curies":[{"name":"wp","href":"https:\/\/api.w.org\/{rel}","templated":true}]}}