{"id":466,"date":"2022-02-04T17:03:39","date_gmt":"2022-02-04T16:03:39","guid":{"rendered":"https:\/\/agora.xtec.cat\/cfgselgalliner\/?page_id=466"},"modified":"2022-02-04T17:03:39","modified_gmt":"2022-02-04T16:03:39","slug":"interpretacio-i","status":"publish","type":"page","link":"https:\/\/agora.xtec.cat\/cfgselgalliner\/ensenyaments\/ensenyaments-inicials-i-formacio-basica\/interpretacio-i\/","title":{"rendered":"Interpretaci\u00f3 I"},"content":{"rendered":"<p>Introducci\u00f3 als principis fonamentals del fet actoral: la desinhibici\u00f3, l\u2019observaci\u00f3, l\u2019escolta, la disciplina i els h\u00e0bits de treball i la capacitat d\u2019improvisaci\u00f3.<\/p>\n<p>Professora: Clara Garc\u00e9s<\/p>\n","protected":false},"excerpt":{"rendered":"<p>Introducci\u00f3 als principis fonamentals del fet actoral: la desinhibici\u00f3, l\u2019observaci\u00f3, l\u2019escolta, la disciplina i els h\u00e0bits de treball i la capacitat d\u2019improvisaci\u00f3.<br \/>\nProfessora: Clara Garc\u00e9s<\/p>\n","protected":false},"author":1,"featured_media":0,"parent":283,"menu_order":0,"comment_status":"closed","ping_status":"closed","template":"page-templates\/side-menu.php","meta":{"_bbp_topic_count":0,"_bbp_reply_count":0,"_bbp_total_topic_count":0,"_bbp_total_reply_count":0,"_bbp_voice_count":0,"_bbp_anonymous_reply_count":0,"_bbp_topic_count_hidden":0,"_bbp_reply_count_hidden":0,"_bbp_forum_subforum_count":0,"footnotes":""},"class_list":["post-466","page","type-page","status-publish","hentry"],"post_mailing_queue_ids":[],"_links":{"self":[{"href":"https:\/\/agora.xtec.cat\/cfgselgalliner\/wp-json\/wp\/v2\/pages\/466","targetHints":{"allow":["GET"]}}],"collection":[{"href":"https:\/\/agora.xtec.cat\/cfgselgalliner\/wp-json\/wp\/v2\/pages"}],"about":[{"href":"https:\/\/agora.xtec.cat\/cfgselgalliner\/wp-json\/wp\/v2\/types\/page"}],"author":[{"embeddable":true,"href":"https:\/\/agora.xtec.cat\/cfgselgalliner\/wp-json\/wp\/v2\/users\/1"}],"replies":[{"embeddable":true,"href":"https:\/\/agora.xtec.cat\/cfgselgalliner\/wp-json\/wp\/v2\/comments?post=466"}],"version-history":[{"count":1,"href":"https:\/\/agora.xtec.cat\/cfgselgalliner\/wp-json\/wp\/v2\/pages\/466\/revisions"}],"predecessor-version":[{"id":467,"href":"https:\/\/agora.xtec.cat\/cfgselgalliner\/wp-json\/wp\/v2\/pages\/466\/revisions\/467"}],"up":[{"embeddable":true,"href":"https:\/\/agora.xtec.cat\/cfgselgalliner\/wp-json\/wp\/v2\/pages\/283"}],"wp:attachment":[{"href":"https:\/\/agora.xtec.cat\/cfgselgalliner\/wp-json\/wp\/v2\/media?parent=466"}],"curies":[{"name":"wp","href":"https:\/\/api.w.org\/{rel}","templated":true}]}}