{"id":463,"date":"2022-02-04T17:01:30","date_gmt":"2022-02-04T16:01:30","guid":{"rendered":"https:\/\/agora.xtec.cat\/cfgselgalliner\/?page_id=463"},"modified":"2022-02-04T17:01:48","modified_gmt":"2022-02-04T16:01:48","slug":"historia-del-teatre","status":"publish","type":"page","link":"https:\/\/agora.xtec.cat\/cfgselgalliner\/ensenyaments\/ensenyaments-inicials-i-formacio-basica\/historia-del-teatre\/","title":{"rendered":"Hist\u00f2ria del teatre"},"content":{"rendered":"<p>Aquesta assignatura t\u00e9 com a finalitat oferir a l\u2019alumnat un recorregut per la hist\u00f2ria b\u00e0sica de l\u2019art esc\u00e8nic, des dels grecs fins als nostres dies. Amb l\u2019\u00fas de diverses eines l\u2019alumne\/a podr\u00e0 fer una aproximaci\u00f3 hist\u00f2rica de l\u2019evoluci\u00f3 del teatre, les caracter\u00edstiques del text, t\u00e8cniques i espais de representaci\u00f3\u00a0 i context hist\u00f2ric de cada \u00e8poca.<\/p>\n<p>Professor: Elies Barber\u00e0<\/p>\n","protected":false},"excerpt":{"rendered":"<p>Aquesta assignatura t\u00e9 com a finalitat oferir a l\u2019alumnat un recorregut per la hist\u00f2ria b\u00e0sica de l\u2019art esc\u00e8nic, des dels grecs fins als nostres dies. Amb l\u2019\u00fas de diverses eines l\u2019alumne\/a podr\u00e0 fer una aproximaci\u00f3 hist\u00f2rica de l\u2019evoluci\u00f3 del teatre, les caracter\u00edstiques del text, t\u00e8cniques&hellip;  <a href=\"https:\/\/agora.xtec.cat\/cfgselgalliner\/ensenyaments\/ensenyaments-inicials-i-formacio-basica\/historia-del-teatre\/\" title=\"Read Hist\u00f2ria del teatre\">Llegeix m\u00e9s\u00bb<\/a><\/p>\n","protected":false},"author":1,"featured_media":0,"parent":283,"menu_order":0,"comment_status":"closed","ping_status":"closed","template":"page-templates\/side-menu.php","meta":{"_bbp_topic_count":0,"_bbp_reply_count":0,"_bbp_total_topic_count":0,"_bbp_total_reply_count":0,"_bbp_voice_count":0,"_bbp_anonymous_reply_count":0,"_bbp_topic_count_hidden":0,"_bbp_reply_count_hidden":0,"_bbp_forum_subforum_count":0,"footnotes":""},"class_list":["post-463","page","type-page","status-publish","hentry"],"post_mailing_queue_ids":[],"_links":{"self":[{"href":"https:\/\/agora.xtec.cat\/cfgselgalliner\/wp-json\/wp\/v2\/pages\/463","targetHints":{"allow":["GET"]}}],"collection":[{"href":"https:\/\/agora.xtec.cat\/cfgselgalliner\/wp-json\/wp\/v2\/pages"}],"about":[{"href":"https:\/\/agora.xtec.cat\/cfgselgalliner\/wp-json\/wp\/v2\/types\/page"}],"author":[{"embeddable":true,"href":"https:\/\/agora.xtec.cat\/cfgselgalliner\/wp-json\/wp\/v2\/users\/1"}],"replies":[{"embeddable":true,"href":"https:\/\/agora.xtec.cat\/cfgselgalliner\/wp-json\/wp\/v2\/comments?post=463"}],"version-history":[{"count":2,"href":"https:\/\/agora.xtec.cat\/cfgselgalliner\/wp-json\/wp\/v2\/pages\/463\/revisions"}],"predecessor-version":[{"id":465,"href":"https:\/\/agora.xtec.cat\/cfgselgalliner\/wp-json\/wp\/v2\/pages\/463\/revisions\/465"}],"up":[{"embeddable":true,"href":"https:\/\/agora.xtec.cat\/cfgselgalliner\/wp-json\/wp\/v2\/pages\/283"}],"wp:attachment":[{"href":"https:\/\/agora.xtec.cat\/cfgselgalliner\/wp-json\/wp\/v2\/media?parent=463"}],"curies":[{"name":"wp","href":"https:\/\/api.w.org\/{rel}","templated":true}]}}