{"id":456,"date":"2022-02-04T16:35:24","date_gmt":"2022-02-04T15:35:24","guid":{"rendered":"https:\/\/agora.xtec.cat\/cfgselgalliner\/?page_id=456"},"modified":"2022-02-04T16:44:50","modified_gmt":"2022-02-04T15:44:50","slug":"clown","status":"publish","type":"page","link":"https:\/\/agora.xtec.cat\/cfgselgalliner\/ensenyaments\/ensenyaments-inicials-i-formacio-basica\/clown\/","title":{"rendered":"Clown"},"content":{"rendered":"<p>Viatge a l\u2019interior de cadasc\u00fa, per trobar el plaer de fer riure, jugant, parodiant i fent dels problemes el m\u00e9s gran dels nostres \u00e8xits. Desenvolupar el propi humor\u00a0 i prendre consci\u00e8ncia del pallasso propi i aprendre a utilitzar-lo per expressar emocions i sensacions d\u2019una manera espont\u00e0nia, creativa i divertida.<\/p>\n<p>Professor: Claret Papiol<\/p>\n","protected":false},"excerpt":{"rendered":"<p>Viatge a l\u2019interior de cadasc\u00fa, per trobar el plaer de fer riure, jugant, parodiant i fent dels problemes el m\u00e9s gran dels nostres \u00e8xits. Desenvolupar el propi humor\u00a0 i prendre consci\u00e8ncia del pallasso propi i aprendre a utilitzar-lo per expressar emocions i sensacions d\u2019una manera&hellip;  <a href=\"https:\/\/agora.xtec.cat\/cfgselgalliner\/ensenyaments\/ensenyaments-inicials-i-formacio-basica\/clown\/\" title=\"Read Clown\">Llegeix m\u00e9s\u00bb<\/a><\/p>\n","protected":false},"author":1,"featured_media":0,"parent":283,"menu_order":0,"comment_status":"closed","ping_status":"closed","template":"page-templates\/side-menu.php","meta":{"_bbp_topic_count":0,"_bbp_reply_count":0,"_bbp_total_topic_count":0,"_bbp_total_reply_count":0,"_bbp_voice_count":0,"_bbp_anonymous_reply_count":0,"_bbp_topic_count_hidden":0,"_bbp_reply_count_hidden":0,"_bbp_forum_subforum_count":0,"footnotes":""},"class_list":["post-456","page","type-page","status-publish","hentry"],"post_mailing_queue_ids":[],"_links":{"self":[{"href":"https:\/\/agora.xtec.cat\/cfgselgalliner\/wp-json\/wp\/v2\/pages\/456","targetHints":{"allow":["GET"]}}],"collection":[{"href":"https:\/\/agora.xtec.cat\/cfgselgalliner\/wp-json\/wp\/v2\/pages"}],"about":[{"href":"https:\/\/agora.xtec.cat\/cfgselgalliner\/wp-json\/wp\/v2\/types\/page"}],"author":[{"embeddable":true,"href":"https:\/\/agora.xtec.cat\/cfgselgalliner\/wp-json\/wp\/v2\/users\/1"}],"replies":[{"embeddable":true,"href":"https:\/\/agora.xtec.cat\/cfgselgalliner\/wp-json\/wp\/v2\/comments?post=456"}],"version-history":[{"count":1,"href":"https:\/\/agora.xtec.cat\/cfgselgalliner\/wp-json\/wp\/v2\/pages\/456\/revisions"}],"predecessor-version":[{"id":457,"href":"https:\/\/agora.xtec.cat\/cfgselgalliner\/wp-json\/wp\/v2\/pages\/456\/revisions\/457"}],"up":[{"embeddable":true,"href":"https:\/\/agora.xtec.cat\/cfgselgalliner\/wp-json\/wp\/v2\/pages\/283"}],"wp:attachment":[{"href":"https:\/\/agora.xtec.cat\/cfgselgalliner\/wp-json\/wp\/v2\/media?parent=456"}],"curies":[{"name":"wp","href":"https:\/\/api.w.org\/{rel}","templated":true}]}}