{"id":316,"date":"2015-01-28T11:33:51","date_gmt":"2015-01-28T10:33:51","guid":{"rendered":"http:\/\/agora.xtec.cat\/cfgselgalliner\/?page_id=316"},"modified":"2022-02-04T17:24:03","modified_gmt":"2022-02-04T16:24:03","slug":"competencia-digital-competic","status":"publish","type":"page","link":"https:\/\/agora.xtec.cat\/cfgselgalliner\/ensenyaments\/ensenyaments-transprofessionals\/competencia-digital-competic\/","title":{"rendered":"C\u00e0mera en angl\u00e8s"},"content":{"rendered":"<p>Treball d\u2019interpretaci\u00f3 davant la c\u00e0mera, amb\u00a0 textos en llengua anglesa.\u00a0 D\u2019una banda es treballar\u00e0 la dicci\u00f3 en angl\u00e8s i de l\u2019altra les diferents t\u00e8cniques interpretatives davant la c\u00e0mera: con\u00e8ixer els diferents registres (com\u00e8dia i drama) i aprendre a ajustar la seva interpretaci\u00f3 en funci\u00f3 de si \u00e9s cinema, seatcome, culebrot&#8230; Tamb\u00e9 es treballaran les eines t\u00e8cniques que s&#8217;utilitzen en un rodatge com ara les marques, els diferents pl\u00e0nols, posicions, enfoc, muntatge.<\/p>\n<p>Professor: Simon Edwards<\/p>\n","protected":false},"excerpt":{"rendered":"<p>Treball d\u2019interpretaci\u00f3 davant la c\u00e0mera, amb\u00a0 textos en llengua anglesa.\u00a0 D\u2019una banda es treballar\u00e0 la dicci\u00f3 en angl\u00e8s i de l\u2019altra les diferents t\u00e8cniques interpretatives davant la c\u00e0mera: con\u00e8ixer els diferents registres (com\u00e8dia i drama) i aprendre a ajustar la seva interpretaci\u00f3 en funci\u00f3 de&hellip;  <a href=\"https:\/\/agora.xtec.cat\/cfgselgalliner\/ensenyaments\/ensenyaments-transprofessionals\/competencia-digital-competic\/\" title=\"Read C\u00e0mera en angl\u00e8s\">Llegeix m\u00e9s\u00bb<\/a><\/p>\n","protected":false},"author":1,"featured_media":0,"parent":286,"menu_order":0,"comment_status":"closed","ping_status":"closed","template":"page-templates\/side-menu.php","meta":{"_bbp_topic_count":0,"_bbp_reply_count":0,"_bbp_total_topic_count":0,"_bbp_total_reply_count":0,"_bbp_voice_count":0,"_bbp_anonymous_reply_count":0,"_bbp_topic_count_hidden":0,"_bbp_reply_count_hidden":0,"_bbp_forum_subforum_count":0,"footnotes":""},"class_list":["post-316","page","type-page","status-publish","hentry"],"post_mailing_queue_ids":[],"_links":{"self":[{"href":"https:\/\/agora.xtec.cat\/cfgselgalliner\/wp-json\/wp\/v2\/pages\/316","targetHints":{"allow":["GET"]}}],"collection":[{"href":"https:\/\/agora.xtec.cat\/cfgselgalliner\/wp-json\/wp\/v2\/pages"}],"about":[{"href":"https:\/\/agora.xtec.cat\/cfgselgalliner\/wp-json\/wp\/v2\/types\/page"}],"author":[{"embeddable":true,"href":"https:\/\/agora.xtec.cat\/cfgselgalliner\/wp-json\/wp\/v2\/users\/1"}],"replies":[{"embeddable":true,"href":"https:\/\/agora.xtec.cat\/cfgselgalliner\/wp-json\/wp\/v2\/comments?post=316"}],"version-history":[{"count":1,"href":"https:\/\/agora.xtec.cat\/cfgselgalliner\/wp-json\/wp\/v2\/pages\/316\/revisions"}],"predecessor-version":[{"id":478,"href":"https:\/\/agora.xtec.cat\/cfgselgalliner\/wp-json\/wp\/v2\/pages\/316\/revisions\/478"}],"up":[{"embeddable":true,"href":"https:\/\/agora.xtec.cat\/cfgselgalliner\/wp-json\/wp\/v2\/pages\/286"}],"wp:attachment":[{"href":"https:\/\/agora.xtec.cat\/cfgselgalliner\/wp-json\/wp\/v2\/media?parent=316"}],"curies":[{"name":"wp","href":"https:\/\/api.w.org\/{rel}","templated":true}]}}