{"id":303,"date":"2015-01-28T11:23:05","date_gmt":"2015-01-28T10:23:05","guid":{"rendered":"http:\/\/agora.xtec.cat\/cfgselgalliner\/?page_id=303"},"modified":"2022-02-04T16:53:32","modified_gmt":"2022-02-04T15:53:32","slug":"graduat-en-educacio-secundaria-per-adults","status":"publish","type":"page","link":"https:\/\/agora.xtec.cat\/cfgselgalliner\/ensenyaments\/ensenyaments-inicials-i-formacio-basica\/graduat-en-educacio-secundaria-per-adults\/","title":{"rendered":"Commedia dell&#8217;arte"},"content":{"rendered":"<p>Pret\u00e9n convertir-se en la continuaci\u00f3 l\u00f2gica i org\u00e0nica del treball realitzat durant el curs de M\u00e0scara. \u00c9s la forma de teatre total: gest, cos, veu, personatge, ritme, ess\u00e8ncia, joc, espectacularitat&#8230;, que ens permet arribar al final de tot un proc\u00e9s de forma festiva i, alhora, molt pedag\u00f2gica.<\/p>\n<p>Professora: Marian Masoliver<\/p>\n","protected":false},"excerpt":{"rendered":"<p>Pret\u00e9n convertir-se en la continuaci\u00f3 l\u00f2gica i org\u00e0nica del treball realitzat durant el curs de M\u00e0scara. \u00c9s la forma de teatre total: gest, cos, veu, personatge, ritme, ess\u00e8ncia, joc, espectacularitat&#8230;, que ens permet arribar al final de tot un proc\u00e9s de forma festiva i, alhora,&hellip;  <a href=\"https:\/\/agora.xtec.cat\/cfgselgalliner\/ensenyaments\/ensenyaments-inicials-i-formacio-basica\/graduat-en-educacio-secundaria-per-adults\/\" title=\"Read Commedia dell&#8217;arte\">Llegeix m\u00e9s\u00bb<\/a><\/p>\n","protected":false},"author":1,"featured_media":0,"parent":283,"menu_order":0,"comment_status":"closed","ping_status":"closed","template":"page-templates\/side-menu.php","meta":{"_bbp_topic_count":0,"_bbp_reply_count":0,"_bbp_total_topic_count":0,"_bbp_total_reply_count":0,"_bbp_voice_count":0,"_bbp_anonymous_reply_count":0,"_bbp_topic_count_hidden":0,"_bbp_reply_count_hidden":0,"_bbp_forum_subforum_count":0,"footnotes":""},"class_list":["post-303","page","type-page","status-publish","hentry"],"post_mailing_queue_ids":[],"_links":{"self":[{"href":"https:\/\/agora.xtec.cat\/cfgselgalliner\/wp-json\/wp\/v2\/pages\/303","targetHints":{"allow":["GET"]}}],"collection":[{"href":"https:\/\/agora.xtec.cat\/cfgselgalliner\/wp-json\/wp\/v2\/pages"}],"about":[{"href":"https:\/\/agora.xtec.cat\/cfgselgalliner\/wp-json\/wp\/v2\/types\/page"}],"author":[{"embeddable":true,"href":"https:\/\/agora.xtec.cat\/cfgselgalliner\/wp-json\/wp\/v2\/users\/1"}],"replies":[{"embeddable":true,"href":"https:\/\/agora.xtec.cat\/cfgselgalliner\/wp-json\/wp\/v2\/comments?post=303"}],"version-history":[{"count":1,"href":"https:\/\/agora.xtec.cat\/cfgselgalliner\/wp-json\/wp\/v2\/pages\/303\/revisions"}],"predecessor-version":[{"id":458,"href":"https:\/\/agora.xtec.cat\/cfgselgalliner\/wp-json\/wp\/v2\/pages\/303\/revisions\/458"}],"up":[{"embeddable":true,"href":"https:\/\/agora.xtec.cat\/cfgselgalliner\/wp-json\/wp\/v2\/pages\/283"}],"wp:attachment":[{"href":"https:\/\/agora.xtec.cat\/cfgselgalliner\/wp-json\/wp\/v2\/media?parent=303"}],"curies":[{"name":"wp","href":"https:\/\/api.w.org\/{rel}","templated":true}]}}