{"id":288,"date":"2015-01-28T11:08:02","date_gmt":"2015-01-28T10:08:02","guid":{"rendered":"http:\/\/agora.xtec.cat\/cfgselgalliner\/?page_id=288"},"modified":"2022-02-09T17:06:58","modified_gmt":"2022-02-09T16:06:58","slug":"requisitsdacces","status":"publish","type":"page","link":"https:\/\/agora.xtec.cat\/cfgselgalliner\/ensenyaments\/requisitsdacces\/","title":{"rendered":"Requisits d&#8217;acc\u00e9s"},"content":{"rendered":"<p>Per poder cursar el CFGS en T\u00e8cniques d\u2019Actuaci\u00f3 Teatral cal superar la prova d\u2019acc\u00e9s pr\u00f2pia d\u2019aquest CFGS i acreditar:<\/p>\n<ol>\n<li>Tenir 18 anys (o complir-los durant aquest any)<\/li>\n<li>Tenir el t\u00edtol de Batxillerat (independentment de la modalitat cursada) o equivalent, o b\u00e9 complir un d\u2019aquests requisits:\n<ul>\n<li>Tenir el t\u00edtol d\u2019un altre CFGS.<\/li>\n<li>Haver superat la prova d\u2019acc\u00e9s a cicles formatius de grau superior (CAS) fent les \u00e0rees de catal\u00e0, castell\u00e0, angl\u00e8s i comentari de text (Hist\u00f2ria).<\/li>\n<li>Haver superat la prova d\u2019acc\u00e9s a la universitat per a majors de 25 anys.<\/li>\n<li>Alumnat estranger: tenir el t\u00edtol de Batxillerat\u00a0<a href=\"http:\/\/ensenyament.gencat.cat\/ca\/tramits\/tramits-temes\/20264_homologacio_titols?category=254c193b-ca70-11e5-8c48-005056924a59&amp;temesNom=Educaci%C3%B3+i+formaci%C3%B3\" target=\"_blank\" rel=\"noopener noreferrer\">homologat<\/a>.<\/li>\n<\/ul>\n<\/li>\n<\/ol>\n<p>Si teniu dubtes de\u00a0<strong>com accedir sense tenir el batxillerat,\u00a0<\/strong>podeu descarregar-vos el ppt, facilitat pel Departament d\u2019Educaci\u00f3 de la Generalitat de Catalunya, <strong>a peu de p\u00e0gina<\/strong>\u00a0(Requisits per accedir sense titulaci\u00f3 homologada).<\/p>\n<p>Tamb\u00e9 podeu consultar tota la informaci\u00f3 (terminis, documentaci\u00f3, requisits i taxes) en el seg\u00fcent\u00a0<a href=\"http:\/\/ensenyament.gencat.cat\/ca\/tramits\/tramits-temes\/prova-APD-GS-719?category=7445de6a-a82c-11e3-a972-000c29052e2c&amp;temesNom=Educaci%C3%B3+i+formaci%C3%B3&amp;moda=1\" target=\"_blank\" rel=\"noopener noreferrer\">ENLLA\u00c7\u00a0<\/a>de la p\u00e0gina de la Generalitat de Catalunya.<\/p>\n","protected":false},"excerpt":{"rendered":"<p>Per poder cursar el CFGS en T\u00e8cniques d\u2019Actuaci\u00f3 Teatral cal superar la prova d\u2019acc\u00e9s pr\u00f2pia d\u2019aquest CFGS i acreditar:<\/p>\n<ol>\n<li>Tenir 18 anys (o complir-los durant aquest any)<\/li>\n<li>Tenir el t\u00edtol de Batxillerat (independentment de la modalitat cursada) o equivalent, o b\u00e9 complir un d\u2019aquests requisits:\n<ul>\n<li>Tenir el t\u00edtol&hellip;  <a href=\"https:\/\/agora.xtec.cat\/cfgselgalliner\/ensenyaments\/requisitsdacces\/\" title=\"Read Requisits d&#8217;acc\u00e9s\">Llegeix m\u00e9s\u00bb<\/a><br \/>\n","protected":false},"author":1,"featured_media":0,"parent":274,"menu_order":0,"comment_status":"closed","ping_status":"closed","template":"page-templates\/side-menu.php","meta":{"_bbp_topic_count":0,"_bbp_reply_count":0,"_bbp_total_topic_count":0,"_bbp_total_reply_count":0,"_bbp_voice_count":0,"_bbp_anonymous_reply_count":0,"_bbp_topic_count_hidden":0,"_bbp_reply_count_hidden":0,"_bbp_forum_subforum_count":0,"footnotes":""},"class_list":["post-288","page","type-page","status-publish","hentry"],"post_mailing_queue_ids":[],"_links":{"self":[{"href":"https:\/\/agora.xtec.cat\/cfgselgalliner\/wp-json\/wp\/v2\/pages\/288","targetHints":{"allow":["GET"]}}],"collection":[{"href":"https:\/\/agora.xtec.cat\/cfgselgalliner\/wp-json\/wp\/v2\/pages"}],"about":[{"href":"https:\/\/agora.xtec.cat\/cfgselgalliner\/wp-json\/wp\/v2\/types\/page"}],"author":[{"embeddable":true,"href":"https:\/\/agora.xtec.cat\/cfgselgalliner\/wp-json\/wp\/v2\/users\/1"}],"replies":[{"embeddable":true,"href":"https:\/\/agora.xtec.cat\/cfgselgalliner\/wp-json\/wp\/v2\/comments?post=288"}],"version-history":[{"count":2,"href":"https:\/\/agora.xtec.cat\/cfgselgalliner\/wp-json\/wp\/v2\/pages\/288\/revisions"}],"predecessor-version":[{"id":614,"href":"https:\/\/agora.xtec.cat\/cfgselgalliner\/wp-json\/wp\/v2\/pages\/288\/revisions\/614"}],"up":[{"embeddable":true,"href":"https:\/\/agora.xtec.cat\/cfgselgalliner\/wp-json\/wp\/v2\/pages\/274"}],"wp:attachment":[{"href":"https:\/\/agora.xtec.cat\/cfgselgalliner\/wp-json\/wp\/v2\/media?parent=288"}],"curies":[{"name":"wp","href":"https:\/\/api.w.org\/{rel}","templated":true}]}}