{"id":773,"date":"2018-12-18T10:50:35","date_gmt":"2018-12-18T09:50:35","guid":{"rendered":"http:\/\/agora.xtec.cat\/cfavilaseca\/?page_id=773"},"modified":"2022-05-06T13:41:36","modified_gmt":"2022-05-06T11:41:36","slug":"documents-de-centre","status":"publish","type":"page","link":"https:\/\/agora.xtec.cat\/cfavilaseca\/documents-de-centre\/","title":{"rendered":"Documents de centre"},"content":{"rendered":"<ul>\n<li><a href=\"https:\/\/agora.xtec.cat\/cfavilaseca\/projecte-educatiu-de-centre\/projecte-educatiu\/\">Projecte educatiu de centre<\/a> (PEC)<\/li>\n<li><a href=\"https:\/\/agora.xtec.cat\/cfavilaseca\/projecte-educatiu-de-centre\/projecte-linguistic\/\">Projecte ling\u00fc\u00edstic <\/a>(PL)<\/li>\n<li><a href=\"https:\/\/agora.xtec.cat\/cfavilaseca\/wp-content\/uploads\/usu1340\/2021\/09\/2021-2022_NOFC_V1.pdf\">Normes i funcionament del centre<\/a> (NOFC)<\/li>\n<li><a href=\"https:\/\/agora.xtec.cat\/cfavilaseca\/projecte-educatiu-de-centre\/projecte-de-convivencia\/\" target=\"_blank\" rel=\"noopener noreferrer\">Projecte de conviv\u00e8ncia<\/a><\/li>\n<li><a href=\"https:\/\/agora.xtec.cat\/cfavilaseca\/projecte-educatiu-de-centre\/pla-dorientacio\/\" target=\"_blank\" rel=\"noopener noreferrer\">Pla d&#8217;orientaci\u00f3<\/a><\/li>\n<li><a href=\"https:\/\/agora.xtec.cat\/cfavilaseca\/projecte-educatiu-de-centre\/pla-dacollida\/\" target=\"_blank\" rel=\"noopener noreferrer\">Pla d&#8217;acollida<\/a><\/li>\n<li><a href=\"https:\/\/agora.xtec.cat\/cfavilaseca\/wp-content\/uploads\/usu1340\/2022\/01\/Pla-de-comunicacio_definitiu.pdf\">Pla de comunicaci\u00f3<\/a><\/li>\n<li><a href=\"https:\/\/agora.xtec.cat\/cfavilaseca\/wp-content\/uploads\/usu1340\/2022\/01\/RELACIO-AMB-LES-FAMILIES_CFA-Vila-seca_definitiu-1.pdf\">Relaci\u00f3 amb les fam\u00edlies<\/a><\/li>\n<li><a href=\"https:\/\/agora.xtec.cat\/cfavilaseca\/wp-content\/uploads\/usu1340\/2021\/09\/2021-2022_Pla_dorganitzacio_24092021_CFA_Vila-seca.pdf\">Pla d&#8217;organitzaci\u00f3 2021-2022<\/a><\/li>\n<\/ul>\n","protected":false},"excerpt":{"rendered":"<p>Projecte educatiu de centre (PEC) Projecte ling\u00fc\u00edstic (PL) Normes i funcionament del centre (NOFC) Projecte de conviv\u00e8ncia Pla d&#8217;orientaci\u00f3 Pla d&#8217;acollida Pla de comunicaci\u00f3 Relaci\u00f3 amb les fam\u00edlies Pla d&#8217;organitzaci\u00f3 2021-2022<\/p>\n","protected":false},"author":1,"featured_media":0,"parent":0,"menu_order":0,"comment_status":"closed","ping_status":"closed","template":"page-templates\/side-menu.php","meta":{"_bbp_topic_count":0,"_bbp_reply_count":0,"_bbp_total_topic_count":0,"_bbp_total_reply_count":0,"_bbp_voice_count":0,"_bbp_anonymous_reply_count":0,"_bbp_topic_count_hidden":0,"_bbp_reply_count_hidden":0,"_bbp_forum_subforum_count":0,"site-sidebar-layout":"default","site-content-layout":"","ast-site-content-layout":"","site-content-style":"default","site-sidebar-style":"default","ast-global-header-display":"","ast-banner-title-visibility":"","ast-main-header-display":"","ast-hfb-above-header-display":"","ast-hfb-below-header-display":"","ast-hfb-mobile-header-display":"","site-post-title":"","ast-breadcrumbs-content":"","ast-featured-img":"","footer-sml-layout":"","theme-transparent-header-meta":"","adv-header-id-meta":"","stick-header-meta":"","header-above-stick-meta":"","header-main-stick-meta":"","header-below-stick-meta":"","astra-migrate-meta-layouts":"default","ast-page-background-enabled":"default","ast-page-background-meta":{"desktop":{"background-color":"var(--ast-global-color-4)","background-image":"","background-repeat":"repeat","background-position":"center center","background-size":"auto","background-attachment":"scroll","background-type":"","background-media":"","overlay-type":"","overlay-color":"","overlay-opacity":"","overlay-gradient":""},"tablet":{"background-color":"","background-image":"","background-repeat":"repeat","background-position":"center center","background-size":"auto","background-attachment":"scroll","background-type":"","background-media":"","overlay-type":"","overlay-color":"","overlay-opacity":"","overlay-gradient":""},"mobile":{"background-color":"","background-image":"","background-repeat":"repeat","background-position":"center center","background-size":"auto","background-attachment":"scroll","background-type":"","background-media":"","overlay-type":"","overlay-color":"","overlay-opacity":"","overlay-gradient":""}},"ast-content-background-meta":{"desktop":{"background-color":"var(--ast-global-color-5)","background-image":"","background-repeat":"repeat","background-position":"center center","background-size":"auto","background-attachment":"scroll","background-type":"","background-media":"","overlay-type":"","overlay-color":"","overlay-opacity":"","overlay-gradient":""},"tablet":{"background-color":"var(--ast-global-color-5)","background-image":"","background-repeat":"repeat","background-position":"center center","background-size":"auto","background-attachment":"scroll","background-type":"","background-media":"","overlay-type":"","overlay-color":"","overlay-opacity":"","overlay-gradient":""},"mobile":{"background-color":"var(--ast-global-color-5)","background-image":"","background-repeat":"repeat","background-position":"center center","background-size":"auto","background-attachment":"scroll","background-type":"","background-media":"","overlay-type":"","overlay-color":"","overlay-opacity":"","overlay-gradient":""}},"footnotes":""},"class_list":["post-773","page","type-page","status-publish","hentry"],"post_mailing_queue_ids":[],"_links":{"self":[{"href":"https:\/\/agora.xtec.cat\/cfavilaseca\/wp-json\/wp\/v2\/pages\/773","targetHints":{"allow":["GET"]}}],"collection":[{"href":"https:\/\/agora.xtec.cat\/cfavilaseca\/wp-json\/wp\/v2\/pages"}],"about":[{"href":"https:\/\/agora.xtec.cat\/cfavilaseca\/wp-json\/wp\/v2\/types\/page"}],"author":[{"embeddable":true,"href":"https:\/\/agora.xtec.cat\/cfavilaseca\/wp-json\/wp\/v2\/users\/1"}],"replies":[{"embeddable":true,"href":"https:\/\/agora.xtec.cat\/cfavilaseca\/wp-json\/wp\/v2\/comments?post=773"}],"version-history":[{"count":3,"href":"https:\/\/agora.xtec.cat\/cfavilaseca\/wp-json\/wp\/v2\/pages\/773\/revisions"}],"predecessor-version":[{"id":1673,"href":"https:\/\/agora.xtec.cat\/cfavilaseca\/wp-json\/wp\/v2\/pages\/773\/revisions\/1673"}],"wp:attachment":[{"href":"https:\/\/agora.xtec.cat\/cfavilaseca\/wp-json\/wp\/v2\/media?parent=773"}],"curies":[{"name":"wp","href":"https:\/\/api.w.org\/{rel}","templated":true}]}}