{"id":388,"date":"2016-06-13T10:16:33","date_gmt":"2016-06-13T09:16:33","guid":{"rendered":"http:\/\/agora.xtec.cat\/cfavilaseca\/?page_id=388"},"modified":"2026-03-12T11:05:18","modified_gmt":"2026-03-12T10:05:18","slug":"inici","status":"publish","type":"page","link":"https:\/\/agora.xtec.cat\/cfavilaseca\/","title":{"rendered":"Inici"},"content":{"rendered":"<p style=\"text-align: center;\" data-start=\"1110\" data-end=\"1278\">Al CFA Vila-seca creiem que mai \u00e9s tard per aprendre.<br data-start=\"1163\" data-end=\"1166\" \/>Som un centre p\u00fablic de formaci\u00f3 de persones adultes on cada traject\u00f2ria compta i cada alumne troba el seu cam\u00ed.<\/p>\n<p style=\"text-align: center;\" data-start=\"1110\" data-end=\"1278\">Aqu\u00ed podr\u00e0s millorar la teva formaci\u00f3, obtenir titulacions, aprendre noves compet\u00e8ncies o recuperar el gust per estudiar en un ambient proper i acollidor.<\/p>\n<p style=\"text-align: center;\" data-start=\"1110\" data-end=\"1278\">Perqu\u00e8 aprendre \u00e9s avan\u00e7ar i cada pas obre noves oportunitats.<\/p>\n\n\n<p><\/p>\n","protected":false},"excerpt":{"rendered":"<p>Al CFA Vila-seca creiem que mai \u00e9s tard per aprendre.Som un centre p\u00fablic de formaci\u00f3 de persones adultes on cada traject\u00f2ria compta i cada alumne troba el seu cam\u00ed. Aqu\u00ed podr\u00e0s millorar la teva formaci\u00f3, obtenir titulacions, aprendre noves compet\u00e8ncies o recuperar el gust per estudiar en un ambient proper i acollidor. Perqu\u00e8 aprendre \u00e9s [&hellip;]<\/p>\n","protected":false},"author":1,"featured_media":0,"parent":0,"menu_order":0,"comment_status":"closed","ping_status":"closed","template":"","meta":{"_bbp_topic_count":0,"_bbp_reply_count":0,"_bbp_total_topic_count":0,"_bbp_total_reply_count":0,"_bbp_voice_count":0,"_bbp_anonymous_reply_count":0,"_bbp_topic_count_hidden":0,"_bbp_reply_count_hidden":0,"_bbp_forum_subforum_count":0,"site-sidebar-layout":"default","site-content-layout":"","ast-site-content-layout":"default","site-content-style":"default","site-sidebar-style":"default","ast-global-header-display":"","ast-banner-title-visibility":"","ast-main-header-display":"","ast-hfb-above-header-display":"","ast-hfb-below-header-display":"","ast-hfb-mobile-header-display":"","site-post-title":"","ast-breadcrumbs-content":"","ast-featured-img":"","footer-sml-layout":"","theme-transparent-header-meta":"","adv-header-id-meta":"","stick-header-meta":"","header-above-stick-meta":"","header-main-stick-meta":"","header-below-stick-meta":"","astra-migrate-meta-layouts":"set","ast-page-background-enabled":"default","ast-page-background-meta":{"desktop":{"background-color":"var(--ast-global-color-4)","background-image":"","background-repeat":"repeat","background-position":"center center","background-size":"auto","background-attachment":"scroll","background-type":"","background-media":"","overlay-type":"","overlay-color":"","overlay-opacity":"","overlay-gradient":""},"tablet":{"background-color":"","background-image":"","background-repeat":"repeat","background-position":"center center","background-size":"auto","background-attachment":"scroll","background-type":"","background-media":"","overlay-type":"","overlay-color":"","overlay-opacity":"","overlay-gradient":""},"mobile":{"background-color":"","background-image":"","background-repeat":"repeat","background-position":"center center","background-size":"auto","background-attachment":"scroll","background-type":"","background-media":"","overlay-type":"","overlay-color":"","overlay-opacity":"","overlay-gradient":""}},"ast-content-background-meta":{"desktop":{"background-color":"var(--ast-global-color-5)","background-image":"","background-repeat":"repeat","background-position":"center center","background-size":"auto","background-attachment":"scroll","background-type":"","background-media":"","overlay-type":"","overlay-color":"","overlay-opacity":"","overlay-gradient":""},"tablet":{"background-color":"var(--ast-global-color-5)","background-image":"","background-repeat":"repeat","background-position":"center center","background-size":"auto","background-attachment":"scroll","background-type":"","background-media":"","overlay-type":"","overlay-color":"","overlay-opacity":"","overlay-gradient":""},"mobile":{"background-color":"var(--ast-global-color-5)","background-image":"","background-repeat":"repeat","background-position":"center center","background-size":"auto","background-attachment":"scroll","background-type":"","background-media":"","overlay-type":"","overlay-color":"","overlay-opacity":"","overlay-gradient":""}},"footnotes":""},"class_list":["post-388","page","type-page","status-publish","hentry"],"post_mailing_queue_ids":[],"_links":{"self":[{"href":"https:\/\/agora.xtec.cat\/cfavilaseca\/wp-json\/wp\/v2\/pages\/388","targetHints":{"allow":["GET"]}}],"collection":[{"href":"https:\/\/agora.xtec.cat\/cfavilaseca\/wp-json\/wp\/v2\/pages"}],"about":[{"href":"https:\/\/agora.xtec.cat\/cfavilaseca\/wp-json\/wp\/v2\/types\/page"}],"author":[{"embeddable":true,"href":"https:\/\/agora.xtec.cat\/cfavilaseca\/wp-json\/wp\/v2\/users\/1"}],"replies":[{"embeddable":true,"href":"https:\/\/agora.xtec.cat\/cfavilaseca\/wp-json\/wp\/v2\/comments?post=388"}],"version-history":[{"count":6,"href":"https:\/\/agora.xtec.cat\/cfavilaseca\/wp-json\/wp\/v2\/pages\/388\/revisions"}],"predecessor-version":[{"id":2827,"href":"https:\/\/agora.xtec.cat\/cfavilaseca\/wp-json\/wp\/v2\/pages\/388\/revisions\/2827"}],"wp:attachment":[{"href":"https:\/\/agora.xtec.cat\/cfavilaseca\/wp-json\/wp\/v2\/media?parent=388"}],"curies":[{"name":"wp","href":"https:\/\/api.w.org\/{rel}","templated":true}]}}