{"id":2787,"date":"2026-03-02T12:16:01","date_gmt":"2026-03-02T11:16:01","guid":{"rendered":"https:\/\/agora.xtec.cat\/cfavilaseca\/?page_id=2787"},"modified":"2026-03-09T13:15:48","modified_gmt":"2026-03-09T12:15:48","slug":"proves-presencials-validacio-geso-hivern-26","status":"publish","type":"page","link":"https:\/\/agora.xtec.cat\/cfavilaseca\/ioc-geso\/proves-presencials-validacio-geso-hivern-26\/","title":{"rendered":"Proves Presencials Validaci\u00f3 &#8211; GESO Hivern 26"},"content":{"rendered":"\n<p><strong>Dilluns 16 de mar\u00e7 de 2026:&nbsp;<\/strong><\/p>\n\n\n\n<p><strong>TORN \u00daNIC de les 12:00h a 14:30h.&nbsp;<\/strong><\/p>\n\n\n\n<p>Acc\u00e9s a l&#8217;edifici a trav\u00e9s de la porta de fusta C\/Sant Pere, 25. <\/p>\n\n\n\n<p>Recordeu portar IDENTIFICACI\u00d3.\u00a0<\/p>\n\n\n\n<p>Podeu portar calculadora si teniu proves de matem\u00e0tiques (NO EL M\u00d2BIL!); i heu de portar auriculars per fer les proves d&#8217;Angl\u00e8s o Franc\u00e8s.<\/p>\n\n\n\n<p>Si necessiteu folis per fer esborranys, se us facilitaran al centre. Podeu portar bol\u00edgraf o llapis.\u00a0<\/p>\n\n\n\n<p>Abans d&#8217;entregar cada prova, \u00e9s necessari que aviseu a la persona que hi haur\u00e0 a l&#8217;aula i feu l&#8217;entrega davant d&#8217;ella.<\/p>\n\n\n\n<p><\/p>\n","protected":false},"excerpt":{"rendered":"<p>Dilluns 16 de mar\u00e7 de 2026:&nbsp; TORN \u00daNIC de les 12:00h a 14:30h.&nbsp; Acc\u00e9s a l&#8217;edifici a trav\u00e9s de la porta de fusta C\/Sant Pere, 25. Recordeu portar IDENTIFICACI\u00d3.\u00a0 Podeu portar calculadora si teniu proves de matem\u00e0tiques (NO EL M\u00d2BIL!); i heu de portar auriculars per fer les proves d&#8217;Angl\u00e8s o Franc\u00e8s. Si necessiteu folis [&hellip;]<\/p>\n","protected":false},"author":1,"featured_media":0,"parent":1222,"menu_order":0,"comment_status":"closed","ping_status":"close","template":"","meta":{"_bbp_topic_count":0,"_bbp_reply_count":0,"_bbp_total_topic_count":0,"_bbp_total_reply_count":0,"_bbp_voice_count":0,"_bbp_anonymous_reply_count":0,"_bbp_topic_count_hidden":0,"_bbp_reply_count_hidden":0,"_bbp_forum_subforum_count":0,"site-sidebar-layout":"default","site-content-layout":"","ast-site-content-layout":"default","site-content-style":"default","site-sidebar-style":"default","ast-global-header-display":"","ast-banner-title-visibility":"","ast-main-header-display":"","ast-hfb-above-header-display":"","ast-hfb-below-header-display":"","ast-hfb-mobile-header-display":"","site-post-title":"","ast-breadcrumbs-content":"","ast-featured-img":"","footer-sml-layout":"","theme-transparent-header-meta":"","adv-header-id-meta":"","stick-header-meta":"","header-above-stick-meta":"","header-main-stick-meta":"","header-below-stick-meta":"","astra-migrate-meta-layouts":"set","ast-page-background-enabled":"default","ast-page-background-meta":{"desktop":{"background-color":"var(--ast-global-color-4)","background-image":"","background-repeat":"repeat","background-position":"center center","background-size":"auto","background-attachment":"scroll","background-type":"","background-media":"","overlay-type":"","overlay-color":"","overlay-opacity":"","overlay-gradient":""},"tablet":{"background-color":"","background-image":"","background-repeat":"repeat","background-position":"center center","background-size":"auto","background-attachment":"scroll","background-type":"","background-media":"","overlay-type":"","overlay-color":"","overlay-opacity":"","overlay-gradient":""},"mobile":{"background-color":"","background-image":"","background-repeat":"repeat","background-position":"center center","background-size":"auto","background-attachment":"scroll","background-type":"","background-media":"","overlay-type":"","overlay-color":"","overlay-opacity":"","overlay-gradient":""}},"ast-content-background-meta":{"desktop":{"background-color":"var(--ast-global-color-5)","background-image":"","background-repeat":"repeat","background-position":"center center","background-size":"auto","background-attachment":"scroll","background-type":"","background-media":"","overlay-type":"","overlay-color":"","overlay-opacity":"","overlay-gradient":""},"tablet":{"background-color":"var(--ast-global-color-5)","background-image":"","background-repeat":"repeat","background-position":"center center","background-size":"auto","background-attachment":"scroll","background-type":"","background-media":"","overlay-type":"","overlay-color":"","overlay-opacity":"","overlay-gradient":""},"mobile":{"background-color":"var(--ast-global-color-5)","background-image":"","background-repeat":"repeat","background-position":"center center","background-size":"auto","background-attachment":"scroll","background-type":"","background-media":"","overlay-type":"","overlay-color":"","overlay-opacity":"","overlay-gradient":""}},"footnotes":""},"class_list":["post-2787","page","type-page","status-publish","hentry"],"post_mailing_queue_ids":[],"_links":{"self":[{"href":"https:\/\/agora.xtec.cat\/cfavilaseca\/wp-json\/wp\/v2\/pages\/2787","targetHints":{"allow":["GET"]}}],"collection":[{"href":"https:\/\/agora.xtec.cat\/cfavilaseca\/wp-json\/wp\/v2\/pages"}],"about":[{"href":"https:\/\/agora.xtec.cat\/cfavilaseca\/wp-json\/wp\/v2\/types\/page"}],"author":[{"embeddable":true,"href":"https:\/\/agora.xtec.cat\/cfavilaseca\/wp-json\/wp\/v2\/users\/1"}],"replies":[{"embeddable":true,"href":"https:\/\/agora.xtec.cat\/cfavilaseca\/wp-json\/wp\/v2\/comments?post=2787"}],"version-history":[{"count":4,"href":"https:\/\/agora.xtec.cat\/cfavilaseca\/wp-json\/wp\/v2\/pages\/2787\/revisions"}],"predecessor-version":[{"id":2793,"href":"https:\/\/agora.xtec.cat\/cfavilaseca\/wp-json\/wp\/v2\/pages\/2787\/revisions\/2793"}],"up":[{"embeddable":true,"href":"https:\/\/agora.xtec.cat\/cfavilaseca\/wp-json\/wp\/v2\/pages\/1222"}],"wp:attachment":[{"href":"https:\/\/agora.xtec.cat\/cfavilaseca\/wp-json\/wp\/v2\/media?parent=2787"}],"curies":[{"name":"wp","href":"https:\/\/api.w.org\/{rel}","templated":true}]}}