{"id":27,"date":"2014-09-17T16:24:03","date_gmt":"2014-09-17T16:24:03","guid":{"rendered":"http:\/\/agora.xtec.cat\/cfavilaseca\/?page_id=27"},"modified":"2022-03-17T16:35:29","modified_gmt":"2022-03-17T15:35:29","slug":"historia","status":"publish","type":"page","link":"https:\/\/agora.xtec.cat\/cfavilaseca\/el-centre\/historia\/","title":{"rendered":"Hist\u00f2ria"},"content":{"rendered":"<p><a href=\"https:\/\/agora.xtec.cat\/cfavilaseca\/wp-content\/uploads\/usu1340\/2021\/06\/logo21_text-1.png\" rel=\"attachment wp-att-383\"><img loading=\"lazy\" decoding=\"async\" class=\"aligncenter wp-image-1472 \" src=\"https:\/\/agora.xtec.cat\/cfavilaseca\/wp-content\/uploads\/usu1340\/2021\/06\/logo21_text-1.png\" alt=\"\" width=\"225\" height=\"144\" srcset=\"https:\/\/agora.xtec.cat\/cfavilaseca\/wp-content\/uploads\/usu1340\/2021\/06\/logo21_text-1.png 376w, https:\/\/agora.xtec.cat\/cfavilaseca\/wp-content\/uploads\/usu1340\/2021\/06\/logo21_text-1-300x192.png 300w\" sizes=\"auto, (max-width: 225px) 100vw, 225px\" \/><\/a><\/p>\n<p>Fa gaireb\u00e9 quatre d\u00e8cades, a l\u2019octubre de 1982, va n\u00e9ixer l\u2019escola d\u2019adults de Vila-seca per\u00f2 no \u00e9s fins l\u2019any 2005 que l\u2019AFA Vila-seca queda adscrita al Centre de Formaci\u00f3 d\u2019Adults Tarragona i tots els CFAs tornen a ser gestionats pel Departament d\u2019Educaci\u00f3 a partir d\u2019aquest any.<\/p>\n<p class=\"western\" lang=\"ca-ES\" align=\"justify\">L\u2019any 2015, davant la cessi\u00f3 d\u2019\u00fas de l\u2019edifici de les Escoles Velles per part de l\u2019Ajuntament de Vila-seca al Departament d\u2019Educaci\u00f3, l\u2019AFA va guanyar autonomia i va consolidar la seva activitat com a CFA (Centre de Formaci\u00f3 d\u2019Adults) amb autonomia econ\u00f2mica i equip directiu propi. Vila-seca va complementar aix\u00ed l\u2019oferta formativa al municipi que ja comptava amb llars d\u2019infants, escoles, instituts i conservatori de m\u00fasica.<\/p>\n<p class=\"western\" lang=\"ca-ES\" align=\"justify\">La formaci\u00f3 al llarg de la vida, \u00e9s per\u00f2, un dels m\u00e9s importants esglaons al Sistema Educatiu en una societat adulta marcada per la diversitat cultural, de g\u00e8nere, identitat religiosa i cultural i diversitat de nivells educatius.<\/p>\n<p class=\"western\" lang=\"ca-ES\">En aquest sentit i en l&#8217;actualitat, des del CFA Vila-sec es promou la formaci\u00f3 al llarg de la vida de les persones adultes no nom\u00e9s en format presencial en:<\/p>\n<p class=\"western\" lang=\"ca-ES\">\u27aa estudis inicials i b\u00e0sics<\/p>\n<p class=\"western\" lang=\"ca-ES\">\u27aa ensenyaments reglats<\/p>\n<p class=\"western\" lang=\"ca-ES\">\u27aa ensenyaments transprofessionals<\/p>\n<p class=\"western\" lang=\"ca-ES\">\u27aa i com a centre de Suport de l\u2019IOC, per la modalitat de GES no presencial.<\/p>\n<p class=\"western\" lang=\"ca-ES\" align=\"justify\">Sin\u00f3 que, a m\u00e9s a m\u00e9s, m\u00e9s enll\u00e0 de la formaci\u00f3 i creixement individual de l\u2019alumnat, tamb\u00e9 assumeix el comprom\u00eds social de guiar-los en l\u2019assoliment d\u2019altres valors com ara la igualtat d\u2019oportunitats, l\u2019equitat, la coeducaci\u00f3, l\u2019educaci\u00f3 en el respecte envers els altres i el medi ambient. Valors que de ben segur transmetran al seu entorn m\u00e9s proper i la seva fam\u00edlia i que els ajudar\u00e0 a assolir el seu objectiu formatiu, personal i personal amb excel\u00b7l\u00e8ncia.<\/p>\n<p>&nbsp;<\/p>\n<p><a href=\"http:\/\/agora.xtec.cat\/cfavilaseca\/wp-content\/uploads\/usu1340\/2016\/06\/Centre-des-de-fora-copia-e1465804070170.jpg\" rel=\"attachment wp-att-381\"><img loading=\"lazy\" decoding=\"async\" class=\"aligncenter wp-image-381\" src=\"http:\/\/agora.xtec.cat\/cfavilaseca\/wp-content\/uploads\/usu1340\/2016\/06\/Centre-des-de-fora-copia-e1465804070170.jpg\" alt=\"Centre des de fora copia\" width=\"240\" height=\"180\" srcset=\"https:\/\/agora.xtec.cat\/cfavilaseca\/wp-content\/uploads\/usu1340\/2016\/06\/Centre-des-de-fora-copia-e1465804070170.jpg 480w, https:\/\/agora.xtec.cat\/cfavilaseca\/wp-content\/uploads\/usu1340\/2016\/06\/Centre-des-de-fora-copia-e1465804070170-300x225.jpg 300w, https:\/\/agora.xtec.cat\/cfavilaseca\/wp-content\/uploads\/usu1340\/2016\/06\/Centre-des-de-fora-copia-e1465804070170-200x150.jpg 200w\" sizes=\"auto, (max-width: 240px) 100vw, 240px\" \/><\/a><\/p>\n","protected":false},"excerpt":{"rendered":"<p>Fa gaireb\u00e9 quatre d\u00e8cades, a l\u2019octubre de 1982, va n\u00e9ixer l\u2019escola d\u2019adults de Vila-seca per\u00f2 no \u00e9s fins l\u2019any 2005 que l\u2019AFA Vila-seca queda adscrita al Centre de Formaci\u00f3 d\u2019Adults Tarragona i tots els CFAs tornen a ser gestionats pel Departament d\u2019Educaci\u00f3 a partir d\u2019aquest any. L\u2019any 2015, davant la cessi\u00f3 d\u2019\u00fas de l\u2019edifici de [&hellip;]<\/p>\n","protected":false},"author":1,"featured_media":0,"parent":261,"menu_order":20,"comment_status":"closed","ping_status":"closed","template":"page-templates\/side-menu.php","meta":{"_bbp_topic_count":0,"_bbp_reply_count":0,"_bbp_total_topic_count":0,"_bbp_total_reply_count":0,"_bbp_voice_count":0,"_bbp_anonymous_reply_count":0,"_bbp_topic_count_hidden":0,"_bbp_reply_count_hidden":0,"_bbp_forum_subforum_count":0,"site-sidebar-layout":"default","site-content-layout":"","ast-site-content-layout":"","site-content-style":"default","site-sidebar-style":"default","ast-global-header-display":"","ast-banner-title-visibility":"","ast-main-header-display":"","ast-hfb-above-header-display":"","ast-hfb-below-header-display":"","ast-hfb-mobile-header-display":"","site-post-title":"","ast-breadcrumbs-content":"","ast-featured-img":"","footer-sml-layout":"","theme-transparent-header-meta":"","adv-header-id-meta":"","stick-header-meta":"","header-above-stick-meta":"","header-main-stick-meta":"","header-below-stick-meta":"","astra-migrate-meta-layouts":"default","ast-page-background-enabled":"default","ast-page-background-meta":{"desktop":{"background-color":"var(--ast-global-color-4)","background-image":"","background-repeat":"repeat","background-position":"center center","background-size":"auto","background-attachment":"scroll","background-type":"","background-media":"","overlay-type":"","overlay-color":"","overlay-opacity":"","overlay-gradient":""},"tablet":{"background-color":"","background-image":"","background-repeat":"repeat","background-position":"center center","background-size":"auto","background-attachment":"scroll","background-type":"","background-media":"","overlay-type":"","overlay-color":"","overlay-opacity":"","overlay-gradient":""},"mobile":{"background-color":"","background-image":"","background-repeat":"repeat","background-position":"center center","background-size":"auto","background-attachment":"scroll","background-type":"","background-media":"","overlay-type":"","overlay-color":"","overlay-opacity":"","overlay-gradient":""}},"ast-content-background-meta":{"desktop":{"background-color":"var(--ast-global-color-5)","background-image":"","background-repeat":"repeat","background-position":"center center","background-size":"auto","background-attachment":"scroll","background-type":"","background-media":"","overlay-type":"","overlay-color":"","overlay-opacity":"","overlay-gradient":""},"tablet":{"background-color":"var(--ast-global-color-5)","background-image":"","background-repeat":"repeat","background-position":"center center","background-size":"auto","background-attachment":"scroll","background-type":"","background-media":"","overlay-type":"","overlay-color":"","overlay-opacity":"","overlay-gradient":""},"mobile":{"background-color":"var(--ast-global-color-5)","background-image":"","background-repeat":"repeat","background-position":"center center","background-size":"auto","background-attachment":"scroll","background-type":"","background-media":"","overlay-type":"","overlay-color":"","overlay-opacity":"","overlay-gradient":""}},"footnotes":""},"class_list":["post-27","page","type-page","status-publish","hentry"],"post_mailing_queue_ids":[],"_links":{"self":[{"href":"https:\/\/agora.xtec.cat\/cfavilaseca\/wp-json\/wp\/v2\/pages\/27","targetHints":{"allow":["GET"]}}],"collection":[{"href":"https:\/\/agora.xtec.cat\/cfavilaseca\/wp-json\/wp\/v2\/pages"}],"about":[{"href":"https:\/\/agora.xtec.cat\/cfavilaseca\/wp-json\/wp\/v2\/types\/page"}],"author":[{"embeddable":true,"href":"https:\/\/agora.xtec.cat\/cfavilaseca\/wp-json\/wp\/v2\/users\/1"}],"replies":[{"embeddable":true,"href":"https:\/\/agora.xtec.cat\/cfavilaseca\/wp-json\/wp\/v2\/comments?post=27"}],"version-history":[{"count":3,"href":"https:\/\/agora.xtec.cat\/cfavilaseca\/wp-json\/wp\/v2\/pages\/27\/revisions"}],"predecessor-version":[{"id":1697,"href":"https:\/\/agora.xtec.cat\/cfavilaseca\/wp-json\/wp\/v2\/pages\/27\/revisions\/1697"}],"up":[{"embeddable":true,"href":"https:\/\/agora.xtec.cat\/cfavilaseca\/wp-json\/wp\/v2\/pages\/261"}],"wp:attachment":[{"href":"https:\/\/agora.xtec.cat\/cfavilaseca\/wp-json\/wp\/v2\/media?parent=27"}],"curies":[{"name":"wp","href":"https:\/\/api.w.org\/{rel}","templated":true}]}}