{"id":2660,"date":"2025-07-16T23:22:09","date_gmt":"2025-07-16T21:22:09","guid":{"rendered":"https:\/\/agora.xtec.cat\/cfavilaseca\/?page_id=2660"},"modified":"2025-07-16T23:28:21","modified_gmt":"2025-07-16T21:28:21","slug":"2025-2026-llista-definitiva-admesos","status":"publish","type":"page","link":"https:\/\/agora.xtec.cat\/cfavilaseca\/curs-2026-2027\/2025-2026-llista-definitiva-admesos\/","title":{"rendered":"2025-2026 Llista definitiva admesos"},"content":{"rendered":"\n<p>Llista definitiva d&#8217;admesos. <\/p>\n\n\n\n<p>L&#8217;alumnat adm\u00e8s haur\u00e0 de confirmar la matr\u00edcula a partir del 2 de setembre, seguint les instruccions de l&#8217;apartat:<\/p>\n\n\n\n<figure class=\"wp-block-embed is-type-wp-embed is-provider-cfa-vila-seca wp-block-embed-cfa-vila-seca\"><div class=\"wp-block-embed__wrapper\">\n<blockquote class=\"wp-embedded-content\" data-secret=\"nqiBzCZlRc\"><a href=\"https:\/\/agora.xtec.cat\/cfavilaseca\/curs-2025-2026\/informacio-matricula-i-preinscripcio\/\">2025-2026 Informaci\u00f3 matr\u00edcula (alumnat NOU)<\/a><\/blockquote><iframe loading=\"lazy\" class=\"wp-embedded-content\" sandbox=\"allow-scripts\" security=\"restricted\" style=\"position: absolute; visibility: hidden;\" title=\"&#8220;2025-2026 Informaci\u00f3 matr\u00edcula (alumnat NOU)&#8221; &#8212; CFA Vila-seca\" src=\"https:\/\/agora.xtec.cat\/cfavilaseca\/curs-2025-2026\/informacio-matricula-i-preinscripcio\/embed\/#?secret=bZjm6Wrpgx#?secret=nqiBzCZlRc\" data-secret=\"nqiBzCZlRc\" width=\"500\" height=\"282\" frameborder=\"0\" marginwidth=\"0\" marginheight=\"0\" scrolling=\"no\"><\/iframe>\n<\/div><\/figure>\n\n\n\n<div data-wp-interactive=\"core\/file\" class=\"wp-block-file\"><object data-wp-bind--hidden=\"!state.hasPdfPreview\" hidden class=\"wp-block-file__embed\" data=\"https:\/\/agora.xtec.cat\/cfavilaseca\/wp-content\/uploads\/usu1340\/2025\/07\/e13_ppa_Llis_Dif_Assi_001.pdf\" type=\"application\/pdf\" style=\"width:100%;height:830px\" aria-label=\"Incrustaci\u00f3 del fitxer e13_ppa_Llis_Dif_Assi_001.\"><\/object><a id=\"wp-block-file--media-22101d81-4608-407e-9720-d067d5edbe58\" href=\"https:\/\/agora.xtec.cat\/cfavilaseca\/wp-content\/uploads\/usu1340\/2025\/07\/e13_ppa_Llis_Dif_Assi_001.pdf\">e13_ppa_Llis_Dif_Assi_001<\/a><a href=\"https:\/\/agora.xtec.cat\/cfavilaseca\/wp-content\/uploads\/usu1340\/2025\/07\/e13_ppa_Llis_Dif_Assi_001.pdf\" class=\"wp-block-file__button wp-element-button\" download aria-describedby=\"wp-block-file--media-22101d81-4608-407e-9720-d067d5edbe58\">Baixa<\/a><\/div>\n","protected":false},"excerpt":{"rendered":"<p>Llista definitiva d&#8217;admesos. L&#8217;alumnat adm\u00e8s haur\u00e0 de confirmar la matr\u00edcula a partir del 2 de setembre, seguint les instruccions de l&#8217;apartat:<\/p>\n","protected":false},"author":1,"featured_media":0,"parent":2334,"menu_order":0,"comment_status":"closed","ping_status":"close","template":"","meta":{"_bbp_topic_count":0,"_bbp_reply_count":0,"_bbp_total_topic_count":0,"_bbp_total_reply_count":0,"_bbp_voice_count":0,"_bbp_anonymous_reply_count":0,"_bbp_topic_count_hidden":0,"_bbp_reply_count_hidden":0,"_bbp_forum_subforum_count":0,"site-sidebar-layout":"default","site-content-layout":"","ast-site-content-layout":"default","site-content-style":"default","site-sidebar-style":"default","ast-global-header-display":"","ast-banner-title-visibility":"","ast-main-header-display":"","ast-hfb-above-header-display":"","ast-hfb-below-header-display":"","ast-hfb-mobile-header-display":"","site-post-title":"","ast-breadcrumbs-content":"","ast-featured-img":"","footer-sml-layout":"","theme-transparent-header-meta":"","adv-header-id-meta":"","stick-header-meta":"","header-above-stick-meta":"","header-main-stick-meta":"","header-below-stick-meta":"","astra-migrate-meta-layouts":"set","ast-page-background-enabled":"default","ast-page-background-meta":{"desktop":{"background-color":"var(--ast-global-color-4)","background-image":"","background-repeat":"repeat","background-position":"center center","background-size":"auto","background-attachment":"scroll","background-type":"","background-media":"","overlay-type":"","overlay-color":"","overlay-opacity":"","overlay-gradient":""},"tablet":{"background-color":"","background-image":"","background-repeat":"repeat","background-position":"center center","background-size":"auto","background-attachment":"scroll","background-type":"","background-media":"","overlay-type":"","overlay-color":"","overlay-opacity":"","overlay-gradient":""},"mobile":{"background-color":"","background-image":"","background-repeat":"repeat","background-position":"center center","background-size":"auto","background-attachment":"scroll","background-type":"","background-media":"","overlay-type":"","overlay-color":"","overlay-opacity":"","overlay-gradient":""}},"ast-content-background-meta":{"desktop":{"background-color":"var(--ast-global-color-5)","background-image":"","background-repeat":"repeat","background-position":"center center","background-size":"auto","background-attachment":"scroll","background-type":"","background-media":"","overlay-type":"","overlay-color":"","overlay-opacity":"","overlay-gradient":""},"tablet":{"background-color":"var(--ast-global-color-5)","background-image":"","background-repeat":"repeat","background-position":"center center","background-size":"auto","background-attachment":"scroll","background-type":"","background-media":"","overlay-type":"","overlay-color":"","overlay-opacity":"","overlay-gradient":""},"mobile":{"background-color":"var(--ast-global-color-5)","background-image":"","background-repeat":"repeat","background-position":"center center","background-size":"auto","background-attachment":"scroll","background-type":"","background-media":"","overlay-type":"","overlay-color":"","overlay-opacity":"","overlay-gradient":""}},"footnotes":""},"class_list":["post-2660","page","type-page","status-publish","hentry"],"post_mailing_queue_ids":[],"_links":{"self":[{"href":"https:\/\/agora.xtec.cat\/cfavilaseca\/wp-json\/wp\/v2\/pages\/2660","targetHints":{"allow":["GET"]}}],"collection":[{"href":"https:\/\/agora.xtec.cat\/cfavilaseca\/wp-json\/wp\/v2\/pages"}],"about":[{"href":"https:\/\/agora.xtec.cat\/cfavilaseca\/wp-json\/wp\/v2\/types\/page"}],"author":[{"embeddable":true,"href":"https:\/\/agora.xtec.cat\/cfavilaseca\/wp-json\/wp\/v2\/users\/1"}],"replies":[{"embeddable":true,"href":"https:\/\/agora.xtec.cat\/cfavilaseca\/wp-json\/wp\/v2\/comments?post=2660"}],"version-history":[{"count":1,"href":"https:\/\/agora.xtec.cat\/cfavilaseca\/wp-json\/wp\/v2\/pages\/2660\/revisions"}],"predecessor-version":[{"id":2663,"href":"https:\/\/agora.xtec.cat\/cfavilaseca\/wp-json\/wp\/v2\/pages\/2660\/revisions\/2663"}],"up":[{"embeddable":true,"href":"https:\/\/agora.xtec.cat\/cfavilaseca\/wp-json\/wp\/v2\/pages\/2334"}],"wp:attachment":[{"href":"https:\/\/agora.xtec.cat\/cfavilaseca\/wp-json\/wp\/v2\/media?parent=2660"}],"curies":[{"name":"wp","href":"https:\/\/api.w.org\/{rel}","templated":true}]}}