{"id":2548,"date":"2025-06-17T10:15:48","date_gmt":"2025-06-17T08:15:48","guid":{"rendered":"https:\/\/agora.xtec.cat\/cfavilaseca\/?page_id=2548"},"modified":"2025-09-08T14:04:26","modified_gmt":"2025-09-08T12:04:26","slug":"2025-2026-horaris","status":"publish","type":"page","link":"https:\/\/agora.xtec.cat\/cfavilaseca\/2025-2026-horaris\/","title":{"rendered":"2025-2026 Horaris"},"content":{"rendered":"\n<p>Horaris definitius per als ensenyaments impartits al curs 2025-2026.<\/p>\n\n\n\n<p><strong>Angl\u00e8s<\/strong><\/p>\n\n\n\n<div data-wp-interactive=\"core\/file\" class=\"wp-block-file\"><object data-wp-bind--hidden=\"!state.hasPdfPreview\" hidden class=\"wp-block-file__embed\" data=\"https:\/\/agora.xtec.cat\/cfavilaseca\/wp-content\/uploads\/usu1340\/2025\/09\/25-26-horaris-angles.pdf\" type=\"application\/pdf\" style=\"width:100%;height:600px\" aria-label=\"Incrustaci\u00f3 del fitxer 25-26 horaris angl\u00e8s.\"><\/object><a id=\"wp-block-file--media-c78e6bed-5b95-4d39-a84a-2f5daeb7060f\" href=\"https:\/\/agora.xtec.cat\/cfavilaseca\/wp-content\/uploads\/usu1340\/2025\/09\/25-26-horaris-angles.pdf\">25-26 horaris angl\u00e8s<\/a><a href=\"https:\/\/agora.xtec.cat\/cfavilaseca\/wp-content\/uploads\/usu1340\/2025\/09\/25-26-horaris-angles.pdf\" class=\"wp-block-file__button wp-element-button\" download aria-describedby=\"wp-block-file--media-c78e6bed-5b95-4d39-a84a-2f5daeb7060f\">Baixa<\/a><\/div>\n\n\n\n<p><strong>Castell\u00e0, Catal\u00e0, Formaci\u00f3 Instrumental<\/strong><\/p>\n\n\n\n<div data-wp-interactive=\"core\/file\" class=\"wp-block-file\"><object data-wp-bind--hidden=\"!state.hasPdfPreview\" hidden class=\"wp-block-file__embed\" data=\"https:\/\/agora.xtec.cat\/cfavilaseca\/wp-content\/uploads\/usu1340\/2025\/09\/FI-CAST-CAT.pdf\" type=\"application\/pdf\" style=\"width:100%;height:600px\" aria-label=\"Incrustaci\u00f3 del fitxer FI-CAST-CAT.\"><\/object><a id=\"wp-block-file--media-5f1caf36-9604-4514-b1e5-ede486c7605c\" href=\"https:\/\/agora.xtec.cat\/cfavilaseca\/wp-content\/uploads\/usu1340\/2025\/09\/FI-CAST-CAT.pdf\">FI-CAST-CAT<\/a><a href=\"https:\/\/agora.xtec.cat\/cfavilaseca\/wp-content\/uploads\/usu1340\/2025\/09\/FI-CAST-CAT.pdf\" class=\"wp-block-file__button wp-element-button\" download aria-describedby=\"wp-block-file--media-5f1caf36-9604-4514-b1e5-ede486c7605c\">Baixa<\/a><\/div>\n\n\n\n<p><strong>COMPETIC<\/strong><\/p>\n\n\n\n<div data-wp-interactive=\"core\/file\" class=\"wp-block-file\"><object data-wp-bind--hidden=\"!state.hasPdfPreview\" hidden class=\"wp-block-file__embed\" data=\"https:\/\/agora.xtec.cat\/cfavilaseca\/wp-content\/uploads\/usu1340\/2025\/09\/25-26-COMPETIC.pdf\" type=\"application\/pdf\" style=\"width:100%;height:600px\" aria-label=\"Incrustaci\u00f3 del fitxer 25-26 COMPETIC.\"><\/object><a id=\"wp-block-file--media-5e2d032d-73d7-452e-b7c6-f2fff5d5ea73\" href=\"https:\/\/agora.xtec.cat\/cfavilaseca\/wp-content\/uploads\/usu1340\/2025\/09\/25-26-COMPETIC.pdf\">25-26 COMPETIC<\/a><a href=\"https:\/\/agora.xtec.cat\/cfavilaseca\/wp-content\/uploads\/usu1340\/2025\/09\/25-26-COMPETIC.pdf\" class=\"wp-block-file__button wp-element-button\" download aria-describedby=\"wp-block-file--media-5e2d032d-73d7-452e-b7c6-f2fff5d5ea73\">Baixa<\/a><\/div>\n\n\n\n<p><strong>Graduat en Educaci\u00f3 Secund\u00e0ria (GESO)<\/strong><\/p>\n\n\n\n<div data-wp-interactive=\"core\/file\" class=\"wp-block-file\"><object data-wp-bind--hidden=\"!state.hasPdfPreview\" hidden class=\"wp-block-file__embed\" data=\"https:\/\/agora.xtec.cat\/cfavilaseca\/wp-content\/uploads\/usu1340\/2025\/09\/25-26-Graduat-Educacio-Secundaria.pdf\" type=\"application\/pdf\" style=\"width:100%;height:600px\" aria-label=\"Incrustaci\u00f3 del fitxer 25-26 Graduat Educaci\u00f3 Secund\u00e0ria.\"><\/object><a id=\"wp-block-file--media-1338a227-f2ca-4885-b32a-354d890c390a\" href=\"https:\/\/agora.xtec.cat\/cfavilaseca\/wp-content\/uploads\/usu1340\/2025\/09\/25-26-Graduat-Educacio-Secundaria.pdf\">25-26 Graduat Educaci\u00f3 Secund\u00e0ria<\/a><a href=\"https:\/\/agora.xtec.cat\/cfavilaseca\/wp-content\/uploads\/usu1340\/2025\/09\/25-26-Graduat-Educacio-Secundaria.pdf\" class=\"wp-block-file__button wp-element-button\" download aria-describedby=\"wp-block-file--media-1338a227-f2ca-4885-b32a-354d890c390a\">Baixa<\/a><\/div>\n\n\n\n<p><strong>Proves d&#8217;acc\u00e9s a Grau Superior<\/strong><\/p>\n\n\n\n<div data-wp-interactive=\"core\/file\" class=\"wp-block-file\"><object data-wp-bind--hidden=\"!state.hasPdfPreview\" hidden class=\"wp-block-file__embed\" data=\"https:\/\/agora.xtec.cat\/cfavilaseca\/wp-content\/uploads\/usu1340\/2025\/09\/Grau_Superior_2025_2026.pdf\" type=\"application\/pdf\" style=\"width:100%;height:600px\" aria-label=\"Incrustaci\u00f3 del fitxer Grau_Superior_2025_2026.\"><\/object><a id=\"wp-block-file--media-13ed9286-cb55-4e98-bc8c-52b876facf3a\" href=\"https:\/\/agora.xtec.cat\/cfavilaseca\/wp-content\/uploads\/usu1340\/2025\/09\/Grau_Superior_2025_2026.pdf\">Grau_Superior_2025_2026<\/a><a href=\"https:\/\/agora.xtec.cat\/cfavilaseca\/wp-content\/uploads\/usu1340\/2025\/09\/Grau_Superior_2025_2026.pdf\" class=\"wp-block-file__button wp-element-button\" download aria-describedby=\"wp-block-file--media-13ed9286-cb55-4e98-bc8c-52b876facf3a\">Baixa<\/a><\/div>\n","protected":false},"excerpt":{"rendered":"<p>Horaris definitius per als ensenyaments impartits al curs 2025-2026. Angl\u00e8s Castell\u00e0, Catal\u00e0, Formaci\u00f3 Instrumental COMPETIC Graduat en Educaci\u00f3 Secund\u00e0ria (GESO) Proves d&#8217;acc\u00e9s a Grau Superior<\/p>\n","protected":false},"author":1,"featured_media":0,"parent":0,"menu_order":0,"comment_status":"closed","ping_status":"close","template":"","meta":{"_bbp_topic_count":0,"_bbp_reply_count":0,"_bbp_total_topic_count":0,"_bbp_total_reply_count":0,"_bbp_voice_count":0,"_bbp_anonymous_reply_count":0,"_bbp_topic_count_hidden":0,"_bbp_reply_count_hidden":0,"_bbp_forum_subforum_count":0,"site-sidebar-layout":"default","site-content-layout":"","ast-site-content-layout":"default","site-content-style":"default","site-sidebar-style":"default","ast-global-header-display":"","ast-banner-title-visibility":"","ast-main-header-display":"","ast-hfb-above-header-display":"","ast-hfb-below-header-display":"","ast-hfb-mobile-header-display":"","site-post-title":"","ast-breadcrumbs-content":"","ast-featured-img":"","footer-sml-layout":"","theme-transparent-header-meta":"","adv-header-id-meta":"","stick-header-meta":"","header-above-stick-meta":"","header-main-stick-meta":"","header-below-stick-meta":"","astra-migrate-meta-layouts":"set","ast-page-background-enabled":"default","ast-page-background-meta":{"desktop":{"background-color":"var(--ast-global-color-4)","background-image":"","background-repeat":"repeat","background-position":"center center","background-size":"auto","background-attachment":"scroll","background-type":"","background-media":"","overlay-type":"","overlay-color":"","overlay-opacity":"","overlay-gradient":""},"tablet":{"background-color":"","background-image":"","background-repeat":"repeat","background-position":"center center","background-size":"auto","background-attachment":"scroll","background-type":"","background-media":"","overlay-type":"","overlay-color":"","overlay-opacity":"","overlay-gradient":""},"mobile":{"background-color":"","background-image":"","background-repeat":"repeat","background-position":"center center","background-size":"auto","background-attachment":"scroll","background-type":"","background-media":"","overlay-type":"","overlay-color":"","overlay-opacity":"","overlay-gradient":""}},"ast-content-background-meta":{"desktop":{"background-color":"var(--ast-global-color-5)","background-image":"","background-repeat":"repeat","background-position":"center center","background-size":"auto","background-attachment":"scroll","background-type":"","background-media":"","overlay-type":"","overlay-color":"","overlay-opacity":"","overlay-gradient":""},"tablet":{"background-color":"var(--ast-global-color-5)","background-image":"","background-repeat":"repeat","background-position":"center center","background-size":"auto","background-attachment":"scroll","background-type":"","background-media":"","overlay-type":"","overlay-color":"","overlay-opacity":"","overlay-gradient":""},"mobile":{"background-color":"var(--ast-global-color-5)","background-image":"","background-repeat":"repeat","background-position":"center center","background-size":"auto","background-attachment":"scroll","background-type":"","background-media":"","overlay-type":"","overlay-color":"","overlay-opacity":"","overlay-gradient":""}},"footnotes":""},"class_list":["post-2548","page","type-page","status-publish","hentry"],"post_mailing_queue_ids":[],"_links":{"self":[{"href":"https:\/\/agora.xtec.cat\/cfavilaseca\/wp-json\/wp\/v2\/pages\/2548","targetHints":{"allow":["GET"]}}],"collection":[{"href":"https:\/\/agora.xtec.cat\/cfavilaseca\/wp-json\/wp\/v2\/pages"}],"about":[{"href":"https:\/\/agora.xtec.cat\/cfavilaseca\/wp-json\/wp\/v2\/types\/page"}],"author":[{"embeddable":true,"href":"https:\/\/agora.xtec.cat\/cfavilaseca\/wp-json\/wp\/v2\/users\/1"}],"replies":[{"embeddable":true,"href":"https:\/\/agora.xtec.cat\/cfavilaseca\/wp-json\/wp\/v2\/comments?post=2548"}],"version-history":[{"count":5,"href":"https:\/\/agora.xtec.cat\/cfavilaseca\/wp-json\/wp\/v2\/pages\/2548\/revisions"}],"predecessor-version":[{"id":2692,"href":"https:\/\/agora.xtec.cat\/cfavilaseca\/wp-json\/wp\/v2\/pages\/2548\/revisions\/2692"}],"wp:attachment":[{"href":"https:\/\/agora.xtec.cat\/cfavilaseca\/wp-json\/wp\/v2\/media?parent=2548"}],"curies":[{"name":"wp","href":"https:\/\/api.w.org\/{rel}","templated":true}]}}