{"id":2490,"date":"2025-04-01T13:32:00","date_gmt":"2025-04-01T11:32:00","guid":{"rendered":"https:\/\/agora.xtec.cat\/cfavilaseca\/?page_id=2490"},"modified":"2025-07-08T13:58:48","modified_gmt":"2025-07-08T11:58:48","slug":"2025-2026-calendari-de-preinscripcio-i-matricula","status":"publish","type":"page","link":"https:\/\/agora.xtec.cat\/cfavilaseca\/2025-2026-calendari-de-preinscripcio-i-matricula\/","title":{"rendered":"2025-2026 Calendari de preinscripci\u00f3 i matr\u00edcula"},"content":{"rendered":"\n<h2 class=\"wp-block-heading has-pale-pink-color has-text-color has-link-color wp-elements-ad6cea29efd058fa426c1a268461c26a\">Abans de la preinscripci\u00f3<\/h2>\n\n\n\n<ul class=\"wp-block-list\">\n<li><strong>23 de maig de 2025<\/strong>: publicaci\u00f3 de l&#8217;oferta d&#8217;ensenyamentsData en qu\u00e8 es publica l&#8217;oferta d&#8217;ensenyaments.<\/li>\n\n\n\n<li><strong>Juny de 2025:<\/strong> per\u00edode d&#8217;informaci\u00f3 i orientaci\u00f3El mes de juny ser\u00e0 el per\u00edode preferent d&#8217;informaci\u00f3 i orientaci\u00f3 als alumnes nous.<\/li>\n\n\n\n<li><strong>18 de juny de 2025<\/strong>: oferta inicial de placesPublicaci\u00f3 al web o al tauler d&#8217;anunicis del centre del nombre de places per ensenyament i curs.<\/li>\n<\/ul>\n\n\n\n<h2 class=\"wp-block-heading has-pale-pink-color has-text-color has-link-color wp-elements-881bab07c28c70afcad42e6aa79e9606\">Presenta la sol\u00b7licitud de preinscripci\u00f3 i fes el seguiment<\/h2>\n\n\n\n<ul class=\"wp-block-list\">\n<li><strong>Del 19 al 27 de juny de 2025:<\/strong> presentaci\u00f3 de sol\u00b7licituds.<\/li>\n\n\n\n<li><strong>4 de juliol de 2025 (a partir de les 14 hores)<\/strong>: llista de sol\u00b7licituds amb la puntuaci\u00f3 provisional.<\/li>\n\n\n\n<li><strong>Del 4 al 9 de juliol de 2025<\/strong>: presentaci\u00f3 de reclamacions<\/li>\n\n\n\n<li><strong>7 de juliol del 2025<\/strong>: sorteig del n\u00famero de desempat<\/li>\n\n\n\n<li><strong>11 de juliol de 2025, a les 14 hores<\/strong>: llista de sol\u00b7licituds amb la puntuaci\u00f3 un cop resoltes les reclamacions.<\/li>\n\n\n\n<li><strong>16 de juliol de 2025, a les 14 hores:<\/strong> llista d&#8217;alumnes admesos i llista d&#8217;espera<\/li>\n<\/ul>\n\n\n\n<h2 class=\"wp-block-heading has-pale-pink-color has-text-color has-link-color wp-elements-9c36fa24c0df5e4eeedf511788188806\">Formalitza la matriculaci\u00f3<\/h2>\n\n\n\n<ul class=\"wp-block-list\">\n<li><strong>Del 2 al 9 de setembre de 2025<\/strong>: matriculaci\u00f3. Un cop s&#8217;ha publicat la llista final d&#8217;alumnes admesos en cada centre, comen\u00e7a el per\u00edode de matriculaci\u00f3 dels alumnes preinscrits amb pla\u00e7a assignada.En aquells ensenyaments que hi hagi places vacants tamb\u00e9 es podr\u00e0 matricular l&#8217;alumnat sense sol\u00b7licitud de preinscripci\u00f3 a partir del 2 de setembre de 2025.<\/li>\n\n\n\n<li><strong>A partir del 10 de setembre de 2025:<\/strong> matr\u00edcula dels alumnes de la llista d&#8217;espera.<\/li>\n<\/ul>\n\n\n\n<p><\/p>\n\n\n\n<p>Juntament amb la sol\u00b7licitud i en el termini establert, cal presentar la documentaci\u00f3 que identifica la persona sol\u00b7licitant seg\u00fcent:<\/p>\n\n\n\n<ul class=\"wp-block-list\">\n<li>En tots els casos, original i c\u00f2pia del DNI, NIE o passaport de l&#8217;alumne\/a. Si es tracta d&#8217;estrangers comunitaris, document d&#8217;identitat del pa\u00eds d&#8217;origen.<\/li>\n<\/ul>\n\n\n\n<p>Si l&#8217;alumne\/a \u00e9s menor d&#8217;edat:<\/p>\n\n\n\n<ul class=\"wp-block-list\">\n<li>L&#8217;original i una c\u00f2pia del certificat electr\u00f2nic de la inscripci\u00f3 de naixement o del llibre de fam\u00edlia o altres documents relatius a la filiaci\u00f3. Si est\u00e0 en situaci\u00f3 d&#8217;acolliment en fam\u00edlia o instituci\u00f3, la resoluci\u00f3 d&#8217;acolliment del Departament de Drets Socials.<\/li>\n\n\n\n<li>L&#8217;original i una c\u00f2pia del DNI de la persona sol\u00b7licitant (pare, mare, tutor\/a o guardador\/a de fet) o si la persona sol\u00b7licitant \u00e9s estrangera, de la targeta de resid\u00e8ncia on consta el NIE o del passaport. Si es tracta d&#8217;estrangers comunitaris, document d&#8217;identitat del pa\u00eds membre de la Uni\u00f3 Europea.<\/li>\n<\/ul>\n\n\n\n<p>De manera extraordin\u00e0ria, les dades d&#8217;identificaci\u00f3 dels alumnes estrangers tamb\u00e9 es poden acreditar amb el document d&#8217;identitat o la documentaci\u00f3 alternativa del pa\u00eds d&#8217;origen que la persona pugui aportar. El director\/a o la persona titular del centre la valora i deixa const\u00e0ncia per escrit de la decisi\u00f3 adoptada.<\/p>\n\n\n\n<p>Segons les circumst\u00e0ncies al\u00b7legades per la persona sol\u00b7licitant, tamb\u00e9 cal presentar:<\/p>\n\n\n\n<ul class=\"wp-block-list\">\n<li>Persones amb\u00a0<strong>contracte laboral<\/strong>: el document que acrediti la seva afiliaci\u00f3 a la Seguretat Social (si no tenen obligaci\u00f3 d&#8217;estar afiliats, el certificat del familiar titular de l&#8217;empresa i la declaraci\u00f3 dels tutors legals).<\/li>\n\n\n\n<li>Persones en proc\u00e9s d&#8217;obtenci\u00f3 d&#8217;un\u00a0<strong>perm\u00eds de treball<\/strong>: la documentaci\u00f3 acreditativa corresponent.<\/li>\n\n\n\n<li>Esportistes d&#8217;<strong>alt rendiment\u00a0<\/strong>que comparteixen ensenyaments: el certificat acreditatiu expedit pel Consell Catal\u00e0 de l&#8217;Esport.<\/li>\n\n\n\n<li>Persones que han cursat i superat un programa de formaci\u00f3 i inserci\u00f3 (PFI): el certificat en qu\u00e8 consti que l&#8217;han cursat.<\/li>\n<\/ul>\n\n\n\n<p><a href=\"https:\/\/preinscripcio.gencat.cat\/ca\/estudis\/educacio-adults\/informat\/calendari\">https:\/\/preinscripcio.gencat.cat\/ca\/estudis\/educacio-adults\/informat\/calendari<\/a><\/p>\n\n\n\n<div data-wp-interactive=\"core\/file\" class=\"wp-block-file\"><object data-wp-bind--hidden=\"!state.hasPdfPreview\" hidden class=\"wp-block-file__embed\" data=\"https:\/\/agora.xtec.cat\/cfavilaseca\/wp-content\/uploads\/usu1340\/2025\/06\/A89-3.pdf\" type=\"application\/pdf\" style=\"width:100%;height:600px\" aria-label=\"Incrustaci\u00f3 del fitxer A89.\"><\/object><a id=\"wp-block-file--media-0c0af831-5759-4f4e-ac22-a807b5ec981d\" href=\"https:\/\/agora.xtec.cat\/cfavilaseca\/wp-content\/uploads\/usu1340\/2025\/06\/A89-3.pdf\">A89<\/a><a href=\"https:\/\/agora.xtec.cat\/cfavilaseca\/wp-content\/uploads\/usu1340\/2025\/06\/A89-3.pdf\" class=\"wp-block-file__button wp-element-button\" download aria-describedby=\"wp-block-file--media-0c0af831-5759-4f4e-ac22-a807b5ec981d\">Baixa<\/a><\/div>\n","protected":false},"excerpt":{"rendered":"<p>Abans de la preinscripci\u00f3 Presenta la sol\u00b7licitud de preinscripci\u00f3 i fes el seguiment Formalitza la matriculaci\u00f3 Juntament amb la sol\u00b7licitud i en el termini establert, cal presentar la documentaci\u00f3 que identifica la persona sol\u00b7licitant seg\u00fcent: Si l&#8217;alumne\/a \u00e9s menor d&#8217;edat: De manera extraordin\u00e0ria, les dades d&#8217;identificaci\u00f3 dels alumnes estrangers tamb\u00e9 es poden acreditar amb el [&hellip;]<\/p>\n","protected":false},"author":1,"featured_media":0,"parent":0,"menu_order":0,"comment_status":"closed","ping_status":"close","template":"","meta":{"_bbp_topic_count":0,"_bbp_reply_count":0,"_bbp_total_topic_count":0,"_bbp_total_reply_count":0,"_bbp_voice_count":0,"_bbp_anonymous_reply_count":0,"_bbp_topic_count_hidden":0,"_bbp_reply_count_hidden":0,"_bbp_forum_subforum_count":0,"site-sidebar-layout":"default","site-content-layout":"","ast-site-content-layout":"default","site-content-style":"default","site-sidebar-style":"default","ast-global-header-display":"","ast-banner-title-visibility":"","ast-main-header-display":"","ast-hfb-above-header-display":"","ast-hfb-below-header-display":"","ast-hfb-mobile-header-display":"","site-post-title":"","ast-breadcrumbs-content":"","ast-featured-img":"","footer-sml-layout":"","theme-transparent-header-meta":"","adv-header-id-meta":"","stick-header-meta":"","header-above-stick-meta":"","header-main-stick-meta":"","header-below-stick-meta":"","astra-migrate-meta-layouts":"set","ast-page-background-enabled":"default","ast-page-background-meta":{"desktop":{"background-color":"var(--ast-global-color-4)","background-image":"","background-repeat":"repeat","background-position":"center center","background-size":"auto","background-attachment":"scroll","background-type":"","background-media":"","overlay-type":"","overlay-color":"","overlay-opacity":"","overlay-gradient":""},"tablet":{"background-color":"","background-image":"","background-repeat":"repeat","background-position":"center center","background-size":"auto","background-attachment":"scroll","background-type":"","background-media":"","overlay-type":"","overlay-color":"","overlay-opacity":"","overlay-gradient":""},"mobile":{"background-color":"","background-image":"","background-repeat":"repeat","background-position":"center center","background-size":"auto","background-attachment":"scroll","background-type":"","background-media":"","overlay-type":"","overlay-color":"","overlay-opacity":"","overlay-gradient":""}},"ast-content-background-meta":{"desktop":{"background-color":"var(--ast-global-color-5)","background-image":"","background-repeat":"repeat","background-position":"center center","background-size":"auto","background-attachment":"scroll","background-type":"","background-media":"","overlay-type":"","overlay-color":"","overlay-opacity":"","overlay-gradient":""},"tablet":{"background-color":"var(--ast-global-color-5)","background-image":"","background-repeat":"repeat","background-position":"center center","background-size":"auto","background-attachment":"scroll","background-type":"","background-media":"","overlay-type":"","overlay-color":"","overlay-opacity":"","overlay-gradient":""},"mobile":{"background-color":"var(--ast-global-color-5)","background-image":"","background-repeat":"repeat","background-position":"center center","background-size":"auto","background-attachment":"scroll","background-type":"","background-media":"","overlay-type":"","overlay-color":"","overlay-opacity":"","overlay-gradient":""}},"footnotes":""},"class_list":["post-2490","page","type-page","status-publish","hentry"],"post_mailing_queue_ids":[],"_links":{"self":[{"href":"https:\/\/agora.xtec.cat\/cfavilaseca\/wp-json\/wp\/v2\/pages\/2490","targetHints":{"allow":["GET"]}}],"collection":[{"href":"https:\/\/agora.xtec.cat\/cfavilaseca\/wp-json\/wp\/v2\/pages"}],"about":[{"href":"https:\/\/agora.xtec.cat\/cfavilaseca\/wp-json\/wp\/v2\/types\/page"}],"author":[{"embeddable":true,"href":"https:\/\/agora.xtec.cat\/cfavilaseca\/wp-json\/wp\/v2\/users\/1"}],"replies":[{"embeddable":true,"href":"https:\/\/agora.xtec.cat\/cfavilaseca\/wp-json\/wp\/v2\/comments?post=2490"}],"version-history":[{"count":4,"href":"https:\/\/agora.xtec.cat\/cfavilaseca\/wp-json\/wp\/v2\/pages\/2490\/revisions"}],"predecessor-version":[{"id":2655,"href":"https:\/\/agora.xtec.cat\/cfavilaseca\/wp-json\/wp\/v2\/pages\/2490\/revisions\/2655"}],"wp:attachment":[{"href":"https:\/\/agora.xtec.cat\/cfavilaseca\/wp-json\/wp\/v2\/media?parent=2490"}],"curies":[{"name":"wp","href":"https:\/\/api.w.org\/{rel}","templated":true}]}}