{"id":2355,"date":"2025-09-24T11:40:00","date_gmt":"2025-09-24T09:40:00","guid":{"rendered":"https:\/\/agora.xtec.cat\/cfavilaseca\/?page_id=2355"},"modified":"2025-10-01T11:55:17","modified_gmt":"2025-10-01T09:55:17","slug":"proves-actic","status":"publish","type":"page","link":"https:\/\/agora.xtec.cat\/cfavilaseca\/proves-actic\/","title":{"rendered":"Proves ACTIC"},"content":{"rendered":"<p>Informaci\u00f3 sobre el procediment de les proves:<\/p>\n<p><a href=\"https:\/\/actic.gencat.cat\/ca\/detall\/article\/Info_detall-Procediment\">https:\/\/actic.gencat.cat\/ca\/detall\/article\/Info_detall-Procediment<\/a><\/p>\n<p>Calendari proves ACTIC per al curs 2025-2026 al CFA Vila-seca:<\/p>\n<table style=\"width: 95.8828%; height: 322px;\">\n<tbody>\n<tr>\n<td style=\"width: 56.6142%; text-align: center;\"><span style=\"font-weight: 400;\">Data<\/span><\/td>\n<td style=\"width: 22.8083%; text-align: center;\"><span style=\"font-weight: 400;\">Places ofertes<\/span><\/td>\n<td style=\"width: 99.4128%; text-align: center;\"><span style=\"font-weight: 400;\">Horari inici proves<\/span><\/td>\n<\/tr>\n<tr>\n<td style=\"width: 56.6142%; text-align: center;\"><span style=\"font-weight: 400;\">22 de setembre de 2025<\/span><\/td>\n<td style=\"width: 22.8083%; text-align: center;\"><span style=\"font-weight: 400;\">5<\/span><\/td>\n<td style=\"width: 99.4128%; text-align: center;\"><span style=\"font-weight: 400;\">11:30h<\/span><\/td>\n<\/tr>\n<tr>\n<td style=\"width: 56.6142%; text-align: center;\"><span style=\"font-weight: 400;\">20 d\u2019octubre de 2025<\/span><\/td>\n<td style=\"width: 22.8083%; text-align: center;\"><span style=\"font-weight: 400;\">5<\/span><\/td>\n<td style=\"width: 99.4128%; text-align: center;\"><span style=\"font-weight: 400;\">11:30h<\/span><\/td>\n<\/tr>\n<tr>\n<td style=\"width: 56.6142%; text-align: center;\"><span style=\"font-weight: 400;\">17 de novembre de 2025<\/span><\/td>\n<td style=\"width: 22.8083%; text-align: center;\"><span style=\"font-weight: 400;\">5<\/span><\/td>\n<td style=\"width: 99.4128%; text-align: center;\"><span style=\"font-weight: 400;\">11:30h<\/span><\/td>\n<\/tr>\n<tr>\n<td style=\"width: 56.6142%; text-align: center;\"><span style=\"font-weight: 400;\">15 desembre de 2025<\/span><\/td>\n<td style=\"width: 22.8083%; text-align: center;\"><span style=\"font-weight: 400;\">5<\/span><\/td>\n<td style=\"width: 99.4128%; text-align: center;\"><span style=\"font-weight: 400;\">11:30h<\/span><\/td>\n<\/tr>\n<tr>\n<td style=\"width: 56.6142%; text-align: center;\"><span style=\"font-weight: 400;\">12 de gener de 2026<\/span><\/td>\n<td style=\"width: 22.8083%; text-align: center;\"><span style=\"font-weight: 400;\">5<\/span><\/td>\n<td style=\"width: 99.4128%; text-align: center;\"><span style=\"font-weight: 400;\">11:30h<\/span><\/td>\n<\/tr>\n<tr>\n<td style=\"width: 56.6142%; text-align: center;\">9 de febrer 2026<\/td>\n<td style=\"width: 22.8083%; text-align: center;\"><span style=\"font-weight: 400;\">5<\/span><\/td>\n<td style=\"width: 99.4128%; text-align: center;\"><span style=\"font-weight: 400;\">11:30h<br \/>\n<\/span><\/td>\n<\/tr>\n<tr>\n<td style=\"width: 56.6142%; text-align: center;\"><span style=\"font-weight: 400;\">23 d&#8217;abril de 2026<\/span><\/td>\n<td style=\"width: 22.8083%; text-align: center;\"><span style=\"font-weight: 400;\">5<\/span><\/td>\n<td style=\"width: 99.4128%; text-align: center;\"><span style=\"font-weight: 400;\">11:30h<br \/>\n<\/span><\/td>\n<\/tr>\n<tr>\n<td style=\"width: 56.6142%; text-align: center;\"><span style=\"font-weight: 400;\">18 de maig de 2026<\/span><\/td>\n<td style=\"width: 22.8083%; text-align: center;\"><span style=\"font-weight: 400;\">5<\/span><\/td>\n<td style=\"width: 99.4128%; text-align: center;\"><span style=\"font-weight: 400;\">11:30h<\/span><\/td>\n<\/tr>\n<tr>\n<td style=\"width: 56.6142%; text-align: center;\"><span style=\"font-weight: 400;\">8 de juny de 2026<\/span><\/td>\n<td style=\"width: 22.8083%; text-align: center;\"><span style=\"font-weight: 400;\">5<\/span><\/td>\n<td style=\"width: 99.4128%; text-align: center;\"><span style=\"font-weight: 400;\">11:30h<\/span><\/td>\n<\/tr>\n<\/tbody>\n<\/table>\n<p>La inscripci\u00f3 a la prova es pot fer a trav\u00e9s del seg\u00fcent enlla\u00e7:<\/p>\n<p><a href=\"https:\/\/actic.gencat.cat\/\">https:\/\/actic.gencat.cat\/<\/a><\/p>\n","protected":false},"excerpt":{"rendered":"<p>Informaci\u00f3 sobre el procediment de les proves: https:\/\/actic.gencat.cat\/ca\/detall\/article\/Info_detall-Procediment Calendari proves ACTIC per al curs 2025-2026 al CFA Vila-seca: Data Places ofertes Horari inici proves 22 de setembre de 2025 5 11:30h 20 d\u2019octubre de 2025 5 11:30h 17 de novembre de 2025 5 11:30h 15 desembre de 2025 5 11:30h 12 de gener de 2026 [&hellip;]<\/p>\n","protected":false},"author":1,"featured_media":0,"parent":0,"menu_order":0,"comment_status":"closed","ping_status":"closed","template":"","meta":{"_bbp_topic_count":0,"_bbp_reply_count":0,"_bbp_total_topic_count":0,"_bbp_total_reply_count":0,"_bbp_voice_count":0,"_bbp_anonymous_reply_count":0,"_bbp_topic_count_hidden":0,"_bbp_reply_count_hidden":0,"_bbp_forum_subforum_count":0,"site-sidebar-layout":"default","site-content-layout":"","ast-site-content-layout":"default","site-content-style":"default","site-sidebar-style":"default","ast-global-header-display":"","ast-banner-title-visibility":"","ast-main-header-display":"","ast-hfb-above-header-display":"","ast-hfb-below-header-display":"","ast-hfb-mobile-header-display":"","site-post-title":"","ast-breadcrumbs-content":"","ast-featured-img":"","footer-sml-layout":"","theme-transparent-header-meta":"","adv-header-id-meta":"","stick-header-meta":"","header-above-stick-meta":"","header-main-stick-meta":"","header-below-stick-meta":"","astra-migrate-meta-layouts":"set","ast-page-background-enabled":"default","ast-page-background-meta":{"desktop":{"background-color":"var(--ast-global-color-4)","background-image":"","background-repeat":"repeat","background-position":"center center","background-size":"auto","background-attachment":"scroll","background-type":"","background-media":"","overlay-type":"","overlay-color":"","overlay-opacity":"","overlay-gradient":""},"tablet":{"background-color":"","background-image":"","background-repeat":"repeat","background-position":"center center","background-size":"auto","background-attachment":"scroll","background-type":"","background-media":"","overlay-type":"","overlay-color":"","overlay-opacity":"","overlay-gradient":""},"mobile":{"background-color":"","background-image":"","background-repeat":"repeat","background-position":"center center","background-size":"auto","background-attachment":"scroll","background-type":"","background-media":"","overlay-type":"","overlay-color":"","overlay-opacity":"","overlay-gradient":""}},"ast-content-background-meta":{"desktop":{"background-color":"var(--ast-global-color-5)","background-image":"","background-repeat":"repeat","background-position":"center center","background-size":"auto","background-attachment":"scroll","background-type":"","background-media":"","overlay-type":"","overlay-color":"","overlay-opacity":"","overlay-gradient":""},"tablet":{"background-color":"var(--ast-global-color-5)","background-image":"","background-repeat":"repeat","background-position":"center center","background-size":"auto","background-attachment":"scroll","background-type":"","background-media":"","overlay-type":"","overlay-color":"","overlay-opacity":"","overlay-gradient":""},"mobile":{"background-color":"var(--ast-global-color-5)","background-image":"","background-repeat":"repeat","background-position":"center center","background-size":"auto","background-attachment":"scroll","background-type":"","background-media":"","overlay-type":"","overlay-color":"","overlay-opacity":"","overlay-gradient":""}},"footnotes":""},"class_list":["post-2355","page","type-page","status-publish","hentry"],"post_mailing_queue_ids":[],"_links":{"self":[{"href":"https:\/\/agora.xtec.cat\/cfavilaseca\/wp-json\/wp\/v2\/pages\/2355","targetHints":{"allow":["GET"]}}],"collection":[{"href":"https:\/\/agora.xtec.cat\/cfavilaseca\/wp-json\/wp\/v2\/pages"}],"about":[{"href":"https:\/\/agora.xtec.cat\/cfavilaseca\/wp-json\/wp\/v2\/types\/page"}],"author":[{"embeddable":true,"href":"https:\/\/agora.xtec.cat\/cfavilaseca\/wp-json\/wp\/v2\/users\/1"}],"replies":[{"embeddable":true,"href":"https:\/\/agora.xtec.cat\/cfavilaseca\/wp-json\/wp\/v2\/comments?post=2355"}],"version-history":[{"count":5,"href":"https:\/\/agora.xtec.cat\/cfavilaseca\/wp-json\/wp\/v2\/pages\/2355\/revisions"}],"predecessor-version":[{"id":2698,"href":"https:\/\/agora.xtec.cat\/cfavilaseca\/wp-json\/wp\/v2\/pages\/2355\/revisions\/2698"}],"wp:attachment":[{"href":"https:\/\/agora.xtec.cat\/cfavilaseca\/wp-json\/wp\/v2\/media?parent=2355"}],"curies":[{"name":"wp","href":"https:\/\/api.w.org\/{rel}","templated":true}]}}