{"id":1740,"date":"2022-04-22T21:55:42","date_gmt":"2022-04-22T19:55:42","guid":{"rendered":"https:\/\/agora.xtec.cat\/cfavilaseca\/?page_id=1740"},"modified":"2023-05-31T11:23:35","modified_gmt":"2023-05-31T09:23:35","slug":"estrategia-digital","status":"publish","type":"page","link":"https:\/\/agora.xtec.cat\/cfavilaseca\/estrategia-digital-de-centre\/estrategia-digital\/","title":{"rendered":"Estrat\u00e8gia digital"},"content":{"rendered":"<p>La part estrat\u00e8gica \u00e9s el conjunt d&#8217;actuacions <span id=\"page5R_mcid24\" class=\"markedContent\"><span dir=\"ltr\" role=\"presentation\">que<\/span><\/span><span id=\"page5R_mcid25\" class=\"markedContent\"> <span dir=\"ltr\" role=\"presentation\">seguim per aconseguir els<\/span><\/span><span id=\"page5R_mcid26\" class=\"markedContent\"> <span dir=\"ltr\" role=\"presentation\">objectius digitalment parlant. Es desenvolupa en <\/span><\/span><span id=\"page5R_mcid27\" class=\"markedContent\"><span dir=\"ltr\" role=\"presentation\">quatre fases:<\/span><\/span><\/p>\n<table class=\" alignleft\" style=\"height: 481px; width: 79.1715%; background-color: #e6e6e6;\" cellspacing=\"2\">\n<tbody>\n<tr style=\"height: 240px;\">\n<td style=\"width: 100%; height: 240px;\">\n<h3><strong>DIAGNOSI <\/strong><\/h3>\n<p>Per fer la diagnosi, la comissi\u00f3 digital del centre ha utilitzat tres recursos durant el curs 2021-2022:<\/p>\n<div class=\"hJDwNd-AhqUyc-OwsYgb purZT-AhqUyc-II5mzb pSzOP-AhqUyc-qWD73c JNdkSc\">\n<div class=\"JNdkSc-SmKAyb\">\n<div class=\"\">\n<div class=\"oKdM2c Kzv0Me\">\n<div id=\"h.1906351bdfe79e74_77\" class=\"hJDwNd-AhqUyc-OwsYgb jXK9ad D2fZ2 OjCsFc wHaque GNzUNc\">\n<div class=\"jXK9ad-SmKAyb\">\n<div class=\"tyJCtd mGzaTb baZpAe\">\n<ul>\n<li style=\"list-style-type: none;\">\n<ul>\n<li style=\"list-style-type: none;\">\n<ul class=\"n8H08c UVNKR\" style=\"list-style-type: circle;\">\n<li class=\"TYR86d wXCUfe zfr3Q\" dir=\"ltr\">\n<p class=\"CDt4Ke zfr3Q\" dir=\"ltr\">Enquestes <a href=\"https:\/\/drive.google.com\/drive\/folders\/1mx84h4KbNMPRaokgcNjcrdbzFCiCDovU\"><em>SELFIE<\/em> <\/a>a l&#8217;alumnat, sectoritzades i adaptades a tres grups d&#8217;alumnat: <a href=\"https:\/\/docs.google.com\/spreadsheets\/d\/1Wcec3lS_6MSvW2Loi9BrfkvSUcAzLqmGjPNBbrTvOFY\/edit#gid=0\">PRIM\u00c0RIA<\/a>, <a href=\"https:\/\/docs.google.com\/spreadsheets\/d\/1ElJJldt9Nt38qOazEiRp2AGQrlHNNCzjJeqT-kbFwQI\/edit#gid=0\">SECUND\u00c0RIA<\/a> i <a href=\"https:\/\/docs.google.com\/spreadsheets\/d\/1U2iyVWIhRvs2mVjbMgCq51KLRCW5LJ9FWVVMJpUbjwM\/edit#gid=0\">ALTRES<\/a>. La participaci\u00f3 ha estat diversa, per\u00f2 en tots els casos ha superat 67% (cas de l&#8217;alumnat d&#8217;ensenyaments equivalents a Prim\u00e0ria, la resta ha estat del 100%).<\/p>\n<\/li>\n<li class=\"TYR86d wXCUfe zfr3Q\" dir=\"ltr\">\n<p class=\"CDt4Ke zfr3Q\" dir=\"ltr\">Enquestes <a href=\"https:\/\/docs.google.com\/forms\/d\/1SnK6NAlkotYdGnY5G8BE3o15LKIVcbu0jv6sjGmPfwk\/edit?usp=sharing\"><em>Gforms<\/em> <\/a>per a la compet\u00e8ncia digital del PROFESSORAT, facilitades per la<a href=\"https:\/\/projectes.xtec.cat\/edc-suport\/\"> mentoria de l&#8217;EDC<\/a>, hi ha participat el 100% del professorat.<\/p>\n<\/li>\n<li class=\"TYR86d wXCUfe zfr3Q\" dir=\"ltr\">Valoraci\u00f3 dels resultats de les enquestes en les reunions de mentoria digital amb la comissi\u00f3 digital del centre.<\/li>\n<\/ul>\n<\/li>\n<\/ul>\n<\/li>\n<\/ul>\n<p class=\"CDt4Ke zfr3Q\" dir=\"ltr\">\u00a0\u00a0\u00a0 A partir de l&#8217;an\u00e0lisi d&#8217;aquestes eines, s&#8217;han detectat els <strong>punts forts<\/strong> i els<strong> punts febles<\/strong> que condueixen a decidir i definir els seg\u00fcents objectius:<\/p>\n<\/div>\n<\/div>\n<\/div>\n<\/div>\n<\/div>\n<\/div>\n<\/div>\n<\/td>\n<\/tr>\n<tr style=\"height: 58px;\">\n<td style=\"width: 100%; height: 58px;\">\n<h3><strong>OBJECTIUS<\/strong><\/h3>\n<p><strong>\u00a0\u00a0 1. Iniciar el coneixement de tecnologies m\u00f2bils a l&#8217;alumnat d\u2019estudis inicials.<\/strong><\/p>\n<ul>\n<li style=\"list-style-type: none;\">\n<ul>\n<li style=\"list-style-type: none;\">\n<ul>\n<li style=\"list-style-type: none;\">\n<ul style=\"list-style-type: circle;\">\n<li>\u00a0<strong><em>Indicador<\/em><\/strong>: grau de millora de les compet\u00e8ncies digitals (mesurat realitzant una enquesta inicial i final i comparativa de resultats).<\/li>\n<\/ul>\n<\/li>\n<\/ul>\n<\/li>\n<\/ul>\n<\/li>\n<\/ul>\n<p><strong>\u00a0\u00a0\u00a0 2. Consolidar l&#8217;\u00fas de l&#8217;EVA del centre com a eina d&#8217;inclusi\u00f3 digital.<\/strong><\/p>\n<ul>\n<li style=\"list-style-type: none;\">\n<ul>\n<li style=\"list-style-type: none;\">\n<ul>\n<li style=\"list-style-type: none;\">\n<ul style=\"list-style-type: circle;\">\n<li>\u00a0<strong><em>Indicador<\/em><\/strong>: nombre d\u2019aules virtuals a l\u2019EVA de centre i relaci\u00f3 entre aquest i les del curs anterior.<\/li>\n<\/ul>\n<\/li>\n<\/ul>\n<\/li>\n<\/ul>\n<\/li>\n<\/ul>\n<p><strong>\u00a0\u00a0\u00a0 3. Incentivar entre els alumnes l&#8217;\u00fas responsable i segur de les noves tecnologies.<\/strong><\/p>\n<ul>\n<li style=\"list-style-type: none;\">\n<ul>\n<li style=\"list-style-type: none;\">\n<ul>\n<li style=\"list-style-type: none;\">\n<ul style=\"list-style-type: circle;\">\n<li>\u00a0<strong><em>Indicador<\/em><\/strong>: enquesta a alumnat inicial i final sobre nocions b\u00e0siques de ciberseguretat i comparativa de resultats.<\/li>\n<\/ul>\n<\/li>\n<\/ul>\n<\/li>\n<\/ul>\n<\/li>\n<\/ul>\n<p><strong>\u00a0\u00a0\u00a0 4. Mantenir les estrat\u00e8gies d&#8217;atenci\u00f3 a l&#8217;alumnat, creant recursos i aplicant metodologies diverses adaptades a les seves necessitats.<\/strong><\/p>\n<ul>\n<li style=\"list-style-type: none;\">\n<ul>\n<li style=\"list-style-type: none;\">\n<ul>\n<li style=\"list-style-type: none;\">\n<ul style=\"list-style-type: circle;\">\n<li>\u00a0<strong><em>Indicador<\/em><\/strong>: enquesta de satisfacci\u00f3 a l&#8217;alumnat en finalitzar el per\u00edode lectiu.<\/li>\n<\/ul>\n<\/li>\n<\/ul>\n<\/li>\n<\/ul>\n<\/li>\n<\/ul>\n<\/td>\n<\/tr>\n<tr style=\"height: 58px;\">\n<td style=\"width: 100%; height: 58px;\">\n<h3><strong>AVALUACI\u00d3<br \/>\n<\/strong><\/h3>\n<p>Per tal d&#8217;avaluar la implementaci\u00f3 de l&#8217;Estrat\u00e8gia digital, a final de cada curs es reuneix la comissi\u00f3 digital i valora l&#8217;assoliment dels objectius, es fa una exposici\u00f3 del que s&#8217;ha assolit i del que no s&#8217;ha assolit, i s&#8217;exposen les propostes de millora. A partir d&#8217;aqu\u00ed, la comissi\u00f3 modifica l&#8217;ECD pel que queda de temps d&#8217;implementaci\u00f3, si s&#8217;escau.<\/td>\n<\/tr>\n<tr style=\"height: 125px;\">\n<td style=\"width: 100%; height: 125px;\">\n<h3><strong>PLANIFICACI\u00d3<\/strong><\/h3>\n<p>&nbsp;<\/p>\n<p><iframe loading=\"lazy\" src=\"https:\/\/agora.xtec.cat\/cfavilaseca\/wp-content\/uploads\/usu1340\/2023\/05\/Estrategia-digital-centre_CFA_Vila-seca-2.pdf\" width=\"800\" height=\"700\"><\/iframe><\/td>\n<\/tr>\n<\/tbody>\n<\/table>\n<p>&nbsp;<\/p>\n<p>&nbsp;<\/p>\n<p>&nbsp;<\/p>\n","protected":false},"excerpt":{"rendered":"<p>La part estrat\u00e8gica \u00e9s el conjunt d&#8217;actuacions que seguim per aconseguir els objectius digitalment parlant. Es desenvolupa en quatre fases: DIAGNOSI Per fer la diagnosi, la comissi\u00f3 digital del centre ha utilitzat tres recursos durant el curs 2021-2022: Enquestes SELFIE a l&#8217;alumnat, sectoritzades i adaptades a tres grups d&#8217;alumnat: PRIM\u00c0RIA, SECUND\u00c0RIA i ALTRES. La participaci\u00f3 [&hellip;]<\/p>\n","protected":false},"author":1,"featured_media":0,"parent":1732,"menu_order":1,"comment_status":"closed","ping_status":"closed","template":"page-templates\/side-menu.php","meta":{"_bbp_topic_count":0,"_bbp_reply_count":0,"_bbp_total_topic_count":0,"_bbp_total_reply_count":0,"_bbp_voice_count":0,"_bbp_anonymous_reply_count":0,"_bbp_topic_count_hidden":0,"_bbp_reply_count_hidden":0,"_bbp_forum_subforum_count":0,"site-sidebar-layout":"default","site-content-layout":"","ast-site-content-layout":"","site-content-style":"default","site-sidebar-style":"default","ast-global-header-display":"","ast-banner-title-visibility":"","ast-main-header-display":"","ast-hfb-above-header-display":"","ast-hfb-below-header-display":"","ast-hfb-mobile-header-display":"","site-post-title":"","ast-breadcrumbs-content":"","ast-featured-img":"","footer-sml-layout":"","theme-transparent-header-meta":"","adv-header-id-meta":"","stick-header-meta":"","header-above-stick-meta":"","header-main-stick-meta":"","header-below-stick-meta":"","astra-migrate-meta-layouts":"default","ast-page-background-enabled":"default","ast-page-background-meta":{"desktop":{"background-color":"var(--ast-global-color-4)","background-image":"","background-repeat":"repeat","background-position":"center center","background-size":"auto","background-attachment":"scroll","background-type":"","background-media":"","overlay-type":"","overlay-color":"","overlay-opacity":"","overlay-gradient":""},"tablet":{"background-color":"","background-image":"","background-repeat":"repeat","background-position":"center center","background-size":"auto","background-attachment":"scroll","background-type":"","background-media":"","overlay-type":"","overlay-color":"","overlay-opacity":"","overlay-gradient":""},"mobile":{"background-color":"","background-image":"","background-repeat":"repeat","background-position":"center center","background-size":"auto","background-attachment":"scroll","background-type":"","background-media":"","overlay-type":"","overlay-color":"","overlay-opacity":"","overlay-gradient":""}},"ast-content-background-meta":{"desktop":{"background-color":"var(--ast-global-color-5)","background-image":"","background-repeat":"repeat","background-position":"center center","background-size":"auto","background-attachment":"scroll","background-type":"","background-media":"","overlay-type":"","overlay-color":"","overlay-opacity":"","overlay-gradient":""},"tablet":{"background-color":"var(--ast-global-color-5)","background-image":"","background-repeat":"repeat","background-position":"center center","background-size":"auto","background-attachment":"scroll","background-type":"","background-media":"","overlay-type":"","overlay-color":"","overlay-opacity":"","overlay-gradient":""},"mobile":{"background-color":"var(--ast-global-color-5)","background-image":"","background-repeat":"repeat","background-position":"center center","background-size":"auto","background-attachment":"scroll","background-type":"","background-media":"","overlay-type":"","overlay-color":"","overlay-opacity":"","overlay-gradient":""}},"footnotes":""},"class_list":["post-1740","page","type-page","status-publish","hentry"],"post_mailing_queue_ids":[],"_links":{"self":[{"href":"https:\/\/agora.xtec.cat\/cfavilaseca\/wp-json\/wp\/v2\/pages\/1740","targetHints":{"allow":["GET"]}}],"collection":[{"href":"https:\/\/agora.xtec.cat\/cfavilaseca\/wp-json\/wp\/v2\/pages"}],"about":[{"href":"https:\/\/agora.xtec.cat\/cfavilaseca\/wp-json\/wp\/v2\/types\/page"}],"author":[{"embeddable":true,"href":"https:\/\/agora.xtec.cat\/cfavilaseca\/wp-json\/wp\/v2\/users\/1"}],"replies":[{"embeddable":true,"href":"https:\/\/agora.xtec.cat\/cfavilaseca\/wp-json\/wp\/v2\/comments?post=1740"}],"version-history":[{"count":3,"href":"https:\/\/agora.xtec.cat\/cfavilaseca\/wp-json\/wp\/v2\/pages\/1740\/revisions"}],"predecessor-version":[{"id":2131,"href":"https:\/\/agora.xtec.cat\/cfavilaseca\/wp-json\/wp\/v2\/pages\/1740\/revisions\/2131"}],"up":[{"embeddable":true,"href":"https:\/\/agora.xtec.cat\/cfavilaseca\/wp-json\/wp\/v2\/pages\/1732"}],"wp:attachment":[{"href":"https:\/\/agora.xtec.cat\/cfavilaseca\/wp-json\/wp\/v2\/media?parent=1740"}],"curies":[{"name":"wp","href":"https:\/\/api.w.org\/{rel}","templated":true}]}}