{"id":1732,"date":"2022-04-22T21:41:51","date_gmt":"2022-04-22T19:41:51","guid":{"rendered":"https:\/\/agora.xtec.cat\/cfavilaseca\/?page_id=1732"},"modified":"2022-06-02T13:40:12","modified_gmt":"2022-06-02T11:40:12","slug":"estrategia-digital-de-centre","status":"publish","type":"page","link":"https:\/\/agora.xtec.cat\/cfavilaseca\/estrategia-digital-de-centre\/","title":{"rendered":"Estrat\u00e8gia digital de centre (EDC)"},"content":{"rendered":"<p style=\"text-align: left;\"><span id=\"page5R_mcid1\" class=\"markedContent\"><span dir=\"ltr\" role=\"presentation\"> En l&#8217;estrat\u00e8gia digital de centre (EDC) s&#8217;executen un conjunt d&#8217;actuacions que possibiliten que <\/span><\/span><span id=\"page5R_mcid2\" class=\"markedContent\"><span dir=\"ltr\" role=\"presentation\">docents, alumnat i centre assoleixin la compet\u00e8ncia digital. Es divideix en dues parts:<br \/>\n<\/span><\/span><\/p>\n<table class=\" alignleft\" style=\"height: 310px; width: 98.827%; border-collapse: collapse; background-color: #fcfcfc; border-style: solid; border-color: #20405e;\">\n<tbody>\n<tr style=\"height: 33px;\">\n<td style=\"width: 47.3142%; height: 33px; border-style: dotted; text-align: center; border-color: #424242; background-color: #ebe8e8;\">\n<h1><a href=\"https:\/\/agora.xtec.cat\/cfavilaseca\/estrategia-digital-de-centre-proposta1-esborrany\/estrategia-digital\">ESTRAT\u00c8GIA DIGITAL<\/a><strong><br \/>\n<\/strong><\/h1>\n<\/td>\n<td style=\"width: 80.4972%; height: 33px; border-style: dotted; text-align: center; border-color: #424242; background-color: #ebe8e8;\">\n<h1><a href=\"https:\/\/agora.xtec.cat\/cfavilaseca\/estrategia-digital-de-centre-proposta1-esborrany\/cultura-digital\">CULTURA DIGITAL<\/a><\/h1>\n<\/td>\n<\/tr>\n<tr style=\"height: 106px;\">\n<td style=\"width: 47.3142%; height: 49px; border-style: dotted; border-color: #424242; background-color: #ffffff;\">La part estrat\u00e8gica \u00e9s el conjunt d&#8217;actuacions <span id=\"page5R_mcid24\" class=\"markedContent\"><span dir=\"ltr\" role=\"presentation\">que<\/span><\/span><span id=\"page5R_mcid25\" class=\"markedContent\"> <span dir=\"ltr\" role=\"presentation\">seguim per aconseguir els<\/span><\/span><span id=\"page5R_mcid26\" class=\"markedContent\"> <span dir=\"ltr\" role=\"presentation\">objectius, digitalment parlant. Consta de<\/span><\/span><span id=\"page5R_mcid27\" class=\"markedContent\"> <span dir=\"ltr\" role=\"presentation\">quatre fases: <\/span><\/span><\/td>\n<td style=\"width: 80.4972%; height: 49px; border-style: dotted; border-color: #424242; background-color: #ffffff;\"><span id=\"page5R_mcid36\" class=\"markedContent\"><span dir=\"ltr\" role=\"presentation\">En aquest apartat es recullen tots els documents del centre que fan refer\u00e8ncia a aspectes de la cultura digital. S&#8217;estructura en funci\u00f3 de dos \u00e0mbits:<br \/>\n<\/span><\/span><\/td>\n<\/tr>\n<tr style=\"height: 32px;\">\n<td style=\"height: 57px; border-style: dotted; border-color: #424242; width: 47.3142%; background-color: #ffffff;\">\n<ul>\n<li style=\"list-style-type: none;\">\n<ul>\n<li style=\"list-style-type: none;\">\n<ul>\n<li>Diagnosi<\/li>\n<\/ul>\n<\/li>\n<\/ul>\n<\/li>\n<\/ul>\n<\/td>\n<td style=\"height: 57px; border-style: dotted; border-color: #424242; width: 80.4972%; background-color: #ffffff;\" rowspan=\"2\">\n<ul>\n<li style=\"list-style-type: none;\">\n<ul>\n<li style=\"list-style-type: none;\">\n<ul>\n<li>Alumnat<\/li>\n<\/ul>\n<\/li>\n<\/ul>\n<\/li>\n<\/ul>\n<\/td>\n<\/tr>\n<tr style=\"height: 32px;\">\n<td style=\"height: 57px; border-style: dotted; border-color: #424242; width: 47.3142%; background-color: #ffffff;\">\n<ul>\n<li style=\"list-style-type: none;\">\n<ul>\n<li style=\"list-style-type: none;\">\n<ul>\n<li>Objectius<\/li>\n<\/ul>\n<\/li>\n<\/ul>\n<\/li>\n<\/ul>\n<\/td>\n<\/tr>\n<tr style=\"height: 32px;\">\n<td style=\"height: 57px; border-style: dotted; border-color: #424242; width: 47.3142%; background-color: #ffffff;\">\n<ul>\n<li style=\"list-style-type: none;\">\n<ul>\n<li style=\"list-style-type: none;\">\n<ul>\n<li>Planificaci\u00f3<\/li>\n<\/ul>\n<\/li>\n<\/ul>\n<\/li>\n<\/ul>\n<\/td>\n<td style=\"height: 57px; border-style: dotted; border-color: #424242; background-color: #ffffff; width: 80.4972%;\" rowspan=\"2\">\n<ul>\n<li style=\"list-style-type: none;\">\n<ul>\n<li style=\"list-style-type: none;\">\n<ul>\n<li>Centre i professorat<\/li>\n<\/ul>\n<\/li>\n<\/ul>\n<\/li>\n<\/ul>\n<\/td>\n<\/tr>\n<tr style=\"height: 32px;\">\n<td style=\"height: 57px; border-style: dotted; border-color: #424242; width: 47.3142%; background-color: #ffffff;\">\n<ul>\n<li style=\"list-style-type: none;\">\n<ul>\n<li style=\"list-style-type: none;\">\n<ul>\n<li>Avaluaci\u00f3 i millora<\/li>\n<\/ul>\n<\/li>\n<\/ul>\n<\/li>\n<\/ul>\n<\/td>\n<\/tr>\n<\/tbody>\n<\/table>\n","protected":false},"excerpt":{"rendered":"<p>En l&#8217;estrat\u00e8gia digital de centre (EDC) s&#8217;executen un conjunt d&#8217;actuacions que possibiliten que docents, alumnat i centre assoleixin la compet\u00e8ncia digital. Es divideix en dues parts: ESTRAT\u00c8GIA DIGITAL CULTURA DIGITAL La part estrat\u00e8gica \u00e9s el conjunt d&#8217;actuacions que seguim per aconseguir els objectius, digitalment parlant. Consta de quatre fases: En aquest apartat es recullen tots [&hellip;]<\/p>\n","protected":false},"author":1,"featured_media":0,"parent":0,"menu_order":5,"comment_status":"closed","ping_status":"closed","template":"page-templates\/side-menu.php","meta":{"_bbp_topic_count":0,"_bbp_reply_count":0,"_bbp_total_topic_count":0,"_bbp_total_reply_count":0,"_bbp_voice_count":0,"_bbp_anonymous_reply_count":0,"_bbp_topic_count_hidden":0,"_bbp_reply_count_hidden":0,"_bbp_forum_subforum_count":0,"site-sidebar-layout":"default","site-content-layout":"","ast-site-content-layout":"","site-content-style":"default","site-sidebar-style":"default","ast-global-header-display":"","ast-banner-title-visibility":"","ast-main-header-display":"","ast-hfb-above-header-display":"","ast-hfb-below-header-display":"","ast-hfb-mobile-header-display":"","site-post-title":"","ast-breadcrumbs-content":"","ast-featured-img":"","footer-sml-layout":"","theme-transparent-header-meta":"","adv-header-id-meta":"","stick-header-meta":"","header-above-stick-meta":"","header-main-stick-meta":"","header-below-stick-meta":"","astra-migrate-meta-layouts":"default","ast-page-background-enabled":"default","ast-page-background-meta":{"desktop":{"background-color":"var(--ast-global-color-4)","background-image":"","background-repeat":"repeat","background-position":"center center","background-size":"auto","background-attachment":"scroll","background-type":"","background-media":"","overlay-type":"","overlay-color":"","overlay-opacity":"","overlay-gradient":""},"tablet":{"background-color":"","background-image":"","background-repeat":"repeat","background-position":"center center","background-size":"auto","background-attachment":"scroll","background-type":"","background-media":"","overlay-type":"","overlay-color":"","overlay-opacity":"","overlay-gradient":""},"mobile":{"background-color":"","background-image":"","background-repeat":"repeat","background-position":"center center","background-size":"auto","background-attachment":"scroll","background-type":"","background-media":"","overlay-type":"","overlay-color":"","overlay-opacity":"","overlay-gradient":""}},"ast-content-background-meta":{"desktop":{"background-color":"var(--ast-global-color-5)","background-image":"","background-repeat":"repeat","background-position":"center center","background-size":"auto","background-attachment":"scroll","background-type":"","background-media":"","overlay-type":"","overlay-color":"","overlay-opacity":"","overlay-gradient":""},"tablet":{"background-color":"var(--ast-global-color-5)","background-image":"","background-repeat":"repeat","background-position":"center center","background-size":"auto","background-attachment":"scroll","background-type":"","background-media":"","overlay-type":"","overlay-color":"","overlay-opacity":"","overlay-gradient":""},"mobile":{"background-color":"var(--ast-global-color-5)","background-image":"","background-repeat":"repeat","background-position":"center center","background-size":"auto","background-attachment":"scroll","background-type":"","background-media":"","overlay-type":"","overlay-color":"","overlay-opacity":"","overlay-gradient":""}},"footnotes":""},"class_list":["post-1732","page","type-page","status-publish","hentry"],"post_mailing_queue_ids":[],"_links":{"self":[{"href":"https:\/\/agora.xtec.cat\/cfavilaseca\/wp-json\/wp\/v2\/pages\/1732","targetHints":{"allow":["GET"]}}],"collection":[{"href":"https:\/\/agora.xtec.cat\/cfavilaseca\/wp-json\/wp\/v2\/pages"}],"about":[{"href":"https:\/\/agora.xtec.cat\/cfavilaseca\/wp-json\/wp\/v2\/types\/page"}],"author":[{"embeddable":true,"href":"https:\/\/agora.xtec.cat\/cfavilaseca\/wp-json\/wp\/v2\/users\/1"}],"replies":[{"embeddable":true,"href":"https:\/\/agora.xtec.cat\/cfavilaseca\/wp-json\/wp\/v2\/comments?post=1732"}],"version-history":[{"count":3,"href":"https:\/\/agora.xtec.cat\/cfavilaseca\/wp-json\/wp\/v2\/pages\/1732\/revisions"}],"predecessor-version":[{"id":1864,"href":"https:\/\/agora.xtec.cat\/cfavilaseca\/wp-json\/wp\/v2\/pages\/1732\/revisions\/1864"}],"wp:attachment":[{"href":"https:\/\/agora.xtec.cat\/cfavilaseca\/wp-json\/wp\/v2\/media?parent=1732"}],"curies":[{"name":"wp","href":"https:\/\/api.w.org\/{rel}","templated":true}]}}