{"id":1704,"date":"2025-04-01T11:57:00","date_gmt":"2025-04-01T09:57:00","guid":{"rendered":"https:\/\/agora.xtec.cat\/cfavilaseca\/?page_id=1704"},"modified":"2025-07-16T23:19:40","modified_gmt":"2025-07-16T21:19:40","slug":"informacio-matricula-i-preinscripcio","status":"publish","type":"page","link":"https:\/\/agora.xtec.cat\/cfavilaseca\/curs-2025-2026\/informacio-matricula-i-preinscripcio\/","title":{"rendered":"2025-2026 Informaci\u00f3 matr\u00edcula (alumnat NOU)"},"content":{"rendered":"<p style=\"text-align: center;\"><a href=\"https:\/\/agora.xtec.cat\/cfavilaseca\/wp-content\/uploads\/usu1340\/2024\/06\/Flyer-1.png\"><img loading=\"lazy\" decoding=\"async\" class=\"aligncenter size-full wp-image-2477\" src=\"https:\/\/agora.xtec.cat\/cfavilaseca\/wp-content\/uploads\/usu1340\/2024\/06\/Flyer-1.png\" alt=\"\" width=\"2000\" height=\"1409\" \/><\/a><\/p>\n<p><b>Instruccions MATR\u00cdCULA de confirmaci\u00f3 de pla\u00e7a<\/b><\/p>\n<p>L\u2019alumnat adm\u00e8s en preinscripci\u00f3 i estudis amb places vacants, podran confirmar la matr\u00edcula del <strong>2-9 de setembre <\/strong>mitjan\u00e7ant el pagament de l\u2019aportaci\u00f3 de material:<\/p>\n<ol>\n<li aria-level=\"1\">O b\u00e9 fer un\u00a0<b>ingr\u00e9s o transfer\u00e8ncia<\/b>\u00a0banc\u00e0ria de l\u2019import d\u2019aportaci\u00f3 de material corresponent al curs al qual us voleu matricular al compte del CFA Vila-seca (CaixaBank).:<\/li>\n<\/ol>\n<p><b>\u00a0 \u00a0 \u00a0 \u00a0 \u00a0 \u00a0 \u00a0 \u00a0 \u00a0 \u00a0 \u00a0 \u00a0 \u00a0 \u00a0 \u00a0 \u00a0 \u00a0 \u00a0 \u00a0 N\u00ba de compte:<\/b><em><strong>\u00a0ES91 2100 0154 4302 0045 0108<\/strong><\/em><\/p>\n<p><b>\u00a0 \u00a0 \u00a0 \u00a0 \u00a0 \u00a0 \u00a0Concepte:<\/b>\u00a0COGNOM_NOM_CURS.\u00a0<i>(Exemple concepte transfer\u00e8ncia: smith_john_COMP1)<\/i><\/p>\n<p>RECORDAR D\u2019ENVIAR EL JUSTIFICANT DE PAGAMENT PER TAL QUE QUEDI CONST\u00c0NCIA AL CORREU:<\/p>\n<p><a href=\"mailto:secretaria@cfavilaseca.com\"><i> secretaria@cfavilaseca.com<\/i><\/a><\/p>\n<p>2. O b\u00e9 fer el pagament en efectiu al centre del <strong>2-9 de setembre<\/strong>\u00a0en horari d\u2019atenci\u00f3 al p\u00fablic, sense cita pr\u00e8via, de\u00a0<b>9h a 14:00h<\/b>.<\/p>\n<p><b>Recordatori aportacions de material 2025-2026<\/b><\/p>\n<p>Ensenyaments inicials (castell\u00e0, catal\u00e0): 20 \u20ac<\/p>\n<p>Ensenyaments b\u00e0sics (GESO): 30 \u20ac<\/p>\n<p>COMPETIC: 40 \u20ac<\/p>\n<p>Angl\u00e8s funcional: 40 \u20ac<\/p>\n<p>PACFGS: 40 \u20ac<\/p>\n<p>En cas de cursar m\u00e9s d\u2019un ensenyament, es far\u00e0 l\u2019aportaci\u00f3 de material corresponent a cadascun dels ensenyaments, tret de l\u2019alumnat del GESO que nom\u00e9s far\u00e0 l\u2019aportaci\u00f3 de material dels estudis de GESO.<\/p>\n<p>A la resta d\u2019ensenyaments l\u2019aportaci\u00f3 ser\u00e0 \u00fanica i anual.<\/p>\n<p>Les aportacions de material que l\u2019alumnat far\u00e0 al centre s\u2019adre\u00e7aran a:<\/p>\n<ul>\n<li aria-level=\"1\">asseguran\u00e7a escolar<\/li>\n<li aria-level=\"1\">activitats, viatges i sortides<\/li>\n<li aria-level=\"1\">fotoc\u00f2pies\/ex\u00e0mens<\/li>\n<li aria-level=\"1\">material fungible d\u2019aula (retoladors, llapis, bol\u00edgrafs, gomes, etc.)<\/li>\n<li aria-level=\"1\">participaci\u00f3 en plans i projectes<\/li>\n<li aria-level=\"1\">actes de cloenda i representaci\u00f3<\/li>\n<li aria-level=\"1\">carpetes i agendes escolars<\/li>\n<li aria-level=\"1\">millora de les instal\u00b7lacions del centre.<\/li>\n<\/ul>\n<p>La matr\u00edcula de l&#8217;alumnat en llista d&#8217;espera o sense preinscripci\u00f3 en estudis amb vacants, la matr\u00edcula es podr\u00e0 realitzar a partir del <strong>10 de setembre.<\/strong><\/p>\n<p>Caldr\u00e0 presentar la <a title=\"Ves al tr\u00e0mit\" href=\"https:\/\/educacio.gencat.cat\/ca\/tramits\/tramits-temes\/preinscripcio-educacio-adults\" target=\"_blank\" rel=\"noopener\"><strong>sol\u00b7licitud de preinscripci\u00f3\u00a0d&#8217;educaci\u00f3 d&#8217;adults<\/strong><\/a> \u00a0i adjuntar-hi la documentaci\u00f3 d&#8217;identificaci\u00f3 o de criteris que correspongui.<\/p>\n<p>Juntament amb la sol\u00b7licitud i en el termini establert, cal presentar la documentaci\u00f3 que identifica la persona sol\u00b7licitant seg\u00fcent:<\/p>\n<ul>\n<li>En tots els casos, original i c\u00f2pia del DNI, NIE o passaport de l&#8217;alumne\/a. Si es tracta d&#8217;estrangers comunitaris, document d&#8217;identitat del pa\u00eds d&#8217;origen.<\/li>\n<\/ul>\n<p>Si l&#8217;alumne\/a \u00e9s menor d&#8217;edat:<\/p>\n<ul>\n<li>L&#8217;original i una c\u00f2pia del certificat electr\u00f2nic de la inscripci\u00f3 de naixement o del llibre de fam\u00edlia o altres documents relatius a la filiaci\u00f3. Si est\u00e0 en situaci\u00f3 d&#8217;acolliment en fam\u00edlia o instituci\u00f3, la resoluci\u00f3 d&#8217;acolliment del Departament de Drets Socials.<\/li>\n<li>L&#8217;original i una c\u00f2pia del DNI de la persona sol\u00b7licitant (pare, mare, tutor\/a o guardador\/a de fet) o si la persona sol\u00b7licitant \u00e9s estrangera, de la targeta de resid\u00e8ncia on consta el NIE o del passaport. Si es tracta d&#8217;estrangers comunitaris, document d&#8217;identitat del pa\u00eds membre de la Uni\u00f3 Europea.<\/li>\n<\/ul>\n<p>De manera extraordin\u00e0ria, les dades d&#8217;identificaci\u00f3 dels alumnes estrangers tamb\u00e9 es poden acreditar amb el document d&#8217;identitat o la documentaci\u00f3 alternativa del pa\u00eds d&#8217;origen que la persona pugui aportar. El director\/a o la persona titular del centre la valora i deixa const\u00e0ncia per escrit de la decisi\u00f3 adoptada.<\/p>\n<p>Segons les circumst\u00e0ncies al\u00b7legades per la persona sol\u00b7licitant, tamb\u00e9 cal presentar:<\/p>\n<ul>\n<li>Persones amb\u00a0<strong>contracte laboral<\/strong>: el document que acrediti la seva afiliaci\u00f3 a la Seguretat Social (si no tenen obligaci\u00f3 d&#8217;estar afiliats, el certificat del familiar titular de l&#8217;empresa i la declaraci\u00f3 dels tutors legals).<\/li>\n<li>Persones en proc\u00e9s d&#8217;obtenci\u00f3 d&#8217;un\u00a0<strong>perm\u00eds de treball<\/strong>: la documentaci\u00f3 acreditativa corresponent.<\/li>\n<li>Esportistes d&#8217;<strong>alt rendiment\u00a0<\/strong>que comparteixen ensenyaments: el certificat acreditatiu expedit pel Consell Catal\u00e0 de l&#8217;Esport.<\/li>\n<li>Persones que han cursat i superat un programa de formaci\u00f3 i inserci\u00f3 (PFI): el certificat en qu\u00e8 consti que l&#8217;han cursat.<\/li>\n<\/ul>\n","protected":false},"excerpt":{"rendered":"<p>Instruccions MATR\u00cdCULA de confirmaci\u00f3 de pla\u00e7a L\u2019alumnat adm\u00e8s en preinscripci\u00f3 i estudis amb places vacants, podran confirmar la matr\u00edcula del 2-9 de setembre mitjan\u00e7ant el pagament de l\u2019aportaci\u00f3 de material: O b\u00e9 fer un\u00a0ingr\u00e9s o transfer\u00e8ncia\u00a0banc\u00e0ria de l\u2019import d\u2019aportaci\u00f3 de material corresponent al curs al qual us voleu matricular al compte del CFA Vila-seca (CaixaBank).: [&hellip;]<\/p>\n","protected":false},"author":1,"featured_media":0,"parent":2334,"menu_order":2,"comment_status":"closed","ping_status":"closed","template":"","meta":{"_bbp_topic_count":0,"_bbp_reply_count":0,"_bbp_total_topic_count":0,"_bbp_total_reply_count":0,"_bbp_voice_count":0,"_bbp_anonymous_reply_count":0,"_bbp_topic_count_hidden":0,"_bbp_reply_count_hidden":0,"_bbp_forum_subforum_count":0,"site-sidebar-layout":"default","site-content-layout":"","ast-site-content-layout":"default","site-content-style":"default","site-sidebar-style":"default","ast-global-header-display":"","ast-banner-title-visibility":"","ast-main-header-display":"","ast-hfb-above-header-display":"","ast-hfb-below-header-display":"","ast-hfb-mobile-header-display":"","site-post-title":"","ast-breadcrumbs-content":"","ast-featured-img":"","footer-sml-layout":"","theme-transparent-header-meta":"","adv-header-id-meta":"","stick-header-meta":"","header-above-stick-meta":"","header-main-stick-meta":"","header-below-stick-meta":"","astra-migrate-meta-layouts":"set","ast-page-background-enabled":"default","ast-page-background-meta":{"desktop":{"background-color":"var(--ast-global-color-4)","background-image":"","background-repeat":"repeat","background-position":"center center","background-size":"auto","background-attachment":"scroll","background-type":"","background-media":"","overlay-type":"","overlay-color":"","overlay-opacity":"","overlay-gradient":""},"tablet":{"background-color":"","background-image":"","background-repeat":"repeat","background-position":"center center","background-size":"auto","background-attachment":"scroll","background-type":"","background-media":"","overlay-type":"","overlay-color":"","overlay-opacity":"","overlay-gradient":""},"mobile":{"background-color":"","background-image":"","background-repeat":"repeat","background-position":"center center","background-size":"auto","background-attachment":"scroll","background-type":"","background-media":"","overlay-type":"","overlay-color":"","overlay-opacity":"","overlay-gradient":""}},"ast-content-background-meta":{"desktop":{"background-color":"var(--ast-global-color-5)","background-image":"","background-repeat":"repeat","background-position":"center center","background-size":"auto","background-attachment":"scroll","background-type":"","background-media":"","overlay-type":"","overlay-color":"","overlay-opacity":"","overlay-gradient":""},"tablet":{"background-color":"var(--ast-global-color-5)","background-image":"","background-repeat":"repeat","background-position":"center center","background-size":"auto","background-attachment":"scroll","background-type":"","background-media":"","overlay-type":"","overlay-color":"","overlay-opacity":"","overlay-gradient":""},"mobile":{"background-color":"var(--ast-global-color-5)","background-image":"","background-repeat":"repeat","background-position":"center center","background-size":"auto","background-attachment":"scroll","background-type":"","background-media":"","overlay-type":"","overlay-color":"","overlay-opacity":"","overlay-gradient":""}},"footnotes":""},"class_list":["post-1704","page","type-page","status-publish","hentry"],"post_mailing_queue_ids":[],"_links":{"self":[{"href":"https:\/\/agora.xtec.cat\/cfavilaseca\/wp-json\/wp\/v2\/pages\/1704","targetHints":{"allow":["GET"]}}],"collection":[{"href":"https:\/\/agora.xtec.cat\/cfavilaseca\/wp-json\/wp\/v2\/pages"}],"about":[{"href":"https:\/\/agora.xtec.cat\/cfavilaseca\/wp-json\/wp\/v2\/types\/page"}],"author":[{"embeddable":true,"href":"https:\/\/agora.xtec.cat\/cfavilaseca\/wp-json\/wp\/v2\/users\/1"}],"replies":[{"embeddable":true,"href":"https:\/\/agora.xtec.cat\/cfavilaseca\/wp-json\/wp\/v2\/comments?post=1704"}],"version-history":[{"count":6,"href":"https:\/\/agora.xtec.cat\/cfavilaseca\/wp-json\/wp\/v2\/pages\/1704\/revisions"}],"predecessor-version":[{"id":2661,"href":"https:\/\/agora.xtec.cat\/cfavilaseca\/wp-json\/wp\/v2\/pages\/1704\/revisions\/2661"}],"up":[{"embeddable":true,"href":"https:\/\/agora.xtec.cat\/cfavilaseca\/wp-json\/wp\/v2\/pages\/2334"}],"wp:attachment":[{"href":"https:\/\/agora.xtec.cat\/cfavilaseca\/wp-json\/wp\/v2\/media?parent=1704"}],"curies":[{"name":"wp","href":"https:\/\/api.w.org\/{rel}","templated":true}]}}