{"id":49,"date":"2014-09-17T16:55:55","date_gmt":"2014-09-17T14:55:55","guid":{"rendered":"http:\/\/agora.xtec.cat\/cfavilafrancadelpenedes\/?page_id=49"},"modified":"2024-04-24T20:27:14","modified_gmt":"2024-04-24T18:27:14","slug":"normes-dorganitzacio-i-funcionament","status":"publish","type":"page","link":"https:\/\/agora.xtec.cat\/cfavilafrancadelpenedes\/el-centre\/normes-dorganitzacio-i-funcionament\/","title":{"rendered":"Documents del centre"},"content":{"rendered":"<h4><strong>2023-2024<\/strong><\/h4>\n<ol>\n<li>\n<pre><a style=\"color: #2795b6;\" href=\"https:\/\/drive.google.com\/file\/d\/1UVEEKczD34OM3qo97FPpDglaIC4JOaCp\/view?usp=sharing\">Normes de conviv\u00e8ncia<\/a><\/pre>\n<\/li>\n<li>\n<pre><a href=\"https:\/\/drive.google.com\/file\/d\/1_uHgI8aUFMr8SXFiZRmDkoNcgEEev7Rh\/view?usp=share_link\">\u00das de patinets i bicicletes dins les instal\u00b7lacions<\/a><\/pre>\n<\/li>\n<li>\n<pre><a href=\"https:\/\/drive.google.com\/file\/d\/1_ygOQ-2aqbW_qKgOKBa6YdTDpCfdxi0g\/view?usp=sharing\">Carta de comprom\u00eds utilitzaci\u00f3 Chromebooks<\/a><\/pre>\n<\/li>\n<li>\n<pre><a href=\"https:\/\/agora.xtec.cat\/cfavilafrancadelpenedes\/secretaria\/horari-de-tutories\/\" target=\"_blank\" rel=\"noopener\">Horaris d'atenci\u00f3 tutorial<\/a><\/pre>\n<\/li>\n<\/ol>\n<p><strong>2022-2023<\/strong><\/p>\n<ol>\n<li>\n<pre><a href=\"https:\/\/drive.google.com\/file\/d\/1qP8MVzzNN6yDIogLGQ9E_QZWvPMe2E26\/view?usp=share_link\">Programaci\u00f3 general anual (PGA)<\/a><\/pre>\n<\/li>\n<li>\n<pre><a href=\"https:\/\/drive.google.com\/file\/d\/1PbXJj8ibvuEqET7IMlXEb_gV6-Ivur59\/view?usp=share_link\">Projecte ling\u00fc\u00edstic del centre (PLC)<\/a><\/pre>\n<\/li>\n<li>\n<pre><a href=\"https:\/\/drive.google.com\/file\/d\/1MFUaEWC_EcjFckek50VcslSZhXtF3mrh\/view?usp=share_link\">Normes de conviv\u00e8ncia<\/a><\/pre>\n<\/li>\n<li>\n<pre><a href=\"https:\/\/drive.google.com\/file\/d\/1_uHgI8aUFMr8SXFiZRmDkoNcgEEev7Rh\/view?usp=share_link\">\u00das de patinets i bicicletes dins les instal\u00b7lacions<\/a><\/pre>\n<\/li>\n<\/ol>\n<h6><strong>2021-2022<\/strong><\/h6>\n<ol>\n<li>\n<pre><a href=\"https:\/\/drive.google.com\/file\/d\/12hCq4CFuyGYIxmLTN8N_876lIjti6tg6\/view?usp=sharing\">Pla d'organitzaci\u00f3 CFA 2021-2022 (amb el nou protocol Covid de gener de 2022)<\/a><\/pre>\n<\/li>\n<li>\n<pre><a href=\"https:\/\/drive.google.com\/file\/d\/1cqwbGmFVKVZ38OOrZzkCmWVtHO78kWmx\/view?usp=sharing\">Programaci\u00f3 general anual (PGA)\u00a0<\/a><\/pre>\n<\/li>\n<\/ol>\n<h6><strong>AUTORITZACIONS<\/strong><\/h6>\n<ol>\n<li>\n<pre>Declaraci\u00f3 responsable majors 18<\/pre>\n<\/li>\n<li>\n<pre>Declaraci\u00f3 responsable menors 18<\/pre>\n<\/li>\n<li>\n<pre>Gesti\u00f3 de casos covid-19 als centre educatius<\/pre>\n<\/li>\n<li>\n<pre>Pla d'actuaci\u00f3 per a centre educatius 2021-2022<\/pre>\n<\/li>\n<\/ol>\n<h5><strong><span class=\"fp-filename\">2020-2021<\/span><\/strong><\/h5>\n<ol>\n<li>\n<pre><a style=\"color: #2795b6;\" href=\"https:\/\/drive.google.com\/file\/d\/1OT8mgTWdZ0wBqW3SiC0KOvCsZ1kfMEfZ\/view?usp=sharing\">Publicaci\u00f3 de l'oferta educativa aprovada juny 2021<\/a><\/pre>\n<\/li>\n<li>\n<pre><span id=\"yui_3_17_2_1_1615493088534_26\" class=\"fp-filename-icon\"><a id=\"yui_3_17_2_1_1615493088534_25\" href=\"https:\/\/educaciodigital.cat\/cfavilafrancadelpenedes\/moodle\/pluginfile.php\/2238\/mod_folder\/content\/0\/COVID-19\/Pla%20organitzaci%C3%B3%20CFA%202020-2021.pdf?forcedownload=1\"><span id=\"yui_3_17_2_1_1615493088534_24\" class=\"fp-filename\">Pla organitzaci\u00f3 CFA 2020-2021.pdf<\/span><\/a><\/span><\/pre>\n<\/li>\n<li>\n<pre><span id=\"yui_3_17_2_1_1615493088534_33\" class=\"fp-filename-icon\"><a id=\"yui_3_17_2_1_1615493088534_32\" href=\"https:\/\/educaciodigital.cat\/cfavilafrancadelpenedes\/moodle\/pluginfile.php\/2238\/mod_folder\/content\/0\/COVID-19\/POC%20Pla%20dobertura%20de%20centre%20CFA%20Vilafranca%20del%20Pened%C3%A8s.pdf?forcedownload=1\"><span id=\"yui_3_17_2_1_1615493088534_31\" class=\"fp-filename\">POC Pla dobertura de centre CFA Vilafranca del Pened\u00e8s.pdf<\/span><\/a><\/span><\/pre>\n<\/li>\n<li>\n<pre><span id=\"yui_3_17_2_1_1615493088534_38\" class=\"fp-filename-icon\"><a id=\"yui_3_17_2_1_1615493088534_37\" href=\"https:\/\/educaciodigital.cat\/cfavilafrancadelpenedes\/moodle\/pluginfile.php\/2238\/mod_folder\/content\/0\/Ensenyaments\/RESOLUCI%C3%93%20ANGL%C3%88S_1403_2018_21_juny.pdf?forcedownload=1\"><span id=\"yui_3_17_2_1_1615493088534_36\" class=\"fp-filename\">RESOLUCI\u00d3 ANGL\u00c8S_1403_2018_21_juny.pdf<\/span><\/a><\/span><\/pre>\n<\/li>\n<li>\n<pre><span id=\"yui_3_17_2_1_1615493088534_43\" class=\"fp-filename-icon\"><a id=\"yui_3_17_2_1_1615493088534_42\" href=\"https:\/\/educaciodigital.cat\/cfavilafrancadelpenedes\/moodle\/pluginfile.php\/2238\/mod_folder\/content\/0\/Preinscripci%C3%B3%20i%20matr%C3%ADcula%202020-21\/RESOLUCI%C3%93%20EDU_576_2020%20de%2028%20febrer.pdf?forcedownload=1\"><span id=\"yui_3_17_2_1_1615493088534_41\" class=\"fp-filename\">RESOLUCI\u00d3 EDU_576_2020 de 28 febrer.pdf<\/span><\/a><\/span><\/pre>\n<\/li>\n<li>\n<pre><span id=\"yui_3_17_2_1_1615493088534_48\" class=\"fp-filename-icon\"><a id=\"yui_3_17_2_1_1615493088534_47\" href=\"https:\/\/educaciodigital.cat\/cfavilafrancadelpenedes\/moodle\/pluginfile.php\/2238\/mod_folder\/content\/0\/Preinscripci%C3%B3%20i%20matr%C3%ADcula%202020-21\/RESOLUCI%C3%93%20EDU_977_2020%20de%208%20de%20maig%20Preinscripci%C3%B3%20i%20matr%C3%ADcula.pdf?forcedownload=1\"><span id=\"yui_3_17_2_1_1615493088534_46\" class=\"fp-filename\">RESOLUCI\u00d3 EDU_977_2020 de 8 de maig Preinscripci\u00f3 i matr\u00edcula.pdf<\/span><\/a><\/span><\/pre>\n<\/li>\n<li>\n<pre><span id=\"yui_3_17_2_1_1615493088534_53\" class=\"fp-filename-icon\"><a id=\"yui_3_17_2_1_1615493088534_52\" href=\"https:\/\/educaciodigital.cat\/cfavilafrancadelpenedes\/moodle\/pluginfile.php\/2238\/mod_folder\/content\/0\/Preinscripci%C3%B3%20i%20matr%C3%ADcula%202020-21\/RESOLUCI%C3%93%20EDU_1130_2020%20de%2019%20de%20maig%20IOC.pdf?forcedownload=1\"><span id=\"yui_3_17_2_1_1615493088534_51\" class=\"fp-filename\">RESOLUCI\u00d3 EDU_1130_2020 de 19 de maig IOC.pdf<\/span><\/a><\/span><\/pre>\n<\/li>\n<\/ol>\n<div id=\"ygtv5\" class=\"ygtvitem\">\n<div id=\"ygtvc5\" class=\"ygtvchildren\">\n<div id=\"ygtv6\" class=\"ygtvitem\"><\/div>\n<\/div>\n<\/div>\n<div id=\"ygtv7\" class=\"ygtvitem\">\n<div id=\"ygtvc7\" class=\"ygtvchildren\">\n<div id=\"ygtv8\" class=\"ygtvitem\">\n<h4><strong><span class=\"fp-filename\">2019-2020<\/span><\/strong><\/h4>\n<p>&nbsp;<\/p>\n<\/div>\n<div id=\"ygtv9\" class=\"ygtvitem\"><\/div>\n<div id=\"ygtv10\" class=\"ygtvitem\"><\/div>\n<\/div>\n<\/div>\n","protected":false},"excerpt":{"rendered":"<p>2023-2024 Normes de conviv\u00e8ncia \u00das de patinets i bicicletes dins les instal\u00b7lacions Carta de comprom\u00eds utilitzaci\u00f3 Chromebooks Horaris d&#8217;atenci\u00f3 tutorial 2022-2023 Programaci\u00f3 general anual (PGA) Projecte ling\u00fc\u00edstic del centre (PLC) Normes de conviv\u00e8ncia \u00das de patinets i bicicletes dins les instal\u00b7lacions 2021-2022 Pla d&#8217;organitzaci\u00f3 CFA 2021-2022 (amb el nou protocol Covid de gener de 2022) [&hellip;]<\/p>\n","protected":false},"author":1,"featured_media":0,"parent":261,"menu_order":12,"comment_status":"closed","ping_status":"closed","template":"page-templates\/side-menu.php","meta":{"_bbp_topic_count":0,"_bbp_reply_count":0,"_bbp_total_topic_count":0,"_bbp_total_reply_count":0,"_bbp_voice_count":0,"_bbp_anonymous_reply_count":0,"_bbp_topic_count_hidden":0,"_bbp_reply_count_hidden":0,"_bbp_forum_subforum_count":0,"site-sidebar-layout":"default","site-content-layout":"","ast-site-content-layout":"","site-content-style":"default","site-sidebar-style":"default","ast-global-header-display":"","ast-banner-title-visibility":"","ast-main-header-display":"","ast-hfb-above-header-display":"","ast-hfb-below-header-display":"","ast-hfb-mobile-header-display":"","site-post-title":"","ast-breadcrumbs-content":"","ast-featured-img":"","footer-sml-layout":"","theme-transparent-header-meta":"","adv-header-id-meta":"","stick-header-meta":"","header-above-stick-meta":"","header-main-stick-meta":"","header-below-stick-meta":"","astra-migrate-meta-layouts":"default","ast-page-background-enabled":"default","ast-page-background-meta":{"desktop":{"background-color":"var(--ast-global-color-4)","background-image":"","background-repeat":"repeat","background-position":"center center","background-size":"auto","background-attachment":"scroll","background-type":"","background-media":"","overlay-type":"","overlay-color":"","overlay-opacity":"","overlay-gradient":""},"tablet":{"background-color":"","background-image":"","background-repeat":"repeat","background-position":"center center","background-size":"auto","background-attachment":"scroll","background-type":"","background-media":"","overlay-type":"","overlay-color":"","overlay-opacity":"","overlay-gradient":""},"mobile":{"background-color":"","background-image":"","background-repeat":"repeat","background-position":"center center","background-size":"auto","background-attachment":"scroll","background-type":"","background-media":"","overlay-type":"","overlay-color":"","overlay-opacity":"","overlay-gradient":""}},"ast-content-background-meta":{"desktop":{"background-color":"var(--ast-global-color-5)","background-image":"","background-repeat":"repeat","background-position":"center center","background-size":"auto","background-attachment":"scroll","background-type":"","background-media":"","overlay-type":"","overlay-color":"","overlay-opacity":"","overlay-gradient":""},"tablet":{"background-color":"var(--ast-global-color-5)","background-image":"","background-repeat":"repeat","background-position":"center center","background-size":"auto","background-attachment":"scroll","background-type":"","background-media":"","overlay-type":"","overlay-color":"","overlay-opacity":"","overlay-gradient":""},"mobile":{"background-color":"var(--ast-global-color-5)","background-image":"","background-repeat":"repeat","background-position":"center center","background-size":"auto","background-attachment":"scroll","background-type":"","background-media":"","overlay-type":"","overlay-color":"","overlay-opacity":"","overlay-gradient":""}},"footnotes":""},"class_list":["post-49","page","type-page","status-publish","hentry"],"post_mailing_queue_ids":[],"_links":{"self":[{"href":"https:\/\/agora.xtec.cat\/cfavilafrancadelpenedes\/wp-json\/wp\/v2\/pages\/49","targetHints":{"allow":["GET"]}}],"collection":[{"href":"https:\/\/agora.xtec.cat\/cfavilafrancadelpenedes\/wp-json\/wp\/v2\/pages"}],"about":[{"href":"https:\/\/agora.xtec.cat\/cfavilafrancadelpenedes\/wp-json\/wp\/v2\/types\/page"}],"author":[{"embeddable":true,"href":"https:\/\/agora.xtec.cat\/cfavilafrancadelpenedes\/wp-json\/wp\/v2\/users\/1"}],"replies":[{"embeddable":true,"href":"https:\/\/agora.xtec.cat\/cfavilafrancadelpenedes\/wp-json\/wp\/v2\/comments?post=49"}],"version-history":[{"count":7,"href":"https:\/\/agora.xtec.cat\/cfavilafrancadelpenedes\/wp-json\/wp\/v2\/pages\/49\/revisions"}],"predecessor-version":[{"id":2890,"href":"https:\/\/agora.xtec.cat\/cfavilafrancadelpenedes\/wp-json\/wp\/v2\/pages\/49\/revisions\/2890"}],"up":[{"embeddable":true,"href":"https:\/\/agora.xtec.cat\/cfavilafrancadelpenedes\/wp-json\/wp\/v2\/pages\/261"}],"wp:attachment":[{"href":"https:\/\/agora.xtec.cat\/cfavilafrancadelpenedes\/wp-json\/wp\/v2\/media?parent=49"}],"curies":[{"name":"wp","href":"https:\/\/api.w.org\/{rel}","templated":true}]}}