{"id":449,"date":"2021-02-07T18:23:25","date_gmt":"2021-02-07T17:23:25","guid":{"rendered":"https:\/\/agora.xtec.cat\/cfavilafrancadelpenedes\/?page_id=449"},"modified":"2024-11-29T16:09:34","modified_gmt":"2024-11-29T15:09:34","slug":"oferta-educativa","status":"publish","type":"page","link":"https:\/\/agora.xtec.cat\/cfavilafrancadelpenedes\/projecte-educatiu\/oferta-educativa\/","title":{"rendered":"Oferta Educativa"},"content":{"rendered":"<ul>\n<li style=\"text-align: left;\">\n<h3><a href=\"http:\/\/www.gencat.cat\/ensenyament\/eac\/pdf\/APA_CA.pdf\" target=\"_blank\" rel=\"noopener\">Guia informativa<\/a><\/h3>\n<\/li>\n<li style=\"text-align: left;\">\n<h3><a href=\"https:\/\/drive.google.com\/file\/d\/1TKYAfCEfCrz1SgZHftd4fMlaLnkr3bQB\/view?usp=sharing\" target=\"_blank\" rel=\"noopener noreferrer\">Infografia itineraris adults<\/a><\/h3>\n<\/li>\n<\/ul>\n<div class=\"etapa\">\n<div>\n<div>\n<div class=\"padding-15\">\n<p><img loading=\"lazy\" decoding=\"async\" class=\"widthResponsive\" src=\"https:\/\/triaeducativa.gencat.cat\/.content\/icones\/img-etapes\/380x285_Adults.png?__scale=w:200,h:150,t:4\" alt=\"\" width=\"200\" height=\"150\" \/><\/p>\n<p style=\"text-align: justify;\">L&#8217;educaci\u00f3 d&#8217;adults compr\u00e8n les activitats d&#8217;aprenentatge que, en el marc d&#8217;aprendre al llarg de tota la vida, permet que les persones desenvolupin les capacitats, enriqueixin els coneixements i millorin les compet\u00e8ncies t\u00e8cniques i professionals. Aix\u00f2 fa que hi participin persones amb objectius diferents, com poden ser obtenir una titulaci\u00f3, posar-se al dia o ampliar els coneixements.<\/p>\n<p style=\"text-align: justify;\">En els centres de formaci\u00f3 d&#8217;adults, les persones de m\u00e9s de 18 anys (o de m\u00e9s de 16 en casos excepcionals) poden estudiar per obtenir el graduat en ESO; fer cursos de formaci\u00f3 instrumental; cursos de preparaci\u00f3 per a les proves d&#8217;acc\u00e9s als cicles formatius de grau mitj\u00e0 i superior o d&#8217;acc\u00e9s a la universitat per a m\u00e9s grans de 25 anys; fer el curs d&#8217;acc\u00e9s a grau mitj\u00e0 (CAM); estudiar angl\u00e8s i franc\u00e8s fins al nivell A2 del MECR i catal\u00e0 i castell\u00e0 fins al nivell B1, i cursar ensenyaments COMPETIC, que equivalen als certificats ACTIC.<\/p>\n<p><img loading=\"lazy\" decoding=\"async\" class=\"aligncenter wp-image-3392\" src=\"https:\/\/agora.xtec.cat\/cfavilafrancadelpenedes\/wp-content\/uploads\/usu2121\/2024\/11\/Captura-300x171.png\" alt=\"\" width=\"1230\" height=\"701\" srcset=\"https:\/\/agora.xtec.cat\/cfavilafrancadelpenedes\/wp-content\/uploads\/usu2121\/2024\/11\/Captura-300x171.png 300w, https:\/\/agora.xtec.cat\/cfavilafrancadelpenedes\/wp-content\/uploads\/usu2121\/2024\/11\/Captura-1024x584.png 1024w, https:\/\/agora.xtec.cat\/cfavilafrancadelpenedes\/wp-content\/uploads\/usu2121\/2024\/11\/Captura-768x438.png 768w, https:\/\/agora.xtec.cat\/cfavilafrancadelpenedes\/wp-content\/uploads\/usu2121\/2024\/11\/Captura.png 1229w\" sizes=\"auto, (max-width: 1230px) 100vw, 1230px\" \/><\/p>\n<hr \/>\n<p><img loading=\"lazy\" decoding=\"async\" class=\"aligncenter  wp-image-3406\" src=\"https:\/\/agora.xtec.cat\/cfavilafrancadelpenedes\/wp-content\/uploads\/usu2121\/2024\/11\/Captura-2.png\" alt=\"\" width=\"1228\" height=\"704\" srcset=\"https:\/\/agora.xtec.cat\/cfavilafrancadelpenedes\/wp-content\/uploads\/usu2121\/2024\/11\/Captura-2.png 1010w, https:\/\/agora.xtec.cat\/cfavilafrancadelpenedes\/wp-content\/uploads\/usu2121\/2024\/11\/Captura-2-300x172.png 300w, https:\/\/agora.xtec.cat\/cfavilafrancadelpenedes\/wp-content\/uploads\/usu2121\/2024\/11\/Captura-2-768x440.png 768w\" sizes=\"auto, (max-width: 1228px) 100vw, 1228px\" \/>&nbsp;<\/p>\n<\/div>\n<\/div>\n<\/div>\n<\/div>\n<p>M\u00e9s informaci\u00f3 al portal d&#8217;orientaci\u00f3 acad\u00e8mica <a href=\"https:\/\/triaeducativa.gencat.cat\/ca\/educacio-adults\/\" target=\"_blank\" rel=\"noopener\">Tria educativa<\/a><\/p>\n","protected":false},"excerpt":{"rendered":"<p>Guia informativa Infografia itineraris adults L&#8217;educaci\u00f3 d&#8217;adults compr\u00e8n les activitats d&#8217;aprenentatge que, en el marc d&#8217;aprendre al llarg de tota la vida, permet que les persones desenvolupin les capacitats, enriqueixin els coneixements i millorin les compet\u00e8ncies t\u00e8cniques i professionals. Aix\u00f2 fa que hi participin persones amb objectius diferents, com poden ser obtenir una titulaci\u00f3, posar-se [&hellip;]<\/p>\n","protected":false},"author":1,"featured_media":0,"parent":57,"menu_order":0,"comment_status":"closed","ping_status":"closed","template":"","meta":{"_bbp_topic_count":0,"_bbp_reply_count":0,"_bbp_total_topic_count":0,"_bbp_total_reply_count":0,"_bbp_voice_count":0,"_bbp_anonymous_reply_count":0,"_bbp_topic_count_hidden":0,"_bbp_reply_count_hidden":0,"_bbp_forum_subforum_count":0,"site-sidebar-layout":"default","site-content-layout":"","ast-site-content-layout":"","site-content-style":"default","site-sidebar-style":"default","ast-global-header-display":"","ast-banner-title-visibility":"","ast-main-header-display":"","ast-hfb-above-header-display":"","ast-hfb-below-header-display":"","ast-hfb-mobile-header-display":"","site-post-title":"","ast-breadcrumbs-content":"","ast-featured-img":"","footer-sml-layout":"","theme-transparent-header-meta":"","adv-header-id-meta":"","stick-header-meta":"","header-above-stick-meta":"","header-main-stick-meta":"","header-below-stick-meta":"","astra-migrate-meta-layouts":"default","ast-page-background-enabled":"default","ast-page-background-meta":{"desktop":{"background-color":"var(--ast-global-color-4)","background-image":"","background-repeat":"repeat","background-position":"center center","background-size":"auto","background-attachment":"scroll","background-type":"","background-media":"","overlay-type":"","overlay-color":"","overlay-opacity":"","overlay-gradient":""},"tablet":{"background-color":"","background-image":"","background-repeat":"repeat","background-position":"center center","background-size":"auto","background-attachment":"scroll","background-type":"","background-media":"","overlay-type":"","overlay-color":"","overlay-opacity":"","overlay-gradient":""},"mobile":{"background-color":"","background-image":"","background-repeat":"repeat","background-position":"center center","background-size":"auto","background-attachment":"scroll","background-type":"","background-media":"","overlay-type":"","overlay-color":"","overlay-opacity":"","overlay-gradient":""}},"ast-content-background-meta":{"desktop":{"background-color":"var(--ast-global-color-5)","background-image":"","background-repeat":"repeat","background-position":"center center","background-size":"auto","background-attachment":"scroll","background-type":"","background-media":"","overlay-type":"","overlay-color":"","overlay-opacity":"","overlay-gradient":""},"tablet":{"background-color":"var(--ast-global-color-5)","background-image":"","background-repeat":"repeat","background-position":"center center","background-size":"auto","background-attachment":"scroll","background-type":"","background-media":"","overlay-type":"","overlay-color":"","overlay-opacity":"","overlay-gradient":""},"mobile":{"background-color":"var(--ast-global-color-5)","background-image":"","background-repeat":"repeat","background-position":"center center","background-size":"auto","background-attachment":"scroll","background-type":"","background-media":"","overlay-type":"","overlay-color":"","overlay-opacity":"","overlay-gradient":""}},"footnotes":""},"class_list":["post-449","page","type-page","status-publish","hentry"],"post_mailing_queue_ids":[],"_links":{"self":[{"href":"https:\/\/agora.xtec.cat\/cfavilafrancadelpenedes\/wp-json\/wp\/v2\/pages\/449","targetHints":{"allow":["GET"]}}],"collection":[{"href":"https:\/\/agora.xtec.cat\/cfavilafrancadelpenedes\/wp-json\/wp\/v2\/pages"}],"about":[{"href":"https:\/\/agora.xtec.cat\/cfavilafrancadelpenedes\/wp-json\/wp\/v2\/types\/page"}],"author":[{"embeddable":true,"href":"https:\/\/agora.xtec.cat\/cfavilafrancadelpenedes\/wp-json\/wp\/v2\/users\/1"}],"replies":[{"embeddable":true,"href":"https:\/\/agora.xtec.cat\/cfavilafrancadelpenedes\/wp-json\/wp\/v2\/comments?post=449"}],"version-history":[{"count":7,"href":"https:\/\/agora.xtec.cat\/cfavilafrancadelpenedes\/wp-json\/wp\/v2\/pages\/449\/revisions"}],"predecessor-version":[{"id":3407,"href":"https:\/\/agora.xtec.cat\/cfavilafrancadelpenedes\/wp-json\/wp\/v2\/pages\/449\/revisions\/3407"}],"up":[{"embeddable":true,"href":"https:\/\/agora.xtec.cat\/cfavilafrancadelpenedes\/wp-json\/wp\/v2\/pages\/57"}],"wp:attachment":[{"href":"https:\/\/agora.xtec.cat\/cfavilafrancadelpenedes\/wp-json\/wp\/v2\/media?parent=449"}],"curies":[{"name":"wp","href":"https:\/\/api.w.org\/{rel}","templated":true}]}}