{"id":4175,"date":"2025-11-06T15:08:45","date_gmt":"2025-11-06T14:08:45","guid":{"rendered":"https:\/\/agora.xtec.cat\/cfavilafrancadelpenedes\/?page_id=4175"},"modified":"2025-11-10T20:40:58","modified_gmt":"2025-11-10T19:40:58","slug":"activitats-culturals-2025-2026","status":"publish","type":"page","link":"https:\/\/agora.xtec.cat\/cfavilafrancadelpenedes\/activitats-culturals-2025-2026\/","title":{"rendered":"El CFA us recomana"},"content":{"rendered":"\n<figure class=\"wp-block-image aligncenter size-large is-resized\"><a href=\"https:\/\/agora.xtec.cat\/cfavilafrancadelpenedes\/wp-content\/uploads\/usu2121\/2025\/11\/image.png\"><img loading=\"lazy\" decoding=\"async\" width=\"1024\" height=\"434\" src=\"https:\/\/agora.xtec.cat\/cfavilafrancadelpenedes\/wp-content\/uploads\/usu2121\/2025\/11\/image-1024x434.png\" alt=\"\" class=\"wp-image-4178\" style=\"width:1200px;height:auto\" srcset=\"https:\/\/agora.xtec.cat\/cfavilafrancadelpenedes\/wp-content\/uploads\/usu2121\/2025\/11\/image-1024x434.png 1024w, https:\/\/agora.xtec.cat\/cfavilafrancadelpenedes\/wp-content\/uploads\/usu2121\/2025\/11\/image-300x127.png 300w, https:\/\/agora.xtec.cat\/cfavilafrancadelpenedes\/wp-content\/uploads\/usu2121\/2025\/11\/image-768x325.png 768w, https:\/\/agora.xtec.cat\/cfavilafrancadelpenedes\/wp-content\/uploads\/usu2121\/2025\/11\/image.png 1147w\" sizes=\"auto, (max-width: 1024px) 100vw, 1024px\" \/><\/a><\/figure>\n\n\n\n<h2 class=\"wp-block-heading\"><strong>Qu\u00e8 \u00e9s el Most Festival?<\/strong><\/h2>\n\n\n\n<p>Most Festival \u00e9s un esdeveniment d\u2019abast internacional que recull la millor producci\u00f3 audiovisual relacionada amb la cultura de la vinya, el vi i el cava. Aix\u00ed mateix, el festival brinda pel bon cinema amb la projecci\u00f3 de pel\u00b7l\u00edcules de grans directors no estrenades comercialment.<\/p>\n\n\n\n<p>Situat al Pened\u00e8s, i des del 2016 tamb\u00e9 al Priorat, dos territoris d\u2019una llarga tradici\u00f3 vin\u00edcola i diversos atractius enotur\u00edstics, el festival vol difondre les arts i les cultures vin\u00edcoles a trav\u00e9s de la creaci\u00f3 audiovisual, aix\u00ed com acostar-se a l\u2019enologia des de totes les vessants possibles, potenciant valors com la qualitat, la diversitat o la implicaci\u00f3 amb el territori.<\/p>\n\n\n\n<p>A m\u00e9s, el Most Festival continua sent pal de paller de les activitats de promoci\u00f3 de la cultura del vi que s\u2019organitzen en ambdues regions durant la celebraci\u00f3 del Dia Europeu de l\u2019Enoturisme (segon diumenge de novembre).<\/p>\n\n\n\n<h2 class=\"wp-block-heading\"><strong>Organitzadors<\/strong><\/h2>\n\n\n\n<p><strong>Vinseum, Museu de les Cultures del Vi de Catalunya<\/strong>&nbsp;(<a href=\"http:\/\/www.vinseum.cat\/\" target=\"_blank\" rel=\"noreferrer noopener\">www.vinseum.cat<\/a>)<br>\u00c9s un museu de 95 anys d\u2019hist\u00f2ria que mant\u00e9 un comprom\u00eds actiu amb la din\u00e0mica cultural, social i econ\u00f2mica de la comarca. Un dels seus objectius \u00e9s difondre la cultura de la vinya, del vi i del cava, a trav\u00e9s d\u2019un enfocament transversal i hol\u00edstic, com a fenomen cultural que \u00e9s. El VINSEUM, reinaugurat el passat novembre de 2024 ha estat guardonat amb el Premi a Millor Museu Europeu del Vi (2024) i reconegut per la Generalitat com Museu d\u2019Inter\u00e8s Nacional.<\/p>\n\n\n\n<p><strong>Cineclub Vilafranca<\/strong>&nbsp;(<a href=\"http:\/\/www.cineclubvila.cat\/ca\">www.cineclubvila.cat<\/a>)<br>A Cineclub Vilafranca fa 50&nbsp;anys que estem bojos pel cine. Som m\u00e9s de 200 socis, per\u00f2 encara en volem ser m\u00e9s. Per defensar el cinema de qualitat i projectar-lo en les millors condicions. Per veure bones pel\u00b7l\u00edcules en companyia. Per fer una copa de vi o de cava mentre parlem dels nostres directors preferits o per recuperar aquells t\u00edtols que ning\u00fa s\u2019ha atrevit a estrenar.<\/p>\n\n\n\n<p><strong><a href=\"https:\/\/www.mostfestival.cat\/programa\/\">Veure tot el programa\u00a0<\/a><\/strong><\/p>\n","protected":false},"excerpt":{"rendered":"<p>Qu\u00e8 \u00e9s el Most Festival? Most Festival \u00e9s un esdeveniment d\u2019abast internacional que recull la millor producci\u00f3 audiovisual relacionada amb la cultura de la vinya, el vi i el cava. Aix\u00ed mateix, el festival brinda pel bon cinema amb la projecci\u00f3 de pel\u00b7l\u00edcules de grans directors no estrenades comercialment. Situat al Pened\u00e8s, i des del [&hellip;]<\/p>\n","protected":false},"author":1,"featured_media":0,"parent":0,"menu_order":0,"comment_status":"closed","ping_status":"close","template":"","meta":{"_bbp_topic_count":0,"_bbp_reply_count":0,"_bbp_total_topic_count":0,"_bbp_total_reply_count":0,"_bbp_voice_count":0,"_bbp_anonymous_reply_count":0,"_bbp_topic_count_hidden":0,"_bbp_reply_count_hidden":0,"_bbp_forum_subforum_count":0,"site-sidebar-layout":"default","site-content-layout":"","ast-site-content-layout":"default","site-content-style":"default","site-sidebar-style":"default","ast-global-header-display":"","ast-banner-title-visibility":"","ast-main-header-display":"","ast-hfb-above-header-display":"","ast-hfb-below-header-display":"","ast-hfb-mobile-header-display":"","site-post-title":"","ast-breadcrumbs-content":"","ast-featured-img":"","footer-sml-layout":"","theme-transparent-header-meta":"","adv-header-id-meta":"","stick-header-meta":"","header-above-stick-meta":"","header-main-stick-meta":"","header-below-stick-meta":"","astra-migrate-meta-layouts":"set","ast-page-background-enabled":"default","ast-page-background-meta":{"desktop":{"background-color":"var(--ast-global-color-4)","background-image":"","background-repeat":"repeat","background-position":"center center","background-size":"auto","background-attachment":"scroll","background-type":"","background-media":"","overlay-type":"","overlay-color":"","overlay-opacity":"","overlay-gradient":""},"tablet":{"background-color":"","background-image":"","background-repeat":"repeat","background-position":"center center","background-size":"auto","background-attachment":"scroll","background-type":"","background-media":"","overlay-type":"","overlay-color":"","overlay-opacity":"","overlay-gradient":""},"mobile":{"background-color":"","background-image":"","background-repeat":"repeat","background-position":"center center","background-size":"auto","background-attachment":"scroll","background-type":"","background-media":"","overlay-type":"","overlay-color":"","overlay-opacity":"","overlay-gradient":""}},"ast-content-background-meta":{"desktop":{"background-color":"var(--ast-global-color-5)","background-image":"","background-repeat":"repeat","background-position":"center center","background-size":"auto","background-attachment":"scroll","background-type":"","background-media":"","overlay-type":"","overlay-color":"","overlay-opacity":"","overlay-gradient":""},"tablet":{"background-color":"var(--ast-global-color-5)","background-image":"","background-repeat":"repeat","background-position":"center center","background-size":"auto","background-attachment":"scroll","background-type":"","background-media":"","overlay-type":"","overlay-color":"","overlay-opacity":"","overlay-gradient":""},"mobile":{"background-color":"var(--ast-global-color-5)","background-image":"","background-repeat":"repeat","background-position":"center center","background-size":"auto","background-attachment":"scroll","background-type":"","background-media":"","overlay-type":"","overlay-color":"","overlay-opacity":"","overlay-gradient":""}},"footnotes":""},"class_list":["post-4175","page","type-page","status-publish","hentry"],"post_mailing_queue_ids":[],"_links":{"self":[{"href":"https:\/\/agora.xtec.cat\/cfavilafrancadelpenedes\/wp-json\/wp\/v2\/pages\/4175","targetHints":{"allow":["GET"]}}],"collection":[{"href":"https:\/\/agora.xtec.cat\/cfavilafrancadelpenedes\/wp-json\/wp\/v2\/pages"}],"about":[{"href":"https:\/\/agora.xtec.cat\/cfavilafrancadelpenedes\/wp-json\/wp\/v2\/types\/page"}],"author":[{"embeddable":true,"href":"https:\/\/agora.xtec.cat\/cfavilafrancadelpenedes\/wp-json\/wp\/v2\/users\/1"}],"replies":[{"embeddable":true,"href":"https:\/\/agora.xtec.cat\/cfavilafrancadelpenedes\/wp-json\/wp\/v2\/comments?post=4175"}],"version-history":[{"count":6,"href":"https:\/\/agora.xtec.cat\/cfavilafrancadelpenedes\/wp-json\/wp\/v2\/pages\/4175\/revisions"}],"predecessor-version":[{"id":4188,"href":"https:\/\/agora.xtec.cat\/cfavilafrancadelpenedes\/wp-json\/wp\/v2\/pages\/4175\/revisions\/4188"}],"wp:attachment":[{"href":"https:\/\/agora.xtec.cat\/cfavilafrancadelpenedes\/wp-json\/wp\/v2\/media?parent=4175"}],"curies":[{"name":"wp","href":"https:\/\/api.w.org\/{rel}","templated":true}]}}