{"id":3676,"date":"2025-04-04T15:54:20","date_gmt":"2025-04-04T13:54:20","guid":{"rendered":"https:\/\/agora.xtec.cat\/cfavilafrancadelpenedes\/?page_id=3676"},"modified":"2025-06-16T08:27:54","modified_gmt":"2025-06-16T06:27:54","slug":"preinscripcio-2024-2025","status":"publish","type":"page","link":"https:\/\/agora.xtec.cat\/cfavilafrancadelpenedes\/preinscripcio-2024-2025\/","title":{"rendered":"Preinscripci\u00f3 2025-2026"},"content":{"rendered":"\n<hr \/>\n<h1 style=\"text-align: center;\"><span style=\"text-decoration: underline;\"><strong>Informaci\u00f3 per a la PREINSCRIPCI\u00d3 al CURS 2025 \/ 2026<\/strong><\/span><\/h1>\n<hr \/>\n<h2 style=\"text-align: center;\">Presentaci\u00f3 de <span style=\"text-decoration: underline; color: #ff6600;\">sol\u00b7licituds<\/span> del <span style=\"text-decoration: underline;\"><span style=\"color: #ff6600; text-decoration: underline;\">dijous 1<\/span><\/span><span style=\"text-decoration: underline; color: #ff6600;\">9 al divendres 27 de juny de 17:00 a 19:00<\/span><\/h2>\n<p style=\"text-align: justify;\">\u00c9s molt important respectar les dates, perqu\u00e8 les sol\u00b7licituds que es presentin fora d&#8217;aquest termini perdran totes les prioritats que haurien pogut tenir a l&#8217;hora d&#8217;obtenir la pla\u00e7a. Els criteris de prioritat serveixen per donar una puntuaci\u00f3 a cada sol\u00b7licitud. D&#8217;aquesta manera s&#8217;estableix l&#8217;ordre d&#8217;acc\u00e9s a les places de cada centre.<\/p>\n<p><strong>Sol\u00b7licituds per emplenar:<\/strong><\/p>\n<table style=\"width: 100%; border-collapse: collapse; background-color: #f5f0f0; text-align: center;\">\n<tbody>\n<tr>\n<td style=\"border: 1px solid #000; background-color: #f0dfdf;\"><a href=\"https:\/\/drive.google.com\/file\/d\/1wtDTrdda-QQOJNDiPoje683RW31Dw7SS\/view?usp=drive_link\" target=\"_blank\" rel=\"noopener\">Angl\u00e8s 1<\/a><\/td>\n<td style=\"border: 1px solid #000; background-color: #f0dfdf;\"><a href=\"https:\/\/drive.google.com\/file\/d\/1zQ7H_t9o9kBXy9zgHjFXiUqlCbeMpvk_\/view?usp=drive_link\" target=\"_blank\" rel=\"noopener\">Angl\u00e8s 2<\/a><\/td>\n<td style=\"border: 1px solid #000; background-color: #f0dfdf;\"><a href=\"https:\/\/drive.google.com\/file\/d\/17XK8LYtJsSokiGbzy1nSNEbRUbNXCDFv\/view?usp=drive_link\" target=\"_blank\" rel=\"noopener\">Angl\u00e8s 3<\/a><\/td>\n<td style=\"border: 1px solid #000; background-color: #f0dfdf;\"><a href=\"https:\/\/drive.google.com\/file\/d\/1rJkgXE4JaGO_issdjLyigG6GbHaSoRZH\/view?usp=drive_link\" target=\"_blank\" rel=\"noopener\">Castell\u00e0 1<\/a><\/td>\n<td style=\"border: 1px solid #000; background-color: #f0dfdf;\"><a href=\"https:\/\/drive.google.com\/file\/d\/1EZB0NUDTn_cMI_ShFDMCI6vxJp6hnMrM\/view?usp=drive_link\" target=\"_blank\" rel=\"noopener\">Castell\u00e0 2<\/a><\/td>\n<td style=\"border: 1px solid #000; background-color: #f0dfdf;\"><a href=\"https:\/\/drive.google.com\/file\/d\/1as13RnXr5-srJEqvjdp_gfcbma8isPeo\/view?usp=drive_link\" target=\"_blank\" rel=\"noopener\">Castell\u00e0 3<\/a><\/td>\n<td style=\"border: 1px solid #000; background-color: #f0dfdf;\"><a href=\"https:\/\/drive.google.com\/file\/d\/1VX-jMalxOlJWd7BaFz1mFMMYmxa9u0L-\/view?usp=drive_link\" target=\"_blank\" rel=\"noopener\">Catal\u00e0 1<\/a><\/td>\n<\/tr>\n<tr>\n<td style=\"border: 1px solid #000; background-color: #f0dfdf;\"><a href=\"https:\/\/drive.google.com\/file\/d\/1QN4ZUmhPp68V563eFiPTjrdVuxJjtSbY\/view?usp=drive_link\" target=\"_blank\" rel=\"noopener\">Catal\u00e0 2<\/a><\/td>\n<td style=\"border: 1px solid #000; background-color: #f0dfdf;\"><a href=\"https:\/\/drive.google.com\/file\/d\/1rRP2IRC6U9Z3guQyHE_xtMaf7jwu9uGM\/view?usp=drive_link\" target=\"_blank\" rel=\"noopener\">Competic 1<\/a><\/td>\n<td style=\"border: 1px solid #000; background-color: #f0dfdf;\"><a href=\"https:\/\/drive.google.com\/file\/d\/1pWdyafT7rj3dFFKZV2zy8UWx4pjCOpOt\/view?usp=drive_link\" target=\"_blank\" rel=\"noopener\">Competic 2<\/a><\/td>\n<td style=\"border: 1px solid #000; background-color: #f0dfdf;\"><a href=\"https:\/\/drive.google.com\/file\/d\/1N3ceVGH1u3PNCnPdMhMbJ56oqL2muCS5\/view?usp=drive_link\" target=\"_blank\" rel=\"noopener\">Competic 3<\/a><\/td>\n<td style=\"border: 1px solid #000; background-color: #f0dfdf;\"><a href=\"https:\/\/drive.google.com\/file\/d\/11FyW7a5A2VhKso6IJ32y16cq1OpYXBSu\/view?usp=drive_link\" target=\"_blank\" rel=\"noopener\">FI 1<\/a><\/td>\n<td style=\"border: 1px solid #000; background-color: #f0dfdf;\"><a href=\"https:\/\/drive.google.com\/file\/d\/1wYNrcggn4Pl9qR6tbjMaV79OvGefyz-I\/view?usp=drive_link\" target=\"_blank\" rel=\"noopener\">FI 2<\/a><\/td>\n<td style=\"border: 1px solid #000; background-color: #f0dfdf;\">\u00a0<\/td>\n<\/tr>\n<tr>\n<td style=\"border: 1px solid #000; background-color: #f0dfdf;\"><a href=\"https:\/\/drive.google.com\/file\/d\/1aBFdTeP2P4rSaWl46oNrJW_UuvO_Z01X\/view?usp=drive_link\" target=\"_blank\" rel=\"noopener\">GESO 1<\/a><\/td>\n<td style=\"border: 1px solid #000; background-color: #f0dfdf;\"><a href=\"https:\/\/drive.google.com\/file\/d\/1Wj6VijKjGRSPywe4xP4AGAuGzWNw5ICx\/view?usp=drive_link\" target=\"_blank\" rel=\"noopener\">GESO 2<\/a><\/td>\n<td style=\"border: 1px solid #000; background-color: #f0dfdf;\"><a href=\"https:\/\/drive.google.com\/file\/d\/1I2S9b-1ZfWS7KFn2trRB7ipHSlhNPsOm\/view?usp=drive_link\" target=\"_blank\" rel=\"noopener\">PACFGS<\/a><\/td>\n<td style=\"border: 1px solid #000; background-color: #f0dfdf;\"><a href=\"https:\/\/drive.google.com\/file\/d\/1v0dDLYGhlI60q9pocAb6IqZ5BnsGTHSk\/view?usp=drive_link\" target=\"_blank\" rel=\"noopener\">U +25\/+45<\/a><\/td>\n<td style=\"border: 1px solid #000; background-color: #f0dfdf;\">\u00a0<\/td>\n<td style=\"border: 1px solid #000; background-color: #f0dfdf;\">\u00a0<\/td>\n<td style=\"border: 1px solid #000; background-color: #f0dfdf;\">\u00a0<\/td>\n<\/tr>\n<\/tbody>\n<\/table>\n<p style=\"text-align: justify;\"><strong>Qu\u00e8 necessito per fer la preinscripci\u00f3?<\/strong><\/p>\n<ul>\n<li>En tots els casos, original i c\u00f2pia del <strong>DNI, NIE o passaport<\/strong> de l&#8217;alumne\/a. Si es tracta d&#8217;estrangers comunitaris, document d&#8217;identitat del pa\u00eds d&#8217;origen.<\/li>\n<\/ul>\n<p>Si l&#8217;alumne\/a \u00e9s <strong>menor d&#8217;edat<\/strong>:<\/p>\n<ul>\n<li>L&#8217;original i una c\u00f2pia del certificat electr\u00f2nic de la inscripci\u00f3 de naixement o del llibre de fam\u00edlia o altres documents relatius a la filiaci\u00f3. Si est\u00e0 en situaci\u00f3 d&#8217;acolliment en fam\u00edlia o instituci\u00f3, la resoluci\u00f3 d&#8217;acolliment del Departament de Drets Socials.<\/li>\n<li>L&#8217;original i una c\u00f2pia del DNI de la persona sol\u00b7licitant (pare, mare, tutor\/a o guardador\/a de fet) o si la persona sol\u00b7licitant \u00e9s estrangera, de la targeta de resid\u00e8ncia on consta el NIE o del passaport. Si es tracta d&#8217;estrangers comunitaris, document d&#8217;identitat del pa\u00eds membre de la Uni\u00f3 Europea.<\/li>\n<\/ul>\n<p>De <strong>manera extraordin\u00e0ria<\/strong>, les dades d&#8217;identificaci\u00f3 dels alumnes estrangers tamb\u00e9 es poden acreditar amb el document d&#8217;identitat o la documentaci\u00f3 alternativa del pa\u00eds d&#8217;origen que la persona pugui aportar. El director\/a o la persona titular del centre la valora i deixa const\u00e0ncia per escrit de la decisi\u00f3 adoptada.<\/p>\n<p><strong>Segons les circumst\u00e0ncies al\u00b7legades per la persona sol\u00b7licitant, tamb\u00e9 cal presentar:<\/strong><\/p>\n<ul>\n<li><strong>Persones amb contracte laboral<\/strong>: el document que acrediti la seva afiliaci\u00f3 a la Seguretat Social (si no tenen obligaci\u00f3 d&#8217;estar afiliats, el certificat del familiar titular de l&#8217;empresa i la declaraci\u00f3 dels tutors legals).<\/li>\n<li><strong>Persones en proc\u00e9s d&#8217;obtenci\u00f3 d&#8217;un perm\u00eds de treball<\/strong>: la documentaci\u00f3 acreditativa corresponent.<\/li>\n<li><strong>Esportistes d&#8217;alt rendiment<\/strong> que comparteixen ensenyaments: el certificat acreditatiu expedit pel Consell Catal\u00e0 de l&#8217;Esport.<\/li>\n<li><strong>Persones que han cursat i superat un programa de formaci\u00f3 i inserci\u00f3 (PFI)<\/strong>: el certificat en qu\u00e8 consti que l&#8217;han cursat.<\/li>\n<\/ul>\n<hr \/>\n<p><strong>Proves de nivell<\/strong><\/p>\n<p>Si vols fer un curs al nostre centre i no tens clar quin nivell tens et recomanem que facis una prova de nivell.\u00a0<\/p>\n<p>Funcionament de la prova:\u00a0 Cada ensenyament t\u00e9 la seva prova espec\u00edfica. Normalment es fe en els dies de preinscripci\u00f3 amb un calendari que publicarem. La puntuaci\u00f3 que obtinguis al final de la prova ens serveix per saber quin \u00e9s el nivell m\u00e9s adequat per a tu.<\/p>\n<hr \/>\n<h3 style=\"text-align: justify;\"><strong>Llistes amb el <span style=\"color: #ff6600;\"><span style=\"text-decoration: underline;\">barem provisional<\/span> <span style=\"text-decoration: underline;\">divendres 4\u00a0de juliol<\/span><\/span> a partir de les 14h<\/strong><\/h3>\n<p style=\"text-align: justify;\">Un cop acabat el per\u00edode de presentaci\u00f3 de sol\u00b7licituds, els centres educatius estudien cadascuna de les peticions que han rebut: n&#8217;analitzen les dades, els criteris de prioritat que les fam\u00edlies demanen que es tinguin en compte, i tamb\u00e9 els documents justificatius. Tot seguit, publiquen la llista de sol\u00b7licituds amb els barems provisionals. En aquesta llista hi ha les sol\u00b7licituds ordenades alfab\u00e8ticament amb la puntuaci\u00f3 que ha rebut cada sol\u00b7licitud en aplicar-hi el barem. La publicaci\u00f3 de la llista tindr\u00e0 lloc a partir de les 14 hores.<\/p>\n<hr \/>\n<h3 style=\"text-align: justify;\"><span style=\"color: #ff6600;\">Sorteig<\/span>: 7 de juliol<\/h3>\n<p style=\"text-align: justify;\">El nombre de places a cada centre \u00e9s limitat. Si el nombre de peticions supera el d&#8217;alumnes que el centre pot acollir, cal aplicar un sistema de desempat entre les sol\u00b7licituds que tenen la mateixa puntuaci\u00f3. Per fer-ho, s&#8217;obt\u00e9 un n\u00famero per sorteig a partir del qual s&#8217;ordenen totes les peticions empatades en punts, tenint en compte el n\u00famero de desempat que s&#8217;ha assignat a cada sol\u00b7licitud. El sorteig tindr\u00e0 lloc a les 11 hores, als serveis centrals del Departament d&#8217;Educaci\u00f3 i Formaci\u00f3 Professional (Via Augusta, 202-226, Barcelona).<\/p>\n<hr \/>\n<h3 style=\"text-align: justify;\"><span style=\"color: #ff6600;\">Reclamacions<\/span>: Del 4 al 9 de juliol<\/h3>\n<p style=\"text-align: justify;\">Durant aquest per\u00edode, si detectes alguna errada o anomalia en el barem assignat, pots presentar una reclamaci\u00f3.<\/p>\n<hr \/>\n<h3 style=\"text-align: justify;\"><span style=\"color: #ff6600;\">Barem definitiu<\/span>: 11 de juliol a partir de les 14h<\/h3>\n<p style=\"text-align: justify;\">Un cop resoltes totes les reclamacions presentades, el centre publica la llista definitiva de sol\u00b7licituds amb la puntuaci\u00f3 i el n\u00famero de desempat corresponent. La publicaci\u00f3 de la llista tindr\u00e0 lloc a partir de les 14 hores.<\/p>\n<hr \/>\n<h3 style=\"text-align: justify;\">Publicaci\u00f3 de les <span style=\"text-decoration: underline;\"><span style=\"color: #ff6600; text-decoration: underline;\">llistes d&#8217;admesos i llista d&#8217;espera<\/span><\/span>: <span style=\"text-decoration: underline;\">16 de juliol<\/span><\/h3>\n<p style=\"text-align: justify;\">Finalment, es publica, per activitats, la llista d&#8217;alumnes admesos al centre i tamb\u00e9 la llista d&#8217;espera, a partir de les 14 hores.<\/p>\n<hr \/>\n<h2 style=\"text-align: center;\"><span style=\"text-decoration: underline;\"><span style=\"color: #ff6600; text-decoration: underline;\">Matr\u00edcula de l&#8217;alumnat amb pla\u00e7a<\/span><\/span><\/h2>\n<h2 style=\"text-align: center;\"><span style=\"text-decoration: underline;\">Del 2 al 9 de setembre<\/span><\/h2>\n<h2 style=\"text-align: center;\"><span style=\"color: #ff6600;\">Matr\u00edcula de l&#8217;alumnat en llista d&#8217;espera<\/span><\/h2>\n<h2 style=\"text-align: center;\"><span style=\"text-decoration: underline;\">Del 10 al 17 de setembre\u00a0<\/span><\/h2>\n<p style=\"text-align: justify;\">Els alumnes que repeteixen o passen al nivell seg\u00fcent de l&#8217;ensenyament, o d&#8217;un ensenyament vinculat, es matriculen segons el calendari que difon cada centre o aula. <span style=\"color: #000000; background-color: #ffff00;\"><strong>El centre que ho consideri necessari pot condicionar la matr\u00edcula al fet que la persona afectada confirmi<\/strong>, durant un per\u00edode del <strong>mes de setembre<\/strong> anunciat en el calendari de matr\u00edcula, que mant\u00e9 el seu inter\u00e8s per ocupar la pla\u00e7a reservada.<\/span>\u00a0Els alumnes nom\u00e9s tenen dret a reserva de pla\u00e7a per <strong>repetici\u00f3 una \u00fanica vegada per ensenyament i nivell<\/strong>.\u00a0Els nous alumnes admesos han de<span style=\"text-decoration: underline;\"><strong> formalitzar la matr\u00edcula els dies indicats al calendari<\/strong><\/span>.\u00a0Un cop finalitzat el per\u00edode de matr\u00edcula, <strong>si queden vacants, el centre les ofereix als sol\u00b7licitants de la llista d&#8217;espera<\/strong>, respectant l&#8217;ordre obtingut; si s&#8217;exhaureix la llista o si no n&#8217;hi ha, es poden matricular les persones que ho sol\u00b7licitin.\u00a0<\/p>\n<hr \/>\n<h2 style=\"text-align: center;\"><span style=\"text-decoration: underline;\"><strong>ORIENTACI\u00d3<\/strong><\/span><\/h2>\n<h3 style=\"text-align: left;\">A partir del dia\u00a0<strong>19 de maig de 2025\u00a0<\/strong>podeu trucar al nostre per demanar<strong> Orientaci\u00f3 sobre la preinscripci\u00f3<\/strong>. El mes de juny el professorat far\u00e0 atenci\u00f3 presencial amb cita pr\u00e8via.<\/h3>\n<h2 style=\"text-align: center;\"><strong><span style=\"text-decoration: underline;\">HORARI D\u2019ATENCI\u00d3 ADMINISTRATIVA<\/span>\u00a0<\/strong><\/h2>\n<h3 style=\"text-align: center;\">De <strong>17 a 18h<\/strong>\u00a0 de dilluns a dijous.<\/h3>\n<h5 style=\"text-align: center;\"><strong><img loading=\"lazy\" decoding=\"async\" class=\"alignnone size-full wp-image-3310\" src=\"https:\/\/agora.xtec.cat\/cfa-teresamanye\/wp-content\/uploads\/usu1349\/2022\/05\/hfg.png\" alt=\"\" width=\"62\" height=\"37\" \/><\/strong><\/h5>\n<h3 style=\"text-align: center;\">938 90 53 77<\/h3>\n\n\n\n<p><\/p>\n","protected":false},"excerpt":{"rendered":"<p>Informaci\u00f3 per a la PREINSCRIPCI\u00d3 al CURS 2025 \/ 2026 Presentaci\u00f3 de sol\u00b7licituds del dijous 19 al divendres 27 de juny de 17:00 a 19:00 \u00c9s molt important respectar les dates, perqu\u00e8 les sol\u00b7licituds que es presentin fora d&#8217;aquest termini perdran totes les prioritats que haurien pogut tenir a l&#8217;hora d&#8217;obtenir la pla\u00e7a. Els criteris [&hellip;]<\/p>\n","protected":false},"author":1,"featured_media":0,"parent":0,"menu_order":0,"comment_status":"closed","ping_status":"close","template":"","meta":{"_bbp_topic_count":0,"_bbp_reply_count":0,"_bbp_total_topic_count":0,"_bbp_total_reply_count":0,"_bbp_voice_count":0,"_bbp_anonymous_reply_count":0,"_bbp_topic_count_hidden":0,"_bbp_reply_count_hidden":0,"_bbp_forum_subforum_count":0,"site-sidebar-layout":"default","site-content-layout":"","ast-site-content-layout":"default","site-content-style":"default","site-sidebar-style":"default","ast-global-header-display":"","ast-banner-title-visibility":"","ast-main-header-display":"","ast-hfb-above-header-display":"","ast-hfb-below-header-display":"","ast-hfb-mobile-header-display":"","site-post-title":"","ast-breadcrumbs-content":"","ast-featured-img":"","footer-sml-layout":"","theme-transparent-header-meta":"","adv-header-id-meta":"","stick-header-meta":"","header-above-stick-meta":"","header-main-stick-meta":"","header-below-stick-meta":"","astra-migrate-meta-layouts":"set","ast-page-background-enabled":"default","ast-page-background-meta":{"desktop":{"background-color":"var(--ast-global-color-4)","background-image":"","background-repeat":"repeat","background-position":"center center","background-size":"auto","background-attachment":"scroll","background-type":"","background-media":"","overlay-type":"","overlay-color":"","overlay-opacity":"","overlay-gradient":""},"tablet":{"background-color":"","background-image":"","background-repeat":"repeat","background-position":"center center","background-size":"auto","background-attachment":"scroll","background-type":"","background-media":"","overlay-type":"","overlay-color":"","overlay-opacity":"","overlay-gradient":""},"mobile":{"background-color":"","background-image":"","background-repeat":"repeat","background-position":"center center","background-size":"auto","background-attachment":"scroll","background-type":"","background-media":"","overlay-type":"","overlay-color":"","overlay-opacity":"","overlay-gradient":""}},"ast-content-background-meta":{"desktop":{"background-color":"var(--ast-global-color-5)","background-image":"","background-repeat":"repeat","background-position":"center center","background-size":"auto","background-attachment":"scroll","background-type":"","background-media":"","overlay-type":"","overlay-color":"","overlay-opacity":"","overlay-gradient":""},"tablet":{"background-color":"var(--ast-global-color-5)","background-image":"","background-repeat":"repeat","background-position":"center center","background-size":"auto","background-attachment":"scroll","background-type":"","background-media":"","overlay-type":"","overlay-color":"","overlay-opacity":"","overlay-gradient":""},"mobile":{"background-color":"var(--ast-global-color-5)","background-image":"","background-repeat":"repeat","background-position":"center center","background-size":"auto","background-attachment":"scroll","background-type":"","background-media":"","overlay-type":"","overlay-color":"","overlay-opacity":"","overlay-gradient":""}},"footnotes":""},"class_list":["post-3676","page","type-page","status-publish","hentry"],"post_mailing_queue_ids":[],"_links":{"self":[{"href":"https:\/\/agora.xtec.cat\/cfavilafrancadelpenedes\/wp-json\/wp\/v2\/pages\/3676","targetHints":{"allow":["GET"]}}],"collection":[{"href":"https:\/\/agora.xtec.cat\/cfavilafrancadelpenedes\/wp-json\/wp\/v2\/pages"}],"about":[{"href":"https:\/\/agora.xtec.cat\/cfavilafrancadelpenedes\/wp-json\/wp\/v2\/types\/page"}],"author":[{"embeddable":true,"href":"https:\/\/agora.xtec.cat\/cfavilafrancadelpenedes\/wp-json\/wp\/v2\/users\/1"}],"replies":[{"embeddable":true,"href":"https:\/\/agora.xtec.cat\/cfavilafrancadelpenedes\/wp-json\/wp\/v2\/comments?post=3676"}],"version-history":[{"count":5,"href":"https:\/\/agora.xtec.cat\/cfavilafrancadelpenedes\/wp-json\/wp\/v2\/pages\/3676\/revisions"}],"predecessor-version":[{"id":3872,"href":"https:\/\/agora.xtec.cat\/cfavilafrancadelpenedes\/wp-json\/wp\/v2\/pages\/3676\/revisions\/3872"}],"wp:attachment":[{"href":"https:\/\/agora.xtec.cat\/cfavilafrancadelpenedes\/wp-json\/wp\/v2\/media?parent=3676"}],"curies":[{"name":"wp","href":"https:\/\/api.w.org\/{rel}","templated":true}]}}