{"id":322,"date":"2015-01-28T11:36:17","date_gmt":"2015-01-28T10:36:17","guid":{"rendered":"http:\/\/agora.xtec.cat\/cfavilafrancadelpenedes\/?page_id=322"},"modified":"2023-10-01T07:40:12","modified_gmt":"2023-10-01T05:40:12","slug":"a-la-universitat-per-a-majors-de-25-anys","status":"publish","type":"page","link":"https:\/\/agora.xtec.cat\/cfavilafrancadelpenedes\/ensenyaments\/ensenyaments-per-a-la-preparacio-de-proves-dacces\/a-la-universitat-per-a-majors-de-25-anys\/","title":{"rendered":"Acc\u00e9s a la universitat per a majors de 25 i 45 anys"},"content":{"rendered":"<h3 style=\"text-align: justify;\"><img loading=\"lazy\" decoding=\"async\" class=\" alignleft\" src=\"https:\/\/cdn.pixabay.com\/photo\/2013\/04\/19\/01\/15\/university-105709_960_720.jpg\" width=\"272\" height=\"204\" \/><a href=\"https:\/\/agora.xtec.cat\/cfavilafrancadelpenedes\/ensenyaments\/\" target=\"_blank\" rel=\"noopener\">\u27a1\u00a0<\/a><a href=\"https:\/\/agora.xtec.cat\/cfavilafrancadelpenedes\/ensenyaments\/\" rel=\"noopener\">Horaris d&#8217;aquest curs<\/a><\/h3>\n<h5 style=\"text-align: justify;\"><a href=\"https:\/\/accesuniversitat.gencat.cat\/accesuniversitat\/login\">CONVOCAT\u00d2RIA 2023: Portal d&#8217;acc\u00e9s a la universitat<\/a><\/h5>\n<p><a href=\"https:\/\/universitats.gencat.cat\/ca\/acces-universitat\/acces-segons-perfils-estudiants\/tinc-mes-25-anys\/\">Majors de 25 anys<\/a><\/p>\n<p><a href=\"https:\/\/universitats.gencat.cat\/ca\/acces-universitat\/acces-segons-perfils-estudiants\/tinc-mes-45-anys\/\">Majors de 45 anys<\/a><\/p>\n<p style=\"text-align: justify;\">Aquests estudis preparen les persones m\u00e9s grans de 25 anys per a les proves d&#8217;acc\u00e9s a la universitat.<\/p>\n<h5 style=\"text-align: justify;\"><strong>REQUISITS D\u2019ACC\u00c9S U25<\/strong><\/h5>\n<p style=\"text-align: justify;\">Poden accedir a aquests estudis les persones m\u00e9s grans de 25 anys o que els compleixin l&#8217;any natural en qu\u00e8 es realitza la prova.<\/p>\n<p style=\"text-align: justify;\">Les persones que hi volen accedir no han de tenir superades les PAU (o equivalent), no han d&#8217;estar en possessi\u00f3 d&#8217;un t\u00edtol de t\u00e8cnic superior de formaci\u00f3 professional, d&#8217;arts pl\u00e0stiques i disseny o d&#8217;esports (o equivalent), ni tenir cap titulaci\u00f3 universit\u00e0ria.<\/p>\n<h5 style=\"text-align: justify;\"><strong>CONTINGUTS<\/strong><\/h5>\n<h5 style=\"text-align: justify;\"><strong>Mat\u00e8ries de la fase general<\/strong><\/h5>\n<p>(igual per a tots els candidats)<\/p>\n<ol style=\"list-style-type: lower-alpha; text-align: justify;\">\n<li>Comentari de text<\/li>\n<li>Llengua catalana<\/li>\n<li>Llengua castellana<\/li>\n<li>Llengua estrangera (a triar entre angl\u00e8s, franc\u00e8s, alemany, itali\u00e0 o portugu\u00e8s)<\/li>\n<\/ol>\n<p style=\"text-align: justify;\">Els exercicis de comentari de text, llengua catalana i llengua castellana s\u00f3n comuns a les proves per a m\u00e9s grans de 25 anys i les proves per a m\u00e9s grans de 45 anys.<\/p>\n<h5 style=\"text-align: justify;\"><strong>Mat\u00e8ries de la fase espec\u00edfica<\/strong><\/h5>\n<p style=\"text-align: justify;\">L&#8217;alumne ha d&#8217;escollir dues mat\u00e8ries relacionades amb una de les branques de coneixement, entorn de les quals s&#8217;organitzen els t\u00edtols universitaris de grau.<\/p>\n<h5 style=\"text-align: justify;\"><strong>Relaci\u00f3 de branques i mat\u00e8ries<\/strong><\/h5>\n<table style=\"height: 278px; width: 0%; border-color: #050505; background-color: #f2e9e9;\">\n<tbody>\n<tr style=\"height: 65px;\">\n<td style=\"width: 22.3363%; background-color: #89eb7f; border-color: #000000; height: 65px;\"><strong><em>A) Arts i humanitats<\/em><\/strong><\/td>\n<td style=\"width: 13.9923%; background-color: #89eb7f; border-color: #000000; height: 65px;\"><strong><em>B) Ci\u00e8ncies<\/em><\/strong><\/td>\n<td style=\"width: 22.9315%; background-color: #89eb7f; border-color: #000000; height: 65px;\"><strong><em>C) Ci\u00e8ncies de la salut<\/em><\/strong><\/td>\n<td style=\"width: 16.3496%; background-color: #89eb7f; border-color: #000000; height: 65px;\"><strong><em>D) Ci\u00e8ncies socials i jur\u00eddiques<\/em><\/strong><\/td>\n<td style=\"width: 22.9782%; background-color: #89eb7f; border-color: #000000; height: 65px;\"><strong><em>E) Enginyeria i arquitectura<\/em><\/strong><\/td>\n<\/tr>\n<tr style=\"height: 49px;\">\n<td style=\"width: 22.3363%; border-color: #000000; vertical-align: middle; height: 49px;\">Filosofia<\/td>\n<td style=\"width: 13.9923%; border-color: #000000; vertical-align: middle; height: 49px;\">Biologia<\/td>\n<td style=\"width: 22.9315%; border-color: #000000; vertical-align: middle; height: 49px;\">Biologia<\/td>\n<td style=\"width: 16.3496%; border-color: #000000; vertical-align: middle; height: 49px;\">Economia de l&#8217;empresa<\/td>\n<td style=\"width: 22.9782%; border-color: #000000; vertical-align: middle; height: 49px;\">Economia de l&#8217;empresa<\/td>\n<\/tr>\n<tr style=\"height: 33px;\">\n<td style=\"width: 22.3363%; border-color: #000000; vertical-align: middle; height: 33px;\">Geografia<\/td>\n<td style=\"width: 13.9923%; border-color: #000000; vertical-align: middle; height: 33px;\">F\u00edsica<\/td>\n<td style=\"width: 22.9315%; border-color: #000000; vertical-align: middle; height: 33px;\">F\u00edsica<\/td>\n<td style=\"width: 16.3496%; border-color: #000000; vertical-align: middle; height: 33px;\">Estad\u00edstica<\/td>\n<td style=\"width: 22.9782%; border-color: #000000; vertical-align: middle; height: 33px;\">F\u00edsica<\/td>\n<\/tr>\n<tr style=\"height: 49px;\">\n<td style=\"width: 22.3363%; border-color: #000000; height: 49px; vertical-align: middle;\">Hist\u00f2ria contempor\u00e0nia<\/td>\n<td style=\"width: 13.9923%; border-color: #000000; height: 49px; vertical-align: middle;\">Matem\u00e0tiques<\/td>\n<td style=\"width: 22.9315%; border-color: #000000; vertical-align: middle; height: 49px;\">Matem\u00e0tiques<\/td>\n<td style=\"width: 16.3496%; border-color: #000000; vertical-align: middle; height: 49px;\">Geografia<\/td>\n<td style=\"width: 22.9782%; border-color: #000000; vertical-align: middle; height: 49px;\">Matem\u00e0tiques<\/td>\n<\/tr>\n<tr style=\"height: 49px;\">\n<td style=\"width: 22.3363%; border-color: #000000; vertical-align: middle; height: 49px;\">Hist\u00f2ria de l&#8217;art<\/td>\n<td style=\"width: 13.9923%; border-color: #000000; vertical-align: middle; height: 49px;\">Qu\u00edmica<\/td>\n<td style=\"width: 22.9315%; border-color: #000000; vertical-align: middle; height: 49px;\">Qu\u00edmica<\/td>\n<td style=\"width: 16.3496%; background-color: #f2e9e9; border-color: #000000; height: 49px; vertical-align: middle;\">Hist\u00f2ria contempor\u00e0nia<\/td>\n<td style=\"width: 22.9782%; border-color: #000000; vertical-align: middle; height: 49px;\">Qu\u00edmica<\/td>\n<\/tr>\n<tr style=\"height: 33px;\">\n<td style=\"width: 22.3363%; border-color: #000000; vertical-align: middle; height: 33px;\">Literatura<\/td>\n<td style=\"width: 13.9923%; border-color: #000000; vertical-align: middle; height: 33px;\">Estad\u00edstica<\/td>\n<td style=\"width: 22.9315%; border-color: #000000; vertical-align: middle; height: 33px;\">Estad\u00edstica<\/td>\n<td style=\"width: 16.3496%; border-color: #000000; vertical-align: middle; height: 33px;\">Matem\u00e0tiques<\/td>\n<td style=\"width: 22.9782%; border-color: #000000; vertical-align: middle; height: 33px;\">Dibuix t\u00e8cnic<\/td>\n<\/tr>\n<\/tbody>\n<\/table>\n<p style=\"text-align: justify;\"><sub>Tamb\u00e9 et podem matricular a l&#8217;IOC\u00a0 de les optatives que t&#8217;interessi cursar. Oferim la Geografia en centre per a les PACFGS.<\/sub><\/p>\n<p><strong>ENLLA\u00c7OS D\u2019INTER\u00c8S<\/strong><\/p>\n<ol>\n<li style=\"text-align: justify;\"><a href=\"http:\/\/www.gencat.cat\/ensenyament\/eac\/pdf\/FANRU25A0000_CA.pdf\">Full informatiu<\/a><\/li>\n<li><a href=\"https:\/\/universitats.gencat.cat\/ca\/preguntes-frequents-contacte\/dubtes-preguntes-temes\/proves-resultats\/prova-dacces-per-a-mes-grans-de-25-anys\/\">Preguntes freq\u00fcents U25<\/a><\/li>\n<li><a href=\"https:\/\/universitats.gencat.cat\/ca\/preguntes-frequents-contacte\/dubtes-preguntes-temes\/proves-resultats\/prova-dacces-per-a-mes-grans-de-45-anys\/\">Preguntes freq\u00fcents U45<\/a><\/li>\n<li><a href=\"https:\/\/universitats.gencat.cat\/ca\/acces-universitat\/acces-segons-perfils-estudiants\/tinc-mes-40-acreditacio-experiencia-laboral\/\">Tinc m\u00e9s de 40 anys<\/a><\/li>\n<\/ol>\n","protected":false},"excerpt":{"rendered":"<p>\u27a1\u00a0Horaris d&#8217;aquest curs CONVOCAT\u00d2RIA 2023: Portal d&#8217;acc\u00e9s a la universitat Majors de 25 anys Majors de 45 anys Aquests estudis preparen les persones m\u00e9s grans de 25 anys per a les proves d&#8217;acc\u00e9s a la universitat. REQUISITS D\u2019ACC\u00c9S U25 Poden accedir a aquests estudis les persones m\u00e9s grans de 25 anys o que els compleixin [&hellip;]<\/p>\n","protected":false},"author":1,"featured_media":0,"parent":288,"menu_order":0,"comment_status":"closed","ping_status":"closed","template":"page-templates\/side-menu.php","meta":{"_bbp_topic_count":0,"_bbp_reply_count":0,"_bbp_total_topic_count":0,"_bbp_total_reply_count":0,"_bbp_voice_count":0,"_bbp_anonymous_reply_count":0,"_bbp_topic_count_hidden":0,"_bbp_reply_count_hidden":0,"_bbp_forum_subforum_count":0,"site-sidebar-layout":"default","site-content-layout":"","ast-site-content-layout":"","site-content-style":"default","site-sidebar-style":"default","ast-global-header-display":"","ast-banner-title-visibility":"","ast-main-header-display":"","ast-hfb-above-header-display":"","ast-hfb-below-header-display":"","ast-hfb-mobile-header-display":"","site-post-title":"","ast-breadcrumbs-content":"","ast-featured-img":"","footer-sml-layout":"","theme-transparent-header-meta":"","adv-header-id-meta":"","stick-header-meta":"","header-above-stick-meta":"","header-main-stick-meta":"","header-below-stick-meta":"","astra-migrate-meta-layouts":"default","ast-page-background-enabled":"default","ast-page-background-meta":{"desktop":{"background-color":"var(--ast-global-color-4)","background-image":"","background-repeat":"repeat","background-position":"center center","background-size":"auto","background-attachment":"scroll","background-type":"","background-media":"","overlay-type":"","overlay-color":"","overlay-opacity":"","overlay-gradient":""},"tablet":{"background-color":"","background-image":"","background-repeat":"repeat","background-position":"center center","background-size":"auto","background-attachment":"scroll","background-type":"","background-media":"","overlay-type":"","overlay-color":"","overlay-opacity":"","overlay-gradient":""},"mobile":{"background-color":"","background-image":"","background-repeat":"repeat","background-position":"center center","background-size":"auto","background-attachment":"scroll","background-type":"","background-media":"","overlay-type":"","overlay-color":"","overlay-opacity":"","overlay-gradient":""}},"ast-content-background-meta":{"desktop":{"background-color":"var(--ast-global-color-5)","background-image":"","background-repeat":"repeat","background-position":"center center","background-size":"auto","background-attachment":"scroll","background-type":"","background-media":"","overlay-type":"","overlay-color":"","overlay-opacity":"","overlay-gradient":""},"tablet":{"background-color":"var(--ast-global-color-5)","background-image":"","background-repeat":"repeat","background-position":"center center","background-size":"auto","background-attachment":"scroll","background-type":"","background-media":"","overlay-type":"","overlay-color":"","overlay-opacity":"","overlay-gradient":""},"mobile":{"background-color":"var(--ast-global-color-5)","background-image":"","background-repeat":"repeat","background-position":"center center","background-size":"auto","background-attachment":"scroll","background-type":"","background-media":"","overlay-type":"","overlay-color":"","overlay-opacity":"","overlay-gradient":""}},"footnotes":""},"class_list":["post-322","page","type-page","status-publish","hentry"],"post_mailing_queue_ids":[],"_links":{"self":[{"href":"https:\/\/agora.xtec.cat\/cfavilafrancadelpenedes\/wp-json\/wp\/v2\/pages\/322","targetHints":{"allow":["GET"]}}],"collection":[{"href":"https:\/\/agora.xtec.cat\/cfavilafrancadelpenedes\/wp-json\/wp\/v2\/pages"}],"about":[{"href":"https:\/\/agora.xtec.cat\/cfavilafrancadelpenedes\/wp-json\/wp\/v2\/types\/page"}],"author":[{"embeddable":true,"href":"https:\/\/agora.xtec.cat\/cfavilafrancadelpenedes\/wp-json\/wp\/v2\/users\/1"}],"replies":[{"embeddable":true,"href":"https:\/\/agora.xtec.cat\/cfavilafrancadelpenedes\/wp-json\/wp\/v2\/comments?post=322"}],"version-history":[{"count":4,"href":"https:\/\/agora.xtec.cat\/cfavilafrancadelpenedes\/wp-json\/wp\/v2\/pages\/322\/revisions"}],"predecessor-version":[{"id":2387,"href":"https:\/\/agora.xtec.cat\/cfavilafrancadelpenedes\/wp-json\/wp\/v2\/pages\/322\/revisions\/2387"}],"up":[{"embeddable":true,"href":"https:\/\/agora.xtec.cat\/cfavilafrancadelpenedes\/wp-json\/wp\/v2\/pages\/288"}],"wp:attachment":[{"href":"https:\/\/agora.xtec.cat\/cfavilafrancadelpenedes\/wp-json\/wp\/v2\/media?parent=322"}],"curies":[{"name":"wp","href":"https:\/\/api.w.org\/{rel}","templated":true}]}}