{"id":320,"date":"2015-01-28T11:35:13","date_gmt":"2015-01-28T10:35:13","guid":{"rendered":"http:\/\/agora.xtec.cat\/cfavilafrancadelpenedes\/?page_id=320"},"modified":"2025-11-03T20:39:37","modified_gmt":"2025-11-03T19:39:37","slug":"a-cicles-formatius-de-grau-superior","status":"publish","type":"page","link":"https:\/\/agora.xtec.cat\/cfavilafrancadelpenedes\/ensenyaments\/ensenyaments-per-a-la-preparacio-de-proves-dacces\/a-cicles-formatius-de-grau-superior\/","title":{"rendered":"Cicles formatius de grau superior"},"content":{"rendered":"<h3><a href=\"https:\/\/agora.xtec.cat\/cfavilafrancadelpenedes\/ensenyaments\/\" target=\"_blank\" rel=\"noopener\">\u27a1\u00a0<\/a><a href=\"https:\/\/agora.xtec.cat\/cfavilafrancadelpenedes\/ensenyaments\/\" rel=\"noopener\">Horaris d\u2019aquest curs<\/a><\/h3>\n<h4><a href=\"https:\/\/educacio.gencat.cat\/ca\/serveis-tramits\/proves\/proves-acces\/gs-fp\/\"><strong><img loading=\"lazy\" decoding=\"async\" class=\"alignright\" src=\"https:\/\/cdn.pixabay.com\/photo\/2018\/05\/01\/18\/18\/adult-3366419__340.jpg\" width=\"222\" height=\"167\" \/><\/strong><\/a><\/h4>\n<p>El Departament d&#8217;Educaci\u00f3 convoca la prova d&#8217;acc\u00e9s a cicles formatius de grau superior per a les\u00a0 persones que hi volen accedir per\u00f2 no tenen el t\u00edtol de batxillerat (o equivalent a efectes d&#8217;acc\u00e9s).<\/p>\n<h4><strong>T\u2019agradaria accedir a un cicle formatiu de Grau superior?<\/strong><\/h4>\n<p style=\"text-align: justify;\">Al CFA Vilafranca del Pened\u00e8s et preparem per a la prova d\u2019acc\u00e9s a Cicles Formatius de Grau Superior perqu\u00e8 puguis accedir a qualsevol Cicle Formatiu de la fam\u00edlia que tu desitgis. Si superes el curs, obtindr\u00e0s un certificat entre 1 i 2 punts que podran ser afegits a la nota mitjana final de les dues parts (comuna i espec\u00edfica), o d&#8217;una d&#8217;elles, dins l&#8217;apartat de qualificacions.<\/p>\n<p>Si t\u2019interessa saber m\u00e9s coses sobre les proves de CFGS (calendari, normativa, requisits, exempcions, etc.) consulta l\u2019enlla\u00e7: <a href=\"http:\/\/educacio.gencat.cat\/ca\/serveis-tramits\/proves\/proves-acces\/gs-fp\/\">http:\/\/educacio.gencat.cat\/ca\/serveis-tramits\/proves\/proves-acces\/gs-fp\/<\/a><\/p>\n<h4><strong>Estructura del curs de preparaci\u00f3 per les proves CFGS<\/strong><\/h4>\n<p>El curs consta de dues parts: la part comuna i la part espec\u00edfica.<\/p>\n<h4><strong>\u00a0<\/strong><strong>Quines mat\u00e8ries impartim al centre?<\/strong><\/h4>\n<table style=\"width: 785px;\">\n<tbody>\n<tr>\n<td style=\"width: 162.133px;\"><strong>PART COMUNA<\/strong><\/td>\n<td style=\"width: 614.867px;\">Llengua catalana, llengua castellana, llengua estrangera angl\u00e8s i matem\u00e0tiques.<\/td>\n<\/tr>\n<tr>\n<td style=\"width: 162.133px;\"><strong>PART ESPEC\u00cdFICA<\/strong><\/td>\n<td style=\"width: 614.867px;\">Oferim la inscripci\u00f3 a l&#8217;IOC (l&#8217;Institut Obert de Catalunya)<\/td>\n<\/tr>\n<\/tbody>\n<\/table>\n<p>La resta de mat\u00e8ries espec\u00edfiques es poden realitzar a trav\u00e9s de l\u2019<strong>IOC (Institut Obert de Catalunya)<\/strong>. El centre s&#8217;encarregar\u00e0 de gestionar la matr\u00edcula de les mat\u00e8ries espec\u00edfiques, les quals podr\u00e0s cursar a l&#8217;IOC en la modalitat a dist\u00e0ncia i de manera as\u00edncrona i al teu ritme.<\/p>\n<ul>\n<li>Consulta l\u2019enlla\u00e7: <a href=\"https:\/\/ioc.xtec.cat\/educacio\/pacfgs\"><strong>https:\/\/ioc.xtec.cat\/educacio\/pacfgs<\/strong><\/a><\/li>\n<\/ul>\n<h4><strong>Orientaci\u00f3 acad\u00e8mica<\/strong><\/h4>\n<p>Si no saps quines mat\u00e8ries realitzar segons la fam\u00edlia professional que vulguis escollir, consulta:<\/p>\n<ul>\n<li>Opcions fam\u00edlies professionals i mat\u00e8ries: <a href=\"https:\/\/www.educaweb.cat\/continguts\/educatius\/formacio-professional-fp\/cicles-formatius-grau-superior\/\">https:\/\/www.educaweb.cat\/continguts\/educatius\/formacio-professional-fp\/cicles-formatius-grau-superior\/<\/a><\/li>\n<li>Cicles de grau superior de formaci\u00f3 professional <a href=\"http:\/\/queestudiar.gencat.cat\/ca\/estudis\/fp\/cicles\/gs\/\">http:\/\/queestudiar.gencat.cat\/ca\/estudis\/fp\/cicles\/gs\/<\/a><\/li>\n<li>Accedeix a la <a href=\"https:\/\/triaeducativa.gencat.cat\/ca\/fp\/\">Formaci\u00f3 professional<\/a><\/li>\n<li>Accedeix als <a href=\"https:\/\/triaeducativa.gencat.cat\/ca\/artistics-esportius\/\">Ensenyaments art\u00edstics i esportius<\/a><\/li>\n<\/ul>\n\n\n<p><\/p>\n","protected":false},"excerpt":{"rendered":"<p>\u27a1\u00a0Horaris d\u2019aquest curs El Departament d&#8217;Educaci\u00f3 convoca la prova d&#8217;acc\u00e9s a cicles formatius de grau superior per a les\u00a0 persones que hi volen accedir per\u00f2 no tenen el t\u00edtol de batxillerat (o equivalent a efectes d&#8217;acc\u00e9s). T\u2019agradaria accedir a un cicle formatiu de Grau superior? Al CFA Vilafranca del Pened\u00e8s et preparem per a la [&hellip;]<\/p>\n","protected":false},"author":1,"featured_media":0,"parent":288,"menu_order":0,"comment_status":"closed","ping_status":"closed","template":"","meta":{"_bbp_topic_count":0,"_bbp_reply_count":0,"_bbp_total_topic_count":0,"_bbp_total_reply_count":0,"_bbp_voice_count":0,"_bbp_anonymous_reply_count":0,"_bbp_topic_count_hidden":0,"_bbp_reply_count_hidden":0,"_bbp_forum_subforum_count":0,"site-sidebar-layout":"default","site-content-layout":"","ast-site-content-layout":"default","site-content-style":"default","site-sidebar-style":"default","ast-global-header-display":"","ast-banner-title-visibility":"","ast-main-header-display":"","ast-hfb-above-header-display":"","ast-hfb-below-header-display":"","ast-hfb-mobile-header-display":"","site-post-title":"","ast-breadcrumbs-content":"","ast-featured-img":"","footer-sml-layout":"","theme-transparent-header-meta":"","adv-header-id-meta":"","stick-header-meta":"","header-above-stick-meta":"","header-main-stick-meta":"","header-below-stick-meta":"","astra-migrate-meta-layouts":"set","ast-page-background-enabled":"default","ast-page-background-meta":{"desktop":{"background-color":"var(--ast-global-color-4)","background-image":"","background-repeat":"repeat","background-position":"center center","background-size":"auto","background-attachment":"scroll","background-type":"","background-media":"","overlay-type":"","overlay-color":"","overlay-opacity":"","overlay-gradient":""},"tablet":{"background-color":"","background-image":"","background-repeat":"repeat","background-position":"center center","background-size":"auto","background-attachment":"scroll","background-type":"","background-media":"","overlay-type":"","overlay-color":"","overlay-opacity":"","overlay-gradient":""},"mobile":{"background-color":"","background-image":"","background-repeat":"repeat","background-position":"center center","background-size":"auto","background-attachment":"scroll","background-type":"","background-media":"","overlay-type":"","overlay-color":"","overlay-opacity":"","overlay-gradient":""}},"ast-content-background-meta":{"desktop":{"background-color":"var(--ast-global-color-5)","background-image":"","background-repeat":"repeat","background-position":"center center","background-size":"auto","background-attachment":"scroll","background-type":"","background-media":"","overlay-type":"","overlay-color":"","overlay-opacity":"","overlay-gradient":""},"tablet":{"background-color":"var(--ast-global-color-5)","background-image":"","background-repeat":"repeat","background-position":"center center","background-size":"auto","background-attachment":"scroll","background-type":"","background-media":"","overlay-type":"","overlay-color":"","overlay-opacity":"","overlay-gradient":""},"mobile":{"background-color":"var(--ast-global-color-5)","background-image":"","background-repeat":"repeat","background-position":"center center","background-size":"auto","background-attachment":"scroll","background-type":"","background-media":"","overlay-type":"","overlay-color":"","overlay-opacity":"","overlay-gradient":""}},"footnotes":""},"class_list":["post-320","page","type-page","status-publish","hentry"],"post_mailing_queue_ids":[],"_links":{"self":[{"href":"https:\/\/agora.xtec.cat\/cfavilafrancadelpenedes\/wp-json\/wp\/v2\/pages\/320","targetHints":{"allow":["GET"]}}],"collection":[{"href":"https:\/\/agora.xtec.cat\/cfavilafrancadelpenedes\/wp-json\/wp\/v2\/pages"}],"about":[{"href":"https:\/\/agora.xtec.cat\/cfavilafrancadelpenedes\/wp-json\/wp\/v2\/types\/page"}],"author":[{"embeddable":true,"href":"https:\/\/agora.xtec.cat\/cfavilafrancadelpenedes\/wp-json\/wp\/v2\/users\/1"}],"replies":[{"embeddable":true,"href":"https:\/\/agora.xtec.cat\/cfavilafrancadelpenedes\/wp-json\/wp\/v2\/comments?post=320"}],"version-history":[{"count":6,"href":"https:\/\/agora.xtec.cat\/cfavilafrancadelpenedes\/wp-json\/wp\/v2\/pages\/320\/revisions"}],"predecessor-version":[{"id":4172,"href":"https:\/\/agora.xtec.cat\/cfavilafrancadelpenedes\/wp-json\/wp\/v2\/pages\/320\/revisions\/4172"}],"up":[{"embeddable":true,"href":"https:\/\/agora.xtec.cat\/cfavilafrancadelpenedes\/wp-json\/wp\/v2\/pages\/288"}],"wp:attachment":[{"href":"https:\/\/agora.xtec.cat\/cfavilafrancadelpenedes\/wp-json\/wp\/v2\/media?parent=320"}],"curies":[{"name":"wp","href":"https:\/\/api.w.org\/{rel}","templated":true}]}}