{"id":312,"date":"2015-01-28T11:32:38","date_gmt":"2015-01-28T10:32:38","guid":{"rendered":"http:\/\/agora.xtec.cat\/cfavilafrancadelpenedes\/?page_id=312"},"modified":"2023-10-01T07:39:23","modified_gmt":"2023-10-01T05:39:23","slug":"llengua-anglesa","status":"publish","type":"page","link":"https:\/\/agora.xtec.cat\/cfavilafrancadelpenedes\/ensenyaments\/ensenyaments-transprofessionals\/llengua-anglesa\/","title":{"rendered":"Llengua anglesa"},"content":{"rendered":"<h3><img loading=\"lazy\" decoding=\"async\" class=\" alignleft\" src=\"https:\/\/cdn.pixabay.com\/photo\/2021\/02\/23\/13\/43\/online-6043504_960_720.jpg\" width=\"243\" height=\"162\" \/><\/h3>\n<h3><a href=\"https:\/\/agora.xtec.cat\/cfavilafrancadelpenedes\/ensenyaments\/\" target=\"_blank\" rel=\"noopener\">\u27a1\u00a0<\/a><a href=\"https:\/\/agora.xtec.cat\/cfavilafrancadelpenedes\/ensenyaments\/\" rel=\"noopener\">Horaris d&#8217;aquest curs<\/a><\/h3>\n<p style=\"text-align: justify;\">Aquests estudis tenen com a objectiu que les persones adultes assoleixin un grau de compet\u00e8ncia b\u00e0sic per a comunicar-se en llengua anglesa. S&#8217;imparteixen en tres nivells: llengua anglesa nivell 1, 2 i 3, que corresponen als nivells A1, A2.1 i A2.2 del MECR (Marc europeu com\u00fa de refer\u00e8ncia per a les lleng\u00fces).<\/p>\n<h4><\/h4>\n<h4>Angl\u00e8s 1: Nivell A1<\/h4>\n<h5 style=\"text-align: justify;\">CONTINGUTS<\/h5>\n<p style=\"text-align: justify;\">Preparen les persones sense cap noci\u00f3 d&#8217;angl\u00e8s. Es treballen les habilitats de comprensi\u00f3 i expressi\u00f3 orals i escrites que permeten fer front a la major part de situacions ling\u00fc\u00edstiques de la vida quotidiana i comunicar-se de forma b\u00e0sica en un entorn pluriling\u00fce i multicultural. La llengua es va introduint de manera gradual.<\/p>\n<h5 style=\"text-align: justify;\">REQUISITS D\u2019ACC\u00c9S<\/h5>\n<p style=\"text-align: justify;\">Poden accedir a aquests estudis totes les persones que tenen m\u00e9s de 18 anys o b\u00e9 els compleixen durant l&#8217;any natural en qu\u00e8 inicien la formaci\u00f3.<\/p>\n<p style=\"text-align: justify;\">Tenir assolit un nivell mitj\u00e0-alt de lecto-escriptura en la llengua materna.<\/p>\n<h4 style=\"text-align: justify;\">Angl\u00e8s 2: Nivell A2.1<\/h4>\n<h5 style=\"text-align: justify;\">CONTINGUTS<\/h5>\n<p style=\"text-align: justify;\">Preparen les persones que ja tenen uns coneixements b\u00e0sics de l&#8217;idioma. En aquest nivell es duu a terme una metodologia din\u00e0mica i competencial ;permeten fer front a la majoria de situacions ling\u00fc\u00edstiques de la vida quotidiana i comunicant-se de forma b\u00e0sica en un entorn pluriling\u00fce i multicultural. En quant a l\u2019expressi\u00f3 escrita es realitzen composicions m\u00e9s elaborades que al nivell 1<\/p>\n<h5 style=\"text-align: justify;\">REQUISITS D\u2019ACC\u00c9S<\/h5>\n<p style=\"text-align: justify;\">S\u2019adre\u00e7a a persones majors de 18 anys que han superat el nivell inicial o que disposen dels coneixements corresponents per a poder-los seguir.<\/p>\n<p style=\"text-align: justify;\">Per tal de situar l\u2019alumnat en el nivell que li correspon d\u2019acord amb les seves compet\u00e8ncies, si no t\u00e9 una acreditaci\u00f3 pr\u00e8via en el moment de la preinscripci\u00f3, el centre de formaci\u00f3 d\u2019adults li far\u00e0 una prova de nivell.<\/p>\n<h4 style=\"text-align: justify;\">Angl\u00e8s 3: Nivell A2.2<\/h4>\n<h5 style=\"text-align: justify;\">CONTINGUTS<\/h5>\n<p style=\"text-align: justify;\">L\u2019ensenyament de la llengua anglesa de nivell 3 s\u2019adscriu dins del nivell A2.2 d\u2019usuari b\u00e0sic, de domini de la llengua d\u2019acord amb el Marc Europeu Com\u00fa de Refer\u00e8ncia per a les lleng\u00fces, i per tant al llarg d\u2019aquest curs es consoliden els continguts del nivell A2.<\/p>\n<p style=\"text-align: justify;\">La finalitat d\u2019aquest curs \u00e9s refor\u00e7ar els coneixements adquirits en el segon nivell i consolidar l\u2019aprenentatge orientat a adquirir les compet\u00e8ncies pr\u00f2pies de l\u2019usuari b\u00e0sic.<\/p>\n<p style=\"text-align: justify;\">L\u2019usuari de nivell A2 pot comprendre frases i expressions utilitzades habitualment relacionades amb temes d\u2019import\u00e0ncia immediata (per exemple, informacions personals b\u00e0siques, informacions familiars, compres, geografia local, feina). L\u2019usuari pot comunicar-se en situacions senzilles i habituals que exigeixin un intercanvi simple i directe informaci\u00f3 sobre temes familiars i habituals. Pot descriure, de manera senzilla, aspectes de la seva experi\u00e8ncia o bagatge personal, aspectes de l\u2019entorn immediat i assumptes relacionats amb necessitats immediates.<\/p>\n<h5 style=\"text-align: justify;\">REQUISITS D\u2019ACC\u00c9S<\/h5>\n<p style=\"text-align: justify;\">S\u2019adre\u00e7a a persones majors de 18 anys que han superat el segon nivell o que disposen dels coneixements corresponents per a poder-los seguir.<\/p>\n<p style=\"text-align: justify;\">Per tal de situar l\u2019alumnat en el nivell que li correspon d\u2019acord amb les seves compet\u00e8ncies, si no t\u00e9 una acreditaci\u00f3 pr\u00e8via en el moment de la preinscripci\u00f3, el centre de formaci\u00f3 d\u2019adults li far\u00e0 una prova de nivell.<\/p>\n<h5 style=\"text-align: justify;\">CERTIFICAT<\/h5>\n<p style=\"text-align: justify;\">La superaci\u00f3 del curs corresponent donar\u00e0 acc\u00e9s a un certificat d\u2019equival\u00e8ncia del nivell A2 del Marc Europeu Com\u00fa de Refer\u00e8ncia per a les lleng\u00fces.<\/p>\n<h4>Per ampliar informaci\u00f3<\/h4>\n<p><a href=\"http:\/\/queestudiar.gencat.cat\/ca\/estudis\/adults\/estudis\/llengues-estrangeres\/?p_id=2350&amp;estudi\" target=\"_blank\" rel=\"noopener noreferrer\">Estudiar a Catalunya: Lleng\u00fces estrangeres<\/a><\/p>\n<h4 tabindex=\"0\" role=\"tab\" aria-expanded=\"true\">Normativa<\/h4>\n<div role=\"tabpanel\">\n<ul>\n<li><a title=\"Ves al DOGC\" href=\"http:\/\/dogc.gencat.cat\/ca\/pdogc_canals_interns\/pdogc_resultats_fitxa\/index.html?action=fitxa&amp;mode=single&amp;documentId=821281&amp;language=es_ES&amp;newLang=ca_ES\" target=\"_blank\" rel=\"noopener noreferrer\">Resoluci\u00f3 ENS\/1403\/2018, de 21 de juny,<\/a> per la qual s&#8217;estableix el curr\u00edculum de lleng\u00fces estrangeres als centres de formaci\u00f3 d&#8217;adults del Departament d&#8217;Ensenyament (DOGC n\u00fam. 7652, de 28.6.2018)<\/li>\n<\/ul>\n<\/div>\n","protected":false},"excerpt":{"rendered":"<p>\u27a1\u00a0Horaris d&#8217;aquest curs Aquests estudis tenen com a objectiu que les persones adultes assoleixin un grau de compet\u00e8ncia b\u00e0sic per a comunicar-se en llengua anglesa. S&#8217;imparteixen en tres nivells: llengua anglesa nivell 1, 2 i 3, que corresponen als nivells A1, A2.1 i A2.2 del MECR (Marc europeu com\u00fa de refer\u00e8ncia per a les lleng\u00fces). [&hellip;]<\/p>\n","protected":false},"author":1,"featured_media":0,"parent":286,"menu_order":0,"comment_status":"closed","ping_status":"closed","template":"page-templates\/side-menu.php","meta":{"_bbp_topic_count":0,"_bbp_reply_count":0,"_bbp_total_topic_count":0,"_bbp_total_reply_count":0,"_bbp_voice_count":0,"_bbp_anonymous_reply_count":0,"_bbp_topic_count_hidden":0,"_bbp_reply_count_hidden":0,"_bbp_forum_subforum_count":0,"site-sidebar-layout":"default","site-content-layout":"","ast-site-content-layout":"","site-content-style":"default","site-sidebar-style":"default","ast-global-header-display":"","ast-banner-title-visibility":"","ast-main-header-display":"","ast-hfb-above-header-display":"","ast-hfb-below-header-display":"","ast-hfb-mobile-header-display":"","site-post-title":"","ast-breadcrumbs-content":"","ast-featured-img":"","footer-sml-layout":"","theme-transparent-header-meta":"","adv-header-id-meta":"","stick-header-meta":"","header-above-stick-meta":"","header-main-stick-meta":"","header-below-stick-meta":"","astra-migrate-meta-layouts":"default","ast-page-background-enabled":"default","ast-page-background-meta":{"desktop":{"background-color":"var(--ast-global-color-4)","background-image":"","background-repeat":"repeat","background-position":"center center","background-size":"auto","background-attachment":"scroll","background-type":"","background-media":"","overlay-type":"","overlay-color":"","overlay-opacity":"","overlay-gradient":""},"tablet":{"background-color":"","background-image":"","background-repeat":"repeat","background-position":"center center","background-size":"auto","background-attachment":"scroll","background-type":"","background-media":"","overlay-type":"","overlay-color":"","overlay-opacity":"","overlay-gradient":""},"mobile":{"background-color":"","background-image":"","background-repeat":"repeat","background-position":"center center","background-size":"auto","background-attachment":"scroll","background-type":"","background-media":"","overlay-type":"","overlay-color":"","overlay-opacity":"","overlay-gradient":""}},"ast-content-background-meta":{"desktop":{"background-color":"var(--ast-global-color-5)","background-image":"","background-repeat":"repeat","background-position":"center center","background-size":"auto","background-attachment":"scroll","background-type":"","background-media":"","overlay-type":"","overlay-color":"","overlay-opacity":"","overlay-gradient":""},"tablet":{"background-color":"var(--ast-global-color-5)","background-image":"","background-repeat":"repeat","background-position":"center center","background-size":"auto","background-attachment":"scroll","background-type":"","background-media":"","overlay-type":"","overlay-color":"","overlay-opacity":"","overlay-gradient":""},"mobile":{"background-color":"var(--ast-global-color-5)","background-image":"","background-repeat":"repeat","background-position":"center center","background-size":"auto","background-attachment":"scroll","background-type":"","background-media":"","overlay-type":"","overlay-color":"","overlay-opacity":"","overlay-gradient":""}},"footnotes":""},"class_list":["post-312","page","type-page","status-publish","hentry"],"post_mailing_queue_ids":[],"_links":{"self":[{"href":"https:\/\/agora.xtec.cat\/cfavilafrancadelpenedes\/wp-json\/wp\/v2\/pages\/312","targetHints":{"allow":["GET"]}}],"collection":[{"href":"https:\/\/agora.xtec.cat\/cfavilafrancadelpenedes\/wp-json\/wp\/v2\/pages"}],"about":[{"href":"https:\/\/agora.xtec.cat\/cfavilafrancadelpenedes\/wp-json\/wp\/v2\/types\/page"}],"author":[{"embeddable":true,"href":"https:\/\/agora.xtec.cat\/cfavilafrancadelpenedes\/wp-json\/wp\/v2\/users\/1"}],"replies":[{"embeddable":true,"href":"https:\/\/agora.xtec.cat\/cfavilafrancadelpenedes\/wp-json\/wp\/v2\/comments?post=312"}],"version-history":[{"count":4,"href":"https:\/\/agora.xtec.cat\/cfavilafrancadelpenedes\/wp-json\/wp\/v2\/pages\/312\/revisions"}],"predecessor-version":[{"id":2385,"href":"https:\/\/agora.xtec.cat\/cfavilafrancadelpenedes\/wp-json\/wp\/v2\/pages\/312\/revisions\/2385"}],"up":[{"embeddable":true,"href":"https:\/\/agora.xtec.cat\/cfavilafrancadelpenedes\/wp-json\/wp\/v2\/pages\/286"}],"wp:attachment":[{"href":"https:\/\/agora.xtec.cat\/cfavilafrancadelpenedes\/wp-json\/wp\/v2\/media?parent=312"}],"curies":[{"name":"wp","href":"https:\/\/api.w.org\/{rel}","templated":true}]}}