{"id":301,"date":"2015-01-28T11:21:46","date_gmt":"2015-01-28T10:21:46","guid":{"rendered":"http:\/\/agora.xtec.cat\/cfavilafrancadelpenedes\/?page_id=301"},"modified":"2024-11-28T17:12:09","modified_gmt":"2024-11-28T16:12:09","slug":"formacio-instrumental","status":"publish","type":"page","link":"https:\/\/agora.xtec.cat\/cfavilafrancadelpenedes\/ensenyaments\/ensenyaments-inicials-i-formacio-basica\/formacio-instrumental\/","title":{"rendered":"Formaci\u00f3 instrumental"},"content":{"rendered":"<h4 style=\"text-align: justify;\"><img loading=\"lazy\" decoding=\"async\" class=\"alignleft\" src=\"https:\/\/cdn.pixabay.com\/photo\/2016\/02\/24\/10\/52\/alphabet-1219546_960_720.jpg\" width=\"300\" height=\"200\" \/><\/h4>\n<h3><a href=\"https:\/\/agora.xtec.cat\/cfavilafrancadelpenedes\/ensenyaments\/\" target=\"_blank\" rel=\"noopener\">\u27a1\u00a0<\/a><a href=\"https:\/\/agora.xtec.cat\/cfavilafrancadelpenedes\/ensenyaments\/\" rel=\"noopener\">Horaris d&#8217;aquest curs<\/a><\/h3>\n<h4 style=\"text-align: justify;\">Objectiu<\/h4>\n<p style=\"text-align: justify;\">L&#8217;objectiu d&#8217;aquests estudis \u00e9s que les persones adultes aprenguin a llegir, escriure i fer c\u00e0lculs elementals.<\/p>\n<p style=\"text-align: justify;\">La superaci\u00f3 d&#8217;aquests estudis permet l&#8217;obtenci\u00f3 del certificat de formaci\u00f3 instrumental.<\/p>\n<h4 style=\"text-align: justify;\">Nivells<\/h4>\n<p style=\"text-align: justify;\">Est\u00e0 previst que el curs 2022\/2023 s&#8217;imparteixi 1r nivell i 2n nivell del primer cicle de formaci\u00f3 instrumental, d&#8217;acord amb el nou curr\u00edculum.<\/p>\n<p style=\"text-align: center;\"><strong>1r nivell: (280 hores), 8 hores setmanals.<\/strong><\/p>\n<p style=\"text-align: center;\"><strong>2n nivell: (210 hores), 6 hores setmanals.<\/strong><\/p>\n<h4 style=\"text-align: justify;\">Durada i requisits<\/h4>\n<ul style=\"text-align: justify;\">\n<li style=\"list-style-type: none;\">\n<ul>\n<li>De setembre a juny.<\/li>\n<li>Poden accedir a aquests estudis totes les persones que tenen m\u00e9s de 18 anys o b\u00e9 els compleixen durant l\u2019any natural en qu\u00e8 s\u2019inicia la formaci\u00f3.<\/li>\n<\/ul>\n<\/li>\n<\/ul>\n<h4 style=\"text-align: justify;\">Curr\u00edculum<\/h4>\n<ul style=\"text-align: justify;\">\n<li style=\"list-style-type: none;\">\n<ul>\n<li>1r nivell: L\u2019aprenentatge se centra en l\u2019adquisici\u00f3 dels mecanismes fonamentals de lectura i escriptura i de c\u00e0lcul, a m\u00e9s de nocions elementals sobre l\u2019entorn social i natural.<\/li>\n<li>2n nivell: L\u2019objectiu central \u00e9s consolidar aquests mecanismes i els coneixements que expliquen l\u2019entorn.<\/li>\n<\/ul>\n<\/li>\n<\/ul>\n<h4 style=\"text-align: justify;\">Continguts<\/h4>\n<p style=\"text-align: justify;\">Cada nivell treballa les diferents \u00e0rees de coneixement i compet\u00e8ncies:<\/p>\n<ul style=\"text-align: justify;\">\n<li style=\"list-style-type: none;\">\n<ul>\n<li>&#8211; Lleng\u00fces: Catal\u00e0 i castell\u00e0.<\/li>\n<li>&#8211; Matem\u00e0tiques.<\/li>\n<li>&#8211; Medi socials, natural i cultural.<\/li>\n<li>&#8211; Compet\u00e8ncia digital.<\/li>\n<li>&#8211; Compet\u00e8ncia personal, social i laboral.<\/li>\n<\/ul>\n<\/li>\n<\/ul>\n<h4 style=\"text-align: justify;\">Avaluaci\u00f3<\/h4>\n<p style=\"text-align: justify;\">El professorat fa una avaluaci\u00f3 continua de l\u2019alumnat al llarg del curs.<br \/>\nL\u2019alumnat obt\u00e9 una nota, al juny, que determina si \u00e9s Apte o No apte i si pot passar de nivell o pel contrari ha de tornar a cursar el mateix nivell el curs vinent.<\/p>\n<ul style=\"text-align: justify;\">\n<li>Promoci\u00f3 de curs i\/o obtenci\u00f3 de certificaci\u00f3.<\/li>\n<\/ul>\n<p style=\"text-align: justify;\">La superaci\u00f3 d\u2019Instrumental 3 permet a l\u2019alumnat continuar la seva formaci\u00f3 en Llengua catalana.<\/p>\n<h4 style=\"text-align: justify;\">Per ampliar informaci\u00f3<\/h4>\n<p style=\"text-align: justify;\"><a href=\"https:\/\/triaeducativa.gencat.cat\/ca\/educacio-adults\/ofertats\/formacio-instrumental\/?p_id=294&amp;estudi\" target=\"_blank\" rel=\"noopener noreferrer\">Estudiar a Catalunya: Cicle de formaci\u00f3 instrumental<\/a><\/p>\n<p style=\"text-align: justify;\"><a href=\"https:\/\/www.gencat.cat\/ensenyament\/eac\/pdf\/FPA_CFI_0000_CA.pdf\" target=\"_blank\" rel=\"noopener noreferrer\">Full informatiu<\/a><\/p>\n<h4>Normativa<\/h4>\n<div role=\"tabpanel\">\n<ul>\n<li><a href=\"http:\/\/dogc.gencat.cat\/ca\/pdogc_canals_interns\/pdogc_resultats_fitxa\/?action=fitxa&amp;mode=single&amp;documentId=299157&amp;language=ca_ES\" target=\"_blank\" rel=\"noopener noreferrer\">Decret 213\/2002, d&#8217;1 d&#8217;agost,<\/a> pel qual s&#8217;estableix l&#8217;ordenaci\u00f3 curricular de la formaci\u00f3 b\u00e0sica de les persones adultes (DOGC n\u00fam. 3694, de 7.8.2002, cap\u00edtol 2: Cicle de formaci\u00f3 instrumental per a les persones adultes -articles del 9 al 15- i annex 1: Curr\u00edculum de la formaci\u00f3 instrumental per a les persones adultes).<\/li>\n<\/ul>\n<\/div>\n","protected":false},"excerpt":{"rendered":"<p>\u27a1\u00a0Horaris d&#8217;aquest curs Objectiu L&#8217;objectiu d&#8217;aquests estudis \u00e9s que les persones adultes aprenguin a llegir, escriure i fer c\u00e0lculs elementals. La superaci\u00f3 d&#8217;aquests estudis permet l&#8217;obtenci\u00f3 del certificat de formaci\u00f3 instrumental. Nivells Est\u00e0 previst que el curs 2022\/2023 s&#8217;imparteixi 1r nivell i 2n nivell del primer cicle de formaci\u00f3 instrumental, d&#8217;acord amb el nou curr\u00edculum. [&hellip;]<\/p>\n","protected":false},"author":1,"featured_media":0,"parent":283,"menu_order":0,"comment_status":"closed","ping_status":"closed","template":"page-templates\/side-menu.php","meta":{"_bbp_topic_count":0,"_bbp_reply_count":0,"_bbp_total_topic_count":0,"_bbp_total_reply_count":0,"_bbp_voice_count":0,"_bbp_anonymous_reply_count":0,"_bbp_topic_count_hidden":0,"_bbp_reply_count_hidden":0,"_bbp_forum_subforum_count":0,"site-sidebar-layout":"default","site-content-layout":"","ast-site-content-layout":"","site-content-style":"default","site-sidebar-style":"default","ast-global-header-display":"","ast-banner-title-visibility":"","ast-main-header-display":"","ast-hfb-above-header-display":"","ast-hfb-below-header-display":"","ast-hfb-mobile-header-display":"","site-post-title":"","ast-breadcrumbs-content":"","ast-featured-img":"","footer-sml-layout":"","theme-transparent-header-meta":"","adv-header-id-meta":"","stick-header-meta":"","header-above-stick-meta":"","header-main-stick-meta":"","header-below-stick-meta":"","astra-migrate-meta-layouts":"default","ast-page-background-enabled":"default","ast-page-background-meta":{"desktop":{"background-color":"var(--ast-global-color-4)","background-image":"","background-repeat":"repeat","background-position":"center center","background-size":"auto","background-attachment":"scroll","background-type":"","background-media":"","overlay-type":"","overlay-color":"","overlay-opacity":"","overlay-gradient":""},"tablet":{"background-color":"","background-image":"","background-repeat":"repeat","background-position":"center center","background-size":"auto","background-attachment":"scroll","background-type":"","background-media":"","overlay-type":"","overlay-color":"","overlay-opacity":"","overlay-gradient":""},"mobile":{"background-color":"","background-image":"","background-repeat":"repeat","background-position":"center center","background-size":"auto","background-attachment":"scroll","background-type":"","background-media":"","overlay-type":"","overlay-color":"","overlay-opacity":"","overlay-gradient":""}},"ast-content-background-meta":{"desktop":{"background-color":"var(--ast-global-color-5)","background-image":"","background-repeat":"repeat","background-position":"center center","background-size":"auto","background-attachment":"scroll","background-type":"","background-media":"","overlay-type":"","overlay-color":"","overlay-opacity":"","overlay-gradient":""},"tablet":{"background-color":"var(--ast-global-color-5)","background-image":"","background-repeat":"repeat","background-position":"center center","background-size":"auto","background-attachment":"scroll","background-type":"","background-media":"","overlay-type":"","overlay-color":"","overlay-opacity":"","overlay-gradient":""},"mobile":{"background-color":"var(--ast-global-color-5)","background-image":"","background-repeat":"repeat","background-position":"center center","background-size":"auto","background-attachment":"scroll","background-type":"","background-media":"","overlay-type":"","overlay-color":"","overlay-opacity":"","overlay-gradient":""}},"footnotes":""},"class_list":["post-301","page","type-page","status-publish","hentry"],"post_mailing_queue_ids":[],"_links":{"self":[{"href":"https:\/\/agora.xtec.cat\/cfavilafrancadelpenedes\/wp-json\/wp\/v2\/pages\/301","targetHints":{"allow":["GET"]}}],"collection":[{"href":"https:\/\/agora.xtec.cat\/cfavilafrancadelpenedes\/wp-json\/wp\/v2\/pages"}],"about":[{"href":"https:\/\/agora.xtec.cat\/cfavilafrancadelpenedes\/wp-json\/wp\/v2\/types\/page"}],"author":[{"embeddable":true,"href":"https:\/\/agora.xtec.cat\/cfavilafrancadelpenedes\/wp-json\/wp\/v2\/users\/1"}],"replies":[{"embeddable":true,"href":"https:\/\/agora.xtec.cat\/cfavilafrancadelpenedes\/wp-json\/wp\/v2\/comments?post=301"}],"version-history":[{"count":7,"href":"https:\/\/agora.xtec.cat\/cfavilafrancadelpenedes\/wp-json\/wp\/v2\/pages\/301\/revisions"}],"predecessor-version":[{"id":3391,"href":"https:\/\/agora.xtec.cat\/cfavilafrancadelpenedes\/wp-json\/wp\/v2\/pages\/301\/revisions\/3391"}],"up":[{"embeddable":true,"href":"https:\/\/agora.xtec.cat\/cfavilafrancadelpenedes\/wp-json\/wp\/v2\/pages\/283"}],"wp:attachment":[{"href":"https:\/\/agora.xtec.cat\/cfavilafrancadelpenedes\/wp-json\/wp\/v2\/media?parent=301"}],"curies":[{"name":"wp","href":"https:\/\/api.w.org\/{rel}","templated":true}]}}