{"id":2845,"date":"2024-04-24T09:33:25","date_gmt":"2024-04-24T07:33:25","guid":{"rendered":"https:\/\/agora.xtec.cat\/cfavilafrancadelpenedes\/?page_id=2845"},"modified":"2025-12-04T08:46:50","modified_gmt":"2025-12-04T07:46:50","slug":"alumnat-informacions-dacollida-al-centre","status":"publish","type":"page","link":"https:\/\/agora.xtec.cat\/cfavilafrancadelpenedes\/alumnat-informacions-dacollida-al-centre\/","title":{"rendered":"Alumnat: Informacions d&#8217;acollida al centre"},"content":{"rendered":"<h2 style=\"text-align: justify;\">BENVINGUDA<\/h2>\n<p style=\"text-align: justify;\">Us donem les gr\u00e0cies per dipositar la vostra confian\u00e7a en nosaltres i matricular-vos al CFA VILAFRANCA DEL PENED\u00c8S. Esperem que amb nosaltres aconseguiu els objectius que us heu proposat i que la nostra tasca us sigui profitosa. A continuaci\u00f3 us informem d\u2019alguns aspectes del nostre centre que creiem poden ser del vostre inter\u00e8s o que cal que conegueu. Restem a la vostra disposici\u00f3 i no dubteu a consultar-nos qualsevol aspecte que creieu d\u2019inter\u00e8s.<\/p>\n<h2>ATENCI\u00d3 ALS ALUMNES i COMUNICACI\u00d3<\/h2>\n<p>Els canals de comunicaci\u00f3 al CFA VILAFRANCA DEL PENED\u00c8S s\u00f3n els seg\u00fcents:<\/p>\n<ul>\n<li>Tutor\/a o professor\/a: hores de d\u2019atenci\u00f3 o correu electr\u00f2nic.<\/li>\n<li>Tr\u00e0mits administratius: hores de secretaria o vilafranca@cfavilafranca.cat.<\/li>\n<li>Direcci\u00f3 o cap d\u2019estudis: hores d\u2019atenci\u00f3 o al correu a8062092@xtec.cat<\/li>\n<\/ul>\n<p>Podeu trobar tota la informaci\u00f3 a la nostra p\u00e0gina web i tamb\u00e9 a les xarxes, o b\u00e9 ens podeu trucar en horari d&#8217;atenci\u00f3 al p\u00fablic de 16h a 17h al\u00a0 <a href=\"https:\/\/www.google.com\/search?q=cfa+vilafranca&amp;oq=cfa+vilaf&amp;gs_lcrp=EgZjaHJvbWUqCggAEAAY4wIYgAQyCggAEAAY4wIYgAQyDQgBEC4YrwEYxwEYgAQyBggCEEUYQDIGCAMQRRg5MgcIBBAAGIAEMgYIBRBFGDwyBggGEEUYPDIGCAcQRRg8qAIAsAIB&amp;sourceid=chrome&amp;ie=UTF-8#\" data-dtype=\"d3ph\" data-local-attribute=\"d3ph\" data-ved=\"2ahUKEwiq7bWEo9qFAxVuX0EAHa4fCu4QkAgoAHoECDwQAw\"><span aria-label=\"Truca al n\u00famero de tel\u00e8fon 938 90 53 77\">938 90 53 77<\/span><\/a>.<\/p>\n<table style=\"border-collapse: collapse; width: 100%;\">\n<tbody>\n<tr>\n<td style=\"width: 50%;\"><a href=\"https:\/\/agora.xtec.cat\/cfavilafrancadelpenedes\/wp-content\/uploads\/usu2121\/2024\/04\/qr_img.png\"><img loading=\"lazy\" decoding=\"async\" class=\"size-full wp-image-2849 aligncenter\" src=\"https:\/\/agora.xtec.cat\/cfavilafrancadelpenedes\/wp-content\/uploads\/usu2121\/2024\/04\/qr_img.png\" alt=\"\" width=\"246\" height=\"246\" srcset=\"https:\/\/agora.xtec.cat\/cfavilafrancadelpenedes\/wp-content\/uploads\/usu2121\/2024\/04\/qr_img.png 246w, https:\/\/agora.xtec.cat\/cfavilafrancadelpenedes\/wp-content\/uploads\/usu2121\/2024\/04\/qr_img-150x150.png 150w\" sizes=\"auto, (max-width: 246px) 100vw, 246px\" \/><\/a><\/td>\n<td style=\"width: 50%;\"><a href=\"https:\/\/www.instagram.com\/\" target=\"_blank\" rel=\"noopener\"><img loading=\"lazy\" decoding=\"async\" class=\"aligncenter wp-image-2850\" src=\"https:\/\/agora.xtec.cat\/cfavilafrancadelpenedes\/wp-content\/uploads\/usu2121\/2024\/04\/49813049796_0030ca3f16_z.jpg\" alt=\"\" width=\"238\" height=\"236\" srcset=\"https:\/\/agora.xtec.cat\/cfavilafrancadelpenedes\/wp-content\/uploads\/usu2121\/2024\/04\/49813049796_0030ca3f16_z.jpg 640w, https:\/\/agora.xtec.cat\/cfavilafrancadelpenedes\/wp-content\/uploads\/usu2121\/2024\/04\/49813049796_0030ca3f16_z-300x298.jpg 300w, https:\/\/agora.xtec.cat\/cfavilafrancadelpenedes\/wp-content\/uploads\/usu2121\/2024\/04\/49813049796_0030ca3f16_z-150x150.jpg 150w\" sizes=\"auto, (max-width: 238px) 100vw, 238px\" \/><\/a><\/td>\n<\/tr>\n<\/tbody>\n<\/table>\n<h2>ASSIST\u00c8NCIA A LES CLASSES<\/h2>\n<p style=\"text-align: justify;\">L\u2019assist\u00e8ncia a les classes \u00e9s obligat\u00f2ria. Si un\/a alumne\/a preveu que durant un temps no podr\u00e0 assistir a classe, cal que ho comuniqui al tutor\/a del grup. Demanem, tamb\u00e9, la m\u00e0xima puntualitat, tant a l\u2019inici de la classe, com al final. Arribar tard o marxar abans, pot computar com a falta d\u2019assist\u00e8ncia. Cal justificar degudament les faltes d\u2019assist\u00e8ncia al professorat respectiu. Donat que l\u2019avaluaci\u00f3 de moltes mat\u00e8ries \u00e9s cont\u00ednua, m\u00e9s de dues faltes d\u2019assist\u00e8ncia no justificades al trimestre, poden comportar la p\u00e8rdua del dret de l\u2019alumnat a ser avaluat o qualificat. Tamb\u00e9 pot perdre el dret a recuperar la part de la mat\u00e8ria a la qual no ha assistit. Quan l\u2019alumnat menor no assisteixi a classe, el professorat t\u00e9 l\u2019obligaci\u00f3 de comunicar-ho als pares\/tutors. Tamb\u00e9 es notifica a les fam\u00edlies\/tutors quan el menor arriba amb retard o marxa abans d\u2019hora si no ho pot justificar adequadament.<\/p>\n<h2>ACOLLIDA DIGITAL<\/h2>\n<p>Cada alumne t\u00e9 dret a una adre\u00e7a electr\u00f2nica amb l&#8217;extensi\u00f3 @cfavilafranca.cat. Aquesta adre\u00e7a us ser\u00e0 facilitada pel vostre tutor i us donar\u00e0 acc\u00e9s a les classes de classroom. Tamb\u00e9 en alguns casos es facilitar\u00e0 l&#8217;acc\u00e9s a l&#8217;espai virtual Moodle. Aquesta adre\u00e7a ser\u00e0 personal i intransferible, amb finalitat pedag\u00f2gica. Al final del curs quedar\u00e0 anul\u00b7lada. No es podr\u00e0 fer servir per altres usos que els estrictament pedag\u00f2gics. Ser\u00e0 l&#8217;adre\u00e7a amb la qual ens dirigirem a vosaltres per comunicar informacions importants del centre i ser\u00e0 la via de comunicaci\u00f3 tamb\u00e9 amb el vostre tutor.<\/p>\n<p>Qualsevol mal \u00fas que se&#8217;n faci donar\u00e0 lloc a la p\u00e8rdua d&#8217;aquest servei.<\/p>\n<h2>ACTIVITATS ORGANITZADES PEL CENTRE<\/h2>\n<p>A banda de les classes ordin\u00e0ries, el CFA VILAFRANCA DEL PENED\u00c8S tamb\u00e9 organitza activitats dins i fora del centre (sortides culturals, activitats relacionades amb dies internacionals o mundials, festa de Nadal, Sant Jordi, etc.). Creiem que s\u00f3n interessants i que complementen les classes, per aix\u00f2 us demanem a participar-hi.<\/p>\n<h2>NORMES DE CONVIV\u00c8NCIA AL CENTRE<\/h2>\n<p>Pel bon funcionament del centre us demanem, si us plau, que respecteu les seg\u00fcents normes:<\/p>\n<ul>\n<li>Intenteu mantenir un to i un volum adient al parlar, a fi de no interferir en les classes de les altres aules.<\/li>\n<li>Dins de les classes est\u00e0 prohibit utilitzar el m\u00f2bil per trucar o respondre a trucades, aix\u00ed com fer-lo servir per a usos no docents.<\/li>\n<li>Tingueu en compte i compliu les observacions fetes en l\u2019apartat d\u2019assist\u00e8ncia a les classes.<\/li>\n<li>Est\u00e0 prohibit fumar en totes les depend\u00e8ncies del CFA, inclosos els patis annexos i l\u2019entrada des del pavell\u00f3 (a partir de la tanca).<\/li>\n<li>Est\u00e0 prohibit anar amb patinet pel centre: <a href=\"https:\/\/drive.google.com\/file\/d\/1_uHgI8aUFMr8SXFiZRmDkoNcgEEev7Rh\/view\" target=\"_blank\" rel=\"noopener\">Normativa de patinets<\/a><\/li>\n<li>Cal tenir cura dels espais d\u2019acc\u00e9s al centre, no llen\u00e7ar-hi brossa ni deixalles.<\/li>\n<li>Compartim els nostres espais amb l&#8217;IES Eugeni d&#8217;Ors. En sortir hem de deixar les taules i cadires ben posades i respectar el mobiliari.<\/li>\n<\/ul>\n<p>Pots descarregar el document i signar-lo: <a href=\"https:\/\/drive.google.com\/file\/d\/1MFUaEWC_EcjFckek50VcslSZhXtF3mrh\/view\" target=\"_blank\" rel=\"noopener\">Enlla\u00e7<\/a><\/p>\n<h2>CONSELL ESCOLAR<\/h2>\n<p style=\"text-align: justify;\">El Consell Escolar \u00e9s un \u00f2rgan de gran import\u00e0ncia dins del funcionament de qualsevol centre educatiu. \u00c9s el centre de presa de decisions on hi tenen representaci\u00f3 tots els sectors de la comunitat educativa i que regula el funcionament de molts aspectes fonamentals del centre, tant pedag\u00f2gics com de gesti\u00f3. En ell tenen veu els alumnes mitjan\u00e7ant els seus representats (podeu consultar-los al tauler).<\/p>\n<h2>PLA D\u2019EMERG\u00c8NCIA (EVACUACI\u00d3 I CONFINAMENT)<\/h2>\n<p>Com en tots els centres, el CFA disposa d\u2019un Pla d\u2019emerg\u00e8ncia. A les classes i els passadissos hi ha pl\u00e0nols indicatius de com evacuar el centre en cas de necessitat. En cas d\u2019una situaci\u00f3 d\u2019emerg\u00e8ncia, cal seguir les indicacions del professorat. Durant el curs, sempre es fa com a m\u00ednim, un simulacre (d\u2019evacuaci\u00f3 o de confinament).<\/p>\n","protected":false},"excerpt":{"rendered":"<p>BENVINGUDA Us donem les gr\u00e0cies per dipositar la vostra confian\u00e7a en nosaltres i matricular-vos al CFA VILAFRANCA DEL PENED\u00c8S. Esperem que amb nosaltres aconseguiu els objectius que us heu proposat i que la nostra tasca us sigui profitosa. A continuaci\u00f3 us informem d\u2019alguns aspectes del nostre centre que creiem poden ser del vostre inter\u00e8s o [&hellip;]<\/p>\n","protected":false},"author":1,"featured_media":0,"parent":0,"menu_order":0,"comment_status":"closed","ping_status":"closed","template":"","meta":{"_bbp_topic_count":0,"_bbp_reply_count":0,"_bbp_total_topic_count":0,"_bbp_total_reply_count":0,"_bbp_voice_count":0,"_bbp_anonymous_reply_count":0,"_bbp_topic_count_hidden":0,"_bbp_reply_count_hidden":0,"_bbp_forum_subforum_count":0,"site-sidebar-layout":"default","site-content-layout":"","ast-site-content-layout":"default","site-content-style":"default","site-sidebar-style":"default","ast-global-header-display":"","ast-banner-title-visibility":"","ast-main-header-display":"","ast-hfb-above-header-display":"","ast-hfb-below-header-display":"","ast-hfb-mobile-header-display":"","site-post-title":"","ast-breadcrumbs-content":"","ast-featured-img":"","footer-sml-layout":"","theme-transparent-header-meta":"","adv-header-id-meta":"","stick-header-meta":"","header-above-stick-meta":"","header-main-stick-meta":"","header-below-stick-meta":"","astra-migrate-meta-layouts":"set","ast-page-background-enabled":"default","ast-page-background-meta":{"desktop":{"background-color":"var(--ast-global-color-4)","background-image":"","background-repeat":"repeat","background-position":"center center","background-size":"auto","background-attachment":"scroll","background-type":"","background-media":"","overlay-type":"","overlay-color":"","overlay-opacity":"","overlay-gradient":""},"tablet":{"background-color":"","background-image":"","background-repeat":"repeat","background-position":"center center","background-size":"auto","background-attachment":"scroll","background-type":"","background-media":"","overlay-type":"","overlay-color":"","overlay-opacity":"","overlay-gradient":""},"mobile":{"background-color":"","background-image":"","background-repeat":"repeat","background-position":"center center","background-size":"auto","background-attachment":"scroll","background-type":"","background-media":"","overlay-type":"","overlay-color":"","overlay-opacity":"","overlay-gradient":""}},"ast-content-background-meta":{"desktop":{"background-color":"var(--ast-global-color-5)","background-image":"","background-repeat":"repeat","background-position":"center center","background-size":"auto","background-attachment":"scroll","background-type":"","background-media":"","overlay-type":"","overlay-color":"","overlay-opacity":"","overlay-gradient":""},"tablet":{"background-color":"var(--ast-global-color-5)","background-image":"","background-repeat":"repeat","background-position":"center center","background-size":"auto","background-attachment":"scroll","background-type":"","background-media":"","overlay-type":"","overlay-color":"","overlay-opacity":"","overlay-gradient":""},"mobile":{"background-color":"var(--ast-global-color-5)","background-image":"","background-repeat":"repeat","background-position":"center center","background-size":"auto","background-attachment":"scroll","background-type":"","background-media":"","overlay-type":"","overlay-color":"","overlay-opacity":"","overlay-gradient":""}},"footnotes":""},"class_list":["post-2845","page","type-page","status-publish","hentry"],"post_mailing_queue_ids":[],"_links":{"self":[{"href":"https:\/\/agora.xtec.cat\/cfavilafrancadelpenedes\/wp-json\/wp\/v2\/pages\/2845","targetHints":{"allow":["GET"]}}],"collection":[{"href":"https:\/\/agora.xtec.cat\/cfavilafrancadelpenedes\/wp-json\/wp\/v2\/pages"}],"about":[{"href":"https:\/\/agora.xtec.cat\/cfavilafrancadelpenedes\/wp-json\/wp\/v2\/types\/page"}],"author":[{"embeddable":true,"href":"https:\/\/agora.xtec.cat\/cfavilafrancadelpenedes\/wp-json\/wp\/v2\/users\/1"}],"replies":[{"embeddable":true,"href":"https:\/\/agora.xtec.cat\/cfavilafrancadelpenedes\/wp-json\/wp\/v2\/comments?post=2845"}],"version-history":[{"count":5,"href":"https:\/\/agora.xtec.cat\/cfavilafrancadelpenedes\/wp-json\/wp\/v2\/pages\/2845\/revisions"}],"predecessor-version":[{"id":4242,"href":"https:\/\/agora.xtec.cat\/cfavilafrancadelpenedes\/wp-json\/wp\/v2\/pages\/2845\/revisions\/4242"}],"wp:attachment":[{"href":"https:\/\/agora.xtec.cat\/cfavilafrancadelpenedes\/wp-json\/wp\/v2\/media?parent=2845"}],"curies":[{"name":"wp","href":"https:\/\/api.w.org\/{rel}","templated":true}]}}