{"id":2839,"date":"2024-04-24T09:20:11","date_gmt":"2024-04-24T07:20:11","guid":{"rendered":"https:\/\/agora.xtec.cat\/cfavilafrancadelpenedes\/?page_id=2839"},"modified":"2026-03-18T15:43:31","modified_gmt":"2026-03-18T14:43:31","slug":"preinscripcio-i-matricula","status":"publish","type":"page","link":"https:\/\/agora.xtec.cat\/cfavilafrancadelpenedes\/preinscripcio-i-matricula\/","title":{"rendered":"Preinscripci\u00f3 i matr\u00edcula 2025-2026"},"content":{"rendered":"<h3><strong>PREINSCRIPCI\u00d3: <\/strong>Del 19 al 27 de juny.<\/h3>\n<p>Les persones que volen accedir a un centre o una aula de formaci\u00f3 d\u2019adults han de presentar la sol\u00b7licitud de preinscripci\u00f3. Podeu consultar tota la\u00a0<a href=\"https:\/\/triaeducativa.gencat.cat\/ca\/al-llarg-vida\/\" target=\"_blank\" rel=\"noopener noreferrer\">informaci\u00f3<\/a>.<\/p>\n<p><strong>Formes de presentar la preinscripci\u00f3<\/strong>:<\/p>\n<ul>\n<li><strong>PRESENCIALMENT<\/strong>. Es comunicaran les dates i horaris.<\/li>\n<\/ul>\n<h4><strong>MATR\u00cdCULA ALUMNAT PREINSCRIT AL JUNY I PLACES VACANTS: <\/strong>Del 2 al 9 de setembre.<\/h4>\n<h5><strong>Per formalitzar la matr\u00edcula cal portar:<\/strong><\/h5>\n<p><a href=\"https:\/\/agora.xtec.cat\/cfatarragona\/wp-content\/uploads\/usu1257\/2019\/09\/DNI-imatge.png\"><img loading=\"lazy\" decoding=\"async\" class=\"wp-image-1635 alignright\" src=\"https:\/\/agora.xtec.cat\/cfatarragona\/wp-content\/uploads\/usu1257\/2019\/09\/DNI-imatge-300x192.png\" sizes=\"auto, (max-width: 233px) 100vw, 233px\" srcset=\"https:\/\/agora.xtec.cat\/cfatarragona\/wp-content\/uploads\/usu1257\/2019\/09\/DNI-imatge-300x192.png 300w, https:\/\/agora.xtec.cat\/cfatarragona\/wp-content\/uploads\/usu1257\/2019\/09\/DNI-imatge.png 572w\" alt=\"\" width=\"233\" height=\"149\" \/><\/a><\/p>\n<ul>\n<li style=\"list-style-type: none;\">\n<ul>\n<li style=\"list-style-type: none;\">\n<ul>\n<li style=\"list-style-type: none;\">\n<ul>\n<li style=\"list-style-type: none;\">\n<ul>\n<li style=\"list-style-type: none;\">\n<ul>\n<li>Resguard de la\u00a0<strong>preinscripci\u00f3<\/strong><\/li>\n<li>Fotoc\u00f2pia del\u00a0<strong>document DNI\/NIE\/Passaport, targeta sanit\u00e0ria (TSI)<\/strong>, si no es va presentar en el moment de fer la preinscripci\u00f3<\/li>\n<li>Fotoc\u00f2pia de la documentaci\u00f3 acreditativa dels criteris al\u00b7legats (si no es va presentar a la preinscripci\u00f3)<\/li>\n<li><strong>2 fotografies<\/strong>\u00a0en format carnet<\/li>\n<li><strong>Import<\/strong> corresponent per despeses quota de material.<\/li>\n<\/ul>\n<\/li>\n<\/ul>\n<\/li>\n<\/ul>\n<\/li>\n<\/ul>\n<\/li>\n<\/ul>\n<\/li>\n<\/ul>\n<h4><strong>MATR\u00cdCULA ALUMNAT EN LLISTA D&#8217;ESPERA: Del 10 al 17 de setembre.<\/strong><\/h4>\n<h4>INICI CLASSES: 22 de setembre\u00a0<\/h4>\n\n\n<p><\/p>\n","protected":false},"excerpt":{"rendered":"<p>PREINSCRIPCI\u00d3: Del 19 al 27 de juny. Les persones que volen accedir a un centre o una aula de formaci\u00f3 d\u2019adults han de presentar la sol\u00b7licitud de preinscripci\u00f3. Podeu consultar tota la\u00a0informaci\u00f3. Formes de presentar la preinscripci\u00f3: PRESENCIALMENT. Es comunicaran les dates i horaris. MATR\u00cdCULA ALUMNAT PREINSCRIT AL JUNY I PLACES VACANTS: Del 2 al [&hellip;]<\/p>\n","protected":false},"author":1,"featured_media":0,"parent":0,"menu_order":0,"comment_status":"closed","ping_status":"closed","template":"","meta":{"_bbp_topic_count":0,"_bbp_reply_count":0,"_bbp_total_topic_count":0,"_bbp_total_reply_count":0,"_bbp_voice_count":0,"_bbp_anonymous_reply_count":0,"_bbp_topic_count_hidden":0,"_bbp_reply_count_hidden":0,"_bbp_forum_subforum_count":0,"site-sidebar-layout":"default","site-content-layout":"","ast-site-content-layout":"default","site-content-style":"default","site-sidebar-style":"default","ast-global-header-display":"","ast-banner-title-visibility":"","ast-main-header-display":"","ast-hfb-above-header-display":"","ast-hfb-below-header-display":"","ast-hfb-mobile-header-display":"","site-post-title":"","ast-breadcrumbs-content":"","ast-featured-img":"","footer-sml-layout":"","theme-transparent-header-meta":"default","adv-header-id-meta":"","stick-header-meta":"","header-above-stick-meta":"","header-main-stick-meta":"","header-below-stick-meta":"","astra-migrate-meta-layouts":"set","ast-page-background-enabled":"default","ast-page-background-meta":{"desktop":{"background-color":"var(--ast-global-color-4)","background-image":"","background-repeat":"repeat","background-position":"center center","background-size":"auto","background-attachment":"scroll","background-type":"","background-media":"","overlay-type":"","overlay-color":"","overlay-opacity":"","overlay-gradient":""},"tablet":{"background-color":"","background-image":"","background-repeat":"repeat","background-position":"center center","background-size":"auto","background-attachment":"scroll","background-type":"","background-media":"","overlay-type":"","overlay-color":"","overlay-opacity":"","overlay-gradient":""},"mobile":{"background-color":"","background-image":"","background-repeat":"repeat","background-position":"center center","background-size":"auto","background-attachment":"scroll","background-type":"","background-media":"","overlay-type":"","overlay-color":"","overlay-opacity":"","overlay-gradient":""}},"ast-content-background-meta":{"desktop":{"background-color":"var(--ast-global-color-5)","background-image":"","background-repeat":"repeat","background-position":"center center","background-size":"auto","background-attachment":"scroll","background-type":"","background-media":"","overlay-type":"","overlay-color":"","overlay-opacity":"","overlay-gradient":""},"tablet":{"background-color":"var(--ast-global-color-5)","background-image":"","background-repeat":"repeat","background-position":"center center","background-size":"auto","background-attachment":"scroll","background-type":"","background-media":"","overlay-type":"","overlay-color":"","overlay-opacity":"","overlay-gradient":""},"mobile":{"background-color":"var(--ast-global-color-5)","background-image":"","background-repeat":"repeat","background-position":"center center","background-size":"auto","background-attachment":"scroll","background-type":"","background-media":"","overlay-type":"","overlay-color":"","overlay-opacity":"","overlay-gradient":""}},"footnotes":""},"class_list":["post-2839","page","type-page","status-publish","hentry"],"post_mailing_queue_ids":[],"_links":{"self":[{"href":"https:\/\/agora.xtec.cat\/cfavilafrancadelpenedes\/wp-json\/wp\/v2\/pages\/2839","targetHints":{"allow":["GET"]}}],"collection":[{"href":"https:\/\/agora.xtec.cat\/cfavilafrancadelpenedes\/wp-json\/wp\/v2\/pages"}],"about":[{"href":"https:\/\/agora.xtec.cat\/cfavilafrancadelpenedes\/wp-json\/wp\/v2\/types\/page"}],"author":[{"embeddable":true,"href":"https:\/\/agora.xtec.cat\/cfavilafrancadelpenedes\/wp-json\/wp\/v2\/users\/1"}],"replies":[{"embeddable":true,"href":"https:\/\/agora.xtec.cat\/cfavilafrancadelpenedes\/wp-json\/wp\/v2\/comments?post=2839"}],"version-history":[{"count":6,"href":"https:\/\/agora.xtec.cat\/cfavilafrancadelpenedes\/wp-json\/wp\/v2\/pages\/2839\/revisions"}],"predecessor-version":[{"id":4336,"href":"https:\/\/agora.xtec.cat\/cfavilafrancadelpenedes\/wp-json\/wp\/v2\/pages\/2839\/revisions\/4336"}],"wp:attachment":[{"href":"https:\/\/agora.xtec.cat\/cfavilafrancadelpenedes\/wp-json\/wp\/v2\/media?parent=2839"}],"curies":[{"name":"wp","href":"https:\/\/api.w.org\/{rel}","templated":true}]}}