{"id":2835,"date":"2024-04-24T09:07:41","date_gmt":"2024-04-24T07:07:41","guid":{"rendered":"https:\/\/agora.xtec.cat\/cfavilafrancadelpenedes\/?page_id=2835"},"modified":"2024-04-24T09:09:08","modified_gmt":"2024-04-24T07:09:08","slug":"pec-projecte-educatiu-de-centre","status":"publish","type":"page","link":"https:\/\/agora.xtec.cat\/cfavilafrancadelpenedes\/pec-projecte-educatiu-de-centre\/","title":{"rendered":"PEC (Projecte Educatiu de Centre)"},"content":{"rendered":"<p style=\"text-align: justify;\">El PEC constitueix el document m\u00e9s rellevant de l\u2019acci\u00f3 d\u2019una comunitat educativa concreta, i en aquest sentit, engloba els eixos i les directrius que la fonamenten. Cont\u00e9 les decisions adoptades, partint dels referents legals, en relaci\u00f3 amb les finalitats educatives i els trets d\u2019identitat del nostre centre.<\/p>\n<p style=\"text-align: justify;\">D\u2019acord amb el que estableixen els articles 91, 92 i 93 de la <a href=\"https:\/\/www.parlament.cat\/document\/cataleg\/48041.pdf\" target=\"_blank\" rel=\"noopener\">Llei 12\/2009 del 10 de juliol d\u2019educaci\u00f3<\/a>, el projecte educatiu, \u00e9s la m\u00e0xima expressi\u00f3 de l\u2019autonomia dels centres i aules de formaci\u00f3 d\u2019adults que recull la identitat i el car\u00e0cter propi, explicant-ne els objectius, orientant-ne l\u2019activitat i donant-li sentit amb la finalitat que els alumnes assoleixin les compet\u00e8ncies b\u00e0siques i el m\u00e0xim aprofitament educatiu. Reflecteix la col\u00b7laboraci\u00f3 entre els diversos sectors de la comunitat educativa i la relaci\u00f3 amb l\u2019entorn social i les necessitats educatives de l\u2019alumnat.<\/p>\n<p style=\"text-align: justify;\">Es tracta d\u2019un projecte com\u00fa viu i canviant, no definitiu, en el qual han intervingut tots els membres de la comunitat educativa, que l\u2019han elaborat fruit del consens i de la converg\u00e8ncia de totes les opinions i posicions dels diferents sectors de la comunitat educativa, perqu\u00e8 serveixi com a punt de refer\u00e8ncia per als altres documents estrat\u00e8gics de centre, i gui\u00ef les actuacions educatives, legitimades i amb rendiment de comptes, de tots els seus membres.<\/p>\n<p style=\"text-align: justify;\">\n<p><a href=\"https:\/\/agora.xtec.cat\/cfavilafrancadelpenedes\/wp-content\/uploads\/usu2121\/2024\/04\/d1au7f4-9548dabd-bdce-4ba8-9497-602c41de3cc1.jpg\"><img loading=\"lazy\" decoding=\"async\" class=\"size-full wp-image-2815 aligncenter\" src=\"https:\/\/agora.xtec.cat\/cfavilafrancadelpenedes\/wp-content\/uploads\/usu2121\/2024\/04\/d1au7f4-9548dabd-bdce-4ba8-9497-602c41de3cc1.jpg\" alt=\"\" width=\"800\" height=\"450\" srcset=\"https:\/\/agora.xtec.cat\/cfavilafrancadelpenedes\/wp-content\/uploads\/usu2121\/2024\/04\/d1au7f4-9548dabd-bdce-4ba8-9497-602c41de3cc1.jpg 800w, https:\/\/agora.xtec.cat\/cfavilafrancadelpenedes\/wp-content\/uploads\/usu2121\/2024\/04\/d1au7f4-9548dabd-bdce-4ba8-9497-602c41de3cc1-300x169.jpg 300w, https:\/\/agora.xtec.cat\/cfavilafrancadelpenedes\/wp-content\/uploads\/usu2121\/2024\/04\/d1au7f4-9548dabd-bdce-4ba8-9497-602c41de3cc1-768x432.jpg 768w\" sizes=\"auto, (max-width: 800px) 100vw, 800px\" \/><\/a><\/p>\n","protected":false},"excerpt":{"rendered":"<p>El PEC constitueix el document m\u00e9s rellevant de l\u2019acci\u00f3 d\u2019una comunitat educativa concreta, i en aquest sentit, engloba els eixos i les directrius que la fonamenten. Cont\u00e9 les decisions adoptades, partint dels referents legals, en relaci\u00f3 amb les finalitats educatives i els trets d\u2019identitat del nostre centre. D\u2019acord amb el que estableixen els articles 91, [&hellip;]<\/p>\n","protected":false},"author":1,"featured_media":0,"parent":0,"menu_order":0,"comment_status":"closed","ping_status":"closed","template":"","meta":{"_bbp_topic_count":0,"_bbp_reply_count":0,"_bbp_total_topic_count":0,"_bbp_total_reply_count":0,"_bbp_voice_count":0,"_bbp_anonymous_reply_count":0,"_bbp_topic_count_hidden":0,"_bbp_reply_count_hidden":0,"_bbp_forum_subforum_count":0,"site-sidebar-layout":"default","site-content-layout":"","ast-site-content-layout":"","site-content-style":"default","site-sidebar-style":"default","ast-global-header-display":"","ast-banner-title-visibility":"","ast-main-header-display":"","ast-hfb-above-header-display":"","ast-hfb-below-header-display":"","ast-hfb-mobile-header-display":"","site-post-title":"","ast-breadcrumbs-content":"","ast-featured-img":"","footer-sml-layout":"","theme-transparent-header-meta":"","adv-header-id-meta":"","stick-header-meta":"","header-above-stick-meta":"","header-main-stick-meta":"","header-below-stick-meta":"","astra-migrate-meta-layouts":"default","ast-page-background-enabled":"default","ast-page-background-meta":{"desktop":{"background-color":"var(--ast-global-color-4)","background-image":"","background-repeat":"repeat","background-position":"center center","background-size":"auto","background-attachment":"scroll","background-type":"","background-media":"","overlay-type":"","overlay-color":"","overlay-opacity":"","overlay-gradient":""},"tablet":{"background-color":"","background-image":"","background-repeat":"repeat","background-position":"center center","background-size":"auto","background-attachment":"scroll","background-type":"","background-media":"","overlay-type":"","overlay-color":"","overlay-opacity":"","overlay-gradient":""},"mobile":{"background-color":"","background-image":"","background-repeat":"repeat","background-position":"center center","background-size":"auto","background-attachment":"scroll","background-type":"","background-media":"","overlay-type":"","overlay-color":"","overlay-opacity":"","overlay-gradient":""}},"ast-content-background-meta":{"desktop":{"background-color":"var(--ast-global-color-5)","background-image":"","background-repeat":"repeat","background-position":"center center","background-size":"auto","background-attachment":"scroll","background-type":"","background-media":"","overlay-type":"","overlay-color":"","overlay-opacity":"","overlay-gradient":""},"tablet":{"background-color":"var(--ast-global-color-5)","background-image":"","background-repeat":"repeat","background-position":"center center","background-size":"auto","background-attachment":"scroll","background-type":"","background-media":"","overlay-type":"","overlay-color":"","overlay-opacity":"","overlay-gradient":""},"mobile":{"background-color":"var(--ast-global-color-5)","background-image":"","background-repeat":"repeat","background-position":"center center","background-size":"auto","background-attachment":"scroll","background-type":"","background-media":"","overlay-type":"","overlay-color":"","overlay-opacity":"","overlay-gradient":""}},"footnotes":""},"class_list":["post-2835","page","type-page","status-publish","hentry"],"post_mailing_queue_ids":[],"_links":{"self":[{"href":"https:\/\/agora.xtec.cat\/cfavilafrancadelpenedes\/wp-json\/wp\/v2\/pages\/2835","targetHints":{"allow":["GET"]}}],"collection":[{"href":"https:\/\/agora.xtec.cat\/cfavilafrancadelpenedes\/wp-json\/wp\/v2\/pages"}],"about":[{"href":"https:\/\/agora.xtec.cat\/cfavilafrancadelpenedes\/wp-json\/wp\/v2\/types\/page"}],"author":[{"embeddable":true,"href":"https:\/\/agora.xtec.cat\/cfavilafrancadelpenedes\/wp-json\/wp\/v2\/users\/1"}],"replies":[{"embeddable":true,"href":"https:\/\/agora.xtec.cat\/cfavilafrancadelpenedes\/wp-json\/wp\/v2\/comments?post=2835"}],"version-history":[{"count":2,"href":"https:\/\/agora.xtec.cat\/cfavilafrancadelpenedes\/wp-json\/wp\/v2\/pages\/2835\/revisions"}],"predecessor-version":[{"id":2837,"href":"https:\/\/agora.xtec.cat\/cfavilafrancadelpenedes\/wp-json\/wp\/v2\/pages\/2835\/revisions\/2837"}],"wp:attachment":[{"href":"https:\/\/agora.xtec.cat\/cfavilafrancadelpenedes\/wp-json\/wp\/v2\/media?parent=2835"}],"curies":[{"name":"wp","href":"https:\/\/api.w.org\/{rel}","templated":true}]}}