{"id":2814,"date":"2024-04-24T08:43:24","date_gmt":"2024-04-24T06:43:24","guid":{"rendered":"https:\/\/agora.xtec.cat\/cfavilafrancadelpenedes\/?page_id=2814"},"modified":"2024-04-24T08:45:09","modified_gmt":"2024-04-24T06:45:09","slug":"normes-dorganitzacio-i-funcionament-de-centre-nofc","status":"publish","type":"page","link":"https:\/\/agora.xtec.cat\/cfavilafrancadelpenedes\/projecte-educatiu\/normes-dorganitzacio-i-funcionament-de-centre-nofc\/","title":{"rendered":"Normes d\u2019Organitzaci\u00f3 i Funcionament de Centre (NOFC)"},"content":{"rendered":"<p style=\"text-align: justify;\">Tota comunitat educativa necessita una s\u00e8rie de normes que regulin el seu funcionament. L\u2019acceptaci\u00f3 per part de tots els components d\u2019aquestes normes ha de fer possible, en el dia a dia, el treball educatiu i de gesti\u00f3 que permetin assolir els seus objectius, tant pedag\u00f2gics com socials, proposats en el projecte educatiu del centre i en la seva programaci\u00f3 anual.<\/p>\n<p style=\"text-align: justify;\">El <a href=\"https:\/\/portaljuridic.gencat.cat\/ca\/document-del-pjur\/?documentId=545262\" target=\"_blank\" rel=\"noopener\">decret 102\/2010, de 3 d\u2019agost<\/a>, d\u2019autonomia dels centres educatius, en el seu article 18 diu que els centres han de determinar les seves normes d\u2019organitzaci\u00f3 i funcionament i en aquest document queden concretades. Per tant, les directrius aqu\u00ed marcades es fonamenten en aquest marc legal vigent, i tamb\u00e9 en el PEC (Projecte Educatiu de Centre).<\/p>\n<p><a href=\"https:\/\/agora.xtec.cat\/cfavilafrancadelpenedes\/wp-content\/uploads\/usu2121\/2024\/04\/d1au7f4-9548dabd-bdce-4ba8-9497-602c41de3cc1.jpg\"><img loading=\"lazy\" decoding=\"async\" class=\"size-full wp-image-2815 aligncenter\" src=\"https:\/\/agora.xtec.cat\/cfavilafrancadelpenedes\/wp-content\/uploads\/usu2121\/2024\/04\/d1au7f4-9548dabd-bdce-4ba8-9497-602c41de3cc1.jpg\" alt=\"\" width=\"800\" height=\"450\" srcset=\"https:\/\/agora.xtec.cat\/cfavilafrancadelpenedes\/wp-content\/uploads\/usu2121\/2024\/04\/d1au7f4-9548dabd-bdce-4ba8-9497-602c41de3cc1.jpg 800w, https:\/\/agora.xtec.cat\/cfavilafrancadelpenedes\/wp-content\/uploads\/usu2121\/2024\/04\/d1au7f4-9548dabd-bdce-4ba8-9497-602c41de3cc1-300x169.jpg 300w, https:\/\/agora.xtec.cat\/cfavilafrancadelpenedes\/wp-content\/uploads\/usu2121\/2024\/04\/d1au7f4-9548dabd-bdce-4ba8-9497-602c41de3cc1-768x432.jpg 768w\" sizes=\"auto, (max-width: 800px) 100vw, 800px\" \/><\/a><\/p>\n","protected":false},"excerpt":{"rendered":"<p>Tota comunitat educativa necessita una s\u00e8rie de normes que regulin el seu funcionament. L\u2019acceptaci\u00f3 per part de tots els components d\u2019aquestes normes ha de fer possible, en el dia a dia, el treball educatiu i de gesti\u00f3 que permetin assolir els seus objectius, tant pedag\u00f2gics com socials, proposats en el projecte educatiu del centre i [&hellip;]<\/p>\n","protected":false},"author":1,"featured_media":0,"parent":57,"menu_order":0,"comment_status":"closed","ping_status":"closed","template":"","meta":{"_bbp_topic_count":0,"_bbp_reply_count":0,"_bbp_total_topic_count":0,"_bbp_total_reply_count":0,"_bbp_voice_count":0,"_bbp_anonymous_reply_count":0,"_bbp_topic_count_hidden":0,"_bbp_reply_count_hidden":0,"_bbp_forum_subforum_count":0,"site-sidebar-layout":"default","site-content-layout":"","ast-site-content-layout":"","site-content-style":"default","site-sidebar-style":"default","ast-global-header-display":"","ast-banner-title-visibility":"","ast-main-header-display":"","ast-hfb-above-header-display":"","ast-hfb-below-header-display":"","ast-hfb-mobile-header-display":"","site-post-title":"","ast-breadcrumbs-content":"","ast-featured-img":"","footer-sml-layout":"","theme-transparent-header-meta":"","adv-header-id-meta":"","stick-header-meta":"","header-above-stick-meta":"","header-main-stick-meta":"","header-below-stick-meta":"","astra-migrate-meta-layouts":"default","ast-page-background-enabled":"default","ast-page-background-meta":{"desktop":{"background-color":"var(--ast-global-color-4)","background-image":"","background-repeat":"repeat","background-position":"center center","background-size":"auto","background-attachment":"scroll","background-type":"","background-media":"","overlay-type":"","overlay-color":"","overlay-opacity":"","overlay-gradient":""},"tablet":{"background-color":"","background-image":"","background-repeat":"repeat","background-position":"center center","background-size":"auto","background-attachment":"scroll","background-type":"","background-media":"","overlay-type":"","overlay-color":"","overlay-opacity":"","overlay-gradient":""},"mobile":{"background-color":"","background-image":"","background-repeat":"repeat","background-position":"center center","background-size":"auto","background-attachment":"scroll","background-type":"","background-media":"","overlay-type":"","overlay-color":"","overlay-opacity":"","overlay-gradient":""}},"ast-content-background-meta":{"desktop":{"background-color":"var(--ast-global-color-5)","background-image":"","background-repeat":"repeat","background-position":"center center","background-size":"auto","background-attachment":"scroll","background-type":"","background-media":"","overlay-type":"","overlay-color":"","overlay-opacity":"","overlay-gradient":""},"tablet":{"background-color":"var(--ast-global-color-5)","background-image":"","background-repeat":"repeat","background-position":"center center","background-size":"auto","background-attachment":"scroll","background-type":"","background-media":"","overlay-type":"","overlay-color":"","overlay-opacity":"","overlay-gradient":""},"mobile":{"background-color":"var(--ast-global-color-5)","background-image":"","background-repeat":"repeat","background-position":"center center","background-size":"auto","background-attachment":"scroll","background-type":"","background-media":"","overlay-type":"","overlay-color":"","overlay-opacity":"","overlay-gradient":""}},"footnotes":""},"class_list":["post-2814","page","type-page","status-publish","hentry"],"post_mailing_queue_ids":[],"_links":{"self":[{"href":"https:\/\/agora.xtec.cat\/cfavilafrancadelpenedes\/wp-json\/wp\/v2\/pages\/2814","targetHints":{"allow":["GET"]}}],"collection":[{"href":"https:\/\/agora.xtec.cat\/cfavilafrancadelpenedes\/wp-json\/wp\/v2\/pages"}],"about":[{"href":"https:\/\/agora.xtec.cat\/cfavilafrancadelpenedes\/wp-json\/wp\/v2\/types\/page"}],"author":[{"embeddable":true,"href":"https:\/\/agora.xtec.cat\/cfavilafrancadelpenedes\/wp-json\/wp\/v2\/users\/1"}],"replies":[{"embeddable":true,"href":"https:\/\/agora.xtec.cat\/cfavilafrancadelpenedes\/wp-json\/wp\/v2\/comments?post=2814"}],"version-history":[{"count":2,"href":"https:\/\/agora.xtec.cat\/cfavilafrancadelpenedes\/wp-json\/wp\/v2\/pages\/2814\/revisions"}],"predecessor-version":[{"id":2817,"href":"https:\/\/agora.xtec.cat\/cfavilafrancadelpenedes\/wp-json\/wp\/v2\/pages\/2814\/revisions\/2817"}],"up":[{"embeddable":true,"href":"https:\/\/agora.xtec.cat\/cfavilafrancadelpenedes\/wp-json\/wp\/v2\/pages\/57"}],"wp:attachment":[{"href":"https:\/\/agora.xtec.cat\/cfavilafrancadelpenedes\/wp-json\/wp\/v2\/media?parent=2814"}],"curies":[{"name":"wp","href":"https:\/\/api.w.org\/{rel}","templated":true}]}}