{"id":2801,"date":"2024-04-24T08:26:23","date_gmt":"2024-04-24T06:26:23","guid":{"rendered":"https:\/\/agora.xtec.cat\/cfavilafrancadelpenedes\/?page_id=2801"},"modified":"2025-06-28T08:56:45","modified_gmt":"2025-06-28T06:56:45","slug":"reconeixement-dels-nivells-b2-i-c1-de-catala","status":"publish","type":"page","link":"https:\/\/agora.xtec.cat\/cfavilafrancadelpenedes\/secretaria\/reconeixement-dels-nivells-b2-i-c1-de-catala\/","title":{"rendered":"Reconeixement dels nivells B2 i C1 de catal\u00e0"},"content":{"rendered":"\n<p><strong>Requisits:<\/strong><\/p>\n\n\n\n<ul class=\"wp-block-list\">\n<li>\n<ul class=\"wp-block-list\">\n<li>Haver nascut a partir de l\u2019any 1972.<\/li>\n\n\n\n<li>Escolaritzaci\u00f3 complerta a Catalunya (des d\u2019EGB o Prim\u00e0ria).<\/li>\n\n\n\n<li>No estar exempt de catal\u00e0.<\/li>\n\n\n\n<li>Tenir algun dels seg\u00fcents t\u00edtols: EGB, ESO, BATXILLERAT, FP1 o FP2.<\/li>\n\n\n\n<li>El cicle formatiu de Grau Mitj\u00e0 o de Grau Superior, no permet acreditar l\u2019obtenci\u00f3 del nivell de catal\u00e0.<\/li>\n<\/ul>\n<\/li>\n<\/ul>\n\n\n\n<p><strong>Quadre d\u2019equival\u00e8ncies:<\/strong><\/p>\n\n\n\n<figure class=\"wp-block-table\"><table class=\"has-fixed-layout\"><tbody><tr><td colspan=\"3\"><strong>NIVELL B2<\/strong><\/td><\/tr><tr><td><strong>T\u00edtol<\/strong><\/td><td><strong>A Catalunya cal haver estudiat<\/strong><\/td><td><strong>Documentaci\u00f3 a presentar<\/strong><\/td><\/tr><tr><td>EGB<\/td><td>Tota l\u2019EGB i haver&nbsp;<strong>cursat&nbsp;<\/strong>la mat\u00e8ria de llengua catalana en els estudis esmentats a partir del curs 1978-1979<\/td><td>\u00b7DNI\u00b7Llibre escolaritat d\u2019EGB, o certificat acreditatiu, expedit pel centre on va cursar els estudis, on consti que s\u2019hagi cursat la mat\u00e8ria de llengua catalana en la totalitat dels estudis esmentats<\/td><\/tr><tr><td>FP 1<\/td><td>Tota l\u2019EGB i l\u2019FP1 i haver<strong>&nbsp;cursat<\/strong>&nbsp;la mat\u00e8ria de llengua catalana en els estudis esmentats a partir del curs 1978-1979<\/td><td>\u00b7DNI\u00b7Llibre escolaritat d\u2019EGB, o certificat acreditatiu, expedit pel centre on va cursar els estudis, on consti que s\u2019hagi cursat la mat\u00e8ria de llengua catalana en la totalitat dels estudis esmentats\u00b7Certificat de qualificacions d\u2019FP1, o certificat acreditatiu, expedit pel centre on va cursar els estudis, on consti que s\u2019hagi cursat la mat\u00e8ria de llengua catalana en la totalitat dels estudis esmentats<\/td><\/tr><\/tbody><\/table><\/figure>\n\n\n\n<figure class=\"wp-block-table\"><table class=\"has-fixed-layout\"><tbody><tr><td colspan=\"3\"><strong>NIVELL C1<\/strong><\/td><\/tr><tr><td><strong>T\u00edtol<\/strong><\/td><td><strong>A Catalunya cal haver estudiat<\/strong><\/td><td><strong>Documentaci\u00f3 a presentar<\/strong><\/td><\/tr><tr><td>ESO(abans2007-2008)<\/td><td>Almenys tres cursos qualsevol de prim\u00e0ria i tota l\u2019ESO i haver&nbsp;<strong>cursat<\/strong>&nbsp;la mat\u00e8ria de llengua catalana en els estudis m\u00ednims esmentats<\/td><td>\u00b7DNI\u00b7Llibre de Prim\u00e0ria i d\u2019ESO o certificat acreditatiu, expedit pel centre on va cursar els estudis, on consti que s\u2019hagi cursat la mat\u00e8ria de llengua catalana en la totalitat dels estudis esmentats<\/td><\/tr><tr><td>ESO(a partir2007-2008)<\/td><td>Almenys tres cursos qualsevol de prim\u00e0ria i tota l\u2019ESO i haver&nbsp;<strong>cursat i aprovat<\/strong>&nbsp;la mat\u00e8ria de llengua catalana en els estudis m\u00ednims esmentats<\/td><td>\u00b7DNI\u00b7Llibre de Prim\u00e0ria i d\u2019ESO o certificat acreditatiu, expedit pel centre on va cursar els estudis, on consti que s\u2019hagi cursat la mat\u00e8ria de llengua catalana en la totalitat dels estudis esmentats<\/td><\/tr><tr><td>BATXILLERAT (LOGSE-LOE-LOEM)<\/td><td>Almenys tres cursos qualsevol de prim\u00e0ria i cinc cursos qualsevol entre l\u2019ESO i el BATXILLERAT i haver&nbsp;<strong>cursat<\/strong>&nbsp;la mat\u00e8ria de llengua catalana en els estudis m\u00ednims esmentats<\/td><td>\u00b7 DNI\u00b7Llibre de prim\u00e0ria, d\u2019ESO i Batxillerat o certificat acreditatiu, expedit pel centre on va cursar els estudis, on consti que s\u2019hagi cursat la mat\u00e8ria de llengua catalana en la totalitat dels estudis esmentats<\/td><\/tr><tr><td>BUP(Batxillerat)<\/td><td>Tota l\u2019EGB i el BUP i haver&nbsp;<strong>cursat<\/strong>&nbsp;la mat\u00e8ria de llengua catalana en la totalitat dels estudis esmentats, a partir del curs 1978-1979<\/td><td>\u00b7 DNI\u00b7Llibre d\u2019EGB i BUP, o certificat acreditatiu, expedit pel centre on va cursar els estudis, on consti que s\u2019hagi cursat la mat\u00e8ria de llengua catalana en la totalitat dels estudis esmentats<\/td><\/tr><tr><td>FP 2<\/td><td>Tota l\u2019EGB, l\u2019FP1 i l\u2019FP 2 i haver&nbsp;<strong>cursat<\/strong>&nbsp;la mat\u00e8ria de llengua catalana en els estudis esmentats a partir dels curs 1978-1979<\/td><td>\u00b7DNI\u00b7Llibre escolaritat d\u2019EGB, o certificat acreditatiu, expedit pel centre on va cursar els estudis, on consti que s\u2019hagi cursat la mat\u00e8ria de llengua catalana en la totalitat dels estudis esmentats\u00b7Certificat de qualificacions d\u2019FP1 i d\u2019FP2, o certificat acreditatiu, expedit pel centre on va cursar els estudis, on consti que s\u2019hagi cursat la mat\u00e8ria de llengua catalana en la totalitat dels estudis esmentats<\/td><\/tr><\/tbody><\/table><\/figure>\n\n\n\n<ul class=\"wp-block-list\"><\/ul>\n\n\n\n<p>Per a m\u00e9s informaci\u00f3 podeu consultar:&nbsp;&nbsp;<a href=\"https:\/\/llengua.gencat.cat\/ca\/serveis\/acreditacio_coneixements\/certificats_de_catala\/equivalencies-acreditacions\/\" target=\"_blank\" rel=\"noreferrer noopener\">Normativa aplicable sobre expedici\u00f3 de certificacions d\u2019equival\u00e8ncia del nivell de catal\u00e0 (web de la Generalitat de Catalunya)<\/a><\/p>\n\n\n\n<p>Aquelles persones que no compleixen els requisits detallats a la graella, segons la seva petici\u00f3, poden adre\u00e7ar-se a:<\/p>\n\n\n\n<p>Departament d\u2019Educaci\u00f3<\/p>\n\n\n\n<p>Tel\u00e8fon: 934006900<\/p>\n\n\n\n<p>B\u00fastia de contacte: &nbsp;<a href=\"http:\/\/ensenyament.gencat.cat\/ca\/contacte\/\" target=\"_blank\" rel=\"noreferrer noopener\">http:\/\/ensenyament.gencat.cat\/ca\/contacte\/<\/a><\/p>\n\n\n\n<p><\/p>\n","protected":false},"excerpt":{"rendered":"<p>Requisits: Quadre d\u2019equival\u00e8ncies: NIVELL B2 T\u00edtol A Catalunya cal haver estudiat Documentaci\u00f3 a presentar EGB Tota l\u2019EGB i haver&nbsp;cursat&nbsp;la mat\u00e8ria de llengua catalana en els estudis esmentats a partir del curs 1978-1979 \u00b7DNI\u00b7Llibre escolaritat d\u2019EGB, o certificat acreditatiu, expedit pel centre on va cursar els estudis, on consti que s\u2019hagi cursat la mat\u00e8ria de llengua [&hellip;]<\/p>\n","protected":false},"author":1,"featured_media":0,"parent":81,"menu_order":0,"comment_status":"closed","ping_status":"closed","template":"","meta":{"_bbp_topic_count":0,"_bbp_reply_count":0,"_bbp_total_topic_count":0,"_bbp_total_reply_count":0,"_bbp_voice_count":0,"_bbp_anonymous_reply_count":0,"_bbp_topic_count_hidden":0,"_bbp_reply_count_hidden":0,"_bbp_forum_subforum_count":0,"site-sidebar-layout":"default","site-content-layout":"","ast-site-content-layout":"default","site-content-style":"default","site-sidebar-style":"default","ast-global-header-display":"","ast-banner-title-visibility":"","ast-main-header-display":"","ast-hfb-above-header-display":"","ast-hfb-below-header-display":"","ast-hfb-mobile-header-display":"","site-post-title":"","ast-breadcrumbs-content":"","ast-featured-img":"","footer-sml-layout":"","theme-transparent-header-meta":"","adv-header-id-meta":"","stick-header-meta":"","header-above-stick-meta":"","header-main-stick-meta":"","header-below-stick-meta":"","astra-migrate-meta-layouts":"set","ast-page-background-enabled":"default","ast-page-background-meta":{"desktop":{"background-color":"var(--ast-global-color-4)","background-image":"","background-repeat":"repeat","background-position":"center center","background-size":"auto","background-attachment":"scroll","background-type":"","background-media":"","overlay-type":"","overlay-color":"","overlay-opacity":"","overlay-gradient":""},"tablet":{"background-color":"","background-image":"","background-repeat":"repeat","background-position":"center center","background-size":"auto","background-attachment":"scroll","background-type":"","background-media":"","overlay-type":"","overlay-color":"","overlay-opacity":"","overlay-gradient":""},"mobile":{"background-color":"","background-image":"","background-repeat":"repeat","background-position":"center center","background-size":"auto","background-attachment":"scroll","background-type":"","background-media":"","overlay-type":"","overlay-color":"","overlay-opacity":"","overlay-gradient":""}},"ast-content-background-meta":{"desktop":{"background-color":"var(--ast-global-color-5)","background-image":"","background-repeat":"repeat","background-position":"center center","background-size":"auto","background-attachment":"scroll","background-type":"","background-media":"","overlay-type":"","overlay-color":"","overlay-opacity":"","overlay-gradient":""},"tablet":{"background-color":"var(--ast-global-color-5)","background-image":"","background-repeat":"repeat","background-position":"center center","background-size":"auto","background-attachment":"scroll","background-type":"","background-media":"","overlay-type":"","overlay-color":"","overlay-opacity":"","overlay-gradient":""},"mobile":{"background-color":"var(--ast-global-color-5)","background-image":"","background-repeat":"repeat","background-position":"center center","background-size":"auto","background-attachment":"scroll","background-type":"","background-media":"","overlay-type":"","overlay-color":"","overlay-opacity":"","overlay-gradient":""}},"footnotes":""},"class_list":["post-2801","page","type-page","status-publish","hentry"],"post_mailing_queue_ids":[],"_links":{"self":[{"href":"https:\/\/agora.xtec.cat\/cfavilafrancadelpenedes\/wp-json\/wp\/v2\/pages\/2801","targetHints":{"allow":["GET"]}}],"collection":[{"href":"https:\/\/agora.xtec.cat\/cfavilafrancadelpenedes\/wp-json\/wp\/v2\/pages"}],"about":[{"href":"https:\/\/agora.xtec.cat\/cfavilafrancadelpenedes\/wp-json\/wp\/v2\/types\/page"}],"author":[{"embeddable":true,"href":"https:\/\/agora.xtec.cat\/cfavilafrancadelpenedes\/wp-json\/wp\/v2\/users\/1"}],"replies":[{"embeddable":true,"href":"https:\/\/agora.xtec.cat\/cfavilafrancadelpenedes\/wp-json\/wp\/v2\/comments?post=2801"}],"version-history":[{"count":6,"href":"https:\/\/agora.xtec.cat\/cfavilafrancadelpenedes\/wp-json\/wp\/v2\/pages\/2801\/revisions"}],"predecessor-version":[{"id":3896,"href":"https:\/\/agora.xtec.cat\/cfavilafrancadelpenedes\/wp-json\/wp\/v2\/pages\/2801\/revisions\/3896"}],"up":[{"embeddable":true,"href":"https:\/\/agora.xtec.cat\/cfavilafrancadelpenedes\/wp-json\/wp\/v2\/pages\/81"}],"wp:attachment":[{"href":"https:\/\/agora.xtec.cat\/cfavilafrancadelpenedes\/wp-json\/wp\/v2\/media?parent=2801"}],"curies":[{"name":"wp","href":"https:\/\/api.w.org\/{rel}","templated":true}]}}