{"id":274,"date":"2015-01-27T17:56:20","date_gmt":"2015-01-27T16:56:20","guid":{"rendered":"http:\/\/agora.xtec.cat\/cfavilafrancadelpenedes\/?page_id=274"},"modified":"2025-09-25T10:34:41","modified_gmt":"2025-09-25T08:34:41","slug":"ensenyaments","status":"publish","type":"page","link":"https:\/\/agora.xtec.cat\/cfavilafrancadelpenedes\/ensenyaments\/","title":{"rendered":"Horaris"},"content":{"rendered":"<table style=\"border-collapse: collapse; width: 100%; height: 441px;\">\n<tbody>\n<tr style=\"height: 66px;\">\n<td style=\"width: 42.1682%; border-color: #87e6d4; background-color: #10afe8; text-align: center; height: 66px;\">\n<h3><span style=\"color: #ffffff;\">Horaris del curs 2025 &#8211; 2026<\/span><\/h3>\n<\/td>\n<\/tr>\n<tr style=\"height: 375px;\">\n<td style=\"width: 42.1682%; height: 375px;\">\n<h3><span style=\"color: #ff6600;\">Vilafranca del Pened\u00e8s<\/span><\/h3>\n<table style=\"border-style: solid; border-color: #000000;\">\n<tbody>\n<tr>\n<td style=\"width: 16.6667%; text-align: center; border-style: solid; border-color: #000000;\">\n<h5 style=\"font-style: normal;\"><strong><span style=\"color: #000000;\"><a style=\"font-size: 20.8px; transition-property: all; color: #3a3a3a;\" href=\"https:\/\/drive.google.com\/file\/d\/15WJjAHqsLcqUq-52ta4jDlvcXtMcWzpz\/view?usp=drive_link\" target=\"_blank\" rel=\"noopener\">Angl\u00e8s<\/a><\/span><span style=\"color: #000000;\"><a style=\"font-size: 20.8px; transition-property: all; color: #3a3a3a;\" href=\"https:\/\/drive.google.com\/file\/d\/1PJ-q4qd4M4UZQ0T6jVVTq9zNffPA8ic4\/view?usp=drive_link\" target=\"_blank\" rel=\"noopener\"> 1<\/a><\/span><\/strong><\/h5>\n<\/td>\n<td style=\"width: 16.6667%; text-align: center; border-style: solid; border-color: #000000;\">\n<h5 style=\"font-style: normal;\"><strong><span style=\"color: #000000;\"><a style=\"font-size: 20.8px; transition-property: all; color: #3a3a3a;\" href=\"https:\/\/drive.google.com\/file\/d\/1Ds2Xtl54qthveCRzlMh1N0omf6dytU-d\/view?usp=drive_link\" target=\"_blank\" rel=\"noopener\">Angl\u00e8s 2<\/a><\/span><\/strong><\/h5>\n<\/td>\n<td style=\"width: 16.6667%; text-align: center; border-style: solid; border-color: #000000;\">\n<h5 style=\"font-style: normal;\"><strong><span style=\"color: #000000;\"><a style=\"font-size: 20.8px; transition-property: all; color: #3a3a3a;\" href=\"https:\/\/drive.google.com\/file\/d\/1em-bt5B8bJ1FtIlVQ7z7uwnw4VS0hR27\/view?usp=drive_link\" target=\"_blank\" rel=\"noopener\">Angl\u00e8s 3<\/a><\/span><\/strong><\/h5>\n<\/td>\n<td style=\"width: 16.6667%; text-align: center; border-style: solid; border-color: #000000;\">\n<h5 style=\"font-style: normal;\"><strong><span style=\"color: #000000;\"><a style=\"font-size: 20.8px; transition-property: all; color: #3a3a3a;\" href=\"https:\/\/drive.google.com\/file\/d\/1gqziSEEczHN_KfT-5t1lkEYgZalKXIo5\/view?usp=drive_link\" target=\"_blank\" rel=\"noopener\">Castell\u00e0 1A<\/a><\/span><\/strong><\/h5>\n<\/td>\n<td style=\"width: 16.6667%; text-align: center; border-style: solid; border-color: #000000;\">\n<h5 style=\"font-style: normal;\"><strong><span style=\"color: #000000;\"><a style=\"font-size: 20.8px; transition-property: all; color: #3a3a3a;\" href=\"https:\/\/drive.google.com\/file\/d\/1XKUFj_V2tdzH53oOi2n0X6u0owNF90BD\/view?usp=drive_link\" target=\"_blank\" rel=\"noopener\">Castell\u00e0 2<\/a><\/span><\/strong><\/h5>\n<\/td>\n<td style=\"width: 16.6667%; text-align: center; border-style: solid; border-color: #000000;\">\n<h5 style=\"font-style: normal;\"><strong><span style=\"color: #000000;\"><a style=\"font-size: 20.8px; transition-property: all; color: #3a3a3a;\" href=\"https:\/\/drive.google.com\/file\/d\/1dI4OsHEBk1TOczC5e4JkDoB1oNFYyQqB\/view?usp=drive_link\" target=\"_blank\" rel=\"noopener\">Castell\u00e0 3<\/a><\/span><\/strong><\/h5>\n<\/td>\n<\/tr>\n<tr>\n<td style=\"width: 16.6667%; text-align: center; border-style: solid; border-color: #000000;\">\n<h5 style=\"font-style: normal;\"><strong><span style=\"color: #000000;\"><a style=\"font-size: 20.8px; transition-property: all; color: #3a3a3a;\" href=\"https:\/\/drive.google.com\/file\/d\/1oZJCFIf0S8ETvDTadzcy_QbB2YoZ1EO7\/view?usp=drive_link\" target=\"_blank\" rel=\"noopener\">F. Instrumental 1<\/a><\/span><\/strong><\/h5>\n<\/td>\n<td style=\"width: 16.6667%; text-align: center; border-style: solid; border-color: #000000;\">\n<h5 style=\"font-style: normal;\"><strong><span style=\"color: #000000;\"><a style=\"font-size: 20.8px; transition-property: all; color: #3a3a3a;\" href=\"https:\/\/drive.google.com\/file\/d\/18iIVfBUasyx8_iMlub4qZuVL_glmxoQl\/view?usp=drive_link\" target=\"_blank\" rel=\"noopener\">F. Instrumental 2<\/a><\/span><\/strong><strong><span style=\"color: #000000;\">\u00a0<\/span><\/strong><\/h5>\n<\/td>\n<td style=\"width: 16.6667%; text-align: center; border-style: solid; border-color: #000000;\">\n<h5 style=\"font-style: normal;\"><strong><span style=\"color: #000000;\"><a style=\"font-size: 20.8px; transition-property: all; color: #3a3a3a;\" href=\"https:\/\/drive.google.com\/file\/d\/1Os98y98zKn4sLqtqxa-GS4aS5GLwVRyD\/view?usp=drive_link\" target=\"_blank\" rel=\"noopener\">Castell\u00e0 1B<\/a><\/span><\/strong><\/h5>\n<\/td>\n<td style=\"width: 16.6667%; text-align: center; border-style: solid; border-color: #000000;\">\n<h5 style=\"font-style: normal;\"><strong><span style=\"color: #000000;\"><a style=\"font-size: 20.8px; transition-property: all; color: #3a3a3a;\" href=\"https:\/\/drive.google.com\/file\/d\/1e-I5OQhT3kPB-J67yGn65-0FvHyQSUXi\/view?usp=drive_link\" target=\"_blank\" rel=\"noopener\">Catal\u00e0 1<\/a><\/span><\/strong><\/h5>\n<\/td>\n<td style=\"width: 16.6667%; text-align: center; border-style: solid; border-color: #000000;\">\n<h5 style=\"font-style: normal;\"><strong><span style=\"color: #000000;\"><a style=\"font-size: 20.8px; transition-property: all; color: #3a3a3a;\" href=\"https:\/\/drive.google.com\/file\/d\/1OYiXhZEfhGXWPyAktaug1zxLVthCepi1\/view?usp=drive_link\" target=\"_blank\" rel=\"noopener\">Catal\u00e0 2<\/a><\/span><\/strong><\/h5>\n<\/td>\n<td style=\"width: 16.6667%; text-align: center; border-style: solid; border-color: #000000;\">\n<h5 style=\"font-style: normal;\"><strong><span style=\"color: #000000;\"><a style=\"font-size: 20.8px; transition-property: all; color: #3a3a3a;\" href=\"https:\/\/drive.google.com\/file\/d\/1ut-7dieF7vOE4jZYiVHhWRyKy8_uDZ3x\/view?usp=drive_link\" target=\"_blank\" rel=\"noopener\">PACFGS<\/a><\/span><\/strong><strong><span style=\"color: #000000;\">\u00a0<\/span><\/strong><\/h5>\n<\/td>\n<\/tr>\n<tr>\n<td style=\"width: 16.6667%; text-align: center; border-style: solid; border-color: #000000;\">\n<h5 style=\"font-style: normal;\"><strong><span style=\"color: #000000;\"><a style=\"font-size: 20.8px; transition-property: all; color: #3a3a3a;\" href=\"https:\/\/drive.google.com\/file\/d\/1w-l8rjq3MMip3UcaDXGrPFxRTRXlR54N\/view?usp=drive_link\" target=\"_blank\" rel=\"noopener\">Competic 1<\/a><\/span><\/strong><\/h5>\n<\/td>\n<td style=\"width: 16.6667%; text-align: center; border-style: solid; border-color: #000000;\">\n<h5 style=\"font-style: normal;\"><strong><span style=\"color: #000000;\"><a style=\"font-size: 20.8px; transition-property: all; color: #3a3a3a;\" href=\"https:\/\/drive.google.com\/file\/d\/1oTZKrJa6_Emj-1ETbih69YFHvDtlaAha\/view?usp=drive_link\" target=\"_blank\" rel=\"noopener\">Competic 2<\/a><\/span><\/strong><\/h5>\n<\/td>\n<td style=\"width: 16.6667%; text-align: center; border-style: solid; border-color: #000000;\">\n<h5 style=\"font-style: normal;\"><strong><span style=\"color: #000000;\"><a style=\"font-size: 20.8px; transition-property: all; color: #3a3a3a;\" href=\"https:\/\/drive.google.com\/file\/d\/12ALeTW_7I702BiBFLPTzjEl68EoCtzD7\/view?usp=drive_link\" target=\"_blank\" rel=\"noopener\">Competic 3<\/a><\/span><\/strong><\/h5>\n<\/td>\n<td style=\"width: 16.6667%; text-align: center; border-style: solid; border-color: #000000;\">\n<h5 style=\"font-style: normal;\"><strong><span style=\"color: #000000;\"><a style=\"font-size: 20.8px; transition-property: all; color: #3a3a3a;\" href=\"https:\/\/drive.google.com\/file\/d\/1sxixREXqUU46YZ7mf90q2Ykst5yFIz-F\/view?usp=drive_link\" target=\"_blank\" rel=\"noopener\">U+25\/45<\/a><\/span><\/strong><\/h5>\n<\/td>\n<td style=\"width: 16.6667%; text-align: center; border-style: solid; border-color: #000000;\">\n<h5 style=\"font-style: normal;\"><strong>\u00a0<\/strong><\/h5>\n<\/td>\n<td style=\"width: 16.6667%; text-align: center; border-style: solid; border-color: #000000;\">\n<h5 style=\"font-style: normal;\"><strong>\u00a0<\/strong><\/h5>\n<\/td>\n<\/tr>\n<tr>\n<td style=\"width: 16.6667%; text-align: center; border-style: solid; border-color: #000000;\">\n<h5 style=\"font-style: normal;\"><strong>\u00a0<\/strong><\/h5>\n<\/td>\n<td style=\"width: 16.6667%; text-align: center; border-style: solid; border-color: #000000;\">\n<h5><span style=\"color: #000000;\"><a style=\"color: #000000;\" href=\"https:\/\/drive.google.com\/file\/d\/19UrN2RAPzHVFq6b6zizc8YtlJw7IDjgf\/view?usp=drive_link\" target=\"_blank\" rel=\"noopener\">GESO 1 &#8211; 1r T<\/a><\/span><\/h5>\n<\/td>\n<td style=\"width: 16.6667%; text-align: center; border-style: solid; border-color: #000000;\"><\/td>\n<td style=\"width: 16.6667%; text-align: center; border-style: solid; border-color: #000000;\"><strong>\u00a0<\/strong><\/td>\n<td style=\"width: 16.6667%; text-align: center; border-style: solid; border-color: #000000;\">\n<h5><span style=\"color: #000000;\"><a style=\"color: #000000;\" href=\"https:\/\/drive.google.com\/file\/d\/1nyrG0oUufHuCO-7evMPxsnPsVIlgH6GD\/view?usp=drive_link\" target=\"_blank\" rel=\"noopener\">GESO 2 &#8211; 1r T<\/a><\/span><\/h5>\n<\/td>\n<td style=\"width: 16.6667%; text-align: center; border-style: solid; border-color: #000000;\"><\/td>\n<\/tr>\n<tr>\n<td style=\"width: 16.6667%; text-align: center; border-style: solid; border-color: #000000;\">\n<h5 style=\"font-style: normal;\"><strong><span style=\"color: #000000;\">\u00a0<\/span><\/strong><\/h5>\n<\/td>\n<td style=\"width: 16.6667%; text-align: center; border-style: solid; border-color: #000000;\">\n<h5><span style=\"color: #000000;\"><a style=\"color: #000000;\" href=\"https:\/\/drive.google.com\/file\/d\/1TrbUKpwLJ6x_pUHYgM6tSKE4GeVzAsPW\/view?usp=drive_link\" target=\"_blank\" rel=\"noopener\">GESO 1 &#8211; 2n T<\/a><\/span><\/h5>\n<\/td>\n<td style=\"width: 16.6667%; text-align: center; border-style: solid; border-color: #000000;\"><strong>\u00a0<\/strong><\/td>\n<td style=\"width: 16.6667%; text-align: center; border-style: solid; border-color: #000000;\"><strong><span style=\"color: #000000;\">\u00a0<\/span><\/strong><\/td>\n<td style=\"width: 16.6667%; text-align: center; border-style: solid; border-color: #000000;\">\n<h5><span style=\"color: #000000;\"><a style=\"color: #000000;\" href=\"https:\/\/drive.google.com\/file\/d\/1gVU8xvaKKCTfl4Plv3oyw2eaqKyrEyfZ\/view?usp=drive_link\" target=\"_blank\" rel=\"noopener\">GESO 2 &#8211; 2n T<\/a><\/span><\/h5>\n<\/td>\n<td style=\"width: 16.6667%; text-align: center; border-style: solid; border-color: #000000;\"><\/td>\n<\/tr>\n<tr>\n<td style=\"width: 16.6667%; text-align: center; border-style: solid; border-color: #000000;\">\n<h5 style=\"font-style: normal;\"><strong><span style=\"color: #000000;\">\u00a0<\/span><\/strong><\/h5>\n<\/td>\n<td style=\"width: 16.6667%; text-align: center; border-style: solid; border-color: #000000;\">\n<h5><span style=\"color: #000000;\"><a style=\"color: #000000;\" href=\"https:\/\/drive.google.com\/file\/d\/1r12K0rKBCgiIY-QILbVvgYBr3dAbyWfz\/view?usp=drive_link\" target=\"_blank\" rel=\"noopener\">GESO 1 &#8211; 3r T<\/a><\/span><\/h5>\n<\/td>\n<td style=\"width: 16.6667%; text-align: center; border-style: solid; border-color: #000000;\"><\/td>\n<td style=\"width: 16.6667%; text-align: center; border-style: solid; border-color: #000000;\"><strong><span style=\"color: #000000;\">\u00a0<\/span><\/strong><\/td>\n<td style=\"width: 16.6667%; text-align: center; border-style: solid; border-color: #000000;\">\n<h5><span style=\"color: #000000;\"><a style=\"color: #000000;\" href=\"https:\/\/drive.google.com\/file\/d\/1XIMPEuktX1HCKxF19caw_chvovqV4xDS\/view?usp=drive_link\" target=\"_blank\" rel=\"noopener\">GESO 2 &#8211; 3r T<\/a><\/span><\/h5>\n<\/td>\n<td style=\"width: 16.6667%; text-align: center; border-style: solid; border-color: #000000;\"><\/td>\n<\/tr>\n<\/tbody>\n<\/table>\n<h3><span style=\"color: #ff6600;\">Seu Sant Sadurn\u00ed d\u2019Anoia<\/span><\/h3>\n<table style=\"width: 100%; border-collapse: collapse; border-style: solid; border-color: #121111;\">\n<tbody>\n<tr>\n<td style=\"width: 25%; text-align: center; border-style: solid; border-color: #000000;\">\n<h4 style=\"font-style: normal;\"><span style=\"color: #000000;\"><a style=\"font-size: 20.8px; transition-property: all; color: #3a3a3a;\" href=\"https:\/\/drive.google.com\/file\/d\/1BxxiF8CLhCuaLNesbnddUwHMRnWZ42U_\/view?usp=drive_link\" target=\"_blank\" rel=\"noopener\">Angl\u00e8s 1<\/a><\/span><\/h4>\n<\/td>\n<td style=\"width: 12.5%; text-align: center; border-style: solid; border-color: #000000;\">\n<h4 style=\"font-style: normal;\"><span style=\"color: #000000;\"><a style=\"font-size: 20.8px; transition-property: all; color: #3a3a3a;\" href=\"https:\/\/drive.google.com\/file\/d\/1CTACVrVLeE46QWjJVBv1rHNh0ow457j5\/view?usp=drive_link\" target=\"_blank\" rel=\"noopener\">Angl\u00e8s 2<\/a><\/span><\/h4>\n<\/td>\n<td style=\"width: 12.5%; text-align: center; border-style: solid; border-color: #000000;\">\n<h4 style=\"font-style: normal;\"><span style=\"color: #000000;\"><a style=\"font-size: 20.8px; transition-property: all; color: #3a3a3a;\" href=\"https:\/\/drive.google.com\/file\/d\/149aWNp5nFoNEVLqLiU8xCzm4zd1lJzBc\/view?usp=drive_link\" target=\"_blank\" rel=\"noopener\">Angl\u00e8s 3<\/a><\/span><\/h4>\n<\/td>\n<td style=\"width: 12.5%; text-align: center; border-style: solid; border-color: #000000;\">\n<h4 style=\"font-style: normal;\"><span style=\"color: #000000;\"><a style=\"font-size: 20.8px; transition-property: all; color: #3a3a3a;\" href=\"https:\/\/drive.google.com\/file\/d\/1Mx_rUZNDyHG1WKhNm2S5G5tCgM1wDpX6\/view?usp=drive_link\" target=\"_blank\" rel=\"noopener\">Castell\u00e0 1<\/a><\/span><span style=\"color: #000000;\">\u00a0<\/span><\/h4>\n<\/td>\n<td style=\"width: 12.5%; text-align: center; border-style: solid; border-color: #000000;\">\n<h4 style=\"font-style: normal;\"><span style=\"color: #000000;\"><a style=\"font-size: 20.8px; transition-property: all; color: #3a3a3a;\" href=\"https:\/\/drive.google.com\/file\/d\/1WV-n9t4vQo-jm5_EManD2wU07i8Lqmzh\/view?usp=drive_link\" target=\"_blank\" rel=\"noopener\">Catal\u00e0 1<\/a><\/span><span style=\"color: #000000;\">\u00a0<\/span><\/h4>\n<\/td>\n<\/tr>\n<tr>\n<td style=\"width: 25%; text-align: center; border-style: solid; border-color: #000000;\">\n<h4 style=\"font-style: normal;\"><span style=\"color: #000000;\"><a style=\"font-size: 20.8px; transition-property: all; color: #3a3a3a;\" href=\"https:\/\/drive.google.com\/file\/d\/1cgSgJqD2BXDvHQtUGxay8VjTb-43o70Q\/view?usp=drive_link\" target=\"_blank\" rel=\"noopener\">F. Instrumental 1<\/a><\/span><\/h4>\n<\/td>\n<td style=\"width: 12.5%; text-align: center; border-style: solid; border-color: #000000;\">\n<h4 style=\"font-style: normal;\"><span style=\"color: #000000;\"><a style=\"font-size: 20.8px; transition-property: all; color: #3a3a3a;\" href=\"https:\/\/drive.google.com\/file\/d\/1fTb6EEQ0OTTHJKnkk607_IXdIi_ddyPX\/view?usp=drive_link\" target=\"_blank\" rel=\"noopener\">Competic 1<\/a><\/span><\/h4>\n<\/td>\n<td style=\"width: 12.5%; text-align: center; border-style: solid; border-color: #000000;\">\n<h4 style=\"font-style: normal;\"><span style=\"color: #000000;\"><a style=\"font-size: 20.8px; transition-property: all; color: #3a3a3a;\" href=\"https:\/\/drive.google.com\/file\/d\/1r-XyNP50WAs_L4HpJbdTu7Az3vW205MP\/view?usp=drive_link\" target=\"_blank\" rel=\"noopener\">Competic 2<\/a><\/span><\/h4>\n<\/td>\n<td style=\"width: 12.5%; text-align: center; border-style: solid; border-color: #000000;\">\n<h4 style=\"font-style: normal;\"><span style=\"color: #000000;\"><a style=\"font-size: 20.8px; transition-property: all; color: #3a3a3a;\" href=\"https:\/\/drive.google.com\/file\/d\/18rAfWd5WOgCZmtITPAkbj0CUjEIgIPqx\/view?usp=drive_link\" target=\"_blank\" rel=\"noopener\">Competic 3<\/a><\/span><\/h4>\n<\/td>\n<td style=\"width: 12.5%; text-align: center; border-style: solid; border-color: #000000;\">\n<h4 style=\"font-style: normal;\"><\/h4>\n<\/td>\n<\/tr>\n<\/tbody>\n<\/table>\n<h3><span style=\"color: #ff6600;\">Aula de capacitaci\u00f3 digital<\/span><\/h3>\n<p><img loading=\"lazy\" decoding=\"async\" class=\"aligncenter size-full wp-image-4071\" src=\"https:\/\/agora.xtec.cat\/cfavilafrancadelpenedes\/wp-content\/uploads\/usu2121\/2025\/09\/Captura-de-pantalla-2025-09-25-103316.jpg\" alt=\"\" width=\"624\" height=\"344\" srcset=\"https:\/\/agora.xtec.cat\/cfavilafrancadelpenedes\/wp-content\/uploads\/usu2121\/2025\/09\/Captura-de-pantalla-2025-09-25-103316.jpg 624w, https:\/\/agora.xtec.cat\/cfavilafrancadelpenedes\/wp-content\/uploads\/usu2121\/2025\/09\/Captura-de-pantalla-2025-09-25-103316-300x165.jpg 300w\" sizes=\"auto, (max-width: 624px) 100vw, 624px\" \/><\/p>\n<p><img loading=\"lazy\" decoding=\"async\" class=\"aligncenter size-full wp-image-3580\" src=\"https:\/\/agora.xtec.cat\/cfavilafrancadelpenedes\/wp-content\/uploads\/usu2121\/2025\/03\/Conectividad-y-equipamiento.jpeg\" alt=\"\" width=\"1200\" height=\"798\" srcset=\"https:\/\/agora.xtec.cat\/cfavilafrancadelpenedes\/wp-content\/uploads\/usu2121\/2025\/03\/Conectividad-y-equipamiento.jpeg 1200w, https:\/\/agora.xtec.cat\/cfavilafrancadelpenedes\/wp-content\/uploads\/usu2121\/2025\/03\/Conectividad-y-equipamiento-300x200.jpeg 300w, https:\/\/agora.xtec.cat\/cfavilafrancadelpenedes\/wp-content\/uploads\/usu2121\/2025\/03\/Conectividad-y-equipamiento-1024x681.jpeg 1024w, https:\/\/agora.xtec.cat\/cfavilafrancadelpenedes\/wp-content\/uploads\/usu2121\/2025\/03\/Conectividad-y-equipamiento-768x511.jpeg 768w\" sizes=\"auto, (max-width: 1200px) 100vw, 1200px\" \/><\/td>\n<\/tr>\n<\/tbody>\n<\/table>\n","protected":false},"excerpt":{"rendered":"<p>Horaris del curs 2025 &#8211; 2026 Vilafranca del Pened\u00e8s Angl\u00e8s 1 Angl\u00e8s 2 Angl\u00e8s 3 Castell\u00e0 1A Castell\u00e0 2 Castell\u00e0 3 F. Instrumental 1 F. Instrumental 2\u00a0 Castell\u00e0 1B Catal\u00e0 1 Catal\u00e0 2 PACFGS\u00a0 Competic 1 Competic 2 Competic 3 U+25\/45 \u00a0 \u00a0 \u00a0 GESO 1 &#8211; 1r T \u00a0 GESO 2 &#8211; 1r T [&hellip;]<\/p>\n","protected":false},"author":1,"featured_media":0,"parent":0,"menu_order":0,"comment_status":"closed","ping_status":"closed","template":"","meta":{"_bbp_topic_count":0,"_bbp_reply_count":0,"_bbp_total_topic_count":0,"_bbp_total_reply_count":0,"_bbp_voice_count":0,"_bbp_anonymous_reply_count":0,"_bbp_topic_count_hidden":0,"_bbp_reply_count_hidden":0,"_bbp_forum_subforum_count":0,"site-sidebar-layout":"default","site-content-layout":"","ast-site-content-layout":"default","site-content-style":"default","site-sidebar-style":"default","ast-global-header-display":"","ast-banner-title-visibility":"","ast-main-header-display":"","ast-hfb-above-header-display":"","ast-hfb-below-header-display":"","ast-hfb-mobile-header-display":"","site-post-title":"","ast-breadcrumbs-content":"","ast-featured-img":"","footer-sml-layout":"","theme-transparent-header-meta":"default","adv-header-id-meta":"","stick-header-meta":"","header-above-stick-meta":"","header-main-stick-meta":"","header-below-stick-meta":"","astra-migrate-meta-layouts":"set","ast-page-background-enabled":"default","ast-page-background-meta":{"desktop":{"background-color":"var(--ast-global-color-4)","background-image":"","background-repeat":"repeat","background-position":"center center","background-size":"auto","background-attachment":"scroll","background-type":"","background-media":"","overlay-type":"","overlay-color":"","overlay-opacity":"","overlay-gradient":""},"tablet":{"background-color":"","background-image":"","background-repeat":"repeat","background-position":"center center","background-size":"auto","background-attachment":"scroll","background-type":"","background-media":"","overlay-type":"","overlay-color":"","overlay-opacity":"","overlay-gradient":""},"mobile":{"background-color":"","background-image":"","background-repeat":"repeat","background-position":"center center","background-size":"auto","background-attachment":"scroll","background-type":"","background-media":"","overlay-type":"","overlay-color":"","overlay-opacity":"","overlay-gradient":""}},"ast-content-background-meta":{"desktop":{"background-color":"var(--ast-global-color-5)","background-image":"","background-repeat":"repeat","background-position":"center center","background-size":"auto","background-attachment":"scroll","background-type":"","background-media":"","overlay-type":"","overlay-color":"","overlay-opacity":"","overlay-gradient":""},"tablet":{"background-color":"var(--ast-global-color-5)","background-image":"","background-repeat":"repeat","background-position":"center center","background-size":"auto","background-attachment":"scroll","background-type":"","background-media":"","overlay-type":"","overlay-color":"","overlay-opacity":"","overlay-gradient":""},"mobile":{"background-color":"var(--ast-global-color-5)","background-image":"","background-repeat":"repeat","background-position":"center center","background-size":"auto","background-attachment":"scroll","background-type":"","background-media":"","overlay-type":"","overlay-color":"","overlay-opacity":"","overlay-gradient":""}},"footnotes":""},"class_list":["post-274","page","type-page","status-publish","hentry"],"post_mailing_queue_ids":[],"_links":{"self":[{"href":"https:\/\/agora.xtec.cat\/cfavilafrancadelpenedes\/wp-json\/wp\/v2\/pages\/274","targetHints":{"allow":["GET"]}}],"collection":[{"href":"https:\/\/agora.xtec.cat\/cfavilafrancadelpenedes\/wp-json\/wp\/v2\/pages"}],"about":[{"href":"https:\/\/agora.xtec.cat\/cfavilafrancadelpenedes\/wp-json\/wp\/v2\/types\/page"}],"author":[{"embeddable":true,"href":"https:\/\/agora.xtec.cat\/cfavilafrancadelpenedes\/wp-json\/wp\/v2\/users\/1"}],"replies":[{"embeddable":true,"href":"https:\/\/agora.xtec.cat\/cfavilafrancadelpenedes\/wp-json\/wp\/v2\/comments?post=274"}],"version-history":[{"count":6,"href":"https:\/\/agora.xtec.cat\/cfavilafrancadelpenedes\/wp-json\/wp\/v2\/pages\/274\/revisions"}],"predecessor-version":[{"id":4072,"href":"https:\/\/agora.xtec.cat\/cfavilafrancadelpenedes\/wp-json\/wp\/v2\/pages\/274\/revisions\/4072"}],"wp:attachment":[{"href":"https:\/\/agora.xtec.cat\/cfavilafrancadelpenedes\/wp-json\/wp\/v2\/media?parent=274"}],"curies":[{"name":"wp","href":"https:\/\/api.w.org\/{rel}","templated":true}]}}