{"id":2720,"date":"2024-04-16T10:23:11","date_gmt":"2024-04-16T08:23:11","guid":{"rendered":"https:\/\/agora.xtec.cat\/cfavilafrancadelpenedes\/?page_id=2720"},"modified":"2025-02-12T19:06:57","modified_gmt":"2025-02-12T18:06:57","slug":"el-gust-per-la-lectura-curs-2023-2024","status":"publish","type":"page","link":"https:\/\/agora.xtec.cat\/cfavilafrancadelpenedes\/el-gust-per-la-lectura-curs-2023-2024\/","title":{"rendered":"Concurs El gust per la lectura 2023-2024"},"content":{"rendered":"<p style=\"text-align: left;\">Categoria E: ESO, GESO, CAM i PPACFGM &#8211; Modalitat E3<\/p>\n<h5 style=\"text-align: left;\"><span style=\"color: #000000;\"><em>Els crims de la taula peri\u00f2dica <\/em>de Xavier Duran i Jordi de Manuel<\/span><\/h5>\n<p>En aquesta p\u00e0gina hi publiquem els treballs dels nostres alumnes perqu\u00e8 en pugueu gaudir. Aqu\u00ed teniu un v\u00eddeo del grafit que van fer. No us perdeu les narracions que hi ha a continuaci\u00f3!<\/p>\n<p><center><\/p>\n<div class=\"ast-oembed-container \" style=\"height: 100%;\"><iframe loading=\"lazy\" title=\"El Gust per la lectura - Grafitti  2024 - CFA VILAFRANCA DEL PENED\u00c8S\" width=\"500\" height=\"281\" src=\"https:\/\/www.youtube.com\/embed\/ebhmyMN7DDw?feature=oembed\" frameborder=\"0\" allow=\"accelerometer; autoplay; clipboard-write; encrypted-media; gyroscope; picture-in-picture; web-share\" referrerpolicy=\"strict-origin-when-cross-origin\" allowfullscreen><\/iframe><\/div>\n<hr \/>\n<p>El grafit que han fet:<\/p>\n<p>&nbsp;<\/p>\n<p><\/center><a href=\"https:\/\/agora.xtec.cat\/cfavilafrancadelpenedes\/wp-content\/uploads\/usu2121\/2024\/04\/foto.jpg\"><img loading=\"lazy\" decoding=\"async\" class=\"alignleft size-full wp-image-2730\" src=\"https:\/\/agora.xtec.cat\/cfavilafrancadelpenedes\/wp-content\/uploads\/usu2121\/2024\/04\/foto.jpg\" alt=\"\" width=\"1600\" height=\"779\" srcset=\"https:\/\/agora.xtec.cat\/cfavilafrancadelpenedes\/wp-content\/uploads\/usu2121\/2024\/04\/foto.jpg 1600w, https:\/\/agora.xtec.cat\/cfavilafrancadelpenedes\/wp-content\/uploads\/usu2121\/2024\/04\/foto-300x146.jpg 300w, https:\/\/agora.xtec.cat\/cfavilafrancadelpenedes\/wp-content\/uploads\/usu2121\/2024\/04\/foto-1024x499.jpg 1024w, https:\/\/agora.xtec.cat\/cfavilafrancadelpenedes\/wp-content\/uploads\/usu2121\/2024\/04\/foto-768x374.jpg 768w, https:\/\/agora.xtec.cat\/cfavilafrancadelpenedes\/wp-content\/uploads\/usu2121\/2024\/04\/foto-1536x748.jpg 1536w\" sizes=\"auto, (max-width: 1600px) 100vw, 1600px\" \/><\/a><\/p>\n<hr \/>\n<table class=\" aligncenter\" style=\"width: 98.8668%; border-collapse: collapse; border-color: #000000; height: 1445px;\">\n<caption>\u00a0<\/caption>\n<tbody>\n<tr style=\"height: 126px;\">\n<td style=\"width: 50%; border-style: solid; border-color: #000000; height: 126px;\">4884<\/p>\n<p>Categoria E: ESO, GESO, CAM i PPACFGM &#8211; Modalitat E3<\/p>\n<h5>GESO 1: <a href=\"https:\/\/drive.google.com\/file\/d\/1LDh4smNw0kAu_5ANkhWM1PMM0aSOVTHp\/view?usp=sharing\" target=\"_blank\" rel=\"noopener\">Enlla\u00e7 al document<\/a><\/h5>\n<\/td>\n<td style=\"width: 50%; border-style: solid; border-color: #000000; height: 126px;\">4884<\/p>\n<p>Categoria E: ESO, GESO, CAM i PPACFGM &#8211; Modalitat E3<\/p>\n<h5>GESO 1:<a style=\"font-family: inherit; font-size: 0.875em;\" href=\"https:\/\/drive.google.com\/file\/d\/1LG9H0lVX7j9WAL0-LJGofKeULmh8Fp-F\/view?usp=sharing\" target=\"_blank\" rel=\"noopener\">Enlla\u00e7 al document<\/a><\/h5>\n<\/td>\n<\/tr>\n<tr style=\"height: 501px;\">\n<td style=\"width: 50%; border-style: solid; border-color: #000000; height: 501px;\"><iframe loading=\"lazy\" src=\"https:\/\/drive.google.com\/file\/d\/1LDh4smNw0kAu_5ANkhWM1PMM0aSOVTHp\/preview\" width=\"640\" height=\"480\"><\/iframe><\/td>\n<td style=\"width: 50%; border-style: solid; border-color: #000000; height: 501px;\"><iframe loading=\"lazy\" src=\"https:\/\/drive.google.com\/file\/d\/1LG9H0lVX7j9WAL0-LJGofKeULmh8Fp-F\/preview\" width=\"640\" height=\"480\"><\/iframe><\/td>\n<\/tr>\n<tr style=\"height: 126px;\">\n<td style=\"width: 50%; border-style: solid; border-color: #000000; height: 126px;\">4792<\/p>\n<p>Categoria E: ESO, GESO, CAM i PPACFGM &#8211; Modalitat E3<\/p>\n<h5>GES 2: <a href=\"https:\/\/drive.google.com\/file\/d\/1TmaTo7Q5maAwCtrTwmLPMVaBWQFAUYI-\/view?usp=sharing\" target=\"_blank\" rel=\"noopener\">Enlla\u00e7 al document<\/a><\/h5>\n<\/td>\n<td style=\"width: 50%; border-style: solid; border-color: #000000; height: 126px;\"><\/td>\n<\/tr>\n<tr style=\"height: 501px;\">\n<td style=\"width: 50%; border-style: solid; border-color: #000000; height: 501px;\"><iframe loading=\"lazy\" src=\"https:\/\/drive.google.com\/file\/d\/1TmaTo7Q5maAwCtrTwmLPMVaBWQFAUYI-\/preview\" width=\"640\" height=\"480\"><\/iframe><\/p>\n<p>&nbsp;<\/p>\n<p>&nbsp;<\/p>\n<p>&nbsp;<\/p>\n<p>&nbsp;<\/p>\n<p>&nbsp;<\/p>\n<p>&nbsp;<\/td>\n<\/tr>\n<\/tbody>\n<\/table>\n","protected":false},"excerpt":{"rendered":"<p>Categoria E: ESO, GESO, CAM i PPACFGM &#8211; Modalitat E3 Els crims de la taula peri\u00f2dica de Xavier Duran i Jordi de Manuel En aquesta p\u00e0gina hi publiquem els treballs dels nostres alumnes perqu\u00e8 en pugueu gaudir. Aqu\u00ed teniu un v\u00eddeo del grafit que van fer. No us perdeu les narracions que hi ha a [&hellip;]<\/p>\n","protected":false},"author":1,"featured_media":0,"parent":0,"menu_order":0,"comment_status":"closed","ping_status":"closed","template":"","meta":{"_bbp_topic_count":0,"_bbp_reply_count":0,"_bbp_total_topic_count":0,"_bbp_total_reply_count":0,"_bbp_voice_count":0,"_bbp_anonymous_reply_count":0,"_bbp_topic_count_hidden":0,"_bbp_reply_count_hidden":0,"_bbp_forum_subforum_count":0,"site-sidebar-layout":"default","site-content-layout":"","ast-site-content-layout":"default","site-content-style":"default","site-sidebar-style":"default","ast-global-header-display":"","ast-banner-title-visibility":"","ast-main-header-display":"","ast-hfb-above-header-display":"","ast-hfb-below-header-display":"","ast-hfb-mobile-header-display":"","site-post-title":"","ast-breadcrumbs-content":"","ast-featured-img":"","footer-sml-layout":"","theme-transparent-header-meta":"default","adv-header-id-meta":"","stick-header-meta":"","header-above-stick-meta":"","header-main-stick-meta":"","header-below-stick-meta":"","astra-migrate-meta-layouts":"set","ast-page-background-enabled":"default","ast-page-background-meta":{"desktop":{"background-color":"var(--ast-global-color-4)","background-image":"","background-repeat":"repeat","background-position":"center center","background-size":"auto","background-attachment":"scroll","background-type":"","background-media":"","overlay-type":"","overlay-color":"","overlay-opacity":"","overlay-gradient":""},"tablet":{"background-color":"","background-image":"","background-repeat":"repeat","background-position":"center center","background-size":"auto","background-attachment":"scroll","background-type":"","background-media":"","overlay-type":"","overlay-color":"","overlay-opacity":"","overlay-gradient":""},"mobile":{"background-color":"","background-image":"","background-repeat":"repeat","background-position":"center center","background-size":"auto","background-attachment":"scroll","background-type":"","background-media":"","overlay-type":"","overlay-color":"","overlay-opacity":"","overlay-gradient":""}},"ast-content-background-meta":{"desktop":{"background-color":"var(--ast-global-color-5)","background-image":"","background-repeat":"repeat","background-position":"center center","background-size":"auto","background-attachment":"scroll","background-type":"","background-media":"","overlay-type":"","overlay-color":"","overlay-opacity":"","overlay-gradient":""},"tablet":{"background-color":"var(--ast-global-color-5)","background-image":"","background-repeat":"repeat","background-position":"center center","background-size":"auto","background-attachment":"scroll","background-type":"","background-media":"","overlay-type":"","overlay-color":"","overlay-opacity":"","overlay-gradient":""},"mobile":{"background-color":"var(--ast-global-color-5)","background-image":"","background-repeat":"repeat","background-position":"center center","background-size":"auto","background-attachment":"scroll","background-type":"","background-media":"","overlay-type":"","overlay-color":"","overlay-opacity":"","overlay-gradient":""}},"footnotes":""},"class_list":["post-2720","page","type-page","status-publish","hentry"],"post_mailing_queue_ids":[],"_links":{"self":[{"href":"https:\/\/agora.xtec.cat\/cfavilafrancadelpenedes\/wp-json\/wp\/v2\/pages\/2720","targetHints":{"allow":["GET"]}}],"collection":[{"href":"https:\/\/agora.xtec.cat\/cfavilafrancadelpenedes\/wp-json\/wp\/v2\/pages"}],"about":[{"href":"https:\/\/agora.xtec.cat\/cfavilafrancadelpenedes\/wp-json\/wp\/v2\/types\/page"}],"author":[{"embeddable":true,"href":"https:\/\/agora.xtec.cat\/cfavilafrancadelpenedes\/wp-json\/wp\/v2\/users\/1"}],"replies":[{"embeddable":true,"href":"https:\/\/agora.xtec.cat\/cfavilafrancadelpenedes\/wp-json\/wp\/v2\/comments?post=2720"}],"version-history":[{"count":6,"href":"https:\/\/agora.xtec.cat\/cfavilafrancadelpenedes\/wp-json\/wp\/v2\/pages\/2720\/revisions"}],"predecessor-version":[{"id":3553,"href":"https:\/\/agora.xtec.cat\/cfavilafrancadelpenedes\/wp-json\/wp\/v2\/pages\/2720\/revisions\/3553"}],"wp:attachment":[{"href":"https:\/\/agora.xtec.cat\/cfavilafrancadelpenedes\/wp-json\/wp\/v2\/media?parent=2720"}],"curies":[{"name":"wp","href":"https:\/\/api.w.org\/{rel}","templated":true}]}}